{"id":117,"date":"2019-09-16T13:14:32","date_gmt":"2019-09-16T10:14:32","guid":{"rendered":"http:\/\/cinargoz.com\/services\/"},"modified":"2020-02-10T12:03:24","modified_gmt":"2020-02-10T09:03:24","slug":"tibbi-birimlerimiz","status":"publish","type":"page","link":"https:\/\/www.bursagoz.com\/de\/tibbi-birimlerimiz\/","title":{"rendered":"T\u0131bbi Birimlerimiz"},"content":{"rendered":"<div class=\"wpb-content-wrapper\"><div class=\"tt-shortcode_vc_clmn container\"><div class=\"text-center mb-5 tt_pt_34\"><p style=\"text-align: center\" class=\"vc_custom_heading\" >G\u00f6z Hastal\u0131klar\u0131 B\u00f6l\u00fcm\u00fcm\u00fcz\u2019de, g\u00f6z hastal\u0131klar\u0131 ve cerrahisinin t\u00fcm alt bran\u015flar\u0131nda, teknolojinin sundu\u011fu en geli\u015fmi\u015f imk\u00e2nlarla ve her biri alan\u0131nda uzmanla\u015fm\u0131\u015f \u00f6nemli doktorlardan olu\u015fan kadromuzla hizmet veriyoruz.<\/p><\/div><\/div><div  class=\"tt-shortcode_vc_row 8 row col-equalH\" ><div class=\"tt-shortcode_vc_clmn col-md-6 col-lg-4\"><div class=\"service-card\"><div  class=\"tt-reset-tag-p service-card-photo\"><img loading=\"lazy\" decoding=\"async\" width=\"370\" height=\"370\" src=\"https:\/\/i0.wp.com\/www.bursagoz.com\/wp-content\/uploads\/2020\/02\/bursagoz-muayene.jpg?fit=370%2C370&amp;ssl=1\" class=\"vc_single_image-img img-fluid attachment-full\" alt=\"\" title=\"bursagoz-muayene\" srcset=\"https:\/\/i0.wp.com\/www.bursagoz.com\/wp-content\/uploads\/2020\/02\/bursagoz-muayene.jpg?w=370&amp;ssl=1 370w, https:\/\/i0.wp.com\/www.bursagoz.com\/wp-content\/uploads\/2020\/02\/bursagoz-muayene.jpg?resize=300%2C300&amp;ssl=1 300w, https:\/\/i0.wp.com\/www.bursagoz.com\/wp-content\/uploads\/2020\/02\/bursagoz-muayene.jpg?resize=150%2C150&amp;ssl=1 150w, https:\/\/i0.wp.com\/www.bursagoz.com\/wp-content\/uploads\/2020\/02\/bursagoz-muayene.jpg?resize=100%2C100&amp;ssl=1 100w\" sizes=\"auto, (max-width: 370px) 100vw, 370px\" \/><\/div><h5 style=\"text-align: left\" class=\"vc_custom_heading service-card-name\" ><a href=\"\" target=\"_blank\" title=\"Cosmetic Dentistry\">Genel G\u00f6z Muayenesi<\/a><\/h5><div class=\"h-decor\"><\/div>\n<p class=\"tt\">Otorefraktometre (bilgisayarl\u0131 g\u00f6z \u00f6l\u00e7\u00fcm\u00fc) ve bilgisayarl\u0131 g\u00f6z tansiyonu \u00f6l\u00e7\u00fcm\u00fc yap\u0131l\u0131r. Biyomikroskopik muayene yap\u0131larak g\u00f6z\u00fcn d\u0131\u015f ve i\u00e7 katmanlar\u0131 incelenir. G\u00f6z dibi muayenesi ile g\u00f6z\u00fcn en arkas\u0131ndaki retina tabakas\u0131 incelenir ve muayene tamamlan\u0131r.<\/p>\n<\/div><\/div><div class=\"tt-shortcode_vc_clmn col-md-6 col-lg-4\"><div class=\"service-card\"><div  class=\"tt-reset-tag-p service-card-photo\"><img loading=\"lazy\" decoding=\"async\" width=\"370\" height=\"370\" src=\"https:\/\/i0.wp.com\/www.bursagoz.com\/wp-content\/uploads\/2020\/02\/bursagoz-katarakt-tedavi.jpg?fit=370%2C370&amp;ssl=1\" class=\"vc_single_image-img img-fluid attachment-full\" alt=\"\" title=\"bursagoz-katarakt-tedavi\" srcset=\"https:\/\/i0.wp.com\/www.bursagoz.com\/wp-content\/uploads\/2020\/02\/bursagoz-katarakt-tedavi.jpg?w=370&amp;ssl=1 370w, https:\/\/i0.wp.com\/www.bursagoz.com\/wp-content\/uploads\/2020\/02\/bursagoz-katarakt-tedavi.jpg?resize=300%2C300&amp;ssl=1 300w, https:\/\/i0.wp.com\/www.bursagoz.com\/wp-content\/uploads\/2020\/02\/bursagoz-katarakt-tedavi.jpg?resize=150%2C150&amp;ssl=1 150w, https:\/\/i0.wp.com\/www.bursagoz.com\/wp-content\/uploads\/2020\/02\/bursagoz-katarakt-tedavi.jpg?resize=100%2C100&amp;ssl=1 100w\" sizes=\"auto, (max-width: 370px) 100vw, 370px\" \/><\/div><h5 style=\"text-align: left\" class=\"vc_custom_heading service-card-name\" ><a href=\"\" target=\"_blank\" title=\"Cosmetic Dentistry\">Katarakt Cerrahisi<\/a><\/h5><div class=\"h-decor\"><\/div>\n<p class=\"tt\">Katarakt g\u00f6z merce\u011finin matla\u015fmas\u0131 ve \u015feffafl\u0131\u011f\u0131n\u0131 kaybetmesidir. Katarakt en s\u0131k ya\u015fa ba\u011fl\u0131 geli\u015fmekte olup tek tedavisi cerrahidir. Katarakt cerrahisinde en geli\u015fmi\u015f teknik fakoem\u00fclsifikasyon yani fako cerrahisidir. Cerrahiden \u00f6nce ilk i\u015flem g\u00f6z i\u00e7ine tak\u0131lacak merce\u011fin numaras\u0131n\u0131n hesaplanmas\u0131d\u0131r. Bu \u00f6l\u00e7\u00fcm en son teknoloji IOLMaster cihaz\u0131 kullan\u0131lmaktad\u0131r.<\/p>\n<\/div><\/div><div class=\"tt-shortcode_vc_clmn col-md-6 col-lg-4\"><div class=\"service-card\"><div  class=\"tt-reset-tag-p service-card-photo\"><img loading=\"lazy\" decoding=\"async\" width=\"370\" height=\"370\" src=\"https:\/\/i0.wp.com\/www.bursagoz.com\/wp-content\/uploads\/2020\/02\/bursagoz-retina-hastaliklari.jpg?fit=370%2C370&amp;ssl=1\" class=\"vc_single_image-img img-fluid attachment-full\" alt=\"\" title=\"bursagoz-retina-hastaliklari\" srcset=\"https:\/\/i0.wp.com\/www.bursagoz.com\/wp-content\/uploads\/2020\/02\/bursagoz-retina-hastaliklari.jpg?w=370&amp;ssl=1 370w, https:\/\/i0.wp.com\/www.bursagoz.com\/wp-content\/uploads\/2020\/02\/bursagoz-retina-hastaliklari.jpg?resize=300%2C300&amp;ssl=1 300w, https:\/\/i0.wp.com\/www.bursagoz.com\/wp-content\/uploads\/2020\/02\/bursagoz-retina-hastaliklari.jpg?resize=150%2C150&amp;ssl=1 150w, https:\/\/i0.wp.com\/www.bursagoz.com\/wp-content\/uploads\/2020\/02\/bursagoz-retina-hastaliklari.jpg?resize=100%2C100&amp;ssl=1 100w\" sizes=\"auto, (max-width: 370px) 100vw, 370px\" \/><\/div><h5 style=\"text-align: left\" class=\"vc_custom_heading service-card-name\" ><a href=\"\" target=\"_blank\" title=\"Cosmetic Dentistry\">Retina Hastal\u0131klar\u0131 ve Vitrektomi<\/a><\/h5><div class=\"h-decor\"><\/div>\n<p class=\"tt\">T\u00fcm retina hastal\u0131klar\u0131n\u0131n tetkik ve tedavisinin yap\u0131labildi\u011fi klini\u011fimizde, retina hastal\u0131klar\u0131 tetkiklerinde kullan\u0131lan fundus anjiyografisi (FFA), optik koherens tomografi (OCT) ve g\u00f6z ultrasonografi cihazlar\u0131, diyabete ba\u011fl\u0131 kanamalar, retina damar t\u0131kan\u0131kl\u0131klar\u0131 ve retinada olu\u015fan y\u0131rt\u0131klar\u0131n tedavisinde kullan\u0131lan argon lazer cihaz\u0131 da bulunmaktad\u0131r.<\/p>\n<\/div><\/div><div class=\"tt-shortcode_vc_clmn col-md-6 col-lg-4\"><div class=\"service-card\"><div  class=\"tt-reset-tag-p service-card-photo\"><img loading=\"lazy\" decoding=\"async\" width=\"370\" height=\"370\" src=\"https:\/\/i0.wp.com\/www.bursagoz.com\/wp-content\/uploads\/2020\/02\/bursagoz-glokom-tedavi.jpg?fit=370%2C370&amp;ssl=1\" class=\"vc_single_image-img img-fluid attachment-full\" alt=\"\" title=\"bursagoz-glokom-tedavi\" srcset=\"https:\/\/i0.wp.com\/www.bursagoz.com\/wp-content\/uploads\/2020\/02\/bursagoz-glokom-tedavi.jpg?w=370&amp;ssl=1 370w, https:\/\/i0.wp.com\/www.bursagoz.com\/wp-content\/uploads\/2020\/02\/bursagoz-glokom-tedavi.jpg?resize=300%2C300&amp;ssl=1 300w, https:\/\/i0.wp.com\/www.bursagoz.com\/wp-content\/uploads\/2020\/02\/bursagoz-glokom-tedavi.jpg?resize=150%2C150&amp;ssl=1 150w, https:\/\/i0.wp.com\/www.bursagoz.com\/wp-content\/uploads\/2020\/02\/bursagoz-glokom-tedavi.jpg?resize=100%2C100&amp;ssl=1 100w\" sizes=\"auto, (max-width: 370px) 100vw, 370px\" \/><\/div><h5 style=\"text-align: left\" class=\"vc_custom_heading service-card-name\" ><a href=\"\" target=\"_blank\" title=\"Cosmetic Dentistry\">Glokom (G\u00f6z Tansiyonu)<\/a><\/h5><div class=\"h-decor\"><\/div>\n<p class=\"tt\">Glokom halk aras\u0131nda g\u00f6z tansiyonu veya kara su olarak da bilinen ve g\u00f6rme sinirinde hasara yol a\u00e7arak g\u00f6rme kayb\u0131 yapan bir hastal\u0131kt\u0131r. Merkezimizde \u00a0Klini\u011fimizde glokom hastal\u0131\u011f\u0131n\u0131n te\u015fhisi i\u00e7in en son teknolojik pakimetri (kornea kal\u0131nl\u0131k \u00f6l\u00e7\u00fcm\u00fc), OCT (sinir lifi incelemesi) ve g\u00f6rme alan\u0131 tetkik cihazlar\u0131 bulunmaktad\u0131r.<\/p>\n<\/div><\/div><div class=\"tt-shortcode_vc_clmn col-md-6 col-lg-4\"><div class=\"service-card\"><div  class=\"tt-reset-tag-p service-card-photo\"><img loading=\"lazy\" decoding=\"async\" width=\"370\" height=\"370\" src=\"https:\/\/i0.wp.com\/www.bursagoz.com\/wp-content\/uploads\/2020\/02\/bursagoz-estetik.jpg?fit=370%2C370&amp;ssl=1\" class=\"vc_single_image-img img-fluid attachment-full\" alt=\"\" title=\"bursagoz-estetik\" srcset=\"https:\/\/i0.wp.com\/www.bursagoz.com\/wp-content\/uploads\/2020\/02\/bursagoz-estetik.jpg?w=370&amp;ssl=1 370w, https:\/\/i0.wp.com\/www.bursagoz.com\/wp-content\/uploads\/2020\/02\/bursagoz-estetik.jpg?resize=300%2C300&amp;ssl=1 300w, https:\/\/i0.wp.com\/www.bursagoz.com\/wp-content\/uploads\/2020\/02\/bursagoz-estetik.jpg?resize=150%2C150&amp;ssl=1 150w, https:\/\/i0.wp.com\/www.bursagoz.com\/wp-content\/uploads\/2020\/02\/bursagoz-estetik.jpg?resize=100%2C100&amp;ssl=1 100w\" sizes=\"auto, (max-width: 370px) 100vw, 370px\" \/><\/div><h5 style=\"text-align: left\" class=\"vc_custom_heading service-card-name\" ><a href=\"\" target=\"_blank\" title=\"Cosmetic Dentistry\">Okuloplastik Cerrahi (G\u00f6z Esteti\u011fi)<\/a><\/h5><div class=\"h-decor\"><\/div>\n<p class=\"tt\">G\u00f6z kapa\u011f\u0131ndaki yap\u0131sal bozukluklar\u0131n, g\u00f6z torbalar\u0131n\u0131n giderilmesi ve g\u00f6z ya\u015f\u0131 kanal t\u0131kan\u0131kl\u0131\u011f\u0131 operasyonlar\u0131, protez g\u00f6z ameliyatlar\u0131 da klini\u011fimizde yap\u0131lmaktad\u0131r.<\/p>\n<\/div><\/div><div class=\"tt-shortcode_vc_clmn col-md-6 col-lg-4\"><div class=\"service-card\"><div  class=\"tt-reset-tag-p service-card-photo\"><img loading=\"lazy\" decoding=\"async\" width=\"370\" height=\"370\" src=\"https:\/\/i0.wp.com\/www.bursagoz.com\/wp-content\/uploads\/2020\/02\/bursagoz-cocuk-goz-doktor.jpg?fit=370%2C370&amp;ssl=1\" class=\"vc_single_image-img img-fluid attachment-full\" alt=\"\" title=\"bursagoz-cocuk-goz-doktor\" srcset=\"https:\/\/i0.wp.com\/www.bursagoz.com\/wp-content\/uploads\/2020\/02\/bursagoz-cocuk-goz-doktor.jpg?w=370&amp;ssl=1 370w, https:\/\/i0.wp.com\/www.bursagoz.com\/wp-content\/uploads\/2020\/02\/bursagoz-cocuk-goz-doktor.jpg?resize=300%2C300&amp;ssl=1 300w, https:\/\/i0.wp.com\/www.bursagoz.com\/wp-content\/uploads\/2020\/02\/bursagoz-cocuk-goz-doktor.jpg?resize=150%2C150&amp;ssl=1 150w, https:\/\/i0.wp.com\/www.bursagoz.com\/wp-content\/uploads\/2020\/02\/bursagoz-cocuk-goz-doktor.jpg?resize=100%2C100&amp;ssl=1 100w\" sizes=\"auto, (max-width: 370px) 100vw, 370px\" \/><\/div><h5 style=\"text-align: left\" class=\"vc_custom_heading service-card-name\" ><a href=\"\" target=\"_blank\" title=\"Cosmetic Dentistry\">Pediyatrit Oftalmoloji ve \u015ea\u015f\u0131l\u0131k<\/a><\/h5><div class=\"h-decor\"><\/div>\n<p class=\"tt\">Merkezimizde \u00e7ocuk muayenesinin hem daha kolay hem daha do\u011fru yap\u0131lmas\u0131n\u0131 sa\u011flayan PlusOptix cihaz\u0131 bulunmaktad\u0131r. Bu cihaz sayesinde tek bir \u00f6l\u00e7\u00fcmle g\u00f6z\u00fcn k\u0131r\u0131lma kusuru ve kayma derecesi \u00f6l\u00e7\u00fclebilir ve ayn\u0131 zamanda g\u00f6r\u00fcnt\u00fcleme al\u0131nabilir. Bu cihaz\u0131n bir di\u011fer avantaj\u0131 ise g\u00f6ze damla koymaya gerek kalmadan k\u0131r\u0131lma kusurunun \u00f6l\u00e7\u00fclebilmesidir.<\/p>\n<\/div><\/div><\/div>\n<\/div>","protected":false},"excerpt":{"rendered":"G\u00f6z Hastal\u0131klar\u0131 B\u00f6l\u00fcm\u00fcm\u00fcz\u2019de, g\u00f6z hastal\u0131klar\u0131 ve cerrahisinin t\u00fcm alt bran\u015flar\u0131nda, teknolojinin sundu\u011fu en geli\u015fmi\u015f imk\u00e2nlarla ve her biri alan\u0131nda uzmanla\u015fm\u0131\u015f \u00f6nemli doktorlardan olu\u015fan kadromuzla hizmet veriyoruz.Genel G\u00f6z Muayenesi Otorefraktometre (bilgisayarl\u0131 g\u00f6z \u00f6l\u00e7\u00fcm\u00fc) ve bilgisayarl\u0131 g\u00f6z tansiyonu \u00f6l\u00e7\u00fcm\u00fc yap\u0131l\u0131r. Biyomikroskopik muayene yap\u0131larak g\u00f6z\u00fcn d\u0131\u015f ve i\u00e7 katmanlar\u0131 incelenir. G\u00f6z dibi muayenesi ile g\u00f6z\u00fcn en arkas\u0131ndaki retina <div class=\"btn-more-wrapper\"><a href=\"https:\/\/www.bursagoz.com\/de\/tibbi-birimlerimiz\/\" class=\"btn btn-sm btn-hover-fill\"><svg class=\"icon icon-right-arrow\" version=\"1.1\" xmlns=\"http:\/\/www.w3.org\/2000\/svg\" width=\"32\" height=\"32\" viewbox=\"0 0 32 32\"><path d=\"M21.548 5.088c-0.436-0.451-1.162-0.451-1.613 0-0.436 0.436-0.436 1.162 0 1.596l8.177 8.177h-26.984c-0.629 0.001-1.129 0.501-1.129 1.13s0.5 1.145 1.129 1.145h26.984l-8.177 8.162c-0.436 0.451-0.436 1.178 0 1.613 0.451 0.451 1.178 0.451 1.613 0l10.113-10.113c0.451-0.436 0.451-1.162 0-1.596l-10.113-10.114z\"><\/path><\/svg>Read More<span class=\"screen-reader-text\"> \"T\u0131bbi Birimlerimiz\"<\/span><svg class=\"icon icon-right-arrow\" version=\"1.1\" xmlns=\"http:\/\/www.w3.org\/2000\/svg\" width=\"32\" height=\"32\" viewbox=\"0 0 32 32\"><path d=\"M21.548 5.088c-0.436-0.451-1.162-0.451-1.613 0-0.436 0.436-0.436 1.162 0 1.596l8.177 8.177h-26.984c-0.629 0.001-1.129 0.501-1.129 1.13s0.5 1.145 1.129 1.145h26.984l-8.177 8.162c-0.436 0.451-0.436 1.178 0 1.613 0.451 0.451 1.178 0.451 1.613 0l10.113-10.113c0.451-0.436 0.451-1.162 0-1.596l-10.113-10.114z\"><\/path><\/svg><\/a><\/div>","protected":false},"author":1,"featured_media":0,"parent":0,"menu_order":1,"comment_status":"closed","ping_status":"closed","template":"custompagett.php","meta":{"footnotes":""},"class_list":["post-117","page","type-page","status-publish","hentry"],"yoast_head":"<!-- This site is optimized with the Yoast SEO Premium plugin v26.2 (Yoast SEO v27.5) - https:\/\/yoast.com\/product\/yoast-seo-premium-wordpress\/ -->\n<title>T\u0131bbi Birimlerimiz - Bursa G\u00f6z Merkezi Y\u0131ld\u0131r\u0131m G\u00f6z Hastal\u0131klar\u0131 Hastanesi<\/title>\n<meta name=\"robots\" content=\"index, follow, max-snippet:-1, max-image-preview:large, max-video-preview:-1\" \/>\n<link rel=\"canonical\" href=\"https:\/\/www.bursagoz.com\/de\/tibbi-birimlerimiz\/\" \/>\n<meta property=\"og:locale\" content=\"de_DE\" \/>\n<meta property=\"og:type\" content=\"article\" \/>\n<meta property=\"og:title\" content=\"T\u0131bbi Birimlerimiz\" \/>\n<meta property=\"og:url\" content=\"https:\/\/www.bursagoz.com\/de\/tibbi-birimlerimiz\/\" \/>\n<meta property=\"og:site_name\" content=\"Bursa G\u00f6z Merkezi Y\u0131ld\u0131r\u0131m G\u00f6z Hastal\u0131klar\u0131 Hastanesi\" \/>\n<meta property=\"article:publisher\" content=\"https:\/\/www.facebook.com\/bursagozyildirim\/\" \/>\n<meta property=\"article:modified_time\" content=\"2020-02-10T09:03:24+00:00\" \/>\n<meta name=\"twitter:card\" content=\"summary_large_image\" \/>\n<meta name=\"twitter:site\" content=\"@bursagoz_\" \/>\n<meta name=\"twitter:label1\" content=\"Gesch\u00e4tzte Lesezeit\" \/>\n\t<meta name=\"twitter:data1\" content=\"4\u00a0Minuten\" \/>\n<script type=\"application\/ld+json\" class=\"yoast-schema-graph\">{\"@context\":\"https:\\\/\\\/schema.org\",\"@graph\":[{\"@type\":\"WebPage\",\"@id\":\"https:\\\/\\\/www.bursagoz.com\\\/tibbi-birimlerimiz\\\/\",\"url\":\"https:\\\/\\\/www.bursagoz.com\\\/tibbi-birimlerimiz\\\/\",\"name\":\"T\u0131bbi Birimlerimiz - Bursa G\u00f6z Merkezi Y\u0131ld\u0131r\u0131m G\u00f6z Hastal\u0131klar\u0131 Hastanesi\",\"isPartOf\":{\"@id\":\"https:\\\/\\\/www.bursagoz.com\\\/#website\"},\"datePublished\":\"2019-09-16T10:14:32+00:00\",\"dateModified\":\"2020-02-10T09:03:24+00:00\",\"breadcrumb\":{\"@id\":\"https:\\\/\\\/www.bursagoz.com\\\/tibbi-birimlerimiz\\\/#breadcrumb\"},\"inLanguage\":\"de\",\"potentialAction\":[{\"@type\":\"ReadAction\",\"target\":[\"https:\\\/\\\/www.bursagoz.com\\\/tibbi-birimlerimiz\\\/\"]}]},{\"@type\":\"BreadcrumbList\",\"@id\":\"https:\\\/\\\/www.bursagoz.com\\\/tibbi-birimlerimiz\\\/#breadcrumb\",\"itemListElement\":[{\"@type\":\"ListItem\",\"position\":1,\"name\":\"Ana sayfa\",\"item\":\"https:\\\/\\\/www.bursagoz.com\\\/\"},{\"@type\":\"ListItem\",\"position\":2,\"name\":\"T\u0131bbi Birimlerimiz\"}]},{\"@type\":\"WebSite\",\"@id\":\"https:\\\/\\\/www.bursagoz.com\\\/#website\",\"url\":\"https:\\\/\\\/www.bursagoz.com\\\/\",\"name\":\"Bursa G\u00f6z Merkezi Y\u0131ld\u0131r\u0131m G\u00f6z Hastal\u0131klar\u0131 Hastanesi\",\"description\":\"Bursa G\u00f6z Merkezi | Sa\u011fl\u0131kta 10 Y\u0131ll\u0131k Te\u00e7r\u00fcbenin Yeni Ad\u0131\",\"publisher\":{\"@id\":\"https:\\\/\\\/www.bursagoz.com\\\/#organization\"},\"potentialAction\":[{\"@type\":\"SearchAction\",\"target\":{\"@type\":\"EntryPoint\",\"urlTemplate\":\"https:\\\/\\\/www.bursagoz.com\\\/?s={search_term_string}\"},\"query-input\":{\"@type\":\"PropertyValueSpecification\",\"valueRequired\":true,\"valueName\":\"search_term_string\"}}],\"inLanguage\":\"de\"},{\"@type\":[\"Organization\",\"Place\",\"HealthClub\"],\"@id\":\"https:\\\/\\\/www.bursagoz.com\\\/#organization\",\"name\":\"Bursa G\u00f6z Merkezi\",\"url\":\"https:\\\/\\\/www.bursagoz.com\\\/\",\"logo\":{\"@id\":\"https:\\\/\\\/www.bursagoz.com\\\/tibbi-birimlerimiz\\\/#local-main-organization-logo\"},\"image\":{\"@id\":\"https:\\\/\\\/www.bursagoz.com\\\/tibbi-birimlerimiz\\\/#local-main-organization-logo\"},\"sameAs\":[\"https:\\\/\\\/www.facebook.com\\\/bursagozyildirim\\\/\",\"https:\\\/\\\/x.com\\\/bursagoz_\",\"https:\\\/\\\/www.instagram.com\\\/bursagozmerkezi\",\"https:\\\/\\\/www.youtube.com\\\/channel\\\/UCpSzsUiWi-QvB9j1uUAiJew\"],\"address\":{\"@id\":\"https:\\\/\\\/www.bursagoz.com\\\/tibbi-birimlerimiz\\\/#local-main-place-address\"},\"geo\":{\"@type\":\"GeoCoordinates\",\"latitude\":\"40.191996\",\"longitude\":\"29.110874\"},\"telephone\":[\"4441469\",\"08508501469\"],\"openingHoursSpecification\":[{\"@type\":\"OpeningHoursSpecification\",\"dayOfWeek\":[\"Monday\",\"Tuesday\",\"Wednesday\",\"Thursday\",\"Friday\",\"Saturday\"],\"opens\":\"08:30\",\"closes\":\"18:00\"},{\"@type\":\"OpeningHoursSpecification\",\"dayOfWeek\":[\"Sunday\"],\"opens\":\"00:00\",\"closes\":\"00:00\"}],\"email\":\"randevu@bursagoz.com\",\"areaServed\":\"G\u00f6z Sa\u011fl\u0131\u011f\u0131\",\"taxID\":\"1910580134\"},{\"@type\":\"PostalAddress\",\"@id\":\"https:\\\/\\\/www.bursagoz.com\\\/tibbi-birimlerimiz\\\/#local-main-place-address\",\"streetAddress\":\"Dua\u00e7\u0131nar\u0131 Mahallesi Bar\u0131\u015f Caddesi No:3 Y\u0131ld\u0131r\u0131m \\\/ BURSA\",\"addressLocality\":\"BURSA\",\"postalCode\":\"16270\",\"addressRegion\":\"Y\u0131ld\u0131r\u0131m\",\"addressCountry\":\"TR\"},{\"@type\":\"ImageObject\",\"inLanguage\":\"de\",\"@id\":\"https:\\\/\\\/www.bursagoz.com\\\/tibbi-birimlerimiz\\\/#local-main-organization-logo\",\"url\":\"https:\\\/\\\/i0.wp.com\\\/www.bursagoz.com\\\/wp-content\\\/uploads\\\/2020\\\/02\\\/BGM-Logobeyazi1.png?fit=1500%2C1000&ssl=1\",\"contentUrl\":\"https:\\\/\\\/i0.wp.com\\\/www.bursagoz.com\\\/wp-content\\\/uploads\\\/2020\\\/02\\\/BGM-Logobeyazi1.png?fit=1500%2C1000&ssl=1\",\"width\":1500,\"height\":1000,\"caption\":\"Bursa G\u00f6z Merkezi\"}]}<\/script>\n<meta name=\"geo.placename\" content=\"BURSA\" \/>\n<meta name=\"geo.position\" content=\"40.191996;29.110874\" \/>\n<meta name=\"geo.region\" content=\"T\u00fcrkei\" \/>\n<!-- \/ Yoast SEO Premium plugin. -->","yoast_head_json":{"title":"T\u0131bbi Birimlerimiz - Bursa G\u00f6z Merkezi Y\u0131ld\u0131r\u0131m G\u00f6z Hastal\u0131klar\u0131 Hastanesi","robots":{"index":"index","follow":"follow","max-snippet":"max-snippet:-1","max-image-preview":"max-image-preview:large","max-video-preview":"max-video-preview:-1"},"canonical":"https:\/\/www.bursagoz.com\/de\/tibbi-birimlerimiz\/","og_locale":"de_DE","og_type":"article","og_title":"T\u0131bbi Birimlerimiz","og_url":"https:\/\/www.bursagoz.com\/de\/tibbi-birimlerimiz\/","og_site_name":"Bursa G\u00f6z Merkezi Y\u0131ld\u0131r\u0131m G\u00f6z Hastal\u0131klar\u0131 Hastanesi","article_publisher":"https:\/\/www.facebook.com\/bursagozyildirim\/","article_modified_time":"2020-02-10T09:03:24+00:00","twitter_card":"summary_large_image","twitter_site":"@bursagoz_","twitter_misc":{"Gesch\u00e4tzte Lesezeit":"4\u00a0Minuten"},"schema":{"@context":"https:\/\/schema.org","@graph":[{"@type":"WebPage","@id":"https:\/\/www.bursagoz.com\/tibbi-birimlerimiz\/","url":"https:\/\/www.bursagoz.com\/tibbi-birimlerimiz\/","name":"T\u0131bbi Birimlerimiz - Bursa G\u00f6z Merkezi Y\u0131ld\u0131r\u0131m G\u00f6z Hastal\u0131klar\u0131 Hastanesi","isPartOf":{"@id":"https:\/\/www.bursagoz.com\/#website"},"datePublished":"2019-09-16T10:14:32+00:00","dateModified":"2020-02-10T09:03:24+00:00","breadcrumb":{"@id":"https:\/\/www.bursagoz.com\/tibbi-birimlerimiz\/#breadcrumb"},"inLanguage":"de","potentialAction":[{"@type":"ReadAction","target":["https:\/\/www.bursagoz.com\/tibbi-birimlerimiz\/"]}]},{"@type":"BreadcrumbList","@id":"https:\/\/www.bursagoz.com\/tibbi-birimlerimiz\/#breadcrumb","itemListElement":[{"@type":"ListItem","position":1,"name":"Ana sayfa","item":"https:\/\/www.bursagoz.com\/"},{"@type":"ListItem","position":2,"name":"T\u0131bbi Birimlerimiz"}]},{"@type":"WebSite","@id":"https:\/\/www.bursagoz.com\/#website","url":"https:\/\/www.bursagoz.com\/","name":"Bursa G\u00f6z Merkezi Y\u0131ld\u0131r\u0131m G\u00f6z Hastal\u0131klar\u0131 Hastanesi","description":"Bursa G\u00f6z Merkezi | Sa\u011fl\u0131kta 10 Y\u0131ll\u0131k Te\u00e7r\u00fcbenin Yeni Ad\u0131","publisher":{"@id":"https:\/\/www.bursagoz.com\/#organization"},"potentialAction":[{"@type":"SearchAction","target":{"@type":"EntryPoint","urlTemplate":"https:\/\/www.bursagoz.com\/?s={search_term_string}"},"query-input":{"@type":"PropertyValueSpecification","valueRequired":true,"valueName":"search_term_string"}}],"inLanguage":"de"},{"@type":["Organization","Place","HealthClub"],"@id":"https:\/\/www.bursagoz.com\/#organization","name":"Bursa G\u00f6z Merkezi","url":"https:\/\/www.bursagoz.com\/","logo":{"@id":"https:\/\/www.bursagoz.com\/tibbi-birimlerimiz\/#local-main-organization-logo"},"image":{"@id":"https:\/\/www.bursagoz.com\/tibbi-birimlerimiz\/#local-main-organization-logo"},"sameAs":["https:\/\/www.facebook.com\/bursagozyildirim\/","https:\/\/x.com\/bursagoz_","https:\/\/www.instagram.com\/bursagozmerkezi","https:\/\/www.youtube.com\/channel\/UCpSzsUiWi-QvB9j1uUAiJew"],"address":{"@id":"https:\/\/www.bursagoz.com\/tibbi-birimlerimiz\/#local-main-place-address"},"geo":{"@type":"GeoCoordinates","latitude":"40.191996","longitude":"29.110874"},"telephone":["4441469","08508501469"],"openingHoursSpecification":[{"@type":"OpeningHoursSpecification","dayOfWeek":["Monday","Tuesday","Wednesday","Thursday","Friday","Saturday"],"opens":"08:30","closes":"18:00"},{"@type":"OpeningHoursSpecification","dayOfWeek":["Sunday"],"opens":"00:00","closes":"00:00"}],"email":"randevu@bursagoz.com","areaServed":"G\u00f6z Sa\u011fl\u0131\u011f\u0131","taxID":"1910580134"},{"@type":"PostalAddress","@id":"https:\/\/www.bursagoz.com\/tibbi-birimlerimiz\/#local-main-place-address","streetAddress":"Dua\u00e7\u0131nar\u0131 Mahallesi Bar\u0131\u015f Caddesi No:3 Y\u0131ld\u0131r\u0131m \/ BURSA","addressLocality":"BURSA","postalCode":"16270","addressRegion":"Y\u0131ld\u0131r\u0131m","addressCountry":"TR"},{"@type":"ImageObject","inLanguage":"de","@id":"https:\/\/www.bursagoz.com\/tibbi-birimlerimiz\/#local-main-organization-logo","url":"https:\/\/i0.wp.com\/www.bursagoz.com\/wp-content\/uploads\/2020\/02\/BGM-Logobeyazi1.png?fit=1500%2C1000&ssl=1","contentUrl":"https:\/\/i0.wp.com\/www.bursagoz.com\/wp-content\/uploads\/2020\/02\/BGM-Logobeyazi1.png?fit=1500%2C1000&ssl=1","width":1500,"height":1000,"caption":"Bursa G\u00f6z Merkezi"}]},"geo.placename":"BURSA","geo.position":{"lat":"40.191996","long":"29.110874"},"geo.region":"T\u00fcrkei"},"jetpack_sharing_enabled":true,"_links":{"self":[{"href":"https:\/\/www.bursagoz.com\/de\/wp-json\/wp\/v2\/pages\/117","targetHints":{"allow":["GET"]}}],"collection":[{"href":"https:\/\/www.bursagoz.com\/de\/wp-json\/wp\/v2\/pages"}],"about":[{"href":"https:\/\/www.bursagoz.com\/de\/wp-json\/wp\/v2\/types\/page"}],"author":[{"embeddable":true,"href":"https:\/\/www.bursagoz.com\/de\/wp-json\/wp\/v2\/users\/1"}],"replies":[{"embeddable":true,"href":"https:\/\/www.bursagoz.com\/de\/wp-json\/wp\/v2\/comments?post=117"}],"version-history":[{"count":9,"href":"https:\/\/www.bursagoz.com\/de\/wp-json\/wp\/v2\/pages\/117\/revisions"}],"predecessor-version":[{"id":1887,"href":"https:\/\/www.bursagoz.com\/de\/wp-json\/wp\/v2\/pages\/117\/revisions\/1887"}],"wp:attachment":[{"href":"https:\/\/www.bursagoz.com\/de\/wp-json\/wp\/v2\/media?parent=117"}],"curies":[{"name":"wp","href":"https:\/\/api.w.org\/{rel}","templated":true}]}}