{"id":127,"date":"2019-09-16T13:14:32","date_gmt":"2019-09-16T10:14:32","guid":{"rendered":"http:\/\/cinargoz.com\/contacts\/"},"modified":"2022-06-02T16:57:21","modified_gmt":"2022-06-02T13:57:21","slug":"iletisim","status":"publish","type":"page","link":"https:\/\/www.bursagoz.com\/de\/iletisim\/","title":{"rendered":"\u0130leti\u015fim"},"content":{"rendered":"<div class=\"wpb-content-wrapper\"><div  class=\"tt-shortcode_vc_row 8 section mt-0 googlemap__contact\" ><div class=\"wpb_gmaps_widget wpb_content_element contact-map\"><div class=\"wpb_wrapper\"><div class=\"wpb_map_wraper\"><iframe loading=\"lazy\" src=\"https:\/\/www.google.com\/maps\/embed?pb=!1m18!1m12!1m3!1d3047.7674231846345!2d29.108691915789844!3d40.191989077200276!2m3!1f0!2f0!3f0!3m2!1i1024!2i768!4f13.1!3m3!1m2!1s0x14ca3ec5ce7637d7%3A0x8290f71043db25e0!2sBursa%20G%C3%B6z%20Merkezi!5e0!3m2!1str!2str!4v1570472712186!5m2!1str!2str\" width=\"600\" height=\"450\" frameborder=\"0\" style=\"border:0;\" allowfullscreen=\"\"><\/iframe><\/div><\/div><\/div><\/div><div  class=\"tt-shortcode_vc_row 8 section mt-0 bg-grey\" ><div class=\"tt-shortcode_vc_clmn container\"><div class=\"row\" ><div class=\"shortcode_vc_clmn_inner col-md\"><div class=\"title-wrap\"><h5 style=\"text-align: left\" class=\"vc_custom_heading pt-0\" >Merkezimiz<\/h5><div class=\"h-decor\"><\/div>\n<\/div><ul class=\"icn-list-lg\">\n<li><svg class=\"icon icon-placeholder-for-map-1\" version=\"1.1\" xmlns=\"http:\/\/www.w3.org\/2000\/svg\" width=\"32\" height=\"32\" viewbox=\"0 0 32 32\"><path d=\"M16.404 0.007c-6.499-0.219-11.835 4.984-11.835 11.433 0 7.319 7.024 12.631 10.96 20.269 0.2 0.388 0.758 0.388 0.959 0.001 3.561-6.873 9.648-11.482 10.776-18.104 1.168-6.852-3.913-13.364-10.86-13.599zM16.008 17.431c-3.309 0-5.992-2.683-5.992-5.992s2.683-5.992 5.992-5.992c3.309 0 5.992 2.683 5.992 5.992s-2.683 5.992-5.992 5.992z\"><\/path><\/svg>Dua\u00e7\u0131nar\u0131 Mah. Bar\u0131\u015f Cad. No:3<br \/>\nY\u0131ld\u0131r\u0131m \/ BURSA<\/li>\n<\/ul>\n<\/div><div class=\"shortcode_vc_clmn_inner col-md mt-3 mt-md-0\"><div class=\"title-wrap\"><h5 style=\"text-align: left\" class=\"vc_custom_heading pt-0\" >\u0130leti\u015fim<\/h5><div class=\"h-decor\"><\/div>\n<\/div><ul class=\"icn-list-lg\">\n<li><svg class=\"icon icon-telephone-1\" version=\"1.1\" xmlns=\"http:\/\/www.w3.org\/2000\/svg\" width=\"32\" height=\"32\" viewbox=\"0 0 32 32\"><path d=\"M23.467 19.2c-2.133 2.133-2.133 4.267-4.267 4.267s-4.267-2.133-6.4-4.267c-2.133-2.133-4.267-4.267-4.267-6.4s2.133-2.133 4.267-4.267-4.267-8.533-6.4-8.533-6.4 6.4-6.4 6.4c0 4.267 4.383 12.917 8.533 17.067s12.8 8.533 17.067 8.533c0 0 6.4-4.267 6.4-6.4s-6.4-8.533-8.533-6.4z\"><\/path><\/svg>Telefon:\u00a0<span class=\"theme-color\"> <span class=\"text-nowrap\">444 1 469<\/span><br class=\"ch\" \/>0850 850 0 469<br \/>\nFax: <span class=\"theme-color\"><span class=\"text-nowrap\">(224) 367 02 22<br \/>\n<\/span><\/span><\/span><\/li>\n<li><svg class=\"icon icon-black-envelope\" version=\"1.1\" xmlns=\"http:\/\/www.w3.org\/2000\/svg\" width=\"32\" height=\"32\" viewbox=\"0 0 32 32\"><path d=\"M2.531 6.124l11.526 9.13c0.523 0.414 1.243 0.597 1.942 0.563 0.698 0.034 1.419-0.148 1.941-0.563l11.526-9.13c0.924-0.727 0.715-1.323-0.457-1.323h-26.019c-1.173 0-1.382 0.596-0.461 1.323z\"><\/path><path d=\"M30.3 8.533l-12.596 9.563c-0.471 0.354-1.088 0.526-1.702 0.518-0.616 0.008-1.233-0.165-1.704-0.518l-12.598-9.563c-0.935-0.709-1.7-0.329-1.7 0.844v15.69c0 1.173 0.96 2.133 2.133 2.133h27.734c1.173 0 2.133-0.96 2.133-2.133v-15.69c0-1.173-0.765-1.553-1.7-0.844z\"><\/path><\/svg><a href=\"mailto:randevu@bursagoz.com\">randevu@bursagoz.com<\/a><\/li>\n<\/ul>\n<\/div><div class=\"shortcode_vc_clmn_inner col-md mt-3 mt-md-0\"><div class=\"title-wrap\"><h5 style=\"text-align: left\" class=\"vc_custom_heading pt-0\" >\u00c7al\u0131\u015fma Saatlerimiz<\/h5><div class=\"h-decor\"><\/div>\n<\/div><ul class=\"icn-list-lg\">\n<li><svg class=\"icon icon-icon-3\" version=\"1.1\" xmlns=\"http:\/\/www.w3.org\/2000\/svg\" width=\"32\" height=\"32\" viewbox=\"0 0 32 32\"><path d=\"M16.001 0c-8.837 0-16.001 7.166-16.001 16.003 0 8.833 7.164 15.997 16.001 15.997 8.836 0 15.998-7.164 15.998-15.997 0-8.837-7.162-16.003-15.998-16.003zM16.001 27.14c-6.144 0-11.143-4.997-11.143-11.138 0-6.148 5-11.147 11.143-11.147 6.145 0 11.14 5.001 11.14 11.147 0 6.142-4.997 11.138-11.14 11.138z\"><\/path><path d=\"M17.377 15.12l0.001-6.177c0-0.759-0.615-1.373-1.377-1.373-0.763 0-1.38 0.613-1.38 1.373v8.933h8.934c0.757 0 1.376-0.615 1.376-1.377 0-0.763-0.618-1.379-1.376-1.379 0.001 0-6.178 0-6.178 0z\"><\/path><\/svg>\n<div>\n<div class=\"d-flex\">Pzt-Cum <span class=\"ml-auto theme-color\">08:30 &#8211; 18:00<\/span><\/div>\n<div class=\"d-flex\">Cumartesi <span class=\"ml-auto theme-color\">08:30 &#8211; 18:00<\/span><\/div>\n<div class=\"d-flex\">Pazar <span class=\"ml-auto theme-color\">Kapal\u0131<\/span><\/div>\n<\/div>\n<\/li>\n<\/ul>\n<\/div><\/div><\/div><\/div><div  class=\"tt-shortcode_vc_row 8 section\" ><div class=\"tt-shortcode_vc_clmn container\"><div class=\"row\" ><div class=\"shortcode_vc_clmn_inner col-md col-lg-5\"><div class=\"rs_inner_block pr-0 pr-lg-8\"><div class=\"title-wrap\"><h2 style=\"text-align: left\" class=\"vc_custom_heading\" >Bizimle \u0130leti\u015fime Ge\u00e7!<\/h2><div class=\"h-decor\"><\/div>\n<\/div><div class=\"shortcode_vc_text   mt-3 tt_pt_3\" ><p class=\"tt_mb_20\">Merkezimizle ilgili her t\u00fcrl\u00fc bilgi, \u015fikayet ve \u00f6nerileriniz i\u00e7in formu doldurunuz.<\/p>\n<p class=\"p-sm\"><b>L\u00fctfen zorunlu alanlar\u0131 doldurmay\u0131 unutmay\u0131n\u0131z*<br \/>\n<\/b><\/p>\n<\/div><div class=\"shortcode_vc_text   mt-6\" ><\/div><div class=\"title-wrap\"><h5 style=\"text-align: left\" class=\"vc_custom_heading\" >Stay Connected<\/h5><\/div><div class=\"content-social mt-3\"><a title=\"\"  href=\"https:\/\/www.facebook.com\/bursagozyildirim\/\" class=\"hovicon\"><svg class=\"icon icon-facebook-logo\" version=\"1.1\" xmlns=\"http:\/\/www.w3.org\/2000\/svg\" width=\"33\" height=\"32\" viewbox=\"0 0 33 32\"><path d=\"M24.249 0.506l-4.020-0.006c-4.516 0-7.435 2.994-7.435 7.629v3.518h-4.042c-0.349 0-0.632 0.283-0.632 0.632v5.097c0 0.349 0.283 0.632 0.632 0.632h4.042v12.86c0 0.349 0.283 0.632 0.632 0.632h5.274c0.349 0 0.632-0.283 0.632-0.632v-12.86h4.726c0.349 0 0.632-0.283 0.632-0.632l0.002-5.097c0-0.168-0.067-0.328-0.185-0.447s-0.28-0.185-0.447-0.185h-4.728v-2.982c0-1.433 0.342-2.161 2.209-2.161l2.708-0.001c0.349 0 0.632-0.283 0.632-0.632v-4.732c0-0.349-0.282-0.631-0.631-0.632z\"><\/path><\/svg><\/a><a title=\"\"  href=\"https:\/\/twitter.com\/bursagoz_\" class=\"hovicon\"><svg class=\"icon icon-twitter-logo-silhouette\" version=\"1.1\" xmlns=\"http:\/\/www.w3.org\/2000\/svg\" width=\"32\" height=\"32\" viewbox=\"0 0 32 32\"><path d=\"M32 6.079c-1.178 0.522-2.442 0.876-3.769 1.034 1.356-0.812 2.394-2.1 2.885-3.629-1.272 0.752-2.675 1.298-4.171 1.594-1.198-1.278-2.901-2.074-4.791-2.074-3.625 0-6.565 2.939-6.565 6.563 0 0.514 0.058 1.016 0.17 1.496-5.455-0.274-10.292-2.887-13.529-6.859-0.566 0.968-0.888 2.096-0.888 3.299 0 2.278 1.16 4.287 2.919 5.463-1.076-0.036-2.088-0.332-2.973-0.824v0.082c0 3.179 2.264 5.833 5.265 6.437-0.55 0.148-1.13 0.23-1.73 0.23-0.424 0-0.834-0.042-1.236-0.122 0.836 2.61 3.259 4.507 6.131 4.559-2.246 1.76-5.077 2.805-8.152 2.805-0.53 0-1.052-0.032-1.566-0.090 2.905 1.866 6.355 2.953 10.062 2.953 12.076 0 18.677-10.002 18.677-18.677l-0.022-0.85c1.29-0.92 2.405-2.076 3.283-3.391z\"><\/path><\/svg><\/a><a title=\"\"  href=\"https:\/\/g.page\/bursagozyildirim\/review\" class=\"hovicon\"><svg class=\"icon icon-google-plus1\" version=\"1.1\" xmlns=\"http:\/\/www.w3.org\/2000\/svg\" width=\"32\" height=\"32\" viewbox=\"0 0 32 32\"><path d=\"M17.478 19.146h7.447c-1.307 3.696-4.848 6.346-8.993 6.315-5.030-0.037-9.188-4.061-9.383-9.086-0.209-5.387 4.113-9.837 9.454-9.837 2.443 0 4.671 0.931 6.351 2.456 0.398 0.361 1.004 0.363 1.395-0.005l2.735-2.574c0.428-0.403 0.43-1.083 0.003-1.487-2.665-2.525-6.239-4.098-10.181-4.175-8.408-0.164-15.495 6.729-15.553 15.139-0.059 8.472 6.791 15.359 15.249 15.359 8.135 0 14.78-6.369 15.224-14.392 0.012-0.1 0.020-3.5 0.020-3.5h-13.77c-0.565 0-1.022 0.457-1.022 1.022v3.745c0 0.565 0.458 1.022 1.022 1.022z\"><\/path><\/svg><\/a><a title=\"\"  href=\"https:\/\/www.instagram.com\/bursagozyildirim\/\" class=\"hovicon\"><svg class=\"icon icon-instagram\" version=\"1.1\" xmlns=\"http:\/\/www.w3.org\/2000\/svg\" width=\"32\" height=\"32\" viewbox=\"0 0 32 32\"><path d=\"M5.038 1.251h21.926c2.083 0 3.786 1.704 3.786 3.787v21.926c0 2.082-1.703 3.785-3.786 3.785h-21.926c-2.083 0-3.788-1.703-3.788-3.785v-21.926c0-2.083 1.705-3.787 3.788-3.787zM22.74 4.527c-0.731 0-1.328 0.599-1.328 1.33v3.177c0 0.731 0.597 1.329 1.328 1.329h3.334c0.73 0 1.328-0.598 1.328-1.329v-3.177c0-0.731-0.598-1.33-1.328-1.33h-3.334zM27.415 13.725h-2.596c0.246 0.804 0.38 1.652 0.38 2.533 0 4.905-4.107 8.883-9.171 8.883-5.063 0-9.17-3.978-9.17-8.883 0-0.881 0.135-1.729 0.38-2.533h-2.708v12.462c0 0.645 0.527 1.17 1.172 1.17h20.542c0.645 0 1.171-0.525 1.171-1.17v-12.462zM16.028 10.196c-3.271 0-5.924 2.569-5.924 5.742 0 3.169 2.653 5.74 5.924 5.74 3.272 0 5.925-2.571 5.925-5.74 0-3.172-2.653-5.742-5.925-5.742z\"><\/path><\/svg><\/a><\/div>\n<\/div><\/div><div class=\"shortcode_vc_clmn_inner col-md col-lg-6 mt-4 mt-md-0\">\n<div class=\"wpcf7 no-js\" id=\"wpcf7-f155-o1\" lang=\"tr-TR\" dir=\"ltr\" data-wpcf7-id=\"155\">\n<div class=\"screen-reader-response\"><p role=\"status\" aria-live=\"polite\" aria-atomic=\"true\"><\/p> <ul><\/ul><\/div>\n<form action=\"\/de\/wp-json\/wp\/v2\/pages\/127#wpcf7-f155-o1\" method=\"post\" class=\"wpcf7-form init\" aria-label=\"\u0130leti\u015fim Formu\" novalidate=\"novalidate\" data-status=\"init\" data-trp-original-action=\"\/de\/wp-json\/wp\/v2\/pages\/127#wpcf7-f155-o1\">\n<fieldset class=\"hidden-fields-container\"><input type=\"hidden\" name=\"_wpcf7\" value=\"155\" \/><input type=\"hidden\" name=\"_wpcf7_version\" value=\"6.1.5\" \/><input type=\"hidden\" name=\"_wpcf7_locale\" value=\"tr_TR\" \/><input type=\"hidden\" name=\"_wpcf7_unit_tag\" value=\"wpcf7-f155-o1\" \/><input type=\"hidden\" name=\"_wpcf7_container_post\" value=\"0\" \/><input type=\"hidden\" name=\"_wpcf7_posted_data_hash\" value=\"\" \/>\n<\/fieldset>\n<div class=\"contact-form contact7__custom-form contact-page-form\" id=\"contactForm\">\n\t<div class=\"pr-0\">\n\t\t<div>\n\t\t\t<p><span class=\"wpcf7-form-control-wrap\" data-name=\"text-674\"><input size=\"40\" maxlength=\"400\" class=\"wpcf7-form-control wpcf7-text wpcf7-validates-as-required form-control\" aria-required=\"true\" aria-invalid=\"false\" placeholder=\"Ad\u0131n\u0131z Soyad\u0131n\u0131z*\" value=\"\" type=\"text\" name=\"text-674\" \/><\/span>\n\t\t\t<\/p>\n\t\t<\/div>\n\t\t<div class=\"mt-15\">\n\t\t\t<p><span class=\"wpcf7-form-control-wrap\" data-name=\"your-email\"><input size=\"40\" maxlength=\"400\" class=\"wpcf7-form-control wpcf7-email wpcf7-validates-as-required wpcf7-text wpcf7-validates-as-email form-control\" aria-required=\"true\" aria-invalid=\"false\" placeholder=\"E-Posta*\" value=\"\" type=\"email\" name=\"your-email\" \/><\/span>\n\t\t\t<\/p>\n\t\t<\/div>\n\t\t<div class=\"mt-15\">\n\t\t\t<p><span class=\"wpcf7-form-control-wrap\" data-name=\"tel-968\"><input size=\"40\" maxlength=\"400\" class=\"wpcf7-form-control wpcf7-tel wpcf7-text wpcf7-validates-as-tel form-control\" aria-invalid=\"false\" placeholder=\"Telefon\" value=\"\" type=\"tel\" name=\"tel-968\" \/><\/span>\n\t\t\t<\/p>\n\t\t<\/div>\n\t<\/div>\n\t<div class=\"mt-15\">\n\t\t<p><span class=\"wpcf7-form-control-wrap\" data-name=\"textarea-257\"><textarea cols=\"40\" rows=\"10\" maxlength=\"2000\" class=\"wpcf7-form-control wpcf7-textarea form-control\" aria-invalid=\"false\" name=\"textarea-257\">Mesaj\u0131n\u0131z*<\/textarea><\/span>\n\t\t<\/p>\n\t<\/div>\n\t<p><span class=\"wpcf7-form-control-wrap\" data-name=\"checkbox-149\"><span class=\"wpcf7-form-control wpcf7-checkbox wpcf7-validates-as-required\"><span class=\"wpcf7-list-item first last\"><label><input type=\"checkbox\" name=\"checkbox-149[]\" value=\"Bursa G\u00f6z Merkezi hizmetleri ve duyurular\u0131ndan haberdar olmak i\u00e7in ki\u015fisel bilgilerimin kullan\u0131lmas\u0131na ve benimle ileti\u015fime ge\u00e7ilmesine izin veriyorum.\" \/><span class=\"wpcf7-list-item-label\">Bursa G\u00f6z Merkezi hizmetleri ve duyurular\u0131ndan haberdar olmak i\u00e7in ki\u015fisel bilgilerimin kullan\u0131lmas\u0131na ve benimle ileti\u015fime ge\u00e7ilmesine izin veriyorum.<\/span><\/label><\/span><\/span><\/span>\n\t<\/p>\n\t<div class=\"mt-15\">\n\t\t<p><span class=\"wpcf7-form-control-wrap\" data-name=\"SORU\"><label><span class=\"wpcf7-quiz-label\">Bursa&#039;n\u0131n Plakas\u0131 Nedir?<\/span> <input size=\"40\" class=\"wpcf7-form-control wpcf7-quiz form-control\" autocomplete=\"off\" aria-required=\"true\" aria-invalid=\"false\" type=\"text\" name=\"SORU\" \/><\/label><input type=\"hidden\" name=\"_wpcf7_quiz_answer_SORU\" value=\"48e17789b9c15a318144ad80076ee7fe\" \/><\/span>\n\t\t<\/p>\n\t<\/div>\n\t<div class=\"mt-4 b-c-wrapper\">\n\t\t<p><input class=\"wpcf7-form-control wpcf7-submit has-spinner btn btn-fill\" type=\"submit\" value=\"G\u00f6nder\" \/>\n\t\t<\/p>\n\t<\/div>\n<\/div><p style=\"display: none !important;\" class=\"akismet-fields-container\" data-prefix=\"_wpcf7_ak_\"><label>&#916;<textarea name=\"_wpcf7_ak_hp_textarea\" cols=\"45\" rows=\"8\" maxlength=\"100\"><\/textarea><\/label><input type=\"hidden\" id=\"ak_js_1\" name=\"_wpcf7_ak_js\" value=\"185\"\/><script>document.getElementById( \"ak_js_1\" ).setAttribute( \"value\", ( new Date() ).getTime() );<\/script><\/p><div class=\"wpcf7-response-output\" aria-hidden=\"true\"><\/div>\n<input type=\"hidden\" name=\"trp-form-language\" value=\"de\"\/><\/form>\n<\/div>\n<\/div><\/div><\/div><\/div>\n<\/div>","protected":false},"excerpt":{"rendered":"Merkezimiz Dua\u00e7\u0131nar\u0131 Mah. Bar\u0131\u015f Cad. No:3 Y\u0131ld\u0131r\u0131m \/ BURSA \u0130leti\u015fim Telefon:\u00a0 444 1 4690850 850 0 469 Fax: (224) 367 02 22 randevu@bursagoz.com \u00c7al\u0131\u015fma Saatlerimiz Pzt-Cum 08:30 - 18:00 Cumartesi 08:30 - 18:00 Pazar Kapal\u0131 Bizimle \u0130leti\u015fime Ge\u00e7! Merkezimizle ilgili her t\u00fcrl\u00fc bilgi, \u015fikayet ve \u00f6nerileriniz i\u00e7in formu doldurunuz. L\u00fctfen zorunlu alanlar\u0131 doldurmay\u0131 unutmay\u0131n\u0131z* Stay <div class=\"btn-more-wrapper\"><a href=\"https:\/\/www.bursagoz.com\/de\/iletisim\/\" class=\"btn btn-sm btn-hover-fill\"><svg class=\"icon icon-right-arrow\" version=\"1.1\" xmlns=\"http:\/\/www.w3.org\/2000\/svg\" width=\"32\" height=\"32\" viewbox=\"0 0 32 32\"><path d=\"M21.548 5.088c-0.436-0.451-1.162-0.451-1.613 0-0.436 0.436-0.436 1.162 0 1.596l8.177 8.177h-26.984c-0.629 0.001-1.129 0.501-1.129 1.13s0.5 1.145 1.129 1.145h26.984l-8.177 8.162c-0.436 0.451-0.436 1.178 0 1.613 0.451 0.451 1.178 0.451 1.613 0l10.113-10.113c0.451-0.436 0.451-1.162 0-1.596l-10.113-10.114z\"><\/path><\/svg>Read More<span class=\"screen-reader-text\"> \"\u0130leti\u015fim\"<\/span><svg class=\"icon icon-right-arrow\" version=\"1.1\" xmlns=\"http:\/\/www.w3.org\/2000\/svg\" width=\"32\" height=\"32\" viewbox=\"0 0 32 32\"><path d=\"M21.548 5.088c-0.436-0.451-1.162-0.451-1.613 0-0.436 0.436-0.436 1.162 0 1.596l8.177 8.177h-26.984c-0.629 0.001-1.129 0.501-1.129 1.13s0.5 1.145 1.129 1.145h26.984l-8.177 8.162c-0.436 0.451-0.436 1.178 0 1.613 0.451 0.451 1.178 0.451 1.613 0l10.113-10.113c0.451-0.436 0.451-1.162 0-1.596l-10.113-10.114z\"><\/path><\/svg><\/a><\/div>","protected":false},"author":1,"featured_media":0,"parent":0,"menu_order":11,"comment_status":"closed","ping_status":"closed","template":"custompagett.php","meta":{"footnotes":""},"class_list":["post-127","page","type-page","status-publish","hentry"],"yoast_head":"<!-- This site is optimized with the Yoast SEO Premium plugin v26.2 (Yoast SEO v27.4) - https:\/\/yoast.com\/product\/yoast-seo-premium-wordpress\/ -->\n<title>\u0130leti\u015fim - Bursa G\u00f6z Merkezi Y\u0131ld\u0131r\u0131m G\u00f6z Hastal\u0131klar\u0131 Hastanesi<\/title>\n<meta name=\"robots\" content=\"index, follow, max-snippet:-1, max-image-preview:large, max-video-preview:-1\" \/>\n<link rel=\"canonical\" href=\"https:\/\/www.bursagoz.com\/de\/iletisim\/\" \/>\n<meta property=\"og:locale\" content=\"de_DE\" \/>\n<meta property=\"og:type\" content=\"article\" \/>\n<meta property=\"og:title\" content=\"\u0130leti\u015fim\" \/>\n<meta property=\"og:url\" content=\"https:\/\/www.bursagoz.com\/de\/iletisim\/\" \/>\n<meta property=\"og:site_name\" content=\"Bursa G\u00f6z Merkezi Y\u0131ld\u0131r\u0131m G\u00f6z Hastal\u0131klar\u0131 Hastanesi\" \/>\n<meta property=\"article:publisher\" content=\"https:\/\/www.facebook.com\/bursagozyildirim\/\" \/>\n<meta property=\"article:modified_time\" content=\"2022-06-02T13:57:21+00:00\" \/>\n<meta name=\"twitter:card\" content=\"summary_large_image\" \/>\n<meta name=\"twitter:site\" content=\"@bursagoz_\" \/>\n<meta name=\"twitter:label1\" content=\"Gesch\u00e4tzte Lesezeit\" \/>\n\t<meta name=\"twitter:data1\" content=\"1\u00a0Minute\" \/>\n<script type=\"application\/ld+json\" class=\"yoast-schema-graph\">{\"@context\":\"https:\\\/\\\/schema.org\",\"@graph\":[{\"@type\":\"WebPage\",\"@id\":\"https:\\\/\\\/www.bursagoz.com\\\/iletisim\\\/\",\"url\":\"https:\\\/\\\/www.bursagoz.com\\\/iletisim\\\/\",\"name\":\"\u0130leti\u015fim - Bursa G\u00f6z Merkezi Y\u0131ld\u0131r\u0131m G\u00f6z Hastal\u0131klar\u0131 Hastanesi\",\"isPartOf\":{\"@id\":\"https:\\\/\\\/www.bursagoz.com\\\/#website\"},\"datePublished\":\"2019-09-16T10:14:32+00:00\",\"dateModified\":\"2022-06-02T13:57:21+00:00\",\"breadcrumb\":{\"@id\":\"https:\\\/\\\/www.bursagoz.com\\\/iletisim\\\/#breadcrumb\"},\"inLanguage\":\"de\",\"potentialAction\":[{\"@type\":\"ReadAction\",\"target\":[\"https:\\\/\\\/www.bursagoz.com\\\/iletisim\\\/\"]}]},{\"@type\":\"BreadcrumbList\",\"@id\":\"https:\\\/\\\/www.bursagoz.com\\\/iletisim\\\/#breadcrumb\",\"itemListElement\":[{\"@type\":\"ListItem\",\"position\":1,\"name\":\"Ana sayfa\",\"item\":\"https:\\\/\\\/www.bursagoz.com\\\/\"},{\"@type\":\"ListItem\",\"position\":2,\"name\":\"\u0130leti\u015fim\"}]},{\"@type\":\"WebSite\",\"@id\":\"https:\\\/\\\/www.bursagoz.com\\\/#website\",\"url\":\"https:\\\/\\\/www.bursagoz.com\\\/\",\"name\":\"Bursa G\u00f6z Merkezi Y\u0131ld\u0131r\u0131m G\u00f6z Hastal\u0131klar\u0131 Hastanesi\",\"description\":\"Bursa G\u00f6z Merkezi | Sa\u011fl\u0131kta 10 Y\u0131ll\u0131k Te\u00e7r\u00fcbenin Yeni Ad\u0131\",\"publisher\":{\"@id\":\"https:\\\/\\\/www.bursagoz.com\\\/#organization\"},\"potentialAction\":[{\"@type\":\"SearchAction\",\"target\":{\"@type\":\"EntryPoint\",\"urlTemplate\":\"https:\\\/\\\/www.bursagoz.com\\\/?s={search_term_string}\"},\"query-input\":{\"@type\":\"PropertyValueSpecification\",\"valueRequired\":true,\"valueName\":\"search_term_string\"}}],\"inLanguage\":\"de\"},{\"@type\":[\"Organization\",\"Place\",\"HealthClub\"],\"@id\":\"https:\\\/\\\/www.bursagoz.com\\\/#organization\",\"name\":\"Bursa G\u00f6z Merkezi\",\"url\":\"https:\\\/\\\/www.bursagoz.com\\\/\",\"logo\":{\"@id\":\"https:\\\/\\\/www.bursagoz.com\\\/iletisim\\\/#local-main-organization-logo\"},\"image\":{\"@id\":\"https:\\\/\\\/www.bursagoz.com\\\/iletisim\\\/#local-main-organization-logo\"},\"sameAs\":[\"https:\\\/\\\/www.facebook.com\\\/bursagozyildirim\\\/\",\"https:\\\/\\\/x.com\\\/bursagoz_\",\"https:\\\/\\\/www.instagram.com\\\/bursagozmerkezi\",\"https:\\\/\\\/www.youtube.com\\\/channel\\\/UCpSzsUiWi-QvB9j1uUAiJew\"],\"address\":{\"@id\":\"https:\\\/\\\/www.bursagoz.com\\\/iletisim\\\/#local-main-place-address\"},\"geo\":{\"@type\":\"GeoCoordinates\",\"latitude\":\"40.191996\",\"longitude\":\"29.110874\"},\"telephone\":[\"4441469\",\"08508501469\"],\"openingHoursSpecification\":[{\"@type\":\"OpeningHoursSpecification\",\"dayOfWeek\":[\"Monday\",\"Tuesday\",\"Wednesday\",\"Thursday\",\"Friday\",\"Saturday\"],\"opens\":\"08:30\",\"closes\":\"18:00\"},{\"@type\":\"OpeningHoursSpecification\",\"dayOfWeek\":[\"Sunday\"],\"opens\":\"00:00\",\"closes\":\"00:00\"}],\"email\":\"randevu@bursagoz.com\",\"areaServed\":\"G\u00f6z Sa\u011fl\u0131\u011f\u0131\",\"taxID\":\"1910580134\"},{\"@type\":\"PostalAddress\",\"@id\":\"https:\\\/\\\/www.bursagoz.com\\\/iletisim\\\/#local-main-place-address\",\"streetAddress\":\"Dua\u00e7\u0131nar\u0131 Mahallesi Bar\u0131\u015f Caddesi No:3 Y\u0131ld\u0131r\u0131m \\\/ BURSA\",\"addressLocality\":\"BURSA\",\"postalCode\":\"16270\",\"addressRegion\":\"Y\u0131ld\u0131r\u0131m\",\"addressCountry\":\"TR\"},{\"@type\":\"ImageObject\",\"inLanguage\":\"de\",\"@id\":\"https:\\\/\\\/www.bursagoz.com\\\/iletisim\\\/#local-main-organization-logo\",\"url\":\"https:\\\/\\\/i0.wp.com\\\/www.bursagoz.com\\\/wp-content\\\/uploads\\\/2020\\\/02\\\/BGM-Logobeyazi1.png?fit=1500%2C1000&ssl=1\",\"contentUrl\":\"https:\\\/\\\/i0.wp.com\\\/www.bursagoz.com\\\/wp-content\\\/uploads\\\/2020\\\/02\\\/BGM-Logobeyazi1.png?fit=1500%2C1000&ssl=1\",\"width\":1500,\"height\":1000,\"caption\":\"Bursa G\u00f6z Merkezi\"}]}<\/script>\n<meta name=\"geo.placename\" content=\"BURSA\" \/>\n<meta name=\"geo.position\" content=\"40.191996;29.110874\" \/>\n<meta name=\"geo.region\" content=\"T\u00fcrkei\" \/>\n<!-- \/ Yoast SEO Premium plugin. -->","yoast_head_json":{"title":"\u0130leti\u015fim - Bursa G\u00f6z Merkezi Y\u0131ld\u0131r\u0131m G\u00f6z Hastal\u0131klar\u0131 Hastanesi","robots":{"index":"index","follow":"follow","max-snippet":"max-snippet:-1","max-image-preview":"max-image-preview:large","max-video-preview":"max-video-preview:-1"},"canonical":"https:\/\/www.bursagoz.com\/de\/iletisim\/","og_locale":"de_DE","og_type":"article","og_title":"\u0130leti\u015fim","og_url":"https:\/\/www.bursagoz.com\/de\/iletisim\/","og_site_name":"Bursa G\u00f6z Merkezi Y\u0131ld\u0131r\u0131m G\u00f6z Hastal\u0131klar\u0131 Hastanesi","article_publisher":"https:\/\/www.facebook.com\/bursagozyildirim\/","article_modified_time":"2022-06-02T13:57:21+00:00","twitter_card":"summary_large_image","twitter_site":"@bursagoz_","twitter_misc":{"Gesch\u00e4tzte Lesezeit":"1\u00a0Minute"},"schema":{"@context":"https:\/\/schema.org","@graph":[{"@type":"WebPage","@id":"https:\/\/www.bursagoz.com\/iletisim\/","url":"https:\/\/www.bursagoz.com\/iletisim\/","name":"\u0130leti\u015fim - Bursa G\u00f6z Merkezi Y\u0131ld\u0131r\u0131m G\u00f6z Hastal\u0131klar\u0131 Hastanesi","isPartOf":{"@id":"https:\/\/www.bursagoz.com\/#website"},"datePublished":"2019-09-16T10:14:32+00:00","dateModified":"2022-06-02T13:57:21+00:00","breadcrumb":{"@id":"https:\/\/www.bursagoz.com\/iletisim\/#breadcrumb"},"inLanguage":"de","potentialAction":[{"@type":"ReadAction","target":["https:\/\/www.bursagoz.com\/iletisim\/"]}]},{"@type":"BreadcrumbList","@id":"https:\/\/www.bursagoz.com\/iletisim\/#breadcrumb","itemListElement":[{"@type":"ListItem","position":1,"name":"Ana sayfa","item":"https:\/\/www.bursagoz.com\/"},{"@type":"ListItem","position":2,"name":"\u0130leti\u015fim"}]},{"@type":"WebSite","@id":"https:\/\/www.bursagoz.com\/#website","url":"https:\/\/www.bursagoz.com\/","name":"Bursa G\u00f6z Merkezi Y\u0131ld\u0131r\u0131m G\u00f6z Hastal\u0131klar\u0131 Hastanesi","description":"Bursa G\u00f6z Merkezi | Sa\u011fl\u0131kta 10 Y\u0131ll\u0131k Te\u00e7r\u00fcbenin Yeni Ad\u0131","publisher":{"@id":"https:\/\/www.bursagoz.com\/#organization"},"potentialAction":[{"@type":"SearchAction","target":{"@type":"EntryPoint","urlTemplate":"https:\/\/www.bursagoz.com\/?s={search_term_string}"},"query-input":{"@type":"PropertyValueSpecification","valueRequired":true,"valueName":"search_term_string"}}],"inLanguage":"de"},{"@type":["Organization","Place","HealthClub"],"@id":"https:\/\/www.bursagoz.com\/#organization","name":"Bursa G\u00f6z Merkezi","url":"https:\/\/www.bursagoz.com\/","logo":{"@id":"https:\/\/www.bursagoz.com\/iletisim\/#local-main-organization-logo"},"image":{"@id":"https:\/\/www.bursagoz.com\/iletisim\/#local-main-organization-logo"},"sameAs":["https:\/\/www.facebook.com\/bursagozyildirim\/","https:\/\/x.com\/bursagoz_","https:\/\/www.instagram.com\/bursagozmerkezi","https:\/\/www.youtube.com\/channel\/UCpSzsUiWi-QvB9j1uUAiJew"],"address":{"@id":"https:\/\/www.bursagoz.com\/iletisim\/#local-main-place-address"},"geo":{"@type":"GeoCoordinates","latitude":"40.191996","longitude":"29.110874"},"telephone":["4441469","08508501469"],"openingHoursSpecification":[{"@type":"OpeningHoursSpecification","dayOfWeek":["Monday","Tuesday","Wednesday","Thursday","Friday","Saturday"],"opens":"08:30","closes":"18:00"},{"@type":"OpeningHoursSpecification","dayOfWeek":["Sunday"],"opens":"00:00","closes":"00:00"}],"email":"randevu@bursagoz.com","areaServed":"G\u00f6z Sa\u011fl\u0131\u011f\u0131","taxID":"1910580134"},{"@type":"PostalAddress","@id":"https:\/\/www.bursagoz.com\/iletisim\/#local-main-place-address","streetAddress":"Dua\u00e7\u0131nar\u0131 Mahallesi Bar\u0131\u015f Caddesi No:3 Y\u0131ld\u0131r\u0131m \/ BURSA","addressLocality":"BURSA","postalCode":"16270","addressRegion":"Y\u0131ld\u0131r\u0131m","addressCountry":"TR"},{"@type":"ImageObject","inLanguage":"de","@id":"https:\/\/www.bursagoz.com\/iletisim\/#local-main-organization-logo","url":"https:\/\/i0.wp.com\/www.bursagoz.com\/wp-content\/uploads\/2020\/02\/BGM-Logobeyazi1.png?fit=1500%2C1000&ssl=1","contentUrl":"https:\/\/i0.wp.com\/www.bursagoz.com\/wp-content\/uploads\/2020\/02\/BGM-Logobeyazi1.png?fit=1500%2C1000&ssl=1","width":1500,"height":1000,"caption":"Bursa G\u00f6z Merkezi"}]},"geo.placename":"BURSA","geo.position":{"lat":"40.191996","long":"29.110874"},"geo.region":"T\u00fcrkei"},"jetpack_sharing_enabled":true,"_links":{"self":[{"href":"https:\/\/www.bursagoz.com\/de\/wp-json\/wp\/v2\/pages\/127","targetHints":{"allow":["GET"]}}],"collection":[{"href":"https:\/\/www.bursagoz.com\/de\/wp-json\/wp\/v2\/pages"}],"about":[{"href":"https:\/\/www.bursagoz.com\/de\/wp-json\/wp\/v2\/types\/page"}],"author":[{"embeddable":true,"href":"https:\/\/www.bursagoz.com\/de\/wp-json\/wp\/v2\/users\/1"}],"replies":[{"embeddable":true,"href":"https:\/\/www.bursagoz.com\/de\/wp-json\/wp\/v2\/comments?post=127"}],"version-history":[{"count":11,"href":"https:\/\/www.bursagoz.com\/de\/wp-json\/wp\/v2\/pages\/127\/revisions"}],"predecessor-version":[{"id":2485,"href":"https:\/\/www.bursagoz.com\/de\/wp-json\/wp\/v2\/pages\/127\/revisions\/2485"}],"wp:attachment":[{"href":"https:\/\/www.bursagoz.com\/de\/wp-json\/wp\/v2\/media?parent=127"}],"curies":[{"name":"wp","href":"https:\/\/api.w.org\/{rel}","templated":true}]}}