{"id":1710,"date":"2019-09-23T10:05:55","date_gmt":"2019-09-23T07:05:55","guid":{"rendered":"http:\/\/cinargoz.com\/?page_id=1710"},"modified":"2023-02-04T09:15:42","modified_gmt":"2023-02-04T06:15:42","slug":"astigmat-goz","status":"publish","type":"page","link":"https:\/\/www.bursagoz.com\/de\/goz-hastaliklari\/astigmat-goz\/","title":{"rendered":"Astigmat G\u00f6z &#8211; Astigmat Tedavisi"},"content":{"rendered":"<p>Genelde genetik bir g\u00f6z sa\u011fl\u0131\u011f\u0131 sorunu olan astigmat, <strong>g\u00f6zde travma ve yaralanma gibi zay\u0131f \u0131\u015f\u0131k kullan\u0131m\u0131, televizyona yak\u0131n oturmak, \u015fa\u015f\u0131l\u0131k<\/strong> gibi nedenler de bu rahats\u0131zl\u0131\u011f\u0131n ortaya \u00e7\u0131kmas\u0131n\u0131 veya ilerlemesine neden olabilir.<\/p>\n<p>Astigmat, her ya\u015ftan insanda g\u00f6r\u00fclebilir. Ancak genelde do\u011fu\u015ftan mevcut olur. <strong>Erken do\u011fan bebeklerde di\u011fer bebeklere g\u00f6re astigmat g\u00f6r\u00fclme olas\u0131l\u0131\u011f\u0131 daha y\u00fcksektir<\/strong>.<\/p>\n<p><img data-recalc-dims=\"1\" loading=\"lazy\" decoding=\"async\" class=\"aligncenter wp-image-2584\" src=\"https:\/\/i0.wp.com\/www.bursagoz.com\/wp-content\/uploads\/2023\/02\/Astigmat.png?resize=574%2C245&#038;ssl=1\" alt=\"astigmat, astigmat tedavisi, astigmatl\u0131 g\u00f6z, astigmatizm\" width=\"574\" height=\"245\" srcset=\"https:\/\/i0.wp.com\/www.bursagoz.com\/wp-content\/uploads\/2023\/02\/Astigmat.png?resize=300%2C128&amp;ssl=1 300w, https:\/\/i0.wp.com\/www.bursagoz.com\/wp-content\/uploads\/2023\/02\/Astigmat.png?resize=768%2C327&amp;ssl=1 768w, https:\/\/i0.wp.com\/www.bursagoz.com\/wp-content\/uploads\/2023\/02\/Astigmat.png?w=864&amp;ssl=1 864w\" sizes=\"auto, (max-width: 574px) 100vw, 574px\" \/><\/p>\n<p>Astigmat genellikle \u00f6zel bir nedeni olmamakla beraber kal\u0131tsal ya da\u00a0kornean\u0131n giderek inceldi\u011fi keratokonus hastal\u0131\u011f\u0131ndan olabilir. Sonradan ge\u00e7irilen bir kaza\u00a0veya travma (ameliyat, yaralanma) sonras\u0131 da olu\u015fabilir. Zamanla azalabilir veya artabilir.<\/p>\n<p><strong>Astigmat belirtileri \u015funlar olabilir<\/strong>:<\/p>\n<ol>\n<li>Bulan\u0131k veya bozuk g\u00f6rme,<\/li>\n<li>G\u00f6zlerde rahats\u0131zl\u0131k ve a\u011fr\u0131,<\/li>\n<li>Ba\u015f a\u011fr\u0131s\u0131,<\/li>\n<li>Gece g\u00f6rmede g\u00fc\u00e7l\u00fck,<\/li>\n<li>\u015ea\u015f\u0131l\u0131k,<\/li>\n<li>I\u015f\u0131kl\u0131 yaz\u0131larda da\u011f\u0131lma ve netle\u015fememe,<\/li>\n<li>G\u00f6z yorgunlu\u011fu,<\/li>\n<li>G\u00f6zlerde yanma hissi,<\/li>\n<li>Uzak ve yak\u0131n g\u00f6rmede bulan\u0131kl\u0131k,<\/li>\n<li>Arpac\u0131k olu\u015fumunun s\u0131k tekrar\u0131,<\/li>\n<li>Uzun s\u00fcren kirpik dibi iltihab\u0131,<\/li>\n<li>Ciddi vakalarda \u00e7ift g\u00f6rme.<\/li>\n<\/ol>\n<p><strong>Astigmat i\u00e7in tedavi yollar\u0131 nelerdir?<\/strong><\/p>\n<p><em>Astigmat Tedavisi<\/em> basit bir g\u00f6z muayenesi ile tan\u0131 konur. Astigmatizma; <strong>g\u00f6zl\u00fck ve kontakt lensin yan\u0131 s\u0131ra lazer veya g\u00f6z i\u00e7i mercek ameliyat\u0131<\/strong> ile tedavi edilebilir.<\/p>\n<p><strong>G\u00f6zl\u00fck:\u00a0<\/strong>Astigmat\u0131 olan bireylere, g\u00f6r\u00fc\u015f\u00fc d\u00fczeltmek i\u00e7in \u00f6ncelikle re\u00e7eteli g\u00f6zl\u00fck <strong>astigmat tedavisi<\/strong>nde yayg\u0131n kullan\u0131l\u0131r.<\/p>\n<p><strong>Kontakt lens:\u00a0<\/strong>Kontakt lenslerle, g\u00f6zl\u00fcklerden elde etti\u011finden daha iyi g\u00f6r\u00fc\u015f elde eden bireyler de vard\u0131r. \u200cKontakt lensler daha net bir g\u00f6r\u00fc\u015f ve daha geni\u015f bir g\u00f6r\u00fc\u015f alan\u0131 sa\u011flayabilir. Ancak do\u011frudan g\u00f6zlere temas etmeleri nedeniyle g\u00f6z sa\u011fl\u0131\u011f\u0131n\u0131 korumak i\u00e7in d\u00fczenli temizlik ve bak\u0131m gerektirir.<\/p>\n<p><strong>Lazer ameliyat\u0131:\u00a0<\/strong>Astigmat, kornean\u0131n LASIK (Laser-Assisted in Situ Keratomileusis) veya \u200cPRK \u200c(Photorefraktif Keratektomi) ad\u0131 verilen y\u00f6ntemler kullan\u0131larak yeniden \u015fekillendirilmesi ile de d\u00fczeltilebilir. Her iki y\u00f6ntem de kornean\u0131n katmanlar\u0131ndan doku uzakla\u015ft\u0131r\u0131lmas\u0131 yoluyla g\u00f6z kusurunun tedavi edilmesini sa\u011flar.<\/p>","protected":false},"excerpt":{"rendered":"<p>Genelde genetik bir g\u00f6z sa\u011fl\u0131\u011f\u0131 sorunu olan astigmat, g\u00f6zde travma ve yaralanma gibi zay\u0131f \u0131\u015f\u0131k kullan\u0131m\u0131, televizyona yak\u0131n oturmak, \u015fa\u015f\u0131l\u0131k gibi nedenler de bu rahats\u0131zl\u0131\u011f\u0131n ortaya \u00e7\u0131kmas\u0131n\u0131 veya ilerlemesine neden olabilir. Astigmat, her ya\u015ftan insanda g\u00f6r\u00fclebilir. Ancak genelde do\u011fu\u015ftan mevcut olur. Erken do\u011fan bebeklerde di\u011fer bebeklere g\u00f6re astigmat g\u00f6r\u00fclme olas\u0131l\u0131\u011f\u0131 daha y\u00fcksektir. Astigmat genellikle \u00f6zel <\/p>\n<div class=\"btn-more-wrapper\"><a href=\"https:\/\/www.bursagoz.com\/de\/goz-hastaliklari\/astigmat-goz\/\" class=\"btn btn-sm btn-hover-fill\"><svg class=\"icon icon-right-arrow\" version=\"1.1\" xmlns=\"http:\/\/www.w3.org\/2000\/svg\" width=\"32\" height=\"32\" viewbox=\"0 0 32 32\"><path d=\"M21.548 5.088c-0.436-0.451-1.162-0.451-1.613 0-0.436 0.436-0.436 1.162 0 1.596l8.177 8.177h-26.984c-0.629 0.001-1.129 0.501-1.129 1.13s0.5 1.145 1.129 1.145h26.984l-8.177 8.162c-0.436 0.451-0.436 1.178 0 1.613 0.451 0.451 1.178 0.451 1.613 0l10.113-10.113c0.451-0.436 0.451-1.162 0-1.596l-10.113-10.114z\"><\/path><\/svg>Read More<span class=\"screen-reader-text\"> &#8220;Astigmat G\u00f6z &#8211; Astigmat Tedavisi&#8221;<\/span><svg class=\"icon icon-right-arrow\" version=\"1.1\" xmlns=\"http:\/\/www.w3.org\/2000\/svg\" width=\"32\" height=\"32\" viewbox=\"0 0 32 32\"><path d=\"M21.548 5.088c-0.436-0.451-1.162-0.451-1.613 0-0.436 0.436-0.436 1.162 0 1.596l8.177 8.177h-26.984c-0.629 0.001-1.129 0.501-1.129 1.13s0.5 1.145 1.129 1.145h26.984l-8.177 8.162c-0.436 0.451-0.436 1.178 0 1.613 0.451 0.451 1.178 0.451 1.613 0l10.113-10.113c0.451-0.436 0.451-1.162 0-1.596l-10.113-10.114z\"><\/path><\/svg><\/a><\/div>","protected":false},"author":1,"featured_media":0,"parent":1708,"menu_order":0,"comment_status":"closed","ping_status":"closed","template":"","meta":{"footnotes":""},"class_list":["post-1710","page","type-page","status-publish","hentry"],"yoast_head":"<!-- This site is optimized with the Yoast SEO Premium plugin v26.2 (Yoast SEO v27.6) - https:\/\/yoast.com\/product\/yoast-seo-premium-wordpress\/ -->\n<title>Astigmat G\u00f6z - Astigmat Tedavisi - Bursa G\u00f6z Merkezi<\/title>\n<meta name=\"description\" content=\"Astigmat, her ya\u015ftan insanda g\u00f6r\u00fclebilir. Ancak genelde do\u011fu\u015ftan mevcut olur. Erken do\u011fan bebeklerde di\u011fer bebeklere g\u00f6re astigmat g\u00f6r\u00fclme ..\" \/>\n<meta name=\"robots\" content=\"index, follow, max-snippet:-1, max-image-preview:large, max-video-preview:-1\" \/>\n<link rel=\"canonical\" href=\"https:\/\/www.bursagoz.com\/de\/goz-hastaliklari\/astigmat-goz\/\" \/>\n<meta property=\"og:locale\" content=\"de_DE\" \/>\n<meta property=\"og:type\" content=\"article\" \/>\n<meta property=\"og:title\" content=\"Astigmat G\u00f6z - Astigmat Tedavisi\" \/>\n<meta property=\"og:description\" content=\"Astigmat, her ya\u015ftan insanda g\u00f6r\u00fclebilir. Ancak genelde do\u011fu\u015ftan mevcut olur. Erken do\u011fan bebeklerde di\u011fer bebeklere g\u00f6re astigmat g\u00f6r\u00fclme ..\" \/>\n<meta property=\"og:url\" content=\"https:\/\/www.bursagoz.com\/de\/goz-hastaliklari\/astigmat-goz\/\" \/>\n<meta property=\"og:site_name\" content=\"Bursa G\u00f6z Merkezi Y\u0131ld\u0131r\u0131m G\u00f6z Hastal\u0131klar\u0131 Hastanesi\" \/>\n<meta property=\"article:publisher\" content=\"https:\/\/www.facebook.com\/bursagozyildirim\/\" \/>\n<meta property=\"article:modified_time\" content=\"2023-02-04T06:15:42+00:00\" \/>\n<meta property=\"og:image\" content=\"https:\/\/www.bursagoz.com\/wp-content\/uploads\/2023\/02\/Astigmat-300x128.png\" \/>\n<meta name=\"twitter:card\" content=\"summary_large_image\" \/>\n<meta name=\"twitter:site\" content=\"@bursagoz_\" \/>\n<meta name=\"twitter:label1\" content=\"Gesch\u00e4tzte Lesezeit\" \/>\n\t<meta name=\"twitter:data1\" content=\"2\u00a0Minuten\" \/>\n<script type=\"application\/ld+json\" class=\"yoast-schema-graph\">{\"@context\":\"https:\\\/\\\/schema.org\",\"@graph\":[{\"@type\":\"WebPage\",\"@id\":\"https:\\\/\\\/www.bursagoz.com\\\/goz-hastaliklari\\\/astigmat-goz\\\/\",\"url\":\"https:\\\/\\\/www.bursagoz.com\\\/goz-hastaliklari\\\/astigmat-goz\\\/\",\"name\":\"Astigmat G\u00f6z - Astigmat Tedavisi - Bursa G\u00f6z Merkezi\",\"isPartOf\":{\"@id\":\"https:\\\/\\\/www.bursagoz.com\\\/#website\"},\"primaryImageOfPage\":{\"@id\":\"https:\\\/\\\/www.bursagoz.com\\\/goz-hastaliklari\\\/astigmat-goz\\\/#primaryimage\"},\"image\":{\"@id\":\"https:\\\/\\\/www.bursagoz.com\\\/goz-hastaliklari\\\/astigmat-goz\\\/#primaryimage\"},\"thumbnailUrl\":\"https:\\\/\\\/www.bursagoz.com\\\/wp-content\\\/uploads\\\/2023\\\/02\\\/Astigmat-300x128.png\",\"datePublished\":\"2019-09-23T07:05:55+00:00\",\"dateModified\":\"2023-02-04T06:15:42+00:00\",\"description\":\"Astigmat, her ya\u015ftan insanda g\u00f6r\u00fclebilir. Ancak genelde do\u011fu\u015ftan mevcut olur. Erken do\u011fan bebeklerde di\u011fer bebeklere g\u00f6re astigmat g\u00f6r\u00fclme ..\",\"breadcrumb\":{\"@id\":\"https:\\\/\\\/www.bursagoz.com\\\/goz-hastaliklari\\\/astigmat-goz\\\/#breadcrumb\"},\"inLanguage\":\"de\",\"potentialAction\":[{\"@type\":\"ReadAction\",\"target\":[\"https:\\\/\\\/www.bursagoz.com\\\/goz-hastaliklari\\\/astigmat-goz\\\/\"]}]},{\"@type\":\"ImageObject\",\"inLanguage\":\"de\",\"@id\":\"https:\\\/\\\/www.bursagoz.com\\\/goz-hastaliklari\\\/astigmat-goz\\\/#primaryimage\",\"url\":\"https:\\\/\\\/www.bursagoz.com\\\/wp-content\\\/uploads\\\/2023\\\/02\\\/Astigmat-300x128.png\",\"contentUrl\":\"https:\\\/\\\/www.bursagoz.com\\\/wp-content\\\/uploads\\\/2023\\\/02\\\/Astigmat-300x128.png\"},{\"@type\":\"BreadcrumbList\",\"@id\":\"https:\\\/\\\/www.bursagoz.com\\\/goz-hastaliklari\\\/astigmat-goz\\\/#breadcrumb\",\"itemListElement\":[{\"@type\":\"ListItem\",\"position\":1,\"name\":\"Ana sayfa\",\"item\":\"https:\\\/\\\/www.bursagoz.com\\\/\"},{\"@type\":\"ListItem\",\"position\":2,\"name\":\"G\u00f6z Hastal\u0131klar\u0131\",\"item\":\"https:\\\/\\\/www.bursagoz.com\\\/goz-hastaliklari\\\/\"},{\"@type\":\"ListItem\",\"position\":3,\"name\":\"Astigmat G\u00f6z &#8211; Astigmat Tedavisi\"}]},{\"@type\":\"WebSite\",\"@id\":\"https:\\\/\\\/www.bursagoz.com\\\/#website\",\"url\":\"https:\\\/\\\/www.bursagoz.com\\\/\",\"name\":\"Bursa G\u00f6z Merkezi Y\u0131ld\u0131r\u0131m G\u00f6z Hastal\u0131klar\u0131 Hastanesi\",\"description\":\"Bursa G\u00f6z Merkezi | Sa\u011fl\u0131kta 10 Y\u0131ll\u0131k Te\u00e7r\u00fcbenin Yeni Ad\u0131\",\"publisher\":{\"@id\":\"https:\\\/\\\/www.bursagoz.com\\\/#organization\"},\"potentialAction\":[{\"@type\":\"SearchAction\",\"target\":{\"@type\":\"EntryPoint\",\"urlTemplate\":\"https:\\\/\\\/www.bursagoz.com\\\/?s={search_term_string}\"},\"query-input\":{\"@type\":\"PropertyValueSpecification\",\"valueRequired\":true,\"valueName\":\"search_term_string\"}}],\"inLanguage\":\"de\"},{\"@type\":[\"Organization\",\"Place\",\"HealthClub\"],\"@id\":\"https:\\\/\\\/www.bursagoz.com\\\/#organization\",\"name\":\"Bursa G\u00f6z Merkezi\",\"url\":\"https:\\\/\\\/www.bursagoz.com\\\/\",\"logo\":{\"@id\":\"https:\\\/\\\/www.bursagoz.com\\\/goz-hastaliklari\\\/astigmat-goz\\\/#local-main-organization-logo\"},\"image\":{\"@id\":\"https:\\\/\\\/www.bursagoz.com\\\/goz-hastaliklari\\\/astigmat-goz\\\/#local-main-organization-logo\"},\"sameAs\":[\"https:\\\/\\\/www.facebook.com\\\/bursagozyildirim\\\/\",\"https:\\\/\\\/x.com\\\/bursagoz_\",\"https:\\\/\\\/www.instagram.com\\\/bursagozmerkezi\",\"https:\\\/\\\/www.youtube.com\\\/channel\\\/UCpSzsUiWi-QvB9j1uUAiJew\"],\"address\":{\"@id\":\"https:\\\/\\\/www.bursagoz.com\\\/goz-hastaliklari\\\/astigmat-goz\\\/#local-main-place-address\"},\"geo\":{\"@type\":\"GeoCoordinates\",\"latitude\":\"40.191996\",\"longitude\":\"29.110874\"},\"telephone\":[\"4441469\",\"08508501469\"],\"openingHoursSpecification\":[{\"@type\":\"OpeningHoursSpecification\",\"dayOfWeek\":[\"Monday\",\"Tuesday\",\"Wednesday\",\"Thursday\",\"Friday\",\"Saturday\"],\"opens\":\"08:30\",\"closes\":\"18:00\"},{\"@type\":\"OpeningHoursSpecification\",\"dayOfWeek\":[\"Sunday\"],\"opens\":\"00:00\",\"closes\":\"00:00\"}],\"email\":\"randevu@bursagoz.com\",\"areaServed\":\"G\u00f6z Sa\u011fl\u0131\u011f\u0131\",\"taxID\":\"1910580134\"},{\"@type\":\"PostalAddress\",\"@id\":\"https:\\\/\\\/www.bursagoz.com\\\/goz-hastaliklari\\\/astigmat-goz\\\/#local-main-place-address\",\"streetAddress\":\"Dua\u00e7\u0131nar\u0131 Mahallesi Bar\u0131\u015f Caddesi No:3 Y\u0131ld\u0131r\u0131m \\\/ BURSA\",\"addressLocality\":\"BURSA\",\"postalCode\":\"16270\",\"addressRegion\":\"Y\u0131ld\u0131r\u0131m\",\"addressCountry\":\"TR\"},{\"@type\":\"ImageObject\",\"inLanguage\":\"de\",\"@id\":\"https:\\\/\\\/www.bursagoz.com\\\/goz-hastaliklari\\\/astigmat-goz\\\/#local-main-organization-logo\",\"url\":\"https:\\\/\\\/i0.wp.com\\\/www.bursagoz.com\\\/wp-content\\\/uploads\\\/2020\\\/02\\\/BGM-Logobeyazi1.png?fit=1500%2C1000&ssl=1\",\"contentUrl\":\"https:\\\/\\\/i0.wp.com\\\/www.bursagoz.com\\\/wp-content\\\/uploads\\\/2020\\\/02\\\/BGM-Logobeyazi1.png?fit=1500%2C1000&ssl=1\",\"width\":1500,\"height\":1000,\"caption\":\"Bursa G\u00f6z Merkezi\"}]}<\/script>\n<meta name=\"geo.placename\" content=\"BURSA\" \/>\n<meta name=\"geo.position\" content=\"40.191996;29.110874\" \/>\n<meta name=\"geo.region\" content=\"T\u00fcrkei\" \/>\n<!-- \/ Yoast SEO Premium plugin. -->","yoast_head_json":{"title":"Astigmat G\u00f6z - Astigmat Tedavisi - Bursa G\u00f6z Merkezi","description":"Astigmat, her ya\u015ftan insanda g\u00f6r\u00fclebilir. Ancak genelde do\u011fu\u015ftan mevcut olur. Erken do\u011fan bebeklerde di\u011fer bebeklere g\u00f6re astigmat g\u00f6r\u00fclme ..","robots":{"index":"index","follow":"follow","max-snippet":"max-snippet:-1","max-image-preview":"max-image-preview:large","max-video-preview":"max-video-preview:-1"},"canonical":"https:\/\/www.bursagoz.com\/de\/goz-hastaliklari\/astigmat-goz\/","og_locale":"de_DE","og_type":"article","og_title":"Astigmat G\u00f6z - Astigmat Tedavisi","og_description":"Astigmat, her ya\u015ftan insanda g\u00f6r\u00fclebilir. Ancak genelde do\u011fu\u015ftan mevcut olur. Erken do\u011fan bebeklerde di\u011fer bebeklere g\u00f6re astigmat g\u00f6r\u00fclme ..","og_url":"https:\/\/www.bursagoz.com\/de\/goz-hastaliklari\/astigmat-goz\/","og_site_name":"Bursa G\u00f6z Merkezi Y\u0131ld\u0131r\u0131m G\u00f6z Hastal\u0131klar\u0131 Hastanesi","article_publisher":"https:\/\/www.facebook.com\/bursagozyildirim\/","article_modified_time":"2023-02-04T06:15:42+00:00","og_image":[{"url":"https:\/\/www.bursagoz.com\/wp-content\/uploads\/2023\/02\/Astigmat-300x128.png","type":"","width":"","height":""}],"twitter_card":"summary_large_image","twitter_site":"@bursagoz_","twitter_misc":{"Gesch\u00e4tzte Lesezeit":"2\u00a0Minuten"},"schema":{"@context":"https:\/\/schema.org","@graph":[{"@type":"WebPage","@id":"https:\/\/www.bursagoz.com\/goz-hastaliklari\/astigmat-goz\/","url":"https:\/\/www.bursagoz.com\/goz-hastaliklari\/astigmat-goz\/","name":"Astigmat G\u00f6z - Astigmat Tedavisi - Bursa G\u00f6z Merkezi","isPartOf":{"@id":"https:\/\/www.bursagoz.com\/#website"},"primaryImageOfPage":{"@id":"https:\/\/www.bursagoz.com\/goz-hastaliklari\/astigmat-goz\/#primaryimage"},"image":{"@id":"https:\/\/www.bursagoz.com\/goz-hastaliklari\/astigmat-goz\/#primaryimage"},"thumbnailUrl":"https:\/\/www.bursagoz.com\/wp-content\/uploads\/2023\/02\/Astigmat-300x128.png","datePublished":"2019-09-23T07:05:55+00:00","dateModified":"2023-02-04T06:15:42+00:00","description":"Astigmat, her ya\u015ftan insanda g\u00f6r\u00fclebilir. Ancak genelde do\u011fu\u015ftan mevcut olur. Erken do\u011fan bebeklerde di\u011fer bebeklere g\u00f6re astigmat g\u00f6r\u00fclme ..","breadcrumb":{"@id":"https:\/\/www.bursagoz.com\/goz-hastaliklari\/astigmat-goz\/#breadcrumb"},"inLanguage":"de","potentialAction":[{"@type":"ReadAction","target":["https:\/\/www.bursagoz.com\/goz-hastaliklari\/astigmat-goz\/"]}]},{"@type":"ImageObject","inLanguage":"de","@id":"https:\/\/www.bursagoz.com\/goz-hastaliklari\/astigmat-goz\/#primaryimage","url":"https:\/\/www.bursagoz.com\/wp-content\/uploads\/2023\/02\/Astigmat-300x128.png","contentUrl":"https:\/\/www.bursagoz.com\/wp-content\/uploads\/2023\/02\/Astigmat-300x128.png"},{"@type":"BreadcrumbList","@id":"https:\/\/www.bursagoz.com\/goz-hastaliklari\/astigmat-goz\/#breadcrumb","itemListElement":[{"@type":"ListItem","position":1,"name":"Ana sayfa","item":"https:\/\/www.bursagoz.com\/"},{"@type":"ListItem","position":2,"name":"G\u00f6z Hastal\u0131klar\u0131","item":"https:\/\/www.bursagoz.com\/goz-hastaliklari\/"},{"@type":"ListItem","position":3,"name":"Astigmat G\u00f6z &#8211; Astigmat Tedavisi"}]},{"@type":"WebSite","@id":"https:\/\/www.bursagoz.com\/#website","url":"https:\/\/www.bursagoz.com\/","name":"Bursa G\u00f6z Merkezi Y\u0131ld\u0131r\u0131m G\u00f6z Hastal\u0131klar\u0131 Hastanesi","description":"Bursa G\u00f6z Merkezi | Sa\u011fl\u0131kta 10 Y\u0131ll\u0131k Te\u00e7r\u00fcbenin Yeni Ad\u0131","publisher":{"@id":"https:\/\/www.bursagoz.com\/#organization"},"potentialAction":[{"@type":"SearchAction","target":{"@type":"EntryPoint","urlTemplate":"https:\/\/www.bursagoz.com\/?s={search_term_string}"},"query-input":{"@type":"PropertyValueSpecification","valueRequired":true,"valueName":"search_term_string"}}],"inLanguage":"de"},{"@type":["Organization","Place","HealthClub"],"@id":"https:\/\/www.bursagoz.com\/#organization","name":"Bursa G\u00f6z Merkezi","url":"https:\/\/www.bursagoz.com\/","logo":{"@id":"https:\/\/www.bursagoz.com\/goz-hastaliklari\/astigmat-goz\/#local-main-organization-logo"},"image":{"@id":"https:\/\/www.bursagoz.com\/goz-hastaliklari\/astigmat-goz\/#local-main-organization-logo"},"sameAs":["https:\/\/www.facebook.com\/bursagozyildirim\/","https:\/\/x.com\/bursagoz_","https:\/\/www.instagram.com\/bursagozmerkezi","https:\/\/www.youtube.com\/channel\/UCpSzsUiWi-QvB9j1uUAiJew"],"address":{"@id":"https:\/\/www.bursagoz.com\/goz-hastaliklari\/astigmat-goz\/#local-main-place-address"},"geo":{"@type":"GeoCoordinates","latitude":"40.191996","longitude":"29.110874"},"telephone":["4441469","08508501469"],"openingHoursSpecification":[{"@type":"OpeningHoursSpecification","dayOfWeek":["Monday","Tuesday","Wednesday","Thursday","Friday","Saturday"],"opens":"08:30","closes":"18:00"},{"@type":"OpeningHoursSpecification","dayOfWeek":["Sunday"],"opens":"00:00","closes":"00:00"}],"email":"randevu@bursagoz.com","areaServed":"G\u00f6z Sa\u011fl\u0131\u011f\u0131","taxID":"1910580134"},{"@type":"PostalAddress","@id":"https:\/\/www.bursagoz.com\/goz-hastaliklari\/astigmat-goz\/#local-main-place-address","streetAddress":"Dua\u00e7\u0131nar\u0131 Mahallesi Bar\u0131\u015f Caddesi No:3 Y\u0131ld\u0131r\u0131m \/ BURSA","addressLocality":"BURSA","postalCode":"16270","addressRegion":"Y\u0131ld\u0131r\u0131m","addressCountry":"TR"},{"@type":"ImageObject","inLanguage":"de","@id":"https:\/\/www.bursagoz.com\/goz-hastaliklari\/astigmat-goz\/#local-main-organization-logo","url":"https:\/\/i0.wp.com\/www.bursagoz.com\/wp-content\/uploads\/2020\/02\/BGM-Logobeyazi1.png?fit=1500%2C1000&ssl=1","contentUrl":"https:\/\/i0.wp.com\/www.bursagoz.com\/wp-content\/uploads\/2020\/02\/BGM-Logobeyazi1.png?fit=1500%2C1000&ssl=1","width":1500,"height":1000,"caption":"Bursa G\u00f6z Merkezi"}]},"geo.placename":"BURSA","geo.position":{"lat":"40.191996","long":"29.110874"},"geo.region":"T\u00fcrkei"},"jetpack_sharing_enabled":true,"_links":{"self":[{"href":"https:\/\/www.bursagoz.com\/de\/wp-json\/wp\/v2\/pages\/1710","targetHints":{"allow":["GET"]}}],"collection":[{"href":"https:\/\/www.bursagoz.com\/de\/wp-json\/wp\/v2\/pages"}],"about":[{"href":"https:\/\/www.bursagoz.com\/de\/wp-json\/wp\/v2\/types\/page"}],"author":[{"embeddable":true,"href":"https:\/\/www.bursagoz.com\/de\/wp-json\/wp\/v2\/users\/1"}],"replies":[{"embeddable":true,"href":"https:\/\/www.bursagoz.com\/de\/wp-json\/wp\/v2\/comments?post=1710"}],"version-history":[{"count":4,"href":"https:\/\/www.bursagoz.com\/de\/wp-json\/wp\/v2\/pages\/1710\/revisions"}],"predecessor-version":[{"id":2588,"href":"https:\/\/www.bursagoz.com\/de\/wp-json\/wp\/v2\/pages\/1710\/revisions\/2588"}],"up":[{"embeddable":true,"href":"https:\/\/www.bursagoz.com\/de\/wp-json\/wp\/v2\/pages\/1708"}],"wp:attachment":[{"href":"https:\/\/www.bursagoz.com\/de\/wp-json\/wp\/v2\/media?parent=1710"}],"curies":[{"name":"wp","href":"https:\/\/api.w.org\/{rel}","templated":true}]}}