{"id":1712,"date":"2019-09-23T10:06:43","date_gmt":"2019-09-23T07:06:43","guid":{"rendered":"http:\/\/cinargoz.com\/?page_id=1712"},"modified":"2023-02-01T17:58:07","modified_gmt":"2023-02-01T14:58:07","slug":"hipermetrop-goz","status":"publish","type":"page","link":"https:\/\/www.bursagoz.com\/de\/goz-hastaliklari\/hipermetrop-goz\/","title":{"rendered":"Hipermetrop G\u00f6z"},"content":{"rendered":"<p><strong>G\u00f6z doktorunuza \u201cyak\u0131n\u0131 g\u00f6remiyorum\u201d dedi\u011finizde, gerekli olan \u00f6l\u00e7\u00fcmler ve muayene sonucu size hipermetrop te\u015fhisi konulmas\u0131 muhtemeldir.<\/strong><\/p>\n<p><strong>\u00d6yle ki otoyolda g\u00f6rd\u00fc\u011f\u00fcn\u00fcz i\u015faretleri ve tabelalar\u0131 net okurken elinizdeki kitab\u0131 veya telefonunuzdaki bir yaz\u0131y\u0131 okumakta g\u00fc\u00e7l\u00fck \u00e7ekiyorsunuz demektir.<\/strong><\/p>\n<p><strong>\u00d6ncelikle Hipermetrop ve Presbiyopi aras\u0131ndaki farkl\u0131 gelin a\u00e7\u0131kl\u0131\u011fa kavu\u015ftural\u0131m.<br \/>\n<\/strong>Ya\u015fanan sorunlar\u0131n \u00e7o\u011fu birbiriyle ayn\u0131d\u0131r (\u00f6rn. yak\u0131ndaki nesneleri okurken bulan\u0131k g\u00f6r\u00fcnt\u00fc, uzaktaki nesneler i\u00e7in net g\u00f6r\u00fcnt\u00fc).<br \/>\nPresbiyopi ile yak\u0131n\u0131 g\u00f6rememe aras\u0131ndaki ana fark, ya\u015f\u0131n\u0131zd\u0131r. E\u011fer 40 ya\u015f\u0131n \u00fczerindeyseniz ve -\u00f6zellikle de bir restoran gibi d\u00fc\u015f\u00fck \u0131\u015f\u0131kl\u0131 yerlerde- k\u00fc\u00e7\u00fck metinlere odaklanamad\u0131\u011f\u0131n\u0131z\u0131 hen\u00fcz yeni fark ediyorsan\u0131z, muhtemelen hipermetrop de\u011fil presbiyopiniz vard\u0131r.<\/p>\n<p><img data-recalc-dims=\"1\" loading=\"lazy\" decoding=\"async\" class=\"aligncenter wp-image-2568\" src=\"https:\/\/i0.wp.com\/www.bursagoz.com\/wp-content\/uploads\/2023\/02\/hipermetrop_goz.png?resize=586%2C293&#038;ssl=1\" alt=\"hipermetrop g\u00f6z, hipermetropi, hipermetrop g\u00f6z tedavisi, hipermetrop i\u00e7in tedavi yollar\u0131 nelerdir\" width=\"586\" height=\"293\" srcset=\"https:\/\/i0.wp.com\/www.bursagoz.com\/wp-content\/uploads\/2023\/02\/hipermetrop_goz.png?resize=300%2C150&amp;ssl=1 300w, https:\/\/i0.wp.com\/www.bursagoz.com\/wp-content\/uploads\/2023\/02\/hipermetrop_goz.png?resize=768%2C384&amp;ssl=1 768w, https:\/\/i0.wp.com\/www.bursagoz.com\/wp-content\/uploads\/2023\/02\/hipermetrop_goz.png?w=1181&amp;ssl=1 1181w\" sizes=\"auto, (max-width: 586px) 100vw, 586px\" \/><\/p>\n<p><strong>Hipermetropi belirtileri \u015funlar olabilir<\/strong>:<\/p>\n<ol>\n<li>Yak\u0131n objeleri net g\u00f6rme g\u00fc\u00e7l\u00fc\u011f\u00fc,<\/li>\n<li>Okuma s\u0131ras\u0131nda g\u00f6z yorgunlu\u011fu veya ba\u015f a\u011fr\u0131s\u0131,<\/li>\n<li>G\u00f6rme bozuklu\u011fu g\u00fcnd\u00fcz veya ayd\u0131nl\u0131k ortamlarda daha belirgin olabilir,<\/li>\n<li>\u00c7ift g\u00f6rme,<\/li>\n<li>G\u00f6rmede bulan\u0131kl\u0131k veya bozukluklar.<\/li>\n<\/ol>\n<p><strong>Not:<\/strong> Bu belirtiler ba\u015fka bir g\u00f6rme bozuklu\u011fu veya hastal\u0131\u011f\u0131n belirtisi olabilir, bu nedenle do\u011fru te\u015fhis ve tedavi i\u00e7in bir g\u00f6z doktorunuza muayene yapman\u0131z \u00f6nerilir.<\/p>\n<p><strong>Neden Yak\u0131n\u0131 G\u00f6remiyorum?<br \/>\n<\/strong>Yak\u0131n\u0131 g\u00f6rememenin \u00e7e\u015fitli nedenleri olabilir, ancak bu nedenlerin \u00e7o\u011funlu\u011fu genetiktir.<\/p>\n<p>E\u011fer yak\u0131n\u0131 g\u00f6remiyorsan\u0131z g\u00f6z bebeklerinizden giren \u0131\u015f\u0131k, retinan\u0131za do\u011fru odaklanm\u0131yordur. Bunun sebebi, g\u00f6z\u00fcn\u00fcz\u00fcn normalde k\u0131sa olmas\u0131 ve bu nedenle g\u00f6r\u00fcnt\u00fclerin retinan\u0131z\u0131n arkas\u0131na d\u00fc\u015fmesidir. Bu da elinizdeki kitap sat\u0131rlar\u0131 bulan\u0131k g\u00f6r\u00fcn\u00fcrken uzaktaki nesnelerin iyi g\u00f6r\u00fcnmesine sebep olabilir<strong>.<\/strong><\/p>\n<p><strong>Yak\u0131n\u0131 G\u00f6rmek i\u00e7in Tedavi Yollar Neler?<br \/>\n<\/strong>Hipermetrop G\u00f6z i\u00e7in yani yak\u0131n\u0131 g\u00f6rmenin \u00e7e\u015fitli tedavi yollar\u0131 var. Sizlere 3 ayr\u0131 ba\u015fl\u0131kta belirtmek isterim.<\/p>\n<ul>\n<li><strong>Kontak Lenler<\/strong><\/li>\n<\/ul>\n<p>Yak\u0131n\u0131 bulan\u0131k g\u00f6ren g\u00f6zler i\u00e7in\u00a0g\u00f6z i\u00e7i kontakt lensler tercih edilen tedavi y\u00f6ntemlerinden sadece birisidir. Lens kullan\u0131rken dikkat etmeniz gereken durumlar vard\u0131r. Belirli bir kullan\u0131m s\u00fcresi vard\u0131r. Bu konuda detayl\u0131 bilgi i\u00e7in g\u00f6z doktorunuza ba\u015fvurabilirsiniz.<\/p>\n<ul>\n<li><strong>Re\u00e7eteli G\u00f6zl\u00fck<\/strong><\/li>\n<\/ul>\n<p>Doktorunuzun muayene ve tetkik sonucu belirledi\u011fi cam numaralar\u0131 ile g\u00f6zl\u00fck kullanabilirsiniz. Lens veya g\u00f6zl\u00fck kullanacaksan\u0131z ya\u015fam \u015feklinize ve yapt\u0131\u011f\u0131n\u0131z i\u015fe g\u00f6re se\u00e7im yapmal\u0131s\u0131n\u0131z.<\/p>\n<ul>\n<li><strong>Lazer Cerrahisi<\/strong><\/li>\n<\/ul>\n<p>G\u00f6z doktoru, kornean\u0131z\u0131 k\u0131smen yeniden \u015fekillendirmek amac\u0131yla LASIK operasyonunu size bir se\u00e7enek olarak sunacakt\u0131r. Bu se\u00e7enek kontakt lens ve g\u00f6zl\u00fck kullanmak istemeyen hastalar\u0131n tercih etti\u011fi tedavi y\u00f6ntemlerinden birisidir.<\/p>","protected":false},"excerpt":{"rendered":"<p>G\u00f6z doktorunuza \u201cyak\u0131n\u0131 g\u00f6remiyorum\u201d dedi\u011finizde, gerekli olan \u00f6l\u00e7\u00fcmler ve muayene sonucu size hipermetrop te\u015fhisi konulmas\u0131 muhtemeldir. \u00d6yle ki otoyolda g\u00f6rd\u00fc\u011f\u00fcn\u00fcz i\u015faretleri ve tabelalar\u0131 net okurken elinizdeki kitab\u0131 veya telefonunuzdaki bir yaz\u0131y\u0131 okumakta g\u00fc\u00e7l\u00fck \u00e7ekiyorsunuz demektir. \u00d6ncelikle Hipermetrop ve Presbiyopi aras\u0131ndaki farkl\u0131 gelin a\u00e7\u0131kl\u0131\u011fa kavu\u015ftural\u0131m. Ya\u015fanan sorunlar\u0131n \u00e7o\u011fu birbiriyle ayn\u0131d\u0131r (\u00f6rn. yak\u0131ndaki nesneleri okurken bulan\u0131k g\u00f6r\u00fcnt\u00fc, <\/p>\n<div class=\"btn-more-wrapper\"><a href=\"https:\/\/www.bursagoz.com\/de\/goz-hastaliklari\/hipermetrop-goz\/\" class=\"btn btn-sm btn-hover-fill\"><svg class=\"icon icon-right-arrow\" version=\"1.1\" xmlns=\"http:\/\/www.w3.org\/2000\/svg\" width=\"32\" height=\"32\" viewbox=\"0 0 32 32\"><path d=\"M21.548 5.088c-0.436-0.451-1.162-0.451-1.613 0-0.436 0.436-0.436 1.162 0 1.596l8.177 8.177h-26.984c-0.629 0.001-1.129 0.501-1.129 1.13s0.5 1.145 1.129 1.145h26.984l-8.177 8.162c-0.436 0.451-0.436 1.178 0 1.613 0.451 0.451 1.178 0.451 1.613 0l10.113-10.113c0.451-0.436 0.451-1.162 0-1.596l-10.113-10.114z\"><\/path><\/svg>Read More<span class=\"screen-reader-text\"> &#8220;Hipermetrop G\u00f6z&#8221;<\/span><svg class=\"icon icon-right-arrow\" version=\"1.1\" xmlns=\"http:\/\/www.w3.org\/2000\/svg\" width=\"32\" height=\"32\" viewbox=\"0 0 32 32\"><path d=\"M21.548 5.088c-0.436-0.451-1.162-0.451-1.613 0-0.436 0.436-0.436 1.162 0 1.596l8.177 8.177h-26.984c-0.629 0.001-1.129 0.501-1.129 1.13s0.5 1.145 1.129 1.145h26.984l-8.177 8.162c-0.436 0.451-0.436 1.178 0 1.613 0.451 0.451 1.178 0.451 1.613 0l10.113-10.113c0.451-0.436 0.451-1.162 0-1.596l-10.113-10.114z\"><\/path><\/svg><\/a><\/div>","protected":false},"author":1,"featured_media":0,"parent":1708,"menu_order":0,"comment_status":"closed","ping_status":"closed","template":"","meta":{"footnotes":""},"class_list":["post-1712","page","type-page","status-publish","hentry"],"yoast_head":"<!-- This site is optimized with the Yoast SEO Premium plugin v26.2 (Yoast SEO v27.5) - https:\/\/yoast.com\/product\/yoast-seo-premium-wordpress\/ -->\n<title>Hipermetrop G\u00f6z Tedavisi- Bursa G\u00f6z Merkezi<\/title>\n<meta name=\"description\" content=\"G\u00f6z doktorunuza \u201cyak\u0131n\u0131 g\u00f6remiyorum\u201d dedi\u011finizde, gerekli olan \u00f6l\u00e7\u00fcmler ve muayene sonucu size hipermetrop te\u015fhisi konulmas\u0131 muhtemeldir.\" \/>\n<meta name=\"robots\" content=\"index, follow, max-snippet:-1, max-image-preview:large, max-video-preview:-1\" \/>\n<link rel=\"canonical\" href=\"https:\/\/www.bursagoz.com\/de\/goz-hastaliklari\/hipermetrop-goz\/\" \/>\n<meta property=\"og:locale\" content=\"de_DE\" \/>\n<meta property=\"og:type\" content=\"article\" \/>\n<meta property=\"og:title\" content=\"Hipermetrop G\u00f6z\" \/>\n<meta property=\"og:description\" content=\"G\u00f6z doktorunuza \u201cyak\u0131n\u0131 g\u00f6remiyorum\u201d dedi\u011finizde, gerekli olan \u00f6l\u00e7\u00fcmler ve muayene sonucu size hipermetrop te\u015fhisi konulmas\u0131 muhtemeldir.\" \/>\n<meta property=\"og:url\" content=\"https:\/\/www.bursagoz.com\/de\/goz-hastaliklari\/hipermetrop-goz\/\" \/>\n<meta property=\"og:site_name\" content=\"Bursa G\u00f6z Merkezi Y\u0131ld\u0131r\u0131m G\u00f6z Hastal\u0131klar\u0131 Hastanesi\" \/>\n<meta property=\"article:publisher\" content=\"https:\/\/www.facebook.com\/bursagozyildirim\/\" \/>\n<meta property=\"article:modified_time\" content=\"2023-02-01T14:58:07+00:00\" \/>\n<meta property=\"og:image\" content=\"https:\/\/www.bursagoz.com\/wp-content\/uploads\/2023\/02\/hipermetrop_goz-300x150.png\" \/>\n<meta name=\"twitter:card\" content=\"summary_large_image\" \/>\n<meta name=\"twitter:site\" content=\"@bursagoz_\" \/>\n<meta name=\"twitter:label1\" content=\"Gesch\u00e4tzte Lesezeit\" \/>\n\t<meta name=\"twitter:data1\" content=\"3\u00a0Minuten\" \/>\n<script type=\"application\/ld+json\" class=\"yoast-schema-graph\">{\"@context\":\"https:\\\/\\\/schema.org\",\"@graph\":[{\"@type\":\"WebPage\",\"@id\":\"https:\\\/\\\/www.bursagoz.com\\\/goz-hastaliklari\\\/hipermetrop-goz\\\/\",\"url\":\"https:\\\/\\\/www.bursagoz.com\\\/goz-hastaliklari\\\/hipermetrop-goz\\\/\",\"name\":\"Hipermetrop G\u00f6z Tedavisi- Bursa G\u00f6z Merkezi\",\"isPartOf\":{\"@id\":\"https:\\\/\\\/www.bursagoz.com\\\/#website\"},\"primaryImageOfPage\":{\"@id\":\"https:\\\/\\\/www.bursagoz.com\\\/goz-hastaliklari\\\/hipermetrop-goz\\\/#primaryimage\"},\"image\":{\"@id\":\"https:\\\/\\\/www.bursagoz.com\\\/goz-hastaliklari\\\/hipermetrop-goz\\\/#primaryimage\"},\"thumbnailUrl\":\"https:\\\/\\\/www.bursagoz.com\\\/wp-content\\\/uploads\\\/2023\\\/02\\\/hipermetrop_goz-300x150.png\",\"datePublished\":\"2019-09-23T07:06:43+00:00\",\"dateModified\":\"2023-02-01T14:58:07+00:00\",\"description\":\"G\u00f6z doktorunuza \u201cyak\u0131n\u0131 g\u00f6remiyorum\u201d dedi\u011finizde, gerekli olan \u00f6l\u00e7\u00fcmler ve muayene sonucu size hipermetrop te\u015fhisi konulmas\u0131 muhtemeldir.\",\"breadcrumb\":{\"@id\":\"https:\\\/\\\/www.bursagoz.com\\\/goz-hastaliklari\\\/hipermetrop-goz\\\/#breadcrumb\"},\"inLanguage\":\"de\",\"potentialAction\":[{\"@type\":\"ReadAction\",\"target\":[\"https:\\\/\\\/www.bursagoz.com\\\/goz-hastaliklari\\\/hipermetrop-goz\\\/\"]}]},{\"@type\":\"ImageObject\",\"inLanguage\":\"de\",\"@id\":\"https:\\\/\\\/www.bursagoz.com\\\/goz-hastaliklari\\\/hipermetrop-goz\\\/#primaryimage\",\"url\":\"https:\\\/\\\/www.bursagoz.com\\\/wp-content\\\/uploads\\\/2023\\\/02\\\/hipermetrop_goz-300x150.png\",\"contentUrl\":\"https:\\\/\\\/www.bursagoz.com\\\/wp-content\\\/uploads\\\/2023\\\/02\\\/hipermetrop_goz-300x150.png\"},{\"@type\":\"BreadcrumbList\",\"@id\":\"https:\\\/\\\/www.bursagoz.com\\\/goz-hastaliklari\\\/hipermetrop-goz\\\/#breadcrumb\",\"itemListElement\":[{\"@type\":\"ListItem\",\"position\":1,\"name\":\"Ana sayfa\",\"item\":\"https:\\\/\\\/www.bursagoz.com\\\/\"},{\"@type\":\"ListItem\",\"position\":2,\"name\":\"G\u00f6z Hastal\u0131klar\u0131\",\"item\":\"https:\\\/\\\/www.bursagoz.com\\\/goz-hastaliklari\\\/\"},{\"@type\":\"ListItem\",\"position\":3,\"name\":\"Hipermetrop G\u00f6z\"}]},{\"@type\":\"WebSite\",\"@id\":\"https:\\\/\\\/www.bursagoz.com\\\/#website\",\"url\":\"https:\\\/\\\/www.bursagoz.com\\\/\",\"name\":\"Bursa G\u00f6z Merkezi Y\u0131ld\u0131r\u0131m G\u00f6z Hastal\u0131klar\u0131 Hastanesi\",\"description\":\"Bursa G\u00f6z Merkezi | Sa\u011fl\u0131kta 10 Y\u0131ll\u0131k Te\u00e7r\u00fcbenin Yeni Ad\u0131\",\"publisher\":{\"@id\":\"https:\\\/\\\/www.bursagoz.com\\\/#organization\"},\"potentialAction\":[{\"@type\":\"SearchAction\",\"target\":{\"@type\":\"EntryPoint\",\"urlTemplate\":\"https:\\\/\\\/www.bursagoz.com\\\/?s={search_term_string}\"},\"query-input\":{\"@type\":\"PropertyValueSpecification\",\"valueRequired\":true,\"valueName\":\"search_term_string\"}}],\"inLanguage\":\"de\"},{\"@type\":[\"Organization\",\"Place\",\"HealthClub\"],\"@id\":\"https:\\\/\\\/www.bursagoz.com\\\/#organization\",\"name\":\"Bursa G\u00f6z Merkezi\",\"url\":\"https:\\\/\\\/www.bursagoz.com\\\/\",\"logo\":{\"@id\":\"https:\\\/\\\/www.bursagoz.com\\\/goz-hastaliklari\\\/hipermetrop-goz\\\/#local-main-organization-logo\"},\"image\":{\"@id\":\"https:\\\/\\\/www.bursagoz.com\\\/goz-hastaliklari\\\/hipermetrop-goz\\\/#local-main-organization-logo\"},\"sameAs\":[\"https:\\\/\\\/www.facebook.com\\\/bursagozyildirim\\\/\",\"https:\\\/\\\/x.com\\\/bursagoz_\",\"https:\\\/\\\/www.instagram.com\\\/bursagozmerkezi\",\"https:\\\/\\\/www.youtube.com\\\/channel\\\/UCpSzsUiWi-QvB9j1uUAiJew\"],\"address\":{\"@id\":\"https:\\\/\\\/www.bursagoz.com\\\/goz-hastaliklari\\\/hipermetrop-goz\\\/#local-main-place-address\"},\"geo\":{\"@type\":\"GeoCoordinates\",\"latitude\":\"40.191996\",\"longitude\":\"29.110874\"},\"telephone\":[\"4441469\",\"08508501469\"],\"openingHoursSpecification\":[{\"@type\":\"OpeningHoursSpecification\",\"dayOfWeek\":[\"Monday\",\"Tuesday\",\"Wednesday\",\"Thursday\",\"Friday\",\"Saturday\"],\"opens\":\"08:30\",\"closes\":\"18:00\"},{\"@type\":\"OpeningHoursSpecification\",\"dayOfWeek\":[\"Sunday\"],\"opens\":\"00:00\",\"closes\":\"00:00\"}],\"email\":\"randevu@bursagoz.com\",\"areaServed\":\"G\u00f6z Sa\u011fl\u0131\u011f\u0131\",\"taxID\":\"1910580134\"},{\"@type\":\"PostalAddress\",\"@id\":\"https:\\\/\\\/www.bursagoz.com\\\/goz-hastaliklari\\\/hipermetrop-goz\\\/#local-main-place-address\",\"streetAddress\":\"Dua\u00e7\u0131nar\u0131 Mahallesi Bar\u0131\u015f Caddesi No:3 Y\u0131ld\u0131r\u0131m \\\/ BURSA\",\"addressLocality\":\"BURSA\",\"postalCode\":\"16270\",\"addressRegion\":\"Y\u0131ld\u0131r\u0131m\",\"addressCountry\":\"TR\"},{\"@type\":\"ImageObject\",\"inLanguage\":\"de\",\"@id\":\"https:\\\/\\\/www.bursagoz.com\\\/goz-hastaliklari\\\/hipermetrop-goz\\\/#local-main-organization-logo\",\"url\":\"https:\\\/\\\/i0.wp.com\\\/www.bursagoz.com\\\/wp-content\\\/uploads\\\/2020\\\/02\\\/BGM-Logobeyazi1.png?fit=1500%2C1000&ssl=1\",\"contentUrl\":\"https:\\\/\\\/i0.wp.com\\\/www.bursagoz.com\\\/wp-content\\\/uploads\\\/2020\\\/02\\\/BGM-Logobeyazi1.png?fit=1500%2C1000&ssl=1\",\"width\":1500,\"height\":1000,\"caption\":\"Bursa G\u00f6z Merkezi\"}]}<\/script>\n<meta name=\"geo.placename\" content=\"BURSA\" \/>\n<meta name=\"geo.position\" content=\"40.191996;29.110874\" \/>\n<meta name=\"geo.region\" content=\"T\u00fcrkei\" \/>\n<!-- \/ Yoast SEO Premium plugin. -->","yoast_head_json":{"title":"Hipermetrop G\u00f6z Tedavisi- Bursa G\u00f6z Merkezi","description":"G\u00f6z doktorunuza \u201cyak\u0131n\u0131 g\u00f6remiyorum\u201d dedi\u011finizde, gerekli olan \u00f6l\u00e7\u00fcmler ve muayene sonucu size hipermetrop te\u015fhisi konulmas\u0131 muhtemeldir.","robots":{"index":"index","follow":"follow","max-snippet":"max-snippet:-1","max-image-preview":"max-image-preview:large","max-video-preview":"max-video-preview:-1"},"canonical":"https:\/\/www.bursagoz.com\/de\/goz-hastaliklari\/hipermetrop-goz\/","og_locale":"de_DE","og_type":"article","og_title":"Hipermetrop G\u00f6z","og_description":"G\u00f6z doktorunuza \u201cyak\u0131n\u0131 g\u00f6remiyorum\u201d dedi\u011finizde, gerekli olan \u00f6l\u00e7\u00fcmler ve muayene sonucu size hipermetrop te\u015fhisi konulmas\u0131 muhtemeldir.","og_url":"https:\/\/www.bursagoz.com\/de\/goz-hastaliklari\/hipermetrop-goz\/","og_site_name":"Bursa G\u00f6z Merkezi Y\u0131ld\u0131r\u0131m G\u00f6z Hastal\u0131klar\u0131 Hastanesi","article_publisher":"https:\/\/www.facebook.com\/bursagozyildirim\/","article_modified_time":"2023-02-01T14:58:07+00:00","og_image":[{"url":"https:\/\/www.bursagoz.com\/wp-content\/uploads\/2023\/02\/hipermetrop_goz-300x150.png","type":"","width":"","height":""}],"twitter_card":"summary_large_image","twitter_site":"@bursagoz_","twitter_misc":{"Gesch\u00e4tzte Lesezeit":"3\u00a0Minuten"},"schema":{"@context":"https:\/\/schema.org","@graph":[{"@type":"WebPage","@id":"https:\/\/www.bursagoz.com\/goz-hastaliklari\/hipermetrop-goz\/","url":"https:\/\/www.bursagoz.com\/goz-hastaliklari\/hipermetrop-goz\/","name":"Hipermetrop G\u00f6z Tedavisi- Bursa G\u00f6z Merkezi","isPartOf":{"@id":"https:\/\/www.bursagoz.com\/#website"},"primaryImageOfPage":{"@id":"https:\/\/www.bursagoz.com\/goz-hastaliklari\/hipermetrop-goz\/#primaryimage"},"image":{"@id":"https:\/\/www.bursagoz.com\/goz-hastaliklari\/hipermetrop-goz\/#primaryimage"},"thumbnailUrl":"https:\/\/www.bursagoz.com\/wp-content\/uploads\/2023\/02\/hipermetrop_goz-300x150.png","datePublished":"2019-09-23T07:06:43+00:00","dateModified":"2023-02-01T14:58:07+00:00","description":"G\u00f6z doktorunuza \u201cyak\u0131n\u0131 g\u00f6remiyorum\u201d dedi\u011finizde, gerekli olan \u00f6l\u00e7\u00fcmler ve muayene sonucu size hipermetrop te\u015fhisi konulmas\u0131 muhtemeldir.","breadcrumb":{"@id":"https:\/\/www.bursagoz.com\/goz-hastaliklari\/hipermetrop-goz\/#breadcrumb"},"inLanguage":"de","potentialAction":[{"@type":"ReadAction","target":["https:\/\/www.bursagoz.com\/goz-hastaliklari\/hipermetrop-goz\/"]}]},{"@type":"ImageObject","inLanguage":"de","@id":"https:\/\/www.bursagoz.com\/goz-hastaliklari\/hipermetrop-goz\/#primaryimage","url":"https:\/\/www.bursagoz.com\/wp-content\/uploads\/2023\/02\/hipermetrop_goz-300x150.png","contentUrl":"https:\/\/www.bursagoz.com\/wp-content\/uploads\/2023\/02\/hipermetrop_goz-300x150.png"},{"@type":"BreadcrumbList","@id":"https:\/\/www.bursagoz.com\/goz-hastaliklari\/hipermetrop-goz\/#breadcrumb","itemListElement":[{"@type":"ListItem","position":1,"name":"Ana sayfa","item":"https:\/\/www.bursagoz.com\/"},{"@type":"ListItem","position":2,"name":"G\u00f6z Hastal\u0131klar\u0131","item":"https:\/\/www.bursagoz.com\/goz-hastaliklari\/"},{"@type":"ListItem","position":3,"name":"Hipermetrop G\u00f6z"}]},{"@type":"WebSite","@id":"https:\/\/www.bursagoz.com\/#website","url":"https:\/\/www.bursagoz.com\/","name":"Bursa G\u00f6z Merkezi Y\u0131ld\u0131r\u0131m G\u00f6z Hastal\u0131klar\u0131 Hastanesi","description":"Bursa G\u00f6z Merkezi | Sa\u011fl\u0131kta 10 Y\u0131ll\u0131k Te\u00e7r\u00fcbenin Yeni Ad\u0131","publisher":{"@id":"https:\/\/www.bursagoz.com\/#organization"},"potentialAction":[{"@type":"SearchAction","target":{"@type":"EntryPoint","urlTemplate":"https:\/\/www.bursagoz.com\/?s={search_term_string}"},"query-input":{"@type":"PropertyValueSpecification","valueRequired":true,"valueName":"search_term_string"}}],"inLanguage":"de"},{"@type":["Organization","Place","HealthClub"],"@id":"https:\/\/www.bursagoz.com\/#organization","name":"Bursa G\u00f6z Merkezi","url":"https:\/\/www.bursagoz.com\/","logo":{"@id":"https:\/\/www.bursagoz.com\/goz-hastaliklari\/hipermetrop-goz\/#local-main-organization-logo"},"image":{"@id":"https:\/\/www.bursagoz.com\/goz-hastaliklari\/hipermetrop-goz\/#local-main-organization-logo"},"sameAs":["https:\/\/www.facebook.com\/bursagozyildirim\/","https:\/\/x.com\/bursagoz_","https:\/\/www.instagram.com\/bursagozmerkezi","https:\/\/www.youtube.com\/channel\/UCpSzsUiWi-QvB9j1uUAiJew"],"address":{"@id":"https:\/\/www.bursagoz.com\/goz-hastaliklari\/hipermetrop-goz\/#local-main-place-address"},"geo":{"@type":"GeoCoordinates","latitude":"40.191996","longitude":"29.110874"},"telephone":["4441469","08508501469"],"openingHoursSpecification":[{"@type":"OpeningHoursSpecification","dayOfWeek":["Monday","Tuesday","Wednesday","Thursday","Friday","Saturday"],"opens":"08:30","closes":"18:00"},{"@type":"OpeningHoursSpecification","dayOfWeek":["Sunday"],"opens":"00:00","closes":"00:00"}],"email":"randevu@bursagoz.com","areaServed":"G\u00f6z Sa\u011fl\u0131\u011f\u0131","taxID":"1910580134"},{"@type":"PostalAddress","@id":"https:\/\/www.bursagoz.com\/goz-hastaliklari\/hipermetrop-goz\/#local-main-place-address","streetAddress":"Dua\u00e7\u0131nar\u0131 Mahallesi Bar\u0131\u015f Caddesi No:3 Y\u0131ld\u0131r\u0131m \/ BURSA","addressLocality":"BURSA","postalCode":"16270","addressRegion":"Y\u0131ld\u0131r\u0131m","addressCountry":"TR"},{"@type":"ImageObject","inLanguage":"de","@id":"https:\/\/www.bursagoz.com\/goz-hastaliklari\/hipermetrop-goz\/#local-main-organization-logo","url":"https:\/\/i0.wp.com\/www.bursagoz.com\/wp-content\/uploads\/2020\/02\/BGM-Logobeyazi1.png?fit=1500%2C1000&ssl=1","contentUrl":"https:\/\/i0.wp.com\/www.bursagoz.com\/wp-content\/uploads\/2020\/02\/BGM-Logobeyazi1.png?fit=1500%2C1000&ssl=1","width":1500,"height":1000,"caption":"Bursa G\u00f6z Merkezi"}]},"geo.placename":"BURSA","geo.position":{"lat":"40.191996","long":"29.110874"},"geo.region":"T\u00fcrkei"},"jetpack_sharing_enabled":true,"_links":{"self":[{"href":"https:\/\/www.bursagoz.com\/de\/wp-json\/wp\/v2\/pages\/1712","targetHints":{"allow":["GET"]}}],"collection":[{"href":"https:\/\/www.bursagoz.com\/de\/wp-json\/wp\/v2\/pages"}],"about":[{"href":"https:\/\/www.bursagoz.com\/de\/wp-json\/wp\/v2\/types\/page"}],"author":[{"embeddable":true,"href":"https:\/\/www.bursagoz.com\/de\/wp-json\/wp\/v2\/users\/1"}],"replies":[{"embeddable":true,"href":"https:\/\/www.bursagoz.com\/de\/wp-json\/wp\/v2\/comments?post=1712"}],"version-history":[{"count":7,"href":"https:\/\/www.bursagoz.com\/de\/wp-json\/wp\/v2\/pages\/1712\/revisions"}],"predecessor-version":[{"id":2582,"href":"https:\/\/www.bursagoz.com\/de\/wp-json\/wp\/v2\/pages\/1712\/revisions\/2582"}],"up":[{"embeddable":true,"href":"https:\/\/www.bursagoz.com\/de\/wp-json\/wp\/v2\/pages\/1708"}],"wp:attachment":[{"href":"https:\/\/www.bursagoz.com\/de\/wp-json\/wp\/v2\/media?parent=1712"}],"curies":[{"name":"wp","href":"https:\/\/api.w.org\/{rel}","templated":true}]}}