{"id":1716,"date":"2019-09-23T10:08:46","date_gmt":"2019-09-23T07:08:46","guid":{"rendered":"http:\/\/cinargoz.com\/?page_id=1716"},"modified":"2019-09-23T10:08:46","modified_gmt":"2019-09-23T07:08:46","slug":"goz-kapagi-dusuklugu","status":"publish","type":"page","link":"https:\/\/www.bursagoz.com\/de\/goz-kapagi-dusuklugu\/","title":{"rendered":"G\u00f6z Kapa\u011f\u0131 D\u00fc\u015f\u00fckl\u00fc\u011f\u00fc"},"content":{"rendered":"<h1>Ptosiz (G\u00f6z Kapa\u011f\u0131 D\u00fc\u015f\u00fckl\u00fc\u011f\u00fc)<\/h1>\n<p>PTOS\u0130Z (G\u00d6Z KAPA\u011eI D\u00dc\u015e\u00dcKL\u00dc\u011e\u00dc)<\/p>\n<p>Do\u011fu\u015ftan olabilece\u011fi gibi ileri ya\u015fta ya da fel\u00e7lere ba\u011fl\u0131 olarak da olu\u015fabilen PTOS\u0130Z&#8217;in cerrahisi temel olarak sebeplerine g\u00f6re ayr\u0131lmaktad\u0131r.<\/p>\n<p>Do\u011fu\u015ftan PTOS\u0130Z&#8217;i olanlara g\u00f6z kapa\u011f\u0131n\u0131 kald\u0131ran kas zay\u0131f oldu\u011fu i\u00e7in cerrahide ka\u015f\u0131 kald\u0131ran kasa ba\u011flan\u0131p g\u00fc\u00e7lendirilir.<\/p>\n<p>\u0130leri ya\u015flardaki PTOS\u0130Z tedavisinde ise g\u00f6z kapa\u011f\u0131 kald\u0131ran ka\u015f yerinden ayr\u0131ld\u0131\u011f\u0131 i\u00e7in tekrar ayn\u0131 yere yerle\u015ftirilir.<\/p>\n<p><strong>G\u00f6z Kapa\u011f\u0131 D\u00fc\u015f\u00fckl\u00fc\u011f\u00fcn\u00fcn Klinik \u00d6nemi<\/strong> G\u00f6z kapa\u011f\u0131n\u0131n g\u00f6z bebe\u011finin yar\u0131s\u0131 veya daha fazlas\u0131n\u0131 kapatacak \u015fekilde yava\u015f yava\u015f d\u00fc\u015fmesine ptosis diyoruz. \u00c7o\u011fu zaman hafif oldu\u011funda farkedilmeyen bu hastal\u0131k asl\u0131nda belirtilerini \u00e7oktan vermi\u015f ancak belirtileri yanl\u0131\u015f de\u011ferlendirilmi\u015f olmaktad\u0131r.<\/p>\n<p>\u00d6rne\u011fin 35 ya\u015f\u0131ndan sonra ortaya \u00e7\u0131kan yorgunluk halsizlik s\u00fcrekli yanma hissi ve uyku hali \u00e7o\u011fu zaman ya\u015flanmaya ba\u011fl\u0131, g\u00f6z kuruldu\u011funa ba\u011fl\u0131 veya uzun s\u00fcren g\u00f6z allerjisi gibi s\u0131k g\u00f6r\u00fclen hastal\u0131klar\u0131n belirtisi olarak d\u00fc\u015f\u00fcn\u00fclmektedir. Bazen hastalar uzun s\u00fcre bilgisayar kulland\u0131klar\u0131 i\u00e7in ya da uykusuz kald\u0131klar\u0131 i\u00e7in bu belirtilerin oldu\u011funu zannederler. Asl\u0131nda ptosis hayat kalitesini y\u00fczde elli oran\u0131nda azalt\u0131r hatta hastalar artan bu \u015fikayetleri sonras\u0131 g\u00f6z b\u00f6l\u00fcm\u00fc d\u0131\u015f\u0131ndaki b\u00f6l\u00fcmlere ( n\u00f6roloji, psikiyatri..) ba\u015fvururlar ve dertlerine \u00e7areyi yanl\u0131\u015f yerlerde aram\u0131\u015f olurlar.<br \/>\n\u015eimdi ptosisin ger\u00e7ek sebepleri \u00fczerinde dural\u0131m: 1. Yalanc\u0131 ptosis dedi\u011fimiz g\u00f6z allerjisi veya g\u00f6z kuruldu\u011funa ba\u011fl\u0131 geli\u015fen ptosis. Burada yanma batma \u0131\u015f\u0131ktan rahats\u0131z olma gibi \u015fikayetler artt\u0131k\u00e7a g\u00f6z kapa\u011f\u0131 daha da d\u00fc\u015fer. Hastalar g\u00f6zlerini tam olarak hi\u00e7 a\u00e7amaz hale gelirler. Tedavisi medikaldir. Yani damla \u015feklindeki ila\u00e7lara bir ila iki hafta i\u00e7inde tamamen d\u00fczelir. 2. Miyojenik dedi\u011fimiz baz\u0131 genetik yani do\u011fumsal hastal\u0131klarda v\u00fccudun di\u011fer kaslar\u0131yla birlikte g\u00f6z kapa\u011f\u0131n\u0131 kald\u0131ran kaslarda da zay\u0131fl\u0131k vard\u0131r ve g\u00f6z kapaklar\u0131 \u00f6zellikle ak\u015famlar\u0131 d\u00fc\u015fer. G\u00f6rmede belirgin bir engel te\u015fkil etmekte ve estetik olarak y\u00fcze anormal bir g\u00f6r\u00fcnt\u00fc vermektedir. Tedavisi medikal \u00e7ok ileri oldu\u011funda cerrahidir. Minimal d\u00fczeltme yap\u0131l\u0131r takip edilmesi gerekir.<\/p>\n<p>3. Sebebi bilinen veya bilinmeyen y\u00fcz\u00fcn bir b\u00f6l\u00fcm\u00fcne veya g\u00f6z kapa\u011f\u0131 sinirine gelen fel\u00e7ler de ciddi kapak d\u00fc\u015f\u00fckl\u00fc\u011f\u00fcne sebep olur. Hastalar o g\u00f6z\u00fcyle kapa\u011f\u0131 hi\u00e7 a\u00e7amad\u0131klar\u0131 i\u00e7in g\u00f6remez. Tedavisi farkl\u0131 bir cerrahidir ve daha zordur.<br \/>\n4. Ya\u015fa ba\u011fl\u0131 olan kapak d\u00fc\u015f\u00fckl\u00fc\u011f\u00fcnde ise kapa\u011f\u0131 kald\u0131ran kas kapak y\u00fczeyinden \u00e7orap s\u00f6k\u00fc\u011f\u00fc gibi ayr\u0131l\u0131r. Burada kas normal derecede kas\u0131lsa bile kapa\u011f\u0131 kald\u0131ramaz ve kapak d\u00fc\u015f\u00fck kal\u0131r. G\u00f6z kuruldu\u011fu ile birlikte s\u0131k g\u00f6r\u00fcl\u00fcr yorgunluk \u00e7ok yapar ve zaman i\u00e7inde fazlala\u015f\u0131r. Tedavisi g\u00f6z kapa\u011f\u0131 kas\u0131n\u0131n orijinal yerine yerle\u015ftirilmesidir. G\u00f6z kapa\u011f\u0131 cildi de \u00e7ok uzam\u0131\u015f ve sarkm\u0131\u015f olaca\u011f\u0131ndan bir miktar cilt dokusu da \u00e7\u0131kar\u0131lmal\u0131d\u0131r.<\/p>\n<p>Bunlar\u0131n d\u0131\u015f\u0131nda g\u00f6z kapa\u011f\u0131nda t\u00fcm\u00f6r \u00f6dem enfeksiyon gibi a\u011f\u0131rl\u0131k yapan kitleler de d\u00fc\u015f\u00fckl\u00fc\u011fe sebep olabilir. Bunlar\u0131n tedavisi etkenine g\u00f6redir ortaya \u00e7\u0131karan sebep kalkt\u0131\u011f\u0131nda kapak ta kendili\u011finden d\u00fczelecektir.<br \/>\nSonu\u00e7 olarak g\u00f6z kapa\u011f\u0131 d\u00fc\u015f\u00fckl\u00fc\u011f\u00fc g\u00f6z kuruldu\u011fu allerji gibi s\u0131k hastal\u0131klarda birliktedir, yava\u015f yava\u015f ilerledi\u011fi i\u00e7in tesbit edilmesi g\u00fc\u00e7t\u00fcr, ciddi n\u00f6rolojik hastal\u0131klar\u0131 taklit edebilir ve tedavisi \u015fikayetlerin ge\u00e7mesini sa\u011flad\u0131\u011f\u0131 gibi y\u00fcze bir estetik g\u00f6r\u00fcn\u00fcm kazand\u0131rd\u0131\u011f\u0131 i\u00e7in 5-7 y\u0131l daha gen\u00e7 bir g\u00f6r\u00fcn\u00fcm elde edilmektedir. Unutmamak gerekir ki g\u00f6z kapaklar\u0131 i\u015flevini yitirdi\u011fi zaman s\u0131ra g\u00f6ze gelecektir. G\u00f6z kapa\u011f\u0131 g\u00f6zl\u00fcm\u00fcz\u00fcn tek koruyucusudur ve bu y\u00fczden g\u00f6z kapaklar\u0131m\u0131z \u00e7ok de\u011ferlidir.<br \/>\nG\u00f6z kapaklar\u0131m\u0131za iyi bak\u0131n &#8230;<\/p>","protected":false},"excerpt":{"rendered":"<p>Ptosiz (G\u00f6z Kapa\u011f\u0131 D\u00fc\u015f\u00fckl\u00fc\u011f\u00fc) PTOS\u0130Z (G\u00d6Z KAPA\u011eI D\u00dc\u015e\u00dcKL\u00dc\u011e\u00dc) Do\u011fu\u015ftan olabilece\u011fi gibi ileri ya\u015fta ya da fel\u00e7lere ba\u011fl\u0131 olarak da olu\u015fabilen PTOS\u0130Z&#8217;in cerrahisi temel olarak sebeplerine g\u00f6re ayr\u0131lmaktad\u0131r. Do\u011fu\u015ftan PTOS\u0130Z&#8217;i olanlara g\u00f6z kapa\u011f\u0131n\u0131 kald\u0131ran kas zay\u0131f oldu\u011fu i\u00e7in cerrahide ka\u015f\u0131 kald\u0131ran kasa ba\u011flan\u0131p g\u00fc\u00e7lendirilir. \u0130leri ya\u015flardaki PTOS\u0130Z tedavisinde ise g\u00f6z kapa\u011f\u0131 kald\u0131ran ka\u015f yerinden ayr\u0131ld\u0131\u011f\u0131 i\u00e7in <\/p>\n<div class=\"btn-more-wrapper\"><a href=\"https:\/\/www.bursagoz.com\/de\/goz-kapagi-dusuklugu\/\" class=\"btn btn-sm btn-hover-fill\"><svg class=\"icon icon-right-arrow\" version=\"1.1\" xmlns=\"http:\/\/www.w3.org\/2000\/svg\" width=\"32\" height=\"32\" viewbox=\"0 0 32 32\"><path d=\"M21.548 5.088c-0.436-0.451-1.162-0.451-1.613 0-0.436 0.436-0.436 1.162 0 1.596l8.177 8.177h-26.984c-0.629 0.001-1.129 0.501-1.129 1.13s0.5 1.145 1.129 1.145h26.984l-8.177 8.162c-0.436 0.451-0.436 1.178 0 1.613 0.451 0.451 1.178 0.451 1.613 0l10.113-10.113c0.451-0.436 0.451-1.162 0-1.596l-10.113-10.114z\"><\/path><\/svg>Read More<span class=\"screen-reader-text\"> &#8220;G\u00f6z Kapa\u011f\u0131 D\u00fc\u015f\u00fckl\u00fc\u011f\u00fc&#8221;<\/span><svg class=\"icon icon-right-arrow\" version=\"1.1\" xmlns=\"http:\/\/www.w3.org\/2000\/svg\" width=\"32\" height=\"32\" viewbox=\"0 0 32 32\"><path d=\"M21.548 5.088c-0.436-0.451-1.162-0.451-1.613 0-0.436 0.436-0.436 1.162 0 1.596l8.177 8.177h-26.984c-0.629 0.001-1.129 0.501-1.129 1.13s0.5 1.145 1.129 1.145h26.984l-8.177 8.162c-0.436 0.451-0.436 1.178 0 1.613 0.451 0.451 1.178 0.451 1.613 0l10.113-10.113c0.451-0.436 0.451-1.162 0-1.596l-10.113-10.114z\"><\/path><\/svg><\/a><\/div>","protected":false},"author":1,"featured_media":0,"parent":0,"menu_order":0,"comment_status":"closed","ping_status":"closed","template":"","meta":{"footnotes":""},"class_list":["post-1716","page","type-page","status-publish","hentry"],"yoast_head":"<!-- This site is optimized with the Yoast SEO Premium plugin v26.2 (Yoast SEO v27.3) - https:\/\/yoast.com\/product\/yoast-seo-premium-wordpress\/ -->\n<title>G\u00f6z Kapa\u011f\u0131 D\u00fc\u015f\u00fckl\u00fc\u011f\u00fc - Bursa G\u00f6z Merkezi Y\u0131ld\u0131r\u0131m G\u00f6z Hastal\u0131klar\u0131 Hastanesi<\/title>\n<meta name=\"robots\" content=\"index, follow, max-snippet:-1, max-image-preview:large, max-video-preview:-1\" \/>\n<link rel=\"canonical\" href=\"https:\/\/www.bursagoz.com\/de\/goz-kapagi-dusuklugu\/\" \/>\n<meta property=\"og:locale\" content=\"de_DE\" \/>\n<meta property=\"og:type\" content=\"article\" \/>\n<meta property=\"og:title\" content=\"G\u00f6z Kapa\u011f\u0131 D\u00fc\u015f\u00fckl\u00fc\u011f\u00fc\" \/>\n<meta property=\"og:description\" content=\"Ptosiz (G\u00f6z Kapa\u011f\u0131 D\u00fc\u015f\u00fckl\u00fc\u011f\u00fc) PTOS\u0130Z (G\u00d6Z KAPA\u011eI D\u00dc\u015e\u00dcKL\u00dc\u011e\u00dc) Do\u011fu\u015ftan olabilece\u011fi gibi ileri ya\u015fta ya da fel\u00e7lere ba\u011fl\u0131 olarak da olu\u015fabilen PTOS\u0130Z&#8217;in cerrahisi temel olarak sebeplerine g\u00f6re ayr\u0131lmaktad\u0131r. Do\u011fu\u015ftan PTOS\u0130Z&#8217;i olanlara g\u00f6z kapa\u011f\u0131n\u0131 kald\u0131ran kas zay\u0131f oldu\u011fu i\u00e7in cerrahide ka\u015f\u0131 kald\u0131ran kasa ba\u011flan\u0131p g\u00fc\u00e7lendirilir. \u0130leri ya\u015flardaki PTOS\u0130Z tedavisinde ise g\u00f6z kapa\u011f\u0131 kald\u0131ran ka\u015f yerinden ayr\u0131ld\u0131\u011f\u0131 i\u00e7in Read More &quot;G\u00f6z Kapa\u011f\u0131 D\u00fc\u015f\u00fckl\u00fc\u011f\u00fc&quot;\" \/>\n<meta property=\"og:url\" content=\"https:\/\/www.bursagoz.com\/de\/goz-kapagi-dusuklugu\/\" \/>\n<meta property=\"og:site_name\" content=\"Bursa G\u00f6z Merkezi Y\u0131ld\u0131r\u0131m G\u00f6z Hastal\u0131klar\u0131 Hastanesi\" \/>\n<meta property=\"article:publisher\" content=\"https:\/\/www.facebook.com\/bursagozyildirim\/\" \/>\n<meta name=\"twitter:card\" content=\"summary_large_image\" \/>\n<meta name=\"twitter:site\" content=\"@bursagoz_\" \/>\n<meta name=\"twitter:label1\" content=\"Gesch\u00e4tzte Lesezeit\" \/>\n\t<meta name=\"twitter:data1\" content=\"4\u00a0Minuten\" \/>\n<script type=\"application\/ld+json\" class=\"yoast-schema-graph\">{\"@context\":\"https:\\\/\\\/schema.org\",\"@graph\":[{\"@type\":\"WebPage\",\"@id\":\"https:\\\/\\\/www.bursagoz.com\\\/goz-kapagi-dusuklugu\\\/\",\"url\":\"https:\\\/\\\/www.bursagoz.com\\\/goz-kapagi-dusuklugu\\\/\",\"name\":\"G\u00f6z Kapa\u011f\u0131 D\u00fc\u015f\u00fckl\u00fc\u011f\u00fc - Bursa G\u00f6z Merkezi Y\u0131ld\u0131r\u0131m G\u00f6z Hastal\u0131klar\u0131 Hastanesi\",\"isPartOf\":{\"@id\":\"https:\\\/\\\/www.bursagoz.com\\\/#website\"},\"datePublished\":\"2019-09-23T07:08:46+00:00\",\"breadcrumb\":{\"@id\":\"https:\\\/\\\/www.bursagoz.com\\\/goz-kapagi-dusuklugu\\\/#breadcrumb\"},\"inLanguage\":\"de\",\"potentialAction\":[{\"@type\":\"ReadAction\",\"target\":[\"https:\\\/\\\/www.bursagoz.com\\\/goz-kapagi-dusuklugu\\\/\"]}]},{\"@type\":\"BreadcrumbList\",\"@id\":\"https:\\\/\\\/www.bursagoz.com\\\/goz-kapagi-dusuklugu\\\/#breadcrumb\",\"itemListElement\":[{\"@type\":\"ListItem\",\"position\":1,\"name\":\"Ana sayfa\",\"item\":\"https:\\\/\\\/www.bursagoz.com\\\/\"},{\"@type\":\"ListItem\",\"position\":2,\"name\":\"G\u00f6z Kapa\u011f\u0131 D\u00fc\u015f\u00fckl\u00fc\u011f\u00fc\"}]},{\"@type\":\"WebSite\",\"@id\":\"https:\\\/\\\/www.bursagoz.com\\\/#website\",\"url\":\"https:\\\/\\\/www.bursagoz.com\\\/\",\"name\":\"Bursa G\u00f6z Merkezi Y\u0131ld\u0131r\u0131m G\u00f6z Hastal\u0131klar\u0131 Hastanesi\",\"description\":\"Bursa G\u00f6z Merkezi | Sa\u011fl\u0131kta 10 Y\u0131ll\u0131k Te\u00e7r\u00fcbenin Yeni Ad\u0131\",\"publisher\":{\"@id\":\"https:\\\/\\\/www.bursagoz.com\\\/#organization\"},\"potentialAction\":[{\"@type\":\"SearchAction\",\"target\":{\"@type\":\"EntryPoint\",\"urlTemplate\":\"https:\\\/\\\/www.bursagoz.com\\\/?s={search_term_string}\"},\"query-input\":{\"@type\":\"PropertyValueSpecification\",\"valueRequired\":true,\"valueName\":\"search_term_string\"}}],\"inLanguage\":\"de\"},{\"@type\":[\"Organization\",\"Place\",\"HealthClub\"],\"@id\":\"https:\\\/\\\/www.bursagoz.com\\\/#organization\",\"name\":\"Bursa G\u00f6z Merkezi\",\"url\":\"https:\\\/\\\/www.bursagoz.com\\\/\",\"logo\":{\"@id\":\"https:\\\/\\\/www.bursagoz.com\\\/goz-kapagi-dusuklugu\\\/#local-main-organization-logo\"},\"image\":{\"@id\":\"https:\\\/\\\/www.bursagoz.com\\\/goz-kapagi-dusuklugu\\\/#local-main-organization-logo\"},\"sameAs\":[\"https:\\\/\\\/www.facebook.com\\\/bursagozyildirim\\\/\",\"https:\\\/\\\/x.com\\\/bursagoz_\",\"https:\\\/\\\/www.instagram.com\\\/bursagozmerkezi\",\"https:\\\/\\\/www.youtube.com\\\/channel\\\/UCpSzsUiWi-QvB9j1uUAiJew\"],\"address\":{\"@id\":\"https:\\\/\\\/www.bursagoz.com\\\/goz-kapagi-dusuklugu\\\/#local-main-place-address\"},\"geo\":{\"@type\":\"GeoCoordinates\",\"latitude\":\"40.191996\",\"longitude\":\"29.110874\"},\"telephone\":[\"4441469\",\"08508501469\"],\"openingHoursSpecification\":[{\"@type\":\"OpeningHoursSpecification\",\"dayOfWeek\":[\"Monday\",\"Tuesday\",\"Wednesday\",\"Thursday\",\"Friday\",\"Saturday\"],\"opens\":\"08:30\",\"closes\":\"18:00\"},{\"@type\":\"OpeningHoursSpecification\",\"dayOfWeek\":[\"Sunday\"],\"opens\":\"00:00\",\"closes\":\"00:00\"}],\"email\":\"randevu@bursagoz.com\",\"areaServed\":\"G\u00f6z Sa\u011fl\u0131\u011f\u0131\",\"taxID\":\"1910580134\"},{\"@type\":\"PostalAddress\",\"@id\":\"https:\\\/\\\/www.bursagoz.com\\\/goz-kapagi-dusuklugu\\\/#local-main-place-address\",\"streetAddress\":\"Dua\u00e7\u0131nar\u0131 Mahallesi Bar\u0131\u015f Caddesi No:3 Y\u0131ld\u0131r\u0131m \\\/ BURSA\",\"addressLocality\":\"BURSA\",\"postalCode\":\"16270\",\"addressRegion\":\"Y\u0131ld\u0131r\u0131m\",\"addressCountry\":\"TR\"},{\"@type\":\"ImageObject\",\"inLanguage\":\"de\",\"@id\":\"https:\\\/\\\/www.bursagoz.com\\\/goz-kapagi-dusuklugu\\\/#local-main-organization-logo\",\"url\":\"https:\\\/\\\/i0.wp.com\\\/www.bursagoz.com\\\/wp-content\\\/uploads\\\/2020\\\/02\\\/BGM-Logobeyazi1.png?fit=1500%2C1000&ssl=1\",\"contentUrl\":\"https:\\\/\\\/i0.wp.com\\\/www.bursagoz.com\\\/wp-content\\\/uploads\\\/2020\\\/02\\\/BGM-Logobeyazi1.png?fit=1500%2C1000&ssl=1\",\"width\":1500,\"height\":1000,\"caption\":\"Bursa G\u00f6z Merkezi\"}]}<\/script>\n<meta name=\"geo.placename\" content=\"BURSA\" \/>\n<meta name=\"geo.position\" content=\"40.191996;29.110874\" \/>\n<meta name=\"geo.region\" content=\"T\u00fcrkei\" \/>\n<!-- \/ Yoast SEO Premium plugin. -->","yoast_head_json":{"title":"G\u00f6z Kapa\u011f\u0131 D\u00fc\u015f\u00fckl\u00fc\u011f\u00fc - Bursa G\u00f6z Merkezi Y\u0131ld\u0131r\u0131m G\u00f6z Hastal\u0131klar\u0131 Hastanesi","robots":{"index":"index","follow":"follow","max-snippet":"max-snippet:-1","max-image-preview":"max-image-preview:large","max-video-preview":"max-video-preview:-1"},"canonical":"https:\/\/www.bursagoz.com\/de\/goz-kapagi-dusuklugu\/","og_locale":"de_DE","og_type":"article","og_title":"G\u00f6z Kapa\u011f\u0131 D\u00fc\u015f\u00fckl\u00fc\u011f\u00fc","og_description":"Ptosiz (G\u00f6z Kapa\u011f\u0131 D\u00fc\u015f\u00fckl\u00fc\u011f\u00fc) PTOS\u0130Z (G\u00d6Z KAPA\u011eI D\u00dc\u015e\u00dcKL\u00dc\u011e\u00dc) Do\u011fu\u015ftan olabilece\u011fi gibi ileri ya\u015fta ya da fel\u00e7lere ba\u011fl\u0131 olarak da olu\u015fabilen PTOS\u0130Z&#8217;in cerrahisi temel olarak sebeplerine g\u00f6re ayr\u0131lmaktad\u0131r. Do\u011fu\u015ftan PTOS\u0130Z&#8217;i olanlara g\u00f6z kapa\u011f\u0131n\u0131 kald\u0131ran kas zay\u0131f oldu\u011fu i\u00e7in cerrahide ka\u015f\u0131 kald\u0131ran kasa ba\u011flan\u0131p g\u00fc\u00e7lendirilir. \u0130leri ya\u015flardaki PTOS\u0130Z tedavisinde ise g\u00f6z kapa\u011f\u0131 kald\u0131ran ka\u015f yerinden ayr\u0131ld\u0131\u011f\u0131 i\u00e7in Read More \"G\u00f6z Kapa\u011f\u0131 D\u00fc\u015f\u00fckl\u00fc\u011f\u00fc\"","og_url":"https:\/\/www.bursagoz.com\/de\/goz-kapagi-dusuklugu\/","og_site_name":"Bursa G\u00f6z Merkezi Y\u0131ld\u0131r\u0131m G\u00f6z Hastal\u0131klar\u0131 Hastanesi","article_publisher":"https:\/\/www.facebook.com\/bursagozyildirim\/","twitter_card":"summary_large_image","twitter_site":"@bursagoz_","twitter_misc":{"Gesch\u00e4tzte Lesezeit":"4\u00a0Minuten"},"schema":{"@context":"https:\/\/schema.org","@graph":[{"@type":"WebPage","@id":"https:\/\/www.bursagoz.com\/goz-kapagi-dusuklugu\/","url":"https:\/\/www.bursagoz.com\/goz-kapagi-dusuklugu\/","name":"G\u00f6z Kapa\u011f\u0131 D\u00fc\u015f\u00fckl\u00fc\u011f\u00fc - Bursa G\u00f6z Merkezi Y\u0131ld\u0131r\u0131m G\u00f6z Hastal\u0131klar\u0131 Hastanesi","isPartOf":{"@id":"https:\/\/www.bursagoz.com\/#website"},"datePublished":"2019-09-23T07:08:46+00:00","breadcrumb":{"@id":"https:\/\/www.bursagoz.com\/goz-kapagi-dusuklugu\/#breadcrumb"},"inLanguage":"de","potentialAction":[{"@type":"ReadAction","target":["https:\/\/www.bursagoz.com\/goz-kapagi-dusuklugu\/"]}]},{"@type":"BreadcrumbList","@id":"https:\/\/www.bursagoz.com\/goz-kapagi-dusuklugu\/#breadcrumb","itemListElement":[{"@type":"ListItem","position":1,"name":"Ana sayfa","item":"https:\/\/www.bursagoz.com\/"},{"@type":"ListItem","position":2,"name":"G\u00f6z Kapa\u011f\u0131 D\u00fc\u015f\u00fckl\u00fc\u011f\u00fc"}]},{"@type":"WebSite","@id":"https:\/\/www.bursagoz.com\/#website","url":"https:\/\/www.bursagoz.com\/","name":"Bursa G\u00f6z Merkezi Y\u0131ld\u0131r\u0131m G\u00f6z Hastal\u0131klar\u0131 Hastanesi","description":"Bursa G\u00f6z Merkezi | Sa\u011fl\u0131kta 10 Y\u0131ll\u0131k Te\u00e7r\u00fcbenin Yeni Ad\u0131","publisher":{"@id":"https:\/\/www.bursagoz.com\/#organization"},"potentialAction":[{"@type":"SearchAction","target":{"@type":"EntryPoint","urlTemplate":"https:\/\/www.bursagoz.com\/?s={search_term_string}"},"query-input":{"@type":"PropertyValueSpecification","valueRequired":true,"valueName":"search_term_string"}}],"inLanguage":"de"},{"@type":["Organization","Place","HealthClub"],"@id":"https:\/\/www.bursagoz.com\/#organization","name":"Bursa G\u00f6z Merkezi","url":"https:\/\/www.bursagoz.com\/","logo":{"@id":"https:\/\/www.bursagoz.com\/goz-kapagi-dusuklugu\/#local-main-organization-logo"},"image":{"@id":"https:\/\/www.bursagoz.com\/goz-kapagi-dusuklugu\/#local-main-organization-logo"},"sameAs":["https:\/\/www.facebook.com\/bursagozyildirim\/","https:\/\/x.com\/bursagoz_","https:\/\/www.instagram.com\/bursagozmerkezi","https:\/\/www.youtube.com\/channel\/UCpSzsUiWi-QvB9j1uUAiJew"],"address":{"@id":"https:\/\/www.bursagoz.com\/goz-kapagi-dusuklugu\/#local-main-place-address"},"geo":{"@type":"GeoCoordinates","latitude":"40.191996","longitude":"29.110874"},"telephone":["4441469","08508501469"],"openingHoursSpecification":[{"@type":"OpeningHoursSpecification","dayOfWeek":["Monday","Tuesday","Wednesday","Thursday","Friday","Saturday"],"opens":"08:30","closes":"18:00"},{"@type":"OpeningHoursSpecification","dayOfWeek":["Sunday"],"opens":"00:00","closes":"00:00"}],"email":"randevu@bursagoz.com","areaServed":"G\u00f6z Sa\u011fl\u0131\u011f\u0131","taxID":"1910580134"},{"@type":"PostalAddress","@id":"https:\/\/www.bursagoz.com\/goz-kapagi-dusuklugu\/#local-main-place-address","streetAddress":"Dua\u00e7\u0131nar\u0131 Mahallesi Bar\u0131\u015f Caddesi No:3 Y\u0131ld\u0131r\u0131m \/ BURSA","addressLocality":"BURSA","postalCode":"16270","addressRegion":"Y\u0131ld\u0131r\u0131m","addressCountry":"TR"},{"@type":"ImageObject","inLanguage":"de","@id":"https:\/\/www.bursagoz.com\/goz-kapagi-dusuklugu\/#local-main-organization-logo","url":"https:\/\/i0.wp.com\/www.bursagoz.com\/wp-content\/uploads\/2020\/02\/BGM-Logobeyazi1.png?fit=1500%2C1000&ssl=1","contentUrl":"https:\/\/i0.wp.com\/www.bursagoz.com\/wp-content\/uploads\/2020\/02\/BGM-Logobeyazi1.png?fit=1500%2C1000&ssl=1","width":1500,"height":1000,"caption":"Bursa G\u00f6z Merkezi"}]},"geo.placename":"BURSA","geo.position":{"lat":"40.191996","long":"29.110874"},"geo.region":"T\u00fcrkei"},"jetpack_sharing_enabled":true,"_links":{"self":[{"href":"https:\/\/www.bursagoz.com\/de\/wp-json\/wp\/v2\/pages\/1716","targetHints":{"allow":["GET"]}}],"collection":[{"href":"https:\/\/www.bursagoz.com\/de\/wp-json\/wp\/v2\/pages"}],"about":[{"href":"https:\/\/www.bursagoz.com\/de\/wp-json\/wp\/v2\/types\/page"}],"author":[{"embeddable":true,"href":"https:\/\/www.bursagoz.com\/de\/wp-json\/wp\/v2\/users\/1"}],"replies":[{"embeddable":true,"href":"https:\/\/www.bursagoz.com\/de\/wp-json\/wp\/v2\/comments?post=1716"}],"version-history":[{"count":1,"href":"https:\/\/www.bursagoz.com\/de\/wp-json\/wp\/v2\/pages\/1716\/revisions"}],"predecessor-version":[{"id":1717,"href":"https:\/\/www.bursagoz.com\/de\/wp-json\/wp\/v2\/pages\/1716\/revisions\/1717"}],"wp:attachment":[{"href":"https:\/\/www.bursagoz.com\/de\/wp-json\/wp\/v2\/media?parent=1716"}],"curies":[{"name":"wp","href":"https:\/\/api.w.org\/{rel}","templated":true}]}}