{"id":1728,"date":"2019-09-23T10:16:54","date_gmt":"2019-09-23T07:16:54","guid":{"rendered":"http:\/\/cinargoz.com\/?page_id=1728"},"modified":"2019-09-23T10:16:54","modified_gmt":"2019-09-23T07:16:54","slug":"wavefront-kartal-gozu","status":"publish","type":"page","link":"https:\/\/www.bursagoz.com\/de\/wavefront-kartal-gozu\/","title":{"rendered":"Wavefront (Kartal G\u00f6z\u00fc)"},"content":{"rendered":"<h1>Wavefront (Kartal G\u00f6z\u00fc)<\/h1>\n<p>Tedavi yap\u0131ld\u0131\u011f\u0131nda tedaviden sonra hasta g\u00f6zl\u00fckle ne kadar g\u00f6r\u00fcyorsa yine o kadar g\u00f6rebilmekteydi, daha fazla bir g\u00f6rme art\u0131\u015f\u0131 sa\u011flanam\u0131yordu.<\/p>\n<p>Y\u00fcksek astigmatl\u0131, tembelli\u011fe ba\u011fl\u0131 g\u00f6rmesi az olan veya d\u00fczensiz astigmat\u0131 olan g\u00f6z hastalar\u0131nda tedavi \u00e7ok iyi sonu\u00e7 vermiyor ve fazla g\u00f6rme elde edilemiyordu.<br \/>\nWavefront (Kartal G\u00f6z\u00fc) Y\u00f6nteminin Amerika G\u0131da ve ila\u00e7 \u00d6rg\u00fct\u00fc(FDA) bu tedavinin insan g\u00f6z\u00fc \u00fczerinde rahatl\u0131kla uygulanabilece\u011fine ve m\u00fckemmel sonu\u00e7lar verebilece\u011fine dair onay\u0131 ile bu y\u00f6ntem kullan\u0131lmaya ba\u015flanm\u0131\u015ft\u0131r.<\/p>\n<p>WAVEFRONT C\u0130HAZI G\u00d6Z\u00dcN T\u00dcM TABAKALARINI \u00d6L\u00c7EREK BU B\u0130LG\u0130LERE G\u00d6RE LASER TEDAV\u0130S\u0130N\u0130 Y\u00d6NLEND\u0130RMEKTED\u0130R.<\/p>\n<p>B\u00f6ylelikle her g\u00f6ze \u00f6zel tedavi \u015femas\u0131 olu\u015fturmakta ve m\u00fckemmel sonu\u00e7lar elde edilmektedir. Wavefront tedavisi \u0131smarlama yani ki\u015fiye \u00f6zel \u015fekilde uygulanmaktad\u0131r. Bu y\u00f6ntemin toplumda bilinen ad\u0131 kartal g\u00f6z\u00fcd\u00fcr.<\/p>\n<p>Wavefront uygulamas\u0131yla, d\u00fczensiz astigmat dahil t\u00fcm kusurlar\u0131 m\u00fckemmel bir \u015fekilde tedavi edilmektedir. Bu tedaviden sonra hastalar\u0131n g\u00f6rme dereceleri ciddi art\u0131\u015flar g\u00f6sternektedir.<\/p>\n<p>Wavefront tedavi y\u00f6nteminde ise laser uygulamas\u0131ndan sonra hastan\u0131n g\u00f6rme derecesi %150 hatta %200 e kadar artabilmektedir. Kartal gibi avc\u0131 ku\u015flarda bulunan bu g\u00f6rme derecesi insanlarda da elde edilebilmektedir. Bu nedenle wavefront tedavisine kartal g\u00f6z\u00fc veya s\u00fcper g\u00f6rme de denilmektedir.<\/p>\n<p>Wavefront laser tedavisinin ba\u015fka uygulamalar\u0131 da vard\u0131r. G\u00f6z bebekleri yap\u0131sal olarak geni\u015f olan baz\u0131 hastalarda standart laser tedavisinden sonra gece g\u00f6r\u00fc\u015flerin de problemler olu\u015fmaktad\u0131r. Bu hastalar geceleri araba kullan\u0131rken, farlar\u0131n etraf\u0131nda halkalar g\u00f6rmekte ve \u0131\u015f\u0131klardan a\u015f\u0131r\u0131 rahats\u0131z olmaktad\u0131rlar. Wavefront laser tedavisi sayesinde gece g\u00f6r\u00fc\u015f problemleri ortadan kalkmaktad\u0131r.<\/p>\n<p>Hatta standart laser tedavisi sonras\u0131 ortaya \u00e7\u0131kan \u015fikayetlerden hastalar yeniden Ismarlama laser tedavisi ile tekrar tedavi edilmektedir.<\/p>","protected":false},"excerpt":{"rendered":"<p>Wavefront (Kartal G\u00f6z\u00fc) Tedavi yap\u0131ld\u0131\u011f\u0131nda tedaviden sonra hasta g\u00f6zl\u00fckle ne kadar g\u00f6r\u00fcyorsa yine o kadar g\u00f6rebilmekteydi, daha fazla bir g\u00f6rme art\u0131\u015f\u0131 sa\u011flanam\u0131yordu. Y\u00fcksek astigmatl\u0131, tembelli\u011fe ba\u011fl\u0131 g\u00f6rmesi az olan veya d\u00fczensiz astigmat\u0131 olan g\u00f6z hastalar\u0131nda tedavi \u00e7ok iyi sonu\u00e7 vermiyor ve fazla g\u00f6rme elde edilemiyordu. Wavefront (Kartal G\u00f6z\u00fc) Y\u00f6nteminin Amerika G\u0131da ve ila\u00e7 \u00d6rg\u00fct\u00fc(FDA) bu <\/p>\n<div class=\"btn-more-wrapper\"><a href=\"https:\/\/www.bursagoz.com\/de\/wavefront-kartal-gozu\/\" class=\"btn btn-sm btn-hover-fill\"><svg class=\"icon icon-right-arrow\" version=\"1.1\" xmlns=\"http:\/\/www.w3.org\/2000\/svg\" width=\"32\" height=\"32\" viewbox=\"0 0 32 32\"><path d=\"M21.548 5.088c-0.436-0.451-1.162-0.451-1.613 0-0.436 0.436-0.436 1.162 0 1.596l8.177 8.177h-26.984c-0.629 0.001-1.129 0.501-1.129 1.13s0.5 1.145 1.129 1.145h26.984l-8.177 8.162c-0.436 0.451-0.436 1.178 0 1.613 0.451 0.451 1.178 0.451 1.613 0l10.113-10.113c0.451-0.436 0.451-1.162 0-1.596l-10.113-10.114z\"><\/path><\/svg>Read More<span class=\"screen-reader-text\"> &#8220;Wavefront (Kartal G\u00f6z\u00fc)&#8221;<\/span><svg class=\"icon icon-right-arrow\" version=\"1.1\" xmlns=\"http:\/\/www.w3.org\/2000\/svg\" width=\"32\" height=\"32\" viewbox=\"0 0 32 32\"><path d=\"M21.548 5.088c-0.436-0.451-1.162-0.451-1.613 0-0.436 0.436-0.436 1.162 0 1.596l8.177 8.177h-26.984c-0.629 0.001-1.129 0.501-1.129 1.13s0.5 1.145 1.129 1.145h26.984l-8.177 8.162c-0.436 0.451-0.436 1.178 0 1.613 0.451 0.451 1.178 0.451 1.613 0l10.113-10.113c0.451-0.436 0.451-1.162 0-1.596l-10.113-10.114z\"><\/path><\/svg><\/a><\/div>","protected":false},"author":1,"featured_media":0,"parent":0,"menu_order":0,"comment_status":"closed","ping_status":"closed","template":"","meta":{"footnotes":""},"class_list":["post-1728","page","type-page","status-publish","hentry"],"yoast_head":"<!-- This site is optimized with the Yoast SEO Premium plugin v26.2 (Yoast SEO v27.5) - https:\/\/yoast.com\/product\/yoast-seo-premium-wordpress\/ -->\n<title>Wavefront (Kartal G\u00f6z\u00fc) - Bursa G\u00f6z Merkezi Y\u0131ld\u0131r\u0131m G\u00f6z Hastal\u0131klar\u0131 Hastanesi<\/title>\n<meta name=\"robots\" content=\"index, follow, max-snippet:-1, max-image-preview:large, max-video-preview:-1\" \/>\n<link rel=\"canonical\" href=\"https:\/\/www.bursagoz.com\/de\/wavefront-kartal-gozu\/\" \/>\n<meta property=\"og:locale\" content=\"de_DE\" \/>\n<meta property=\"og:type\" content=\"article\" \/>\n<meta property=\"og:title\" content=\"Wavefront (Kartal G\u00f6z\u00fc)\" \/>\n<meta property=\"og:description\" content=\"Wavefront (Kartal G\u00f6z\u00fc) Tedavi yap\u0131ld\u0131\u011f\u0131nda tedaviden sonra hasta g\u00f6zl\u00fckle ne kadar g\u00f6r\u00fcyorsa yine o kadar g\u00f6rebilmekteydi, daha fazla bir g\u00f6rme art\u0131\u015f\u0131 sa\u011flanam\u0131yordu. Y\u00fcksek astigmatl\u0131, tembelli\u011fe ba\u011fl\u0131 g\u00f6rmesi az olan veya d\u00fczensiz astigmat\u0131 olan g\u00f6z hastalar\u0131nda tedavi \u00e7ok iyi sonu\u00e7 vermiyor ve fazla g\u00f6rme elde edilemiyordu. Wavefront (Kartal G\u00f6z\u00fc) Y\u00f6nteminin Amerika G\u0131da ve ila\u00e7 \u00d6rg\u00fct\u00fc(FDA) bu Read More &quot;Wavefront (Kartal G\u00f6z\u00fc)&quot;\" \/>\n<meta property=\"og:url\" content=\"https:\/\/www.bursagoz.com\/de\/wavefront-kartal-gozu\/\" \/>\n<meta property=\"og:site_name\" content=\"Bursa G\u00f6z Merkezi Y\u0131ld\u0131r\u0131m G\u00f6z Hastal\u0131klar\u0131 Hastanesi\" \/>\n<meta property=\"article:publisher\" content=\"https:\/\/www.facebook.com\/bursagozyildirim\/\" \/>\n<meta name=\"twitter:card\" content=\"summary_large_image\" \/>\n<meta name=\"twitter:site\" content=\"@bursagoz_\" \/>\n<meta name=\"twitter:label1\" content=\"Gesch\u00e4tzte Lesezeit\" \/>\n\t<meta name=\"twitter:data1\" content=\"2\u00a0Minuten\" \/>\n<script type=\"application\/ld+json\" class=\"yoast-schema-graph\">{\"@context\":\"https:\\\/\\\/schema.org\",\"@graph\":[{\"@type\":\"WebPage\",\"@id\":\"https:\\\/\\\/www.bursagoz.com\\\/wavefront-kartal-gozu\\\/\",\"url\":\"https:\\\/\\\/www.bursagoz.com\\\/wavefront-kartal-gozu\\\/\",\"name\":\"Wavefront (Kartal G\u00f6z\u00fc) - Bursa G\u00f6z Merkezi Y\u0131ld\u0131r\u0131m G\u00f6z Hastal\u0131klar\u0131 Hastanesi\",\"isPartOf\":{\"@id\":\"https:\\\/\\\/www.bursagoz.com\\\/#website\"},\"datePublished\":\"2019-09-23T07:16:54+00:00\",\"breadcrumb\":{\"@id\":\"https:\\\/\\\/www.bursagoz.com\\\/wavefront-kartal-gozu\\\/#breadcrumb\"},\"inLanguage\":\"de\",\"potentialAction\":[{\"@type\":\"ReadAction\",\"target\":[\"https:\\\/\\\/www.bursagoz.com\\\/wavefront-kartal-gozu\\\/\"]}]},{\"@type\":\"BreadcrumbList\",\"@id\":\"https:\\\/\\\/www.bursagoz.com\\\/wavefront-kartal-gozu\\\/#breadcrumb\",\"itemListElement\":[{\"@type\":\"ListItem\",\"position\":1,\"name\":\"Ana sayfa\",\"item\":\"https:\\\/\\\/www.bursagoz.com\\\/\"},{\"@type\":\"ListItem\",\"position\":2,\"name\":\"Wavefront (Kartal G\u00f6z\u00fc)\"}]},{\"@type\":\"WebSite\",\"@id\":\"https:\\\/\\\/www.bursagoz.com\\\/#website\",\"url\":\"https:\\\/\\\/www.bursagoz.com\\\/\",\"name\":\"Bursa G\u00f6z Merkezi Y\u0131ld\u0131r\u0131m G\u00f6z Hastal\u0131klar\u0131 Hastanesi\",\"description\":\"Bursa G\u00f6z Merkezi | Sa\u011fl\u0131kta 10 Y\u0131ll\u0131k Te\u00e7r\u00fcbenin Yeni Ad\u0131\",\"publisher\":{\"@id\":\"https:\\\/\\\/www.bursagoz.com\\\/#organization\"},\"potentialAction\":[{\"@type\":\"SearchAction\",\"target\":{\"@type\":\"EntryPoint\",\"urlTemplate\":\"https:\\\/\\\/www.bursagoz.com\\\/?s={search_term_string}\"},\"query-input\":{\"@type\":\"PropertyValueSpecification\",\"valueRequired\":true,\"valueName\":\"search_term_string\"}}],\"inLanguage\":\"de\"},{\"@type\":[\"Organization\",\"Place\",\"HealthClub\"],\"@id\":\"https:\\\/\\\/www.bursagoz.com\\\/#organization\",\"name\":\"Bursa G\u00f6z Merkezi\",\"url\":\"https:\\\/\\\/www.bursagoz.com\\\/\",\"logo\":{\"@id\":\"https:\\\/\\\/www.bursagoz.com\\\/wavefront-kartal-gozu\\\/#local-main-organization-logo\"},\"image\":{\"@id\":\"https:\\\/\\\/www.bursagoz.com\\\/wavefront-kartal-gozu\\\/#local-main-organization-logo\"},\"sameAs\":[\"https:\\\/\\\/www.facebook.com\\\/bursagozyildirim\\\/\",\"https:\\\/\\\/x.com\\\/bursagoz_\",\"https:\\\/\\\/www.instagram.com\\\/bursagozmerkezi\",\"https:\\\/\\\/www.youtube.com\\\/channel\\\/UCpSzsUiWi-QvB9j1uUAiJew\"],\"address\":{\"@id\":\"https:\\\/\\\/www.bursagoz.com\\\/wavefront-kartal-gozu\\\/#local-main-place-address\"},\"geo\":{\"@type\":\"GeoCoordinates\",\"latitude\":\"40.191996\",\"longitude\":\"29.110874\"},\"telephone\":[\"4441469\",\"08508501469\"],\"openingHoursSpecification\":[{\"@type\":\"OpeningHoursSpecification\",\"dayOfWeek\":[\"Monday\",\"Tuesday\",\"Wednesday\",\"Thursday\",\"Friday\",\"Saturday\"],\"opens\":\"08:30\",\"closes\":\"18:00\"},{\"@type\":\"OpeningHoursSpecification\",\"dayOfWeek\":[\"Sunday\"],\"opens\":\"00:00\",\"closes\":\"00:00\"}],\"email\":\"randevu@bursagoz.com\",\"areaServed\":\"G\u00f6z Sa\u011fl\u0131\u011f\u0131\",\"taxID\":\"1910580134\"},{\"@type\":\"PostalAddress\",\"@id\":\"https:\\\/\\\/www.bursagoz.com\\\/wavefront-kartal-gozu\\\/#local-main-place-address\",\"streetAddress\":\"Dua\u00e7\u0131nar\u0131 Mahallesi Bar\u0131\u015f Caddesi No:3 Y\u0131ld\u0131r\u0131m \\\/ BURSA\",\"addressLocality\":\"BURSA\",\"postalCode\":\"16270\",\"addressRegion\":\"Y\u0131ld\u0131r\u0131m\",\"addressCountry\":\"TR\"},{\"@type\":\"ImageObject\",\"inLanguage\":\"de\",\"@id\":\"https:\\\/\\\/www.bursagoz.com\\\/wavefront-kartal-gozu\\\/#local-main-organization-logo\",\"url\":\"https:\\\/\\\/i0.wp.com\\\/www.bursagoz.com\\\/wp-content\\\/uploads\\\/2020\\\/02\\\/BGM-Logobeyazi1.png?fit=1500%2C1000&ssl=1\",\"contentUrl\":\"https:\\\/\\\/i0.wp.com\\\/www.bursagoz.com\\\/wp-content\\\/uploads\\\/2020\\\/02\\\/BGM-Logobeyazi1.png?fit=1500%2C1000&ssl=1\",\"width\":1500,\"height\":1000,\"caption\":\"Bursa G\u00f6z Merkezi\"}]}<\/script>\n<meta name=\"geo.placename\" content=\"BURSA\" \/>\n<meta name=\"geo.position\" content=\"40.191996;29.110874\" \/>\n<meta name=\"geo.region\" content=\"T\u00fcrkei\" \/>\n<!-- \/ Yoast SEO Premium plugin. -->","yoast_head_json":{"title":"Wavefront (Kartal G\u00f6z\u00fc) - Bursa G\u00f6z Merkezi Y\u0131ld\u0131r\u0131m G\u00f6z Hastal\u0131klar\u0131 Hastanesi","robots":{"index":"index","follow":"follow","max-snippet":"max-snippet:-1","max-image-preview":"max-image-preview:large","max-video-preview":"max-video-preview:-1"},"canonical":"https:\/\/www.bursagoz.com\/de\/wavefront-kartal-gozu\/","og_locale":"de_DE","og_type":"article","og_title":"Wavefront (Kartal G\u00f6z\u00fc)","og_description":"Wavefront (Kartal G\u00f6z\u00fc) Tedavi yap\u0131ld\u0131\u011f\u0131nda tedaviden sonra hasta g\u00f6zl\u00fckle ne kadar g\u00f6r\u00fcyorsa yine o kadar g\u00f6rebilmekteydi, daha fazla bir g\u00f6rme art\u0131\u015f\u0131 sa\u011flanam\u0131yordu. Y\u00fcksek astigmatl\u0131, tembelli\u011fe ba\u011fl\u0131 g\u00f6rmesi az olan veya d\u00fczensiz astigmat\u0131 olan g\u00f6z hastalar\u0131nda tedavi \u00e7ok iyi sonu\u00e7 vermiyor ve fazla g\u00f6rme elde edilemiyordu. Wavefront (Kartal G\u00f6z\u00fc) Y\u00f6nteminin Amerika G\u0131da ve ila\u00e7 \u00d6rg\u00fct\u00fc(FDA) bu Read More \"Wavefront (Kartal G\u00f6z\u00fc)\"","og_url":"https:\/\/www.bursagoz.com\/de\/wavefront-kartal-gozu\/","og_site_name":"Bursa G\u00f6z Merkezi Y\u0131ld\u0131r\u0131m G\u00f6z Hastal\u0131klar\u0131 Hastanesi","article_publisher":"https:\/\/www.facebook.com\/bursagozyildirim\/","twitter_card":"summary_large_image","twitter_site":"@bursagoz_","twitter_misc":{"Gesch\u00e4tzte Lesezeit":"2\u00a0Minuten"},"schema":{"@context":"https:\/\/schema.org","@graph":[{"@type":"WebPage","@id":"https:\/\/www.bursagoz.com\/wavefront-kartal-gozu\/","url":"https:\/\/www.bursagoz.com\/wavefront-kartal-gozu\/","name":"Wavefront (Kartal G\u00f6z\u00fc) - Bursa G\u00f6z Merkezi Y\u0131ld\u0131r\u0131m G\u00f6z Hastal\u0131klar\u0131 Hastanesi","isPartOf":{"@id":"https:\/\/www.bursagoz.com\/#website"},"datePublished":"2019-09-23T07:16:54+00:00","breadcrumb":{"@id":"https:\/\/www.bursagoz.com\/wavefront-kartal-gozu\/#breadcrumb"},"inLanguage":"de","potentialAction":[{"@type":"ReadAction","target":["https:\/\/www.bursagoz.com\/wavefront-kartal-gozu\/"]}]},{"@type":"BreadcrumbList","@id":"https:\/\/www.bursagoz.com\/wavefront-kartal-gozu\/#breadcrumb","itemListElement":[{"@type":"ListItem","position":1,"name":"Ana sayfa","item":"https:\/\/www.bursagoz.com\/"},{"@type":"ListItem","position":2,"name":"Wavefront (Kartal G\u00f6z\u00fc)"}]},{"@type":"WebSite","@id":"https:\/\/www.bursagoz.com\/#website","url":"https:\/\/www.bursagoz.com\/","name":"Bursa G\u00f6z Merkezi Y\u0131ld\u0131r\u0131m G\u00f6z Hastal\u0131klar\u0131 Hastanesi","description":"Bursa G\u00f6z Merkezi | Sa\u011fl\u0131kta 10 Y\u0131ll\u0131k Te\u00e7r\u00fcbenin Yeni Ad\u0131","publisher":{"@id":"https:\/\/www.bursagoz.com\/#organization"},"potentialAction":[{"@type":"SearchAction","target":{"@type":"EntryPoint","urlTemplate":"https:\/\/www.bursagoz.com\/?s={search_term_string}"},"query-input":{"@type":"PropertyValueSpecification","valueRequired":true,"valueName":"search_term_string"}}],"inLanguage":"de"},{"@type":["Organization","Place","HealthClub"],"@id":"https:\/\/www.bursagoz.com\/#organization","name":"Bursa G\u00f6z Merkezi","url":"https:\/\/www.bursagoz.com\/","logo":{"@id":"https:\/\/www.bursagoz.com\/wavefront-kartal-gozu\/#local-main-organization-logo"},"image":{"@id":"https:\/\/www.bursagoz.com\/wavefront-kartal-gozu\/#local-main-organization-logo"},"sameAs":["https:\/\/www.facebook.com\/bursagozyildirim\/","https:\/\/x.com\/bursagoz_","https:\/\/www.instagram.com\/bursagozmerkezi","https:\/\/www.youtube.com\/channel\/UCpSzsUiWi-QvB9j1uUAiJew"],"address":{"@id":"https:\/\/www.bursagoz.com\/wavefront-kartal-gozu\/#local-main-place-address"},"geo":{"@type":"GeoCoordinates","latitude":"40.191996","longitude":"29.110874"},"telephone":["4441469","08508501469"],"openingHoursSpecification":[{"@type":"OpeningHoursSpecification","dayOfWeek":["Monday","Tuesday","Wednesday","Thursday","Friday","Saturday"],"opens":"08:30","closes":"18:00"},{"@type":"OpeningHoursSpecification","dayOfWeek":["Sunday"],"opens":"00:00","closes":"00:00"}],"email":"randevu@bursagoz.com","areaServed":"G\u00f6z Sa\u011fl\u0131\u011f\u0131","taxID":"1910580134"},{"@type":"PostalAddress","@id":"https:\/\/www.bursagoz.com\/wavefront-kartal-gozu\/#local-main-place-address","streetAddress":"Dua\u00e7\u0131nar\u0131 Mahallesi Bar\u0131\u015f Caddesi No:3 Y\u0131ld\u0131r\u0131m \/ BURSA","addressLocality":"BURSA","postalCode":"16270","addressRegion":"Y\u0131ld\u0131r\u0131m","addressCountry":"TR"},{"@type":"ImageObject","inLanguage":"de","@id":"https:\/\/www.bursagoz.com\/wavefront-kartal-gozu\/#local-main-organization-logo","url":"https:\/\/i0.wp.com\/www.bursagoz.com\/wp-content\/uploads\/2020\/02\/BGM-Logobeyazi1.png?fit=1500%2C1000&ssl=1","contentUrl":"https:\/\/i0.wp.com\/www.bursagoz.com\/wp-content\/uploads\/2020\/02\/BGM-Logobeyazi1.png?fit=1500%2C1000&ssl=1","width":1500,"height":1000,"caption":"Bursa G\u00f6z Merkezi"}]},"geo.placename":"BURSA","geo.position":{"lat":"40.191996","long":"29.110874"},"geo.region":"T\u00fcrkei"},"jetpack_sharing_enabled":true,"_links":{"self":[{"href":"https:\/\/www.bursagoz.com\/de\/wp-json\/wp\/v2\/pages\/1728","targetHints":{"allow":["GET"]}}],"collection":[{"href":"https:\/\/www.bursagoz.com\/de\/wp-json\/wp\/v2\/pages"}],"about":[{"href":"https:\/\/www.bursagoz.com\/de\/wp-json\/wp\/v2\/types\/page"}],"author":[{"embeddable":true,"href":"https:\/\/www.bursagoz.com\/de\/wp-json\/wp\/v2\/users\/1"}],"replies":[{"embeddable":true,"href":"https:\/\/www.bursagoz.com\/de\/wp-json\/wp\/v2\/comments?post=1728"}],"version-history":[{"count":1,"href":"https:\/\/www.bursagoz.com\/de\/wp-json\/wp\/v2\/pages\/1728\/revisions"}],"predecessor-version":[{"id":1729,"href":"https:\/\/www.bursagoz.com\/de\/wp-json\/wp\/v2\/pages\/1728\/revisions\/1729"}],"wp:attachment":[{"href":"https:\/\/www.bursagoz.com\/de\/wp-json\/wp\/v2\/media?parent=1728"}],"curies":[{"name":"wp","href":"https:\/\/api.w.org\/{rel}","templated":true}]}}