{"id":1732,"date":"2019-09-23T10:19:13","date_gmt":"2019-09-23T07:19:13","guid":{"rendered":"http:\/\/cinargoz.com\/?page_id=1732"},"modified":"2019-09-23T10:19:13","modified_gmt":"2019-09-23T07:19:13","slug":"excimer-laser-operasyonu","status":"publish","type":"page","link":"https:\/\/www.bursagoz.com\/de\/excimer-laser-operasyonu\/","title":{"rendered":"Excimer Laser operasyonu"},"content":{"rendered":"<h1>Excimer Laser operasyonu<\/h1>\n<p><strong>OPERASYONU NASIL GER\u00c7EKLE\u015e\u0130R?<\/strong><\/p>\n<p>\u015eekil de\u011fi\u015ftirme i\u015flemi excimer laser \u0131\u015f\u0131n\u0131n\u0131n ultra hassas \u015fekillendirici yetene\u011fi sayesinde olabilmektedir.<br \/>\nBu \u0131\u015f\u0131n uyguland\u0131\u011f\u0131 alanda \u0131s\u0131 \u00fcretmeksizin dokular\u0131 buharla\u015ft\u0131rabilme yetisine sahiptir. Bu \u00f6zelli\u011fi sayesinde uzun y\u0131llard\u0131r t\u00fcm d\u00fcnyada g\u00fcvenle uygulanmaktad\u0131r.<br \/>\nMiyop olan g\u00f6zlerde kornean\u0131n e\u011frili\u011fi azalt\u0131larak numaralar yok edilirken, hipermetrop g\u00f6zler i\u00e7in ise, bunun tam tersi bir durum s\u00f6z konusudur.<br \/>\nAstigmat g\u00f6zlerde ise yamuk olan kornea d\u00fczg\u00fcn hale getirilir. Laser operasyonu \u00f6ncesi bir ka\u00e7 damla ile hastan\u0131n ac\u0131 duymamas\u0131 i\u00e7in yeterlidir.<\/p>\n<p><strong>EXC\u0130MER LASER A\u015eAMALARI<\/strong><\/p>\n<p>&#8211; Operasyon, hastan\u0131n laser odas\u0131na al\u0131nmas\u0131 ve laser masas\u0131na uzanmas\u0131 ile ba\u015flam\u0131\u015f olur. Laser sistemi \u00e7ok geli\u015fmi\u015f bilgisayar sistemleri ve operasyon mikroskobunun birle\u015fiminden olu\u015fmaktad\u0131r.<br \/>\n&#8211; Cerrah hastan\u0131n operasyon yap\u0131lacak g\u00f6z\u00fc tam olarak laserin alt\u0131na gelecek \u015fekilde hasta yata\u011f\u0131n\u0131 ayarlar. Hastan\u0131n operasyon esnas\u0131nda g\u00f6z\u00fcn\u00fc kapatmas\u0131n\u0131 engellemek amac\u0131yla \u00f6zel bir ara\u00e7 g\u00f6ze yerle\u015ftirilir.<br \/>\n&#8211; Hastan\u0131n tam tepesinde \u00e7evrede stadyum \u0131\u015f\u0131klar\u0131na and\u0131ran 4 grup \u0131\u015f\u0131k bulunur. Bunlar\u0131n ortas\u0131nda yan\u0131p s\u00f6nen ye\u015fil \u0131\u015f\u0131k bulunur. Operasyon s\u00fcresince bu ye\u015fil \u0131\u015f\u0131\u011fa bakmas\u0131 istenir.<br \/>\n&#8211; Cihaz\u0131n sahip oldu\u011fu h\u0131zl\u0131 eye-traker \u00f6zelli\u011fi sayesinde operasyonda g\u00f6z\u00fcn\u00fcz\u00fc oynatsan\u0131z dahi cihaz do\u011fru yere do\u011fru uygulamay\u0131 yapar fakat tedavi s\u00fcresi uzayabilir.<br \/>\n&#8211; Doktor g\u00f6z\u00fcn \u00f6n\u00fcne vakumlu bir cihaz koydu\u011funda uygulama ba\u015flar. Bu esnada hastan\u0131n g\u00f6rmesi bir ka\u00e7 saniye engellenecektir. Bu vakum cihaz\u0131 korneada 160 mikron kal\u0131nl\u0131\u011f\u0131nda \u00e7ok d\u00fczg\u00fcn ince bir koruyucu kapak kald\u0131ran mikrotomun \u00e7al\u0131\u015fmas\u0131 i\u00e7in bir yatak olu\u015fturulur. Bu esnada \u00e7ok k\u00fc\u00e7\u00fck bir s\u0131k\u0131\u015fma hissi hissedilebilir.<br \/>\n&#8211; Vakum cihaz\u0131 ile g\u00f6z sabitlendikten sonra mikrotom ad\u0131 verilen \u00e7ok hassas bir cihaz, bu par\u00e7an\u0131n \u00fcst\u00fcne oturtulur. Kapa\u011f\u0131n olu\u015fu\u0131mu bu a\u015famada ger\u00e7ekle\u015fir. Bu kapak sayesinde laserin daha g\u00fcvenli olan derin dokulara yap\u0131lmas\u0131 sa\u011flan\u0131r.&#8221;<br \/>\n&#8211; Laser hastan\u0131n g\u00f6z\u00fc \u00f6n\u00fcnde odakland\u0131ktan sonra hastan\u0131n tam tepesinde bulunan yan\u0131p s\u00f6nen ye\u015fil u\u015fu\u011fa bakmas\u0131 gerekir. Doktor bir pedala basarak laserin hastan\u0131n g\u00f6z\u00fcne odaklanmas\u0131n\u0131 sa\u011flar. \u00c7ok geli\u015fmi\u015f bilgisayar sistemleri taraf\u0131ndan \u00e7al\u0131\u015ft\u0131r\u0131lan laser \u0131\u015f\u0131nlar\u0131 sayesinde y\u00fczlerce \u015fut atarak hatan\u0131n net g\u00f6rebilece\u011fi \u015fekilde korneay\u0131 yeniden \u015fekillendirir. Laser i\u015fleminin bu k\u0131sm\u0131 saniyeler i\u00e7inde sona erer.<br \/>\n&#8211; Excimer laser ile k\u0131r\u0131lma kusurunun d\u00fczeltilmesi sonras\u0131nda cerrah kapa\u011f\u0131 terar normal pozisyonuna gelecek \u015fekilde geri kapat\u0131r. Kapanan kapa\u011f\u0131n alt\u0131, \u00f6zel bir sol\u00fcsyonla y\u0131kand\u0131ktan sonra t\u0131bbi spon\u00e7 ile y\u00fczey d\u00fczeltilir ve hava kabarc\u0131klar\u0131 yok edilir.<br \/>\n&#8211; Damlalar damlat\u0131ld\u0131ktan sonra operasyon bitmi\u015f olur. \u0130ki g\u00f6ze operasyon planlanm\u0131\u015f ise, ayn\u0131 seansta di\u011fer g\u00f6zede operasyon uygulanabilir.<\/p>\n<div id=\"s3gt_translate_tooltip_mini\" class=\"s3gt_translate_tooltip_mini_box\" style=\"background: initial !important; border: initial !important; border-radius: initial !important; border-spacing: initial !important; border-collapse: initial !important; direction: ltr !important; flex-direction: initial !important; font-weight: initial !important; height: initial !important; letter-spacing: initial !important; min-width: initial !important; max-width: initial !important; min-height: initial !important; max-height: initial !important; margin: auto !important; outline: initial !important; padding: initial !important; position: absolute; table-layout: initial !important; text-align: initial !important; text-shadow: initial !important; width: initial !important; word-break: initial !important; word-spacing: initial !important; overflow-wrap: initial !important; box-sizing: initial !important; display: initial !important; color: inherit !important; font-size: 13px !important; font-family: X-LocaleSpecific, sans-serif, Tahoma, Helvetica !important; line-height: 13px !important; vertical-align: top !important; white-space: inherit !important; left: 274px; top: 167px; opacity: 0.65;\">\n<div id=\"s3gt_translate_tooltip_mini_logo\" class=\"s3gt_translate_tooltip_mini\" title=\"Translate selected text\"><\/div>\n<div id=\"s3gt_translate_tooltip_mini_sound\" class=\"s3gt_translate_tooltip_mini\" title=\"Play\"><\/div>\n<div id=\"s3gt_translate_tooltip_mini_copy\" class=\"s3gt_translate_tooltip_mini\" title=\"Copy text to Clipboard\"><\/div>\n<\/div>","protected":false},"excerpt":{"rendered":"<p>Excimer Laser operasyonu OPERASYONU NASIL GER\u00c7EKLE\u015e\u0130R? \u015eekil de\u011fi\u015ftirme i\u015flemi excimer laser \u0131\u015f\u0131n\u0131n\u0131n ultra hassas \u015fekillendirici yetene\u011fi sayesinde olabilmektedir. Bu \u0131\u015f\u0131n uyguland\u0131\u011f\u0131 alanda \u0131s\u0131 \u00fcretmeksizin dokular\u0131 buharla\u015ft\u0131rabilme yetisine sahiptir. Bu \u00f6zelli\u011fi sayesinde uzun y\u0131llard\u0131r t\u00fcm d\u00fcnyada g\u00fcvenle uygulanmaktad\u0131r. Miyop olan g\u00f6zlerde kornean\u0131n e\u011frili\u011fi azalt\u0131larak numaralar yok edilirken, hipermetrop g\u00f6zler i\u00e7in ise, bunun tam tersi bir durum <\/p>\n<div class=\"btn-more-wrapper\"><a href=\"https:\/\/www.bursagoz.com\/de\/excimer-laser-operasyonu\/\" class=\"btn btn-sm btn-hover-fill\"><svg class=\"icon icon-right-arrow\" version=\"1.1\" xmlns=\"http:\/\/www.w3.org\/2000\/svg\" width=\"32\" height=\"32\" viewbox=\"0 0 32 32\"><path d=\"M21.548 5.088c-0.436-0.451-1.162-0.451-1.613 0-0.436 0.436-0.436 1.162 0 1.596l8.177 8.177h-26.984c-0.629 0.001-1.129 0.501-1.129 1.13s0.5 1.145 1.129 1.145h26.984l-8.177 8.162c-0.436 0.451-0.436 1.178 0 1.613 0.451 0.451 1.178 0.451 1.613 0l10.113-10.113c0.451-0.436 0.451-1.162 0-1.596l-10.113-10.114z\"><\/path><\/svg>Read More<span class=\"screen-reader-text\"> &#8220;Excimer Laser operasyonu&#8221;<\/span><svg class=\"icon icon-right-arrow\" version=\"1.1\" xmlns=\"http:\/\/www.w3.org\/2000\/svg\" width=\"32\" height=\"32\" viewbox=\"0 0 32 32\"><path d=\"M21.548 5.088c-0.436-0.451-1.162-0.451-1.613 0-0.436 0.436-0.436 1.162 0 1.596l8.177 8.177h-26.984c-0.629 0.001-1.129 0.501-1.129 1.13s0.5 1.145 1.129 1.145h26.984l-8.177 8.162c-0.436 0.451-0.436 1.178 0 1.613 0.451 0.451 1.178 0.451 1.613 0l10.113-10.113c0.451-0.436 0.451-1.162 0-1.596l-10.113-10.114z\"><\/path><\/svg><\/a><\/div>","protected":false},"author":1,"featured_media":0,"parent":0,"menu_order":0,"comment_status":"closed","ping_status":"closed","template":"","meta":{"footnotes":""},"class_list":["post-1732","page","type-page","status-publish","hentry"],"yoast_head":"<!-- This site is optimized with the Yoast SEO Premium plugin v26.2 (Yoast SEO v27.5) - https:\/\/yoast.com\/product\/yoast-seo-premium-wordpress\/ -->\n<title>Excimer Laser operasyonu - Bursa G\u00f6z Merkezi Y\u0131ld\u0131r\u0131m G\u00f6z Hastal\u0131klar\u0131 Hastanesi<\/title>\n<meta name=\"robots\" content=\"index, follow, max-snippet:-1, max-image-preview:large, max-video-preview:-1\" \/>\n<link rel=\"canonical\" href=\"https:\/\/www.bursagoz.com\/de\/excimer-laser-operasyonu\/\" \/>\n<meta property=\"og:locale\" content=\"de_DE\" \/>\n<meta property=\"og:type\" content=\"article\" \/>\n<meta property=\"og:title\" content=\"Excimer Laser operasyonu\" \/>\n<meta property=\"og:description\" content=\"Excimer Laser operasyonu OPERASYONU NASIL GER\u00c7EKLE\u015e\u0130R? \u015eekil de\u011fi\u015ftirme i\u015flemi excimer laser \u0131\u015f\u0131n\u0131n\u0131n ultra hassas \u015fekillendirici yetene\u011fi sayesinde olabilmektedir. Bu \u0131\u015f\u0131n uyguland\u0131\u011f\u0131 alanda \u0131s\u0131 \u00fcretmeksizin dokular\u0131 buharla\u015ft\u0131rabilme yetisine sahiptir. Bu \u00f6zelli\u011fi sayesinde uzun y\u0131llard\u0131r t\u00fcm d\u00fcnyada g\u00fcvenle uygulanmaktad\u0131r. Miyop olan g\u00f6zlerde kornean\u0131n e\u011frili\u011fi azalt\u0131larak numaralar yok edilirken, hipermetrop g\u00f6zler i\u00e7in ise, bunun tam tersi bir durum Read More &quot;Excimer Laser operasyonu&quot;\" \/>\n<meta property=\"og:url\" content=\"https:\/\/www.bursagoz.com\/de\/excimer-laser-operasyonu\/\" \/>\n<meta property=\"og:site_name\" content=\"Bursa G\u00f6z Merkezi Y\u0131ld\u0131r\u0131m G\u00f6z Hastal\u0131klar\u0131 Hastanesi\" \/>\n<meta property=\"article:publisher\" content=\"https:\/\/www.facebook.com\/bursagozyildirim\/\" \/>\n<meta name=\"twitter:card\" content=\"summary_large_image\" \/>\n<meta name=\"twitter:site\" content=\"@bursagoz_\" \/>\n<meta name=\"twitter:label1\" content=\"Gesch\u00e4tzte Lesezeit\" \/>\n\t<meta name=\"twitter:data1\" content=\"3\u00a0Minuten\" \/>\n<script type=\"application\/ld+json\" class=\"yoast-schema-graph\">{\"@context\":\"https:\\\/\\\/schema.org\",\"@graph\":[{\"@type\":\"WebPage\",\"@id\":\"https:\\\/\\\/www.bursagoz.com\\\/excimer-laser-operasyonu\\\/\",\"url\":\"https:\\\/\\\/www.bursagoz.com\\\/excimer-laser-operasyonu\\\/\",\"name\":\"Excimer Laser operasyonu - Bursa G\u00f6z Merkezi Y\u0131ld\u0131r\u0131m G\u00f6z Hastal\u0131klar\u0131 Hastanesi\",\"isPartOf\":{\"@id\":\"https:\\\/\\\/www.bursagoz.com\\\/#website\"},\"datePublished\":\"2019-09-23T07:19:13+00:00\",\"breadcrumb\":{\"@id\":\"https:\\\/\\\/www.bursagoz.com\\\/excimer-laser-operasyonu\\\/#breadcrumb\"},\"inLanguage\":\"de\",\"potentialAction\":[{\"@type\":\"ReadAction\",\"target\":[\"https:\\\/\\\/www.bursagoz.com\\\/excimer-laser-operasyonu\\\/\"]}]},{\"@type\":\"BreadcrumbList\",\"@id\":\"https:\\\/\\\/www.bursagoz.com\\\/excimer-laser-operasyonu\\\/#breadcrumb\",\"itemListElement\":[{\"@type\":\"ListItem\",\"position\":1,\"name\":\"Ana sayfa\",\"item\":\"https:\\\/\\\/www.bursagoz.com\\\/\"},{\"@type\":\"ListItem\",\"position\":2,\"name\":\"Excimer Laser operasyonu\"}]},{\"@type\":\"WebSite\",\"@id\":\"https:\\\/\\\/www.bursagoz.com\\\/#website\",\"url\":\"https:\\\/\\\/www.bursagoz.com\\\/\",\"name\":\"Bursa G\u00f6z Merkezi Y\u0131ld\u0131r\u0131m G\u00f6z Hastal\u0131klar\u0131 Hastanesi\",\"description\":\"Bursa G\u00f6z Merkezi | Sa\u011fl\u0131kta 10 Y\u0131ll\u0131k Te\u00e7r\u00fcbenin Yeni Ad\u0131\",\"publisher\":{\"@id\":\"https:\\\/\\\/www.bursagoz.com\\\/#organization\"},\"potentialAction\":[{\"@type\":\"SearchAction\",\"target\":{\"@type\":\"EntryPoint\",\"urlTemplate\":\"https:\\\/\\\/www.bursagoz.com\\\/?s={search_term_string}\"},\"query-input\":{\"@type\":\"PropertyValueSpecification\",\"valueRequired\":true,\"valueName\":\"search_term_string\"}}],\"inLanguage\":\"de\"},{\"@type\":[\"Organization\",\"Place\",\"HealthClub\"],\"@id\":\"https:\\\/\\\/www.bursagoz.com\\\/#organization\",\"name\":\"Bursa G\u00f6z Merkezi\",\"url\":\"https:\\\/\\\/www.bursagoz.com\\\/\",\"logo\":{\"@id\":\"https:\\\/\\\/www.bursagoz.com\\\/excimer-laser-operasyonu\\\/#local-main-organization-logo\"},\"image\":{\"@id\":\"https:\\\/\\\/www.bursagoz.com\\\/excimer-laser-operasyonu\\\/#local-main-organization-logo\"},\"sameAs\":[\"https:\\\/\\\/www.facebook.com\\\/bursagozyildirim\\\/\",\"https:\\\/\\\/x.com\\\/bursagoz_\",\"https:\\\/\\\/www.instagram.com\\\/bursagozmerkezi\",\"https:\\\/\\\/www.youtube.com\\\/channel\\\/UCpSzsUiWi-QvB9j1uUAiJew\"],\"address\":{\"@id\":\"https:\\\/\\\/www.bursagoz.com\\\/excimer-laser-operasyonu\\\/#local-main-place-address\"},\"geo\":{\"@type\":\"GeoCoordinates\",\"latitude\":\"40.191996\",\"longitude\":\"29.110874\"},\"telephone\":[\"4441469\",\"08508501469\"],\"openingHoursSpecification\":[{\"@type\":\"OpeningHoursSpecification\",\"dayOfWeek\":[\"Monday\",\"Tuesday\",\"Wednesday\",\"Thursday\",\"Friday\",\"Saturday\"],\"opens\":\"08:30\",\"closes\":\"18:00\"},{\"@type\":\"OpeningHoursSpecification\",\"dayOfWeek\":[\"Sunday\"],\"opens\":\"00:00\",\"closes\":\"00:00\"}],\"email\":\"randevu@bursagoz.com\",\"areaServed\":\"G\u00f6z Sa\u011fl\u0131\u011f\u0131\",\"taxID\":\"1910580134\"},{\"@type\":\"PostalAddress\",\"@id\":\"https:\\\/\\\/www.bursagoz.com\\\/excimer-laser-operasyonu\\\/#local-main-place-address\",\"streetAddress\":\"Dua\u00e7\u0131nar\u0131 Mahallesi Bar\u0131\u015f Caddesi No:3 Y\u0131ld\u0131r\u0131m \\\/ BURSA\",\"addressLocality\":\"BURSA\",\"postalCode\":\"16270\",\"addressRegion\":\"Y\u0131ld\u0131r\u0131m\",\"addressCountry\":\"TR\"},{\"@type\":\"ImageObject\",\"inLanguage\":\"de\",\"@id\":\"https:\\\/\\\/www.bursagoz.com\\\/excimer-laser-operasyonu\\\/#local-main-organization-logo\",\"url\":\"https:\\\/\\\/i0.wp.com\\\/www.bursagoz.com\\\/wp-content\\\/uploads\\\/2020\\\/02\\\/BGM-Logobeyazi1.png?fit=1500%2C1000&ssl=1\",\"contentUrl\":\"https:\\\/\\\/i0.wp.com\\\/www.bursagoz.com\\\/wp-content\\\/uploads\\\/2020\\\/02\\\/BGM-Logobeyazi1.png?fit=1500%2C1000&ssl=1\",\"width\":1500,\"height\":1000,\"caption\":\"Bursa G\u00f6z Merkezi\"}]}<\/script>\n<meta name=\"geo.placename\" content=\"BURSA\" \/>\n<meta name=\"geo.position\" content=\"40.191996;29.110874\" \/>\n<meta name=\"geo.region\" content=\"T\u00fcrkei\" \/>\n<!-- \/ Yoast SEO Premium plugin. -->","yoast_head_json":{"title":"Excimer Laser operasyonu - Bursa G\u00f6z Merkezi Y\u0131ld\u0131r\u0131m G\u00f6z Hastal\u0131klar\u0131 Hastanesi","robots":{"index":"index","follow":"follow","max-snippet":"max-snippet:-1","max-image-preview":"max-image-preview:large","max-video-preview":"max-video-preview:-1"},"canonical":"https:\/\/www.bursagoz.com\/de\/excimer-laser-operasyonu\/","og_locale":"de_DE","og_type":"article","og_title":"Excimer Laser operasyonu","og_description":"Excimer Laser operasyonu OPERASYONU NASIL GER\u00c7EKLE\u015e\u0130R? \u015eekil de\u011fi\u015ftirme i\u015flemi excimer laser \u0131\u015f\u0131n\u0131n\u0131n ultra hassas \u015fekillendirici yetene\u011fi sayesinde olabilmektedir. Bu \u0131\u015f\u0131n uyguland\u0131\u011f\u0131 alanda \u0131s\u0131 \u00fcretmeksizin dokular\u0131 buharla\u015ft\u0131rabilme yetisine sahiptir. Bu \u00f6zelli\u011fi sayesinde uzun y\u0131llard\u0131r t\u00fcm d\u00fcnyada g\u00fcvenle uygulanmaktad\u0131r. Miyop olan g\u00f6zlerde kornean\u0131n e\u011frili\u011fi azalt\u0131larak numaralar yok edilirken, hipermetrop g\u00f6zler i\u00e7in ise, bunun tam tersi bir durum Read More \"Excimer Laser operasyonu\"","og_url":"https:\/\/www.bursagoz.com\/de\/excimer-laser-operasyonu\/","og_site_name":"Bursa G\u00f6z Merkezi Y\u0131ld\u0131r\u0131m G\u00f6z Hastal\u0131klar\u0131 Hastanesi","article_publisher":"https:\/\/www.facebook.com\/bursagozyildirim\/","twitter_card":"summary_large_image","twitter_site":"@bursagoz_","twitter_misc":{"Gesch\u00e4tzte Lesezeit":"3\u00a0Minuten"},"schema":{"@context":"https:\/\/schema.org","@graph":[{"@type":"WebPage","@id":"https:\/\/www.bursagoz.com\/excimer-laser-operasyonu\/","url":"https:\/\/www.bursagoz.com\/excimer-laser-operasyonu\/","name":"Excimer Laser operasyonu - Bursa G\u00f6z Merkezi Y\u0131ld\u0131r\u0131m G\u00f6z Hastal\u0131klar\u0131 Hastanesi","isPartOf":{"@id":"https:\/\/www.bursagoz.com\/#website"},"datePublished":"2019-09-23T07:19:13+00:00","breadcrumb":{"@id":"https:\/\/www.bursagoz.com\/excimer-laser-operasyonu\/#breadcrumb"},"inLanguage":"de","potentialAction":[{"@type":"ReadAction","target":["https:\/\/www.bursagoz.com\/excimer-laser-operasyonu\/"]}]},{"@type":"BreadcrumbList","@id":"https:\/\/www.bursagoz.com\/excimer-laser-operasyonu\/#breadcrumb","itemListElement":[{"@type":"ListItem","position":1,"name":"Ana sayfa","item":"https:\/\/www.bursagoz.com\/"},{"@type":"ListItem","position":2,"name":"Excimer Laser operasyonu"}]},{"@type":"WebSite","@id":"https:\/\/www.bursagoz.com\/#website","url":"https:\/\/www.bursagoz.com\/","name":"Bursa G\u00f6z Merkezi Y\u0131ld\u0131r\u0131m G\u00f6z Hastal\u0131klar\u0131 Hastanesi","description":"Bursa G\u00f6z Merkezi | Sa\u011fl\u0131kta 10 Y\u0131ll\u0131k Te\u00e7r\u00fcbenin Yeni Ad\u0131","publisher":{"@id":"https:\/\/www.bursagoz.com\/#organization"},"potentialAction":[{"@type":"SearchAction","target":{"@type":"EntryPoint","urlTemplate":"https:\/\/www.bursagoz.com\/?s={search_term_string}"},"query-input":{"@type":"PropertyValueSpecification","valueRequired":true,"valueName":"search_term_string"}}],"inLanguage":"de"},{"@type":["Organization","Place","HealthClub"],"@id":"https:\/\/www.bursagoz.com\/#organization","name":"Bursa G\u00f6z Merkezi","url":"https:\/\/www.bursagoz.com\/","logo":{"@id":"https:\/\/www.bursagoz.com\/excimer-laser-operasyonu\/#local-main-organization-logo"},"image":{"@id":"https:\/\/www.bursagoz.com\/excimer-laser-operasyonu\/#local-main-organization-logo"},"sameAs":["https:\/\/www.facebook.com\/bursagozyildirim\/","https:\/\/x.com\/bursagoz_","https:\/\/www.instagram.com\/bursagozmerkezi","https:\/\/www.youtube.com\/channel\/UCpSzsUiWi-QvB9j1uUAiJew"],"address":{"@id":"https:\/\/www.bursagoz.com\/excimer-laser-operasyonu\/#local-main-place-address"},"geo":{"@type":"GeoCoordinates","latitude":"40.191996","longitude":"29.110874"},"telephone":["4441469","08508501469"],"openingHoursSpecification":[{"@type":"OpeningHoursSpecification","dayOfWeek":["Monday","Tuesday","Wednesday","Thursday","Friday","Saturday"],"opens":"08:30","closes":"18:00"},{"@type":"OpeningHoursSpecification","dayOfWeek":["Sunday"],"opens":"00:00","closes":"00:00"}],"email":"randevu@bursagoz.com","areaServed":"G\u00f6z Sa\u011fl\u0131\u011f\u0131","taxID":"1910580134"},{"@type":"PostalAddress","@id":"https:\/\/www.bursagoz.com\/excimer-laser-operasyonu\/#local-main-place-address","streetAddress":"Dua\u00e7\u0131nar\u0131 Mahallesi Bar\u0131\u015f Caddesi No:3 Y\u0131ld\u0131r\u0131m \/ BURSA","addressLocality":"BURSA","postalCode":"16270","addressRegion":"Y\u0131ld\u0131r\u0131m","addressCountry":"TR"},{"@type":"ImageObject","inLanguage":"de","@id":"https:\/\/www.bursagoz.com\/excimer-laser-operasyonu\/#local-main-organization-logo","url":"https:\/\/i0.wp.com\/www.bursagoz.com\/wp-content\/uploads\/2020\/02\/BGM-Logobeyazi1.png?fit=1500%2C1000&ssl=1","contentUrl":"https:\/\/i0.wp.com\/www.bursagoz.com\/wp-content\/uploads\/2020\/02\/BGM-Logobeyazi1.png?fit=1500%2C1000&ssl=1","width":1500,"height":1000,"caption":"Bursa G\u00f6z Merkezi"}]},"geo.placename":"BURSA","geo.position":{"lat":"40.191996","long":"29.110874"},"geo.region":"T\u00fcrkei"},"jetpack_sharing_enabled":true,"_links":{"self":[{"href":"https:\/\/www.bursagoz.com\/de\/wp-json\/wp\/v2\/pages\/1732","targetHints":{"allow":["GET"]}}],"collection":[{"href":"https:\/\/www.bursagoz.com\/de\/wp-json\/wp\/v2\/pages"}],"about":[{"href":"https:\/\/www.bursagoz.com\/de\/wp-json\/wp\/v2\/types\/page"}],"author":[{"embeddable":true,"href":"https:\/\/www.bursagoz.com\/de\/wp-json\/wp\/v2\/users\/1"}],"replies":[{"embeddable":true,"href":"https:\/\/www.bursagoz.com\/de\/wp-json\/wp\/v2\/comments?post=1732"}],"version-history":[{"count":1,"href":"https:\/\/www.bursagoz.com\/de\/wp-json\/wp\/v2\/pages\/1732\/revisions"}],"predecessor-version":[{"id":1733,"href":"https:\/\/www.bursagoz.com\/de\/wp-json\/wp\/v2\/pages\/1732\/revisions\/1733"}],"wp:attachment":[{"href":"https:\/\/www.bursagoz.com\/de\/wp-json\/wp\/v2\/media?parent=1732"}],"curies":[{"name":"wp","href":"https:\/\/api.w.org\/{rel}","templated":true}]}}