{"id":2160,"date":"2022-05-12T16:00:11","date_gmt":"2022-05-12T13:00:11","guid":{"rendered":"https:\/\/www.bursagoz.com\/?page_id=2160"},"modified":"2022-05-12T17:13:47","modified_gmt":"2022-05-12T14:13:47","slug":"katarakt-cerrahisi","status":"publish","type":"page","link":"https:\/\/www.bursagoz.com\/de\/katarakt-cerrahisi\/","title":{"rendered":"Katarakt Cerrahisi"},"content":{"rendered":"<div class=\"wpb-content-wrapper\"><div class=\"tt-shortcode_vc_row 8 vc_row wpb_row vc_row-fluid\"><div class=\"wpb_column vc_column_container vc_col-sm-12\"><div class=\"tt-shortcode_vc_clmn vc_column-inner\"><div class=\"wpb_wrapper\">\n\t<div class=\"wpb_text_column wpb_content_element\" >\n\t\t<div class=\"tt_shortcode_vc_column_text wpb_wrapper\">\n\t\t\t<h2 id=\"h-katarakt-nedir\">Katarakt Nedir?<\/h2>\n<p>G\u00f6z\u00fcm\u00fcz\u00fcn i\u00e7 k\u0131sm\u0131nda do\u011fu\u015ftan saydam bir mercek ya da lens bulunmaktad\u0131r. Bu do\u011fal lensin (merce\u011fin) saydaml\u0131\u011f\u0131n\u0131 kaybederek \u0131\u015f\u0131\u011f\u0131 az ge\u00e7irir bir hale gelmesi durumuna katarakt ad\u0131 verilmektedir.<\/p>\n<p>Katarakt ortaya \u00e7\u0131kt\u0131\u011f\u0131nda g\u00f6ze gelen \u0131\u015f\u0131k lensten ge\u00e7ip g\u00f6z\u00fcn arka k\u0131sm\u0131na rahat\u00e7a ge\u00e7emeyece\u011fi i\u00e7in ki\u015finin g\u00f6rmesinin bozulmas\u0131na neden olur. Bu durum ancak ameliyat ile etkili bir \u015fekilde tedavi edilmektedir.<\/p>\n\n\t\t<\/div>\n\t<\/div>\n<h3 id=\"h-katarakt-belirtileri-nelerdir\">Katarakt Belirtileri Nelerdir?<\/h3>\n<p>Katarakt belirtileri a\u015fa\u011f\u0131daki \u015fekilde s\u0131ralayabiliriz.<\/p>\n<ol>\n<li>Perdelenmi\u015f, bulan\u0131k g\u00f6rme<\/li>\n<li>Gece g\u00f6rme seviyesinin azalmas\u0131<\/li>\n<li>I\u015f\u0131klardan rahats\u0131zl\u0131k duyulmas\u0131<\/li>\n<li>Okuma ve di\u011fer baz\u0131 aktivitelerde daha parlak \u0131\u015f\u0131\u011fa ihtiya\u00e7 duyulmas\u0131<\/li>\n<li>I\u015f\u0131klar\u0131n etraf\u0131nda halo (\u0131\u015f\u0131klardan yans\u0131yan ve \u0131\u015f\u0131nlar\u0131n etraf\u0131nda olan renk halkas\u0131)<\/li>\n<li>G\u00f6zl\u00fck numaralar\u0131n\u0131n ya da kontakt lens numaralar\u0131nda s\u0131k s\u0131k de\u011fi\u015fiklik olmas\u0131<\/li>\n<li>Renklerin soluk g\u00f6r\u00fclmesi<\/li>\n<li>Tek g\u00f6zle \u00e7ift g\u00f6rme \u015fikayetinin ba\u015flamas\u0131<\/li>\n<\/ol>\n<p>Sizde de yukar\u0131da bahsetti\u011fimiz katarakt belirtileri varsa fazla zaman harcamadan doktorunuza ba\u015fvurun. Katarakt belirtileri ba\u015flam\u0131\u015fsa ameliyat zaman\u0131 gelmi\u015f demektir. Ancak yukar\u0131da bahsetti\u011fimiz katarakt belirtileri sadece katarakta \u00f6zg\u00fc olmay\u0131p ba\u015fka bir g\u00f6z sorunu ile ili\u015fkili olabilece\u011fini de unutmamak gerekir.<\/p>\n<h3 id=\"h-katarakt-tedavisi-nasil-yapilir\">Katarakt Tedavisi Nas\u0131l Yap\u0131l\u0131r?<\/h3>\n<p>G\u00fcn\u00fcm\u00fczde katarakt\u0131n kesin tedavi \u015fekli ameliyat ile olmaktad\u0131r. Katarakt\u0131n ameliyat d\u0131\u015f\u0131nda g\u00fcn\u00fcm\u00fczde etkili bir tedavisi bulunmamaktad\u0131r. Katarakt ameliyat\u0131nda saydaml\u0131\u011f\u0131n\u0131 kaybetmi\u015f olan lens modern fako cerrahisi ile g\u00f6z d\u0131\u015f\u0131na al\u0131n\u0131r ve yerine yapay, \u00fcretilmi\u015f g\u00f6z i\u00e7i mercekleri yerle\u015ftirilir. Baz\u0131 hastalar\u0131m\u0131z \u2018ben mercek yerle\u015ftirilmesini istemiyorum\u2019 \u015feklinde ifadelerde bulunmaktad\u0131r. Katarakt ameliyatlar\u0131nda g\u00f6ze mercek yerle\u015ftirilmesi zorunludur.<\/p>\n<h4 id=\"h-katarakt-cesitleri-nelerdir\">Katarakt \u00c7e\u015fitleri Nelerdir?<\/h4>\n<p><strong>Katarakt<\/strong> genel olarak nedenlerine g\u00f6re 3 ana grup alt\u0131nda incelenebilir.<\/p>\n<ul>\n<li><strong>Ya\u015fa ba\u011fl\u0131<\/strong><strong>: <\/strong>Do\u011fal ya\u015flanma s\u00fcrecinde g\u00f6z\u00fcm\u00fczde bulunan lensin su i\u00e7eri\u011fi azal\u0131r ve katarakt ortaya \u00e7\u0131kar.<\/li>\n<li><strong>Do\u011fumsal nedenler:<\/strong>\u00a0Kal\u0131t\u0131msal olarak bebe\u011fe aktar\u0131lan baz\u0131 metabolik hastal\u0131klara ba\u011fl\u0131 olarak yenido\u011fanda ve bebeklerde g\u00f6r\u00fclmektedir. \u00d6rne\u011fin galaktozemi ad\u0131 verilen kal\u0131t\u0131msal bir hastal\u0131k do\u011fumsal katarakta neden olabilmektedir.<\/li>\n<li><strong>\u0130kincil Nedenler:<\/strong>\u00a0Baz\u0131 ila\u00e7lar\u0131n uzun s\u00fcreli kullan\u0131m\u0131 (kortizon gibi), g\u00f6ze gelen darbeler, metabolik hastal\u0131klar (diyabet gibi) sonucunda olu\u015fan kataraktlard\u0131r.<\/li>\n<\/ul>\n<h4 id=\"h-katarakta-neden-olan-risk-faktorleri-nelerdir\"><strong>Katarakta Neden Olan Risk Fakt\u00f6rleri Nelerdir?<\/strong><\/h4>\n<p>A\u015fa\u011f\u0131daki risk fakt\u00f6rleri bir ki\u015fide katarakt ortaya \u00e7\u0131kma ihtimalini art\u0131ran fakt\u00f6rlerdir. Bu risk gruplar\u0131 i\u00e7inde iseniz ve yukar\u0131da bahsetti\u011fim katarakt belirtileri sizde de varsa muayene olman\u0131z\u0131 \u00f6neriyorum.<\/p>\n<ol>\n<li>Ya\u015f<\/li>\n<li>\u015eeker hastal\u0131\u011f\u0131 (Diyabet)<\/li>\n<li>G\u00fcne\u015f I\u015f\u0131\u011f\u0131na Fazla Maruziyet<\/li>\n<li>Sigara Kullanma<\/li>\n<li>Hipertansiyon<\/li>\n<li>Obezite<\/li>\n<li>Daha \u00f6nce g\u00f6z travmas\u0131 ge\u00e7irmi\u015f olma<\/li>\n<li>Daha \u00f6nce g\u00f6z ameliyat\u0131 olmu\u015f olmak<\/li>\n<li>Kortizol i\u00e7eren g\u00f6z damlas\u0131 ya da ila\u00e7lar\u0131n kullan\u0131m\u0131<\/li>\n<li>A\u015f\u0131r\u0131 alkol t\u00fcketimi<\/li>\n<\/ol>\n<h4 id=\"h-katarakt-olusumu-onlenebilir-mi\">Katarakt Olu\u015fumu \u00d6nlenebilir mi?<\/h4>\n<p>G\u00fcn\u00fcm\u00fcze kadar hi\u00e7bir bilimsel \u00e7al\u0131\u015fma katarakt\u0131n kesin bir \u015fekilde \u00f6nlenebilece\u011fini g\u00f6stermemi\u015ftir. Bununla birlikte a\u015fa\u011f\u0131daki \u00f6nlemlerin etkili olabilece\u011fi d\u00fc\u015f\u00fcn\u00fclmektedir.<\/p>\n<ol>\n<li>D\u00fczenli g\u00f6z muayenesi olun. D\u00fczenli g\u00f6z muayenesi sonucunda doktorunuz sizde katarakt olu\u015fumunu h\u0131zland\u0131ran bir durumu tespit edebilir ve bu konuda size bilgi verebilir.<\/li>\n<li>Sigaray\u0131 b\u0131rak\u0131n<\/li>\n<li>\u015eeker hastal\u0131\u011f\u0131, hipertansiyon gibi sistemik sa\u011fl\u0131k sorunlar\u0131n\u0131 kontrol alt\u0131na alman\u0131z\u0131n faydas\u0131 olacakt\u0131r.<\/li>\n<li>Sebze ve meyve a\u011f\u0131rl\u0131kl\u0131 bir beslenmeye ge\u00e7in. Renkli meyve ve sebzeleri diyetinize ekledi\u011finizde vitamin ve di\u011fer besleyici maddeleri eklemi\u015f oluruz. Bu da v\u00fccudumuza bol miktarda antioksidan ve vitamin ald\u0131\u011f\u0131m\u0131z anlam\u0131na gelir. G\u00fcn\u00fcm\u00fcze kadar bilimsel \u00e7al\u0131\u015fmalar antioksidan maddelerin katarakt olu\u015fumunu azaltt\u0131\u011f\u0131n\u0131 ispatlayamam\u0131\u015ft\u0131r.\u00a0Ancak yap\u0131lan b\u00fcy\u00fck bir \u00e7al\u0131\u015fma vitamin ve mineralden zengin bir beslenmenin katarakt olu\u015fum h\u0131z\u0131n\u0131 azaltt\u0131\u011f\u0131n\u0131 g\u00f6stermi\u015ftir. Meyve, sebzeler, vitamin ve mineral al\u0131m\u0131n\u0131 art\u0131ran en etkili yoldur.<\/li>\n<li>G\u00fcne\u015f g\u00f6zl\u00fc\u011f\u00fc kullan\u0131n. UV-B \u0131\u015f\u0131\u011f\u0131n\u0131 ge\u00e7irmeyen g\u00fcne\u015f g\u00f6zl\u00fcklerini kullanmak etkili olabilir.<\/li>\n<li>Alkol al\u0131m\u0131n\u0131 azalt\u0131n.<\/li>\n<\/ol>\n<h4 id=\"h-katarakt-tehlikeli-midir\">Katarakt Tehlikeli Midir?<\/h4>\n<p>Katarakt tehlikeli bir hastal\u0131k de\u011fildir. Bunu hayati risk olu\u015fturmayaca\u011f\u0131 anlam\u0131nda ifade ediyoruz. Ancak katarakt\u0131n ki\u015finin g\u00f6rmesi anlam\u0131nda riske soktu\u011fu durumlar vard\u0131r. \u00d6rne\u011fin ameliyat olmak i\u00e7in \u00e7ok uzun s\u00fcre beklemek ameliyat\u0131 zorla\u015ft\u0131rabilir. Bunun yan\u0131nda g\u00f6z tansiyonu olan bir g\u00f6zde katarakt\u0131n varl\u0131\u011f\u0131 da \u00f6zellikli bir durumdur. \u0130\u015fte bu durumda \u201dkatarakt tehlikeli mi?\u201d sorusu anlam kazanmaktad\u0131r.<\/p>\n<\/div><\/div><\/div><\/div>\n<\/div>","protected":false},"excerpt":{"rendered":"Katarakt Nedir? G\u00f6z\u00fcm\u00fcz\u00fcn i\u00e7 k\u0131sm\u0131nda do\u011fu\u015ftan saydam bir mercek ya da lens bulunmaktad\u0131r. Bu do\u011fal lensin (merce\u011fin) saydaml\u0131\u011f\u0131n\u0131 kaybederek \u0131\u015f\u0131\u011f\u0131 az ge\u00e7irir bir hale gelmesi durumuna katarakt ad\u0131 verilmektedir. Katarakt ortaya \u00e7\u0131kt\u0131\u011f\u0131nda g\u00f6ze gelen \u0131\u015f\u0131k lensten ge\u00e7ip g\u00f6z\u00fcn arka k\u0131sm\u0131na rahat\u00e7a ge\u00e7emeyece\u011fi i\u00e7in ki\u015finin g\u00f6rmesinin bozulmas\u0131na neden olur. Bu durum ancak ameliyat ile etkili bir <div class=\"btn-more-wrapper\"><a href=\"https:\/\/www.bursagoz.com\/de\/katarakt-cerrahisi\/\" class=\"btn btn-sm btn-hover-fill\"><svg class=\"icon icon-right-arrow\" version=\"1.1\" xmlns=\"http:\/\/www.w3.org\/2000\/svg\" width=\"32\" height=\"32\" viewbox=\"0 0 32 32\"><path d=\"M21.548 5.088c-0.436-0.451-1.162-0.451-1.613 0-0.436 0.436-0.436 1.162 0 1.596l8.177 8.177h-26.984c-0.629 0.001-1.129 0.501-1.129 1.13s0.5 1.145 1.129 1.145h26.984l-8.177 8.162c-0.436 0.451-0.436 1.178 0 1.613 0.451 0.451 1.178 0.451 1.613 0l10.113-10.113c0.451-0.436 0.451-1.162 0-1.596l-10.113-10.114z\"><\/path><\/svg>Read More<span class=\"screen-reader-text\"> \"Katarakt Cerrahisi\"<\/span><svg class=\"icon icon-right-arrow\" version=\"1.1\" xmlns=\"http:\/\/www.w3.org\/2000\/svg\" width=\"32\" height=\"32\" viewbox=\"0 0 32 32\"><path d=\"M21.548 5.088c-0.436-0.451-1.162-0.451-1.613 0-0.436 0.436-0.436 1.162 0 1.596l8.177 8.177h-26.984c-0.629 0.001-1.129 0.501-1.129 1.13s0.5 1.145 1.129 1.145h26.984l-8.177 8.162c-0.436 0.451-0.436 1.178 0 1.613 0.451 0.451 1.178 0.451 1.613 0l10.113-10.113c0.451-0.436 0.451-1.162 0-1.596l-10.113-10.114z\"><\/path><\/svg><\/a><\/div>","protected":false},"author":1,"featured_media":0,"parent":0,"menu_order":0,"comment_status":"closed","ping_status":"closed","template":"","meta":{"footnotes":""},"class_list":["post-2160","page","type-page","status-publish","hentry"],"yoast_head":"<!-- This site is optimized with the Yoast SEO Premium plugin v26.2 (Yoast SEO v27.5) - https:\/\/yoast.com\/product\/yoast-seo-premium-wordpress\/ -->\n<title>Katarakt Cerrahisi - Bursa G\u00f6z Merkezi Y\u0131ld\u0131r\u0131m G\u00f6z Hastal\u0131klar\u0131 Hastanesi<\/title>\n<meta name=\"robots\" content=\"index, follow, max-snippet:-1, max-image-preview:large, max-video-preview:-1\" \/>\n<link rel=\"canonical\" href=\"https:\/\/www.bursagoz.com\/de\/katarakt-cerrahisi\/\" \/>\n<meta property=\"og:locale\" content=\"de_DE\" \/>\n<meta property=\"og:type\" content=\"article\" \/>\n<meta property=\"og:title\" content=\"Katarakt Cerrahisi\" \/>\n<meta property=\"og:url\" content=\"https:\/\/www.bursagoz.com\/de\/katarakt-cerrahisi\/\" \/>\n<meta property=\"og:site_name\" content=\"Bursa G\u00f6z Merkezi Y\u0131ld\u0131r\u0131m G\u00f6z Hastal\u0131klar\u0131 Hastanesi\" \/>\n<meta property=\"article:publisher\" content=\"https:\/\/www.facebook.com\/bursagozyildirim\/\" \/>\n<meta property=\"article:modified_time\" content=\"2022-05-12T14:13:47+00:00\" \/>\n<meta name=\"twitter:card\" content=\"summary_large_image\" \/>\n<meta name=\"twitter:site\" content=\"@bursagoz_\" \/>\n<meta name=\"twitter:label1\" content=\"Gesch\u00e4tzte Lesezeit\" \/>\n\t<meta name=\"twitter:data1\" content=\"4\u00a0Minuten\" \/>\n<script type=\"application\/ld+json\" class=\"yoast-schema-graph\">{\"@context\":\"https:\\\/\\\/schema.org\",\"@graph\":[{\"@type\":\"WebPage\",\"@id\":\"https:\\\/\\\/www.bursagoz.com\\\/katarakt-cerrahisi\\\/\",\"url\":\"https:\\\/\\\/www.bursagoz.com\\\/katarakt-cerrahisi\\\/\",\"name\":\"Katarakt Cerrahisi - Bursa G\u00f6z Merkezi Y\u0131ld\u0131r\u0131m G\u00f6z Hastal\u0131klar\u0131 Hastanesi\",\"isPartOf\":{\"@id\":\"https:\\\/\\\/www.bursagoz.com\\\/#website\"},\"datePublished\":\"2022-05-12T13:00:11+00:00\",\"dateModified\":\"2022-05-12T14:13:47+00:00\",\"breadcrumb\":{\"@id\":\"https:\\\/\\\/www.bursagoz.com\\\/katarakt-cerrahisi\\\/#breadcrumb\"},\"inLanguage\":\"de\",\"potentialAction\":[{\"@type\":\"ReadAction\",\"target\":[\"https:\\\/\\\/www.bursagoz.com\\\/katarakt-cerrahisi\\\/\"]}]},{\"@type\":\"BreadcrumbList\",\"@id\":\"https:\\\/\\\/www.bursagoz.com\\\/katarakt-cerrahisi\\\/#breadcrumb\",\"itemListElement\":[{\"@type\":\"ListItem\",\"position\":1,\"name\":\"Ana sayfa\",\"item\":\"https:\\\/\\\/www.bursagoz.com\\\/\"},{\"@type\":\"ListItem\",\"position\":2,\"name\":\"Katarakt Cerrahisi\"}]},{\"@type\":\"WebSite\",\"@id\":\"https:\\\/\\\/www.bursagoz.com\\\/#website\",\"url\":\"https:\\\/\\\/www.bursagoz.com\\\/\",\"name\":\"Bursa G\u00f6z Merkezi Y\u0131ld\u0131r\u0131m G\u00f6z Hastal\u0131klar\u0131 Hastanesi\",\"description\":\"Bursa G\u00f6z Merkezi | Sa\u011fl\u0131kta 10 Y\u0131ll\u0131k Te\u00e7r\u00fcbenin Yeni Ad\u0131\",\"publisher\":{\"@id\":\"https:\\\/\\\/www.bursagoz.com\\\/#organization\"},\"potentialAction\":[{\"@type\":\"SearchAction\",\"target\":{\"@type\":\"EntryPoint\",\"urlTemplate\":\"https:\\\/\\\/www.bursagoz.com\\\/?s={search_term_string}\"},\"query-input\":{\"@type\":\"PropertyValueSpecification\",\"valueRequired\":true,\"valueName\":\"search_term_string\"}}],\"inLanguage\":\"de\"},{\"@type\":[\"Organization\",\"Place\",\"HealthClub\"],\"@id\":\"https:\\\/\\\/www.bursagoz.com\\\/#organization\",\"name\":\"Bursa G\u00f6z Merkezi\",\"url\":\"https:\\\/\\\/www.bursagoz.com\\\/\",\"logo\":{\"@id\":\"https:\\\/\\\/www.bursagoz.com\\\/katarakt-cerrahisi\\\/#local-main-organization-logo\"},\"image\":{\"@id\":\"https:\\\/\\\/www.bursagoz.com\\\/katarakt-cerrahisi\\\/#local-main-organization-logo\"},\"sameAs\":[\"https:\\\/\\\/www.facebook.com\\\/bursagozyildirim\\\/\",\"https:\\\/\\\/x.com\\\/bursagoz_\",\"https:\\\/\\\/www.instagram.com\\\/bursagozmerkezi\",\"https:\\\/\\\/www.youtube.com\\\/channel\\\/UCpSzsUiWi-QvB9j1uUAiJew\"],\"address\":{\"@id\":\"https:\\\/\\\/www.bursagoz.com\\\/katarakt-cerrahisi\\\/#local-main-place-address\"},\"geo\":{\"@type\":\"GeoCoordinates\",\"latitude\":\"40.191996\",\"longitude\":\"29.110874\"},\"telephone\":[\"4441469\",\"08508501469\"],\"openingHoursSpecification\":[{\"@type\":\"OpeningHoursSpecification\",\"dayOfWeek\":[\"Monday\",\"Tuesday\",\"Wednesday\",\"Thursday\",\"Friday\",\"Saturday\"],\"opens\":\"08:30\",\"closes\":\"18:00\"},{\"@type\":\"OpeningHoursSpecification\",\"dayOfWeek\":[\"Sunday\"],\"opens\":\"00:00\",\"closes\":\"00:00\"}],\"email\":\"randevu@bursagoz.com\",\"areaServed\":\"G\u00f6z Sa\u011fl\u0131\u011f\u0131\",\"taxID\":\"1910580134\"},{\"@type\":\"PostalAddress\",\"@id\":\"https:\\\/\\\/www.bursagoz.com\\\/katarakt-cerrahisi\\\/#local-main-place-address\",\"streetAddress\":\"Dua\u00e7\u0131nar\u0131 Mahallesi Bar\u0131\u015f Caddesi No:3 Y\u0131ld\u0131r\u0131m \\\/ BURSA\",\"addressLocality\":\"BURSA\",\"postalCode\":\"16270\",\"addressRegion\":\"Y\u0131ld\u0131r\u0131m\",\"addressCountry\":\"TR\"},{\"@type\":\"ImageObject\",\"inLanguage\":\"de\",\"@id\":\"https:\\\/\\\/www.bursagoz.com\\\/katarakt-cerrahisi\\\/#local-main-organization-logo\",\"url\":\"https:\\\/\\\/i0.wp.com\\\/www.bursagoz.com\\\/wp-content\\\/uploads\\\/2020\\\/02\\\/BGM-Logobeyazi1.png?fit=1500%2C1000&ssl=1\",\"contentUrl\":\"https:\\\/\\\/i0.wp.com\\\/www.bursagoz.com\\\/wp-content\\\/uploads\\\/2020\\\/02\\\/BGM-Logobeyazi1.png?fit=1500%2C1000&ssl=1\",\"width\":1500,\"height\":1000,\"caption\":\"Bursa G\u00f6z Merkezi\"}]}<\/script>\n<meta name=\"geo.placename\" content=\"BURSA\" \/>\n<meta name=\"geo.position\" content=\"40.191996;29.110874\" \/>\n<meta name=\"geo.region\" content=\"T\u00fcrkei\" \/>\n<!-- \/ Yoast SEO Premium plugin. -->","yoast_head_json":{"title":"Katarakt Cerrahisi - Bursa G\u00f6z Merkezi Y\u0131ld\u0131r\u0131m G\u00f6z Hastal\u0131klar\u0131 Hastanesi","robots":{"index":"index","follow":"follow","max-snippet":"max-snippet:-1","max-image-preview":"max-image-preview:large","max-video-preview":"max-video-preview:-1"},"canonical":"https:\/\/www.bursagoz.com\/de\/katarakt-cerrahisi\/","og_locale":"de_DE","og_type":"article","og_title":"Katarakt Cerrahisi","og_url":"https:\/\/www.bursagoz.com\/de\/katarakt-cerrahisi\/","og_site_name":"Bursa G\u00f6z Merkezi Y\u0131ld\u0131r\u0131m G\u00f6z Hastal\u0131klar\u0131 Hastanesi","article_publisher":"https:\/\/www.facebook.com\/bursagozyildirim\/","article_modified_time":"2022-05-12T14:13:47+00:00","twitter_card":"summary_large_image","twitter_site":"@bursagoz_","twitter_misc":{"Gesch\u00e4tzte Lesezeit":"4\u00a0Minuten"},"schema":{"@context":"https:\/\/schema.org","@graph":[{"@type":"WebPage","@id":"https:\/\/www.bursagoz.com\/katarakt-cerrahisi\/","url":"https:\/\/www.bursagoz.com\/katarakt-cerrahisi\/","name":"Katarakt Cerrahisi - Bursa G\u00f6z Merkezi Y\u0131ld\u0131r\u0131m G\u00f6z Hastal\u0131klar\u0131 Hastanesi","isPartOf":{"@id":"https:\/\/www.bursagoz.com\/#website"},"datePublished":"2022-05-12T13:00:11+00:00","dateModified":"2022-05-12T14:13:47+00:00","breadcrumb":{"@id":"https:\/\/www.bursagoz.com\/katarakt-cerrahisi\/#breadcrumb"},"inLanguage":"de","potentialAction":[{"@type":"ReadAction","target":["https:\/\/www.bursagoz.com\/katarakt-cerrahisi\/"]}]},{"@type":"BreadcrumbList","@id":"https:\/\/www.bursagoz.com\/katarakt-cerrahisi\/#breadcrumb","itemListElement":[{"@type":"ListItem","position":1,"name":"Ana sayfa","item":"https:\/\/www.bursagoz.com\/"},{"@type":"ListItem","position":2,"name":"Katarakt Cerrahisi"}]},{"@type":"WebSite","@id":"https:\/\/www.bursagoz.com\/#website","url":"https:\/\/www.bursagoz.com\/","name":"Bursa G\u00f6z Merkezi Y\u0131ld\u0131r\u0131m G\u00f6z Hastal\u0131klar\u0131 Hastanesi","description":"Bursa G\u00f6z Merkezi | Sa\u011fl\u0131kta 10 Y\u0131ll\u0131k Te\u00e7r\u00fcbenin Yeni Ad\u0131","publisher":{"@id":"https:\/\/www.bursagoz.com\/#organization"},"potentialAction":[{"@type":"SearchAction","target":{"@type":"EntryPoint","urlTemplate":"https:\/\/www.bursagoz.com\/?s={search_term_string}"},"query-input":{"@type":"PropertyValueSpecification","valueRequired":true,"valueName":"search_term_string"}}],"inLanguage":"de"},{"@type":["Organization","Place","HealthClub"],"@id":"https:\/\/www.bursagoz.com\/#organization","name":"Bursa G\u00f6z Merkezi","url":"https:\/\/www.bursagoz.com\/","logo":{"@id":"https:\/\/www.bursagoz.com\/katarakt-cerrahisi\/#local-main-organization-logo"},"image":{"@id":"https:\/\/www.bursagoz.com\/katarakt-cerrahisi\/#local-main-organization-logo"},"sameAs":["https:\/\/www.facebook.com\/bursagozyildirim\/","https:\/\/x.com\/bursagoz_","https:\/\/www.instagram.com\/bursagozmerkezi","https:\/\/www.youtube.com\/channel\/UCpSzsUiWi-QvB9j1uUAiJew"],"address":{"@id":"https:\/\/www.bursagoz.com\/katarakt-cerrahisi\/#local-main-place-address"},"geo":{"@type":"GeoCoordinates","latitude":"40.191996","longitude":"29.110874"},"telephone":["4441469","08508501469"],"openingHoursSpecification":[{"@type":"OpeningHoursSpecification","dayOfWeek":["Monday","Tuesday","Wednesday","Thursday","Friday","Saturday"],"opens":"08:30","closes":"18:00"},{"@type":"OpeningHoursSpecification","dayOfWeek":["Sunday"],"opens":"00:00","closes":"00:00"}],"email":"randevu@bursagoz.com","areaServed":"G\u00f6z Sa\u011fl\u0131\u011f\u0131","taxID":"1910580134"},{"@type":"PostalAddress","@id":"https:\/\/www.bursagoz.com\/katarakt-cerrahisi\/#local-main-place-address","streetAddress":"Dua\u00e7\u0131nar\u0131 Mahallesi Bar\u0131\u015f Caddesi No:3 Y\u0131ld\u0131r\u0131m \/ BURSA","addressLocality":"BURSA","postalCode":"16270","addressRegion":"Y\u0131ld\u0131r\u0131m","addressCountry":"TR"},{"@type":"ImageObject","inLanguage":"de","@id":"https:\/\/www.bursagoz.com\/katarakt-cerrahisi\/#local-main-organization-logo","url":"https:\/\/i0.wp.com\/www.bursagoz.com\/wp-content\/uploads\/2020\/02\/BGM-Logobeyazi1.png?fit=1500%2C1000&ssl=1","contentUrl":"https:\/\/i0.wp.com\/www.bursagoz.com\/wp-content\/uploads\/2020\/02\/BGM-Logobeyazi1.png?fit=1500%2C1000&ssl=1","width":1500,"height":1000,"caption":"Bursa G\u00f6z Merkezi"}]},"geo.placename":"BURSA","geo.position":{"lat":"40.191996","long":"29.110874"},"geo.region":"T\u00fcrkei"},"jetpack_sharing_enabled":true,"_links":{"self":[{"href":"https:\/\/www.bursagoz.com\/de\/wp-json\/wp\/v2\/pages\/2160","targetHints":{"allow":["GET"]}}],"collection":[{"href":"https:\/\/www.bursagoz.com\/de\/wp-json\/wp\/v2\/pages"}],"about":[{"href":"https:\/\/www.bursagoz.com\/de\/wp-json\/wp\/v2\/types\/page"}],"author":[{"embeddable":true,"href":"https:\/\/www.bursagoz.com\/de\/wp-json\/wp\/v2\/users\/1"}],"replies":[{"embeddable":true,"href":"https:\/\/www.bursagoz.com\/de\/wp-json\/wp\/v2\/comments?post=2160"}],"version-history":[{"count":3,"href":"https:\/\/www.bursagoz.com\/de\/wp-json\/wp\/v2\/pages\/2160\/revisions"}],"predecessor-version":[{"id":2164,"href":"https:\/\/www.bursagoz.com\/de\/wp-json\/wp\/v2\/pages\/2160\/revisions\/2164"}],"wp:attachment":[{"href":"https:\/\/www.bursagoz.com\/de\/wp-json\/wp\/v2\/media?parent=2160"}],"curies":[{"name":"wp","href":"https:\/\/api.w.org\/{rel}","templated":true}]}}