{"id":3,"date":"2019-09-16T10:36:53","date_gmt":"2019-09-16T07:36:53","guid":{"rendered":"http:\/\/cinargoz.com\/?page_id=3"},"modified":"2020-10-03T14:02:43","modified_gmt":"2020-10-03T11:02:43","slug":"gizlilik-politikasi","status":"publish","type":"page","link":"https:\/\/www.bursagoz.com\/de\/gizlilik-politikasi\/","title":{"rendered":"Gizlilik politikas\u0131"},"content":{"rendered":"<p>Bursa G\u00f6z Merkezi hizmetlerini kullanmadan \u00f6nce l\u00fctfen Gizlilik Politikas\u0131\u2019n\u0131 okuyun.<\/p>\n<p>Toplad\u0131\u011f\u0131m\u0131z Bilgiler ve Bu Bilgileri Nas\u0131l Topluyoruz?<\/p>\n<p><strong>Sosyal A\u011flar (Facebook gibi) Dahil Ba\u011fl\u0131 \u00dc\u00e7\u00fcnc\u00fc Taraf Uygulamalar\u0131ndan Ald\u0131\u011f\u0131m\u0131z Sizinle \u0130lgili Bilgiler<\/strong><\/p>\n<p>Facebook gibi sosyal a\u011flar dahil olmak \u00fczere, ba\u011fl\u0131 \u00fc\u00e7\u00fcnc\u00fc taraf uygulamalar\u0131nda hizmetlerimize ula\u015f\u0131yorsan\u0131z ya da di\u011fer Hizmetlerimiz\u2019den herhangi birine eri\u015fiyorsan\u0131z Bursa G\u00f6z, \u00fc\u00e7\u00fcnc\u00fc taraf uygulama sa\u011flay\u0131c\u0131s\u0131ndan sizin hakk\u0131n\u0131zda belirli bilgiler alabilir. Edindi\u011fimiz bilgiler, sosyal a\u011fdaki gizlilik ayarlar\u0131n\u0131za ve varsa arkada\u015flar\u0131n\u0131z\u0131n gizlilik ayarlar\u0131na ba\u011fl\u0131d\u0131r. \u00d6rne\u011fin Bursa G\u00f6z, ba\u011fl\u0131 \u00fc\u00e7\u00fcnc\u00fc taraf uygulamas\u0131n\u0131n sa\u011flay\u0131c\u0131s\u0131 taraf\u0131ndan payla\u015f\u0131lan a\u015fa\u011f\u0131daki bilgilerden baz\u0131lar\u0131n\u0131 veya t\u00fcm\u00fcn\u00fc toplayabilir ve saklayabilir:<\/p>\n<ul>\n<li>ad\u0131n\u0131z ve soyad\u0131n\u0131z;<\/li>\n<li>profil foto\u011fraf\u0131n\u0131z veya URL\u2019si;<\/li>\n<li>ad\u0131n\u0131z ve profil foto\u011fraf\u0131n\u0131z gibi herkese a\u00e7\u0131k bilgilere ba\u011fl\u0131 olabilecek kullan\u0131c\u0131 kimlik numaran\u0131z (Facebook kimlik numaras\u0131 gibi);<\/li>\n<li>arkada\u015flar\u0131n\u0131z\u0131n kullan\u0131c\u0131 kimlik numaras\u0131 ve di\u011fer herkese a\u00e7\u0131k bilgileri;<\/li>\n<li>\u00fc\u00e7\u00fcnc\u00fc taraf uygulamas\u0131na kaydolurken vermi\u015f oldu\u011funuz e-posta adresi;<\/li>\n<li>sizin ve Hizmetlerimiz\u2019e eri\u015firken kulland\u0131\u011f\u0131n\u0131z cihazlar\u0131n fiziksel konumlar\u0131;<\/li>\n<li>cinsiyetiniz;<\/li>\n<li>do\u011fum g\u00fcn\u00fcn\u00fcz ve\/veya ya\u015f aral\u0131\u011f\u0131n\u0131z;<\/li>\n<li>ba\u011fl\u0131 \u00fc\u00e7\u00fcnc\u00fc taraf uygulamas\u0131nda veya bu uygulama arac\u0131l\u0131\u011f\u0131yla ger\u00e7ekle\u015ftirdi\u011finiz aktiviteler hakk\u0131nda bilgi;<\/li>\n<li>\u00fc\u00e7\u00fcnc\u00fc taraf uygulamas\u0131ndaki di\u011fer herkese a\u00e7\u0131k bilgiler ve\/veya<\/li>\n<li>siz veya \u00fc\u00e7\u00fcnc\u00fc taraf uygulama sa\u011flay\u0131c\u0131lar\u0131n\u0131n Osmangazi G\u00f6z ile payla\u015ft\u0131\u011f\u0131 di\u011fer t\u00fcm bilgiler.<\/li>\n<\/ul>\n<p><strong>&nbsp;<\/strong><\/p>\n<p>Bilgilerinizin G\u00fcvenli\u011fi<\/p>\n<p>Bilgilerinizin hem \u00e7evrimi\u00e7i hem \u00e7evrimd\u0131\u015f\u0131 g\u00fcvenli\u011fini korumaya yard\u0131mc\u0131 olan g\u00fcvenlik \u00f6nlemleri al\u0131yoruz. Verilerinizin g\u00fcvenli ve i\u015fbu Gizlilik Politikas\u0131\u2019na uygun olarak i\u015flendi\u011finden emin olmak i\u00e7in t\u00fcm ad\u0131mlar\u0131 ataca\u011f\u0131z. Bu \u00f6nlemler, bilgilerinizin hassasiyetine g\u00f6re farkl\u0131l\u0131k g\u00f6sterir. Do\u011frudan uygulamaya kay\u0131tl\u0131 bir hesab\u0131n\u0131z varsa profil bilgileriniz, hesab\u0131n\u0131za eri\u015fmek i\u00e7in kulland\u0131\u011f\u0131n\u0131z \u015fifre ile korunur. \u201cBursa G\u00f6z Merkezi\u201d hesab\u0131n\u0131z\u0131n g\u00fcvenli\u011fini koruman\u0131z ve muhafaza etmeniz ve hesab\u0131n\u0131za yetkisiz eri\u015fim tespit etti\u011finizde bize derhal haber vermeniz \u00e7ok \u00f6nemlidir. Hizmetlerimiz\u2019e, bir sosyal a\u011fdan eri\u015fiyorsan\u0131z ve sosyal a\u011f\u0131n\u0131z korsanlar taraf\u0131ndan k\u0131r\u0131lm\u0131\u015fsa birisi izniniz olmadan bilgilerinize eri\u015febilir. Bu nedenle, sosyal a\u011f hesab\u0131 \u015fifreniz de dahil sosyal a\u011f hesab\u0131n\u0131z\u0131n bilgilerini g\u00fcvenle saklay\u0131n. Kulland\u0131ktan sonra hizmetlerimiz\u2019e eri\u015fmek i\u00e7in kulland\u0131\u011f\u0131n\u0131z sosyal a\u011f hesab\u0131n\u0131z\u0131n oturumunu kapatman\u0131z\u0131 \u00f6neririz. Hizmetlerimiz\u2019e, hasta veri taban\u0131m\u0131za ve kay\u0131tlar\u0131m\u0131za y\u00f6nelik olas\u0131 g\u00fcvenlik ihlallerine kar\u015f\u0131 \u00f6nlemler alm\u0131\u015f olsak bile hi\u00e7bir web sitesi veya internet i\u015flemi tamamen g\u00fcvenli de\u011fildir. Yetkisiz eri\u015fimlerin, bilgisayar korsanl\u0131\u011f\u0131 faaliyetlerinin, veri kay\u0131plar\u0131n\u0131n veya di\u011fer t\u00fcrl\u00fc ihlallerin asla olmayaca\u011f\u0131 garantisini veremeyiz, ayr\u0131ca Hizmetlerimiz\u2019e iletilirken ki\u015fisel bilgilerinizin g\u00fcvenli\u011fini de garanti edemeyiz. Yap\u0131lan t\u00fcm iletimlerin riski size aittir.<\/p>\n<p>Bize Ula\u015f\u0131n<\/p>\n<p>Gizlilik Politikam\u0131z ve\/veya uygulamalar\u0131 ile ilgili sorular\u0131n\u0131z, yorumlar\u0131n\u0131z veya \u015fikayetleriniz varsa l\u00fctfen bize sistem@bursagoz.com adresinden e-posta g\u00f6nderin.<\/p>","protected":false},"excerpt":{"rendered":"<p>Bursa G\u00f6z Merkezi hizmetlerini kullanmadan \u00f6nce l\u00fctfen Gizlilik Politikas\u0131\u2019n\u0131 okuyun. Toplad\u0131\u011f\u0131m\u0131z Bilgiler ve Bu Bilgileri Nas\u0131l Topluyoruz? Sosyal A\u011flar (Facebook gibi) Dahil Ba\u011fl\u0131 \u00dc\u00e7\u00fcnc\u00fc Taraf Uygulamalar\u0131ndan Ald\u0131\u011f\u0131m\u0131z Sizinle \u0130lgili Bilgiler Facebook gibi sosyal a\u011flar dahil olmak \u00fczere, ba\u011fl\u0131 \u00fc\u00e7\u00fcnc\u00fc taraf uygulamalar\u0131nda hizmetlerimize ula\u015f\u0131yorsan\u0131z ya da di\u011fer Hizmetlerimiz\u2019den herhangi birine eri\u015fiyorsan\u0131z Bursa G\u00f6z, \u00fc\u00e7\u00fcnc\u00fc taraf uygulama <\/p>\n<div class=\"btn-more-wrapper\"><a href=\"https:\/\/www.bursagoz.com\/de\/gizlilik-politikasi\/\" class=\"btn btn-sm btn-hover-fill\"><svg class=\"icon icon-right-arrow\" version=\"1.1\" xmlns=\"http:\/\/www.w3.org\/2000\/svg\" width=\"32\" height=\"32\" viewbox=\"0 0 32 32\"><path d=\"M21.548 5.088c-0.436-0.451-1.162-0.451-1.613 0-0.436 0.436-0.436 1.162 0 1.596l8.177 8.177h-26.984c-0.629 0.001-1.129 0.501-1.129 1.13s0.5 1.145 1.129 1.145h26.984l-8.177 8.162c-0.436 0.451-0.436 1.178 0 1.613 0.451 0.451 1.178 0.451 1.613 0l10.113-10.113c0.451-0.436 0.451-1.162 0-1.596l-10.113-10.114z\"><\/path><\/svg>Read More<span class=\"screen-reader-text\"> &#8220;Gizlilik politikas\u0131&#8221;<\/span><svg class=\"icon icon-right-arrow\" version=\"1.1\" xmlns=\"http:\/\/www.w3.org\/2000\/svg\" width=\"32\" height=\"32\" viewbox=\"0 0 32 32\"><path d=\"M21.548 5.088c-0.436-0.451-1.162-0.451-1.613 0-0.436 0.436-0.436 1.162 0 1.596l8.177 8.177h-26.984c-0.629 0.001-1.129 0.501-1.129 1.13s0.5 1.145 1.129 1.145h26.984l-8.177 8.162c-0.436 0.451-0.436 1.178 0 1.613 0.451 0.451 1.178 0.451 1.613 0l10.113-10.113c0.451-0.436 0.451-1.162 0-1.596l-10.113-10.114z\"><\/path><\/svg><\/a><\/div>","protected":false},"author":1,"featured_media":0,"parent":0,"menu_order":0,"comment_status":"closed","ping_status":"open","template":"","meta":{"footnotes":""},"class_list":["post-3","page","type-page","status-publish","hentry"],"yoast_head":"<!-- This site is optimized with the Yoast SEO Premium plugin v26.2 (Yoast SEO v27.5) - https:\/\/yoast.com\/product\/yoast-seo-premium-wordpress\/ -->\n<title>Gizlilik politikas\u0131 - Bursa G\u00f6z Merkezi Y\u0131ld\u0131r\u0131m G\u00f6z Hastal\u0131klar\u0131 Hastanesi<\/title>\n<meta name=\"robots\" content=\"index, follow, max-snippet:-1, max-image-preview:large, max-video-preview:-1\" \/>\n<link rel=\"canonical\" href=\"https:\/\/www.bursagoz.com\/de\/gizlilik-politikasi\/\" \/>\n<meta property=\"og:locale\" content=\"de_DE\" \/>\n<meta property=\"og:type\" content=\"article\" \/>\n<meta property=\"og:title\" content=\"Gizlilik politikas\u0131\" \/>\n<meta property=\"og:description\" content=\"Bursa G\u00f6z Merkezi hizmetlerini kullanmadan \u00f6nce l\u00fctfen Gizlilik Politikas\u0131\u2019n\u0131 okuyun. Toplad\u0131\u011f\u0131m\u0131z Bilgiler ve Bu Bilgileri Nas\u0131l Topluyoruz? Sosyal A\u011flar (Facebook gibi) Dahil Ba\u011fl\u0131 \u00dc\u00e7\u00fcnc\u00fc Taraf Uygulamalar\u0131ndan Ald\u0131\u011f\u0131m\u0131z Sizinle \u0130lgili Bilgiler Facebook gibi sosyal a\u011flar dahil olmak \u00fczere, ba\u011fl\u0131 \u00fc\u00e7\u00fcnc\u00fc taraf uygulamalar\u0131nda hizmetlerimize ula\u015f\u0131yorsan\u0131z ya da di\u011fer Hizmetlerimiz\u2019den herhangi birine eri\u015fiyorsan\u0131z Bursa G\u00f6z, \u00fc\u00e7\u00fcnc\u00fc taraf uygulama Read More &quot;Gizlilik politikas\u0131&quot;\" \/>\n<meta property=\"og:url\" content=\"https:\/\/www.bursagoz.com\/de\/gizlilik-politikasi\/\" \/>\n<meta property=\"og:site_name\" content=\"Bursa G\u00f6z Merkezi Y\u0131ld\u0131r\u0131m G\u00f6z Hastal\u0131klar\u0131 Hastanesi\" \/>\n<meta property=\"article:publisher\" content=\"https:\/\/www.facebook.com\/bursagozyildirim\/\" \/>\n<meta property=\"article:modified_time\" content=\"2020-10-03T11:02:43+00:00\" \/>\n<meta name=\"twitter:card\" content=\"summary_large_image\" \/>\n<meta name=\"twitter:site\" content=\"@bursagoz_\" \/>\n<meta name=\"twitter:label1\" content=\"Gesch\u00e4tzte Lesezeit\" \/>\n\t<meta name=\"twitter:data1\" content=\"3\u00a0Minuten\" \/>\n<script type=\"application\/ld+json\" class=\"yoast-schema-graph\">{\"@context\":\"https:\\\/\\\/schema.org\",\"@graph\":[{\"@type\":\"WebPage\",\"@id\":\"https:\\\/\\\/www.bursagoz.com\\\/gizlilik-politikasi\\\/\",\"url\":\"https:\\\/\\\/www.bursagoz.com\\\/gizlilik-politikasi\\\/\",\"name\":\"Gizlilik politikas\u0131 - Bursa G\u00f6z Merkezi Y\u0131ld\u0131r\u0131m G\u00f6z Hastal\u0131klar\u0131 Hastanesi\",\"isPartOf\":{\"@id\":\"https:\\\/\\\/www.bursagoz.com\\\/#website\"},\"datePublished\":\"2019-09-16T07:36:53+00:00\",\"dateModified\":\"2020-10-03T11:02:43+00:00\",\"breadcrumb\":{\"@id\":\"https:\\\/\\\/www.bursagoz.com\\\/gizlilik-politikasi\\\/#breadcrumb\"},\"inLanguage\":\"de\",\"potentialAction\":[{\"@type\":\"ReadAction\",\"target\":[\"https:\\\/\\\/www.bursagoz.com\\\/gizlilik-politikasi\\\/\"]}]},{\"@type\":\"BreadcrumbList\",\"@id\":\"https:\\\/\\\/www.bursagoz.com\\\/gizlilik-politikasi\\\/#breadcrumb\",\"itemListElement\":[{\"@type\":\"ListItem\",\"position\":1,\"name\":\"Ana sayfa\",\"item\":\"https:\\\/\\\/www.bursagoz.com\\\/\"},{\"@type\":\"ListItem\",\"position\":2,\"name\":\"Gizlilik politikas\u0131\"}]},{\"@type\":\"WebSite\",\"@id\":\"https:\\\/\\\/www.bursagoz.com\\\/#website\",\"url\":\"https:\\\/\\\/www.bursagoz.com\\\/\",\"name\":\"Bursa G\u00f6z Merkezi Y\u0131ld\u0131r\u0131m G\u00f6z Hastal\u0131klar\u0131 Hastanesi\",\"description\":\"Bursa G\u00f6z Merkezi | Sa\u011fl\u0131kta 10 Y\u0131ll\u0131k Te\u00e7r\u00fcbenin Yeni Ad\u0131\",\"publisher\":{\"@id\":\"https:\\\/\\\/www.bursagoz.com\\\/#organization\"},\"potentialAction\":[{\"@type\":\"SearchAction\",\"target\":{\"@type\":\"EntryPoint\",\"urlTemplate\":\"https:\\\/\\\/www.bursagoz.com\\\/?s={search_term_string}\"},\"query-input\":{\"@type\":\"PropertyValueSpecification\",\"valueRequired\":true,\"valueName\":\"search_term_string\"}}],\"inLanguage\":\"de\"},{\"@type\":[\"Organization\",\"Place\",\"HealthClub\"],\"@id\":\"https:\\\/\\\/www.bursagoz.com\\\/#organization\",\"name\":\"Bursa G\u00f6z Merkezi\",\"url\":\"https:\\\/\\\/www.bursagoz.com\\\/\",\"logo\":{\"@id\":\"https:\\\/\\\/www.bursagoz.com\\\/gizlilik-politikasi\\\/#local-main-organization-logo\"},\"image\":{\"@id\":\"https:\\\/\\\/www.bursagoz.com\\\/gizlilik-politikasi\\\/#local-main-organization-logo\"},\"sameAs\":[\"https:\\\/\\\/www.facebook.com\\\/bursagozyildirim\\\/\",\"https:\\\/\\\/x.com\\\/bursagoz_\",\"https:\\\/\\\/www.instagram.com\\\/bursagozmerkezi\",\"https:\\\/\\\/www.youtube.com\\\/channel\\\/UCpSzsUiWi-QvB9j1uUAiJew\"],\"address\":{\"@id\":\"https:\\\/\\\/www.bursagoz.com\\\/gizlilik-politikasi\\\/#local-main-place-address\"},\"geo\":{\"@type\":\"GeoCoordinates\",\"latitude\":\"40.191996\",\"longitude\":\"29.110874\"},\"telephone\":[\"4441469\",\"08508501469\"],\"openingHoursSpecification\":[{\"@type\":\"OpeningHoursSpecification\",\"dayOfWeek\":[\"Monday\",\"Tuesday\",\"Wednesday\",\"Thursday\",\"Friday\",\"Saturday\"],\"opens\":\"08:30\",\"closes\":\"18:00\"},{\"@type\":\"OpeningHoursSpecification\",\"dayOfWeek\":[\"Sunday\"],\"opens\":\"00:00\",\"closes\":\"00:00\"}],\"email\":\"randevu@bursagoz.com\",\"areaServed\":\"G\u00f6z Sa\u011fl\u0131\u011f\u0131\",\"taxID\":\"1910580134\"},{\"@type\":\"PostalAddress\",\"@id\":\"https:\\\/\\\/www.bursagoz.com\\\/gizlilik-politikasi\\\/#local-main-place-address\",\"streetAddress\":\"Dua\u00e7\u0131nar\u0131 Mahallesi Bar\u0131\u015f Caddesi No:3 Y\u0131ld\u0131r\u0131m \\\/ BURSA\",\"addressLocality\":\"BURSA\",\"postalCode\":\"16270\",\"addressRegion\":\"Y\u0131ld\u0131r\u0131m\",\"addressCountry\":\"TR\"},{\"@type\":\"ImageObject\",\"inLanguage\":\"de\",\"@id\":\"https:\\\/\\\/www.bursagoz.com\\\/gizlilik-politikasi\\\/#local-main-organization-logo\",\"url\":\"https:\\\/\\\/i0.wp.com\\\/www.bursagoz.com\\\/wp-content\\\/uploads\\\/2020\\\/02\\\/BGM-Logobeyazi1.png?fit=1500%2C1000&ssl=1\",\"contentUrl\":\"https:\\\/\\\/i0.wp.com\\\/www.bursagoz.com\\\/wp-content\\\/uploads\\\/2020\\\/02\\\/BGM-Logobeyazi1.png?fit=1500%2C1000&ssl=1\",\"width\":1500,\"height\":1000,\"caption\":\"Bursa G\u00f6z Merkezi\"}]}<\/script>\n<meta name=\"geo.placename\" content=\"BURSA\" \/>\n<meta name=\"geo.position\" content=\"40.191996;29.110874\" \/>\n<meta name=\"geo.region\" content=\"T\u00fcrkei\" \/>\n<!-- \/ Yoast SEO Premium plugin. -->","yoast_head_json":{"title":"Gizlilik politikas\u0131 - Bursa G\u00f6z Merkezi Y\u0131ld\u0131r\u0131m G\u00f6z Hastal\u0131klar\u0131 Hastanesi","robots":{"index":"index","follow":"follow","max-snippet":"max-snippet:-1","max-image-preview":"max-image-preview:large","max-video-preview":"max-video-preview:-1"},"canonical":"https:\/\/www.bursagoz.com\/de\/gizlilik-politikasi\/","og_locale":"de_DE","og_type":"article","og_title":"Gizlilik politikas\u0131","og_description":"Bursa G\u00f6z Merkezi hizmetlerini kullanmadan \u00f6nce l\u00fctfen Gizlilik Politikas\u0131\u2019n\u0131 okuyun. Toplad\u0131\u011f\u0131m\u0131z Bilgiler ve Bu Bilgileri Nas\u0131l Topluyoruz? Sosyal A\u011flar (Facebook gibi) Dahil Ba\u011fl\u0131 \u00dc\u00e7\u00fcnc\u00fc Taraf Uygulamalar\u0131ndan Ald\u0131\u011f\u0131m\u0131z Sizinle \u0130lgili Bilgiler Facebook gibi sosyal a\u011flar dahil olmak \u00fczere, ba\u011fl\u0131 \u00fc\u00e7\u00fcnc\u00fc taraf uygulamalar\u0131nda hizmetlerimize ula\u015f\u0131yorsan\u0131z ya da di\u011fer Hizmetlerimiz\u2019den herhangi birine eri\u015fiyorsan\u0131z Bursa G\u00f6z, \u00fc\u00e7\u00fcnc\u00fc taraf uygulama Read More \"Gizlilik politikas\u0131\"","og_url":"https:\/\/www.bursagoz.com\/de\/gizlilik-politikasi\/","og_site_name":"Bursa G\u00f6z Merkezi Y\u0131ld\u0131r\u0131m G\u00f6z Hastal\u0131klar\u0131 Hastanesi","article_publisher":"https:\/\/www.facebook.com\/bursagozyildirim\/","article_modified_time":"2020-10-03T11:02:43+00:00","twitter_card":"summary_large_image","twitter_site":"@bursagoz_","twitter_misc":{"Gesch\u00e4tzte Lesezeit":"3\u00a0Minuten"},"schema":{"@context":"https:\/\/schema.org","@graph":[{"@type":"WebPage","@id":"https:\/\/www.bursagoz.com\/gizlilik-politikasi\/","url":"https:\/\/www.bursagoz.com\/gizlilik-politikasi\/","name":"Gizlilik politikas\u0131 - Bursa G\u00f6z Merkezi Y\u0131ld\u0131r\u0131m G\u00f6z Hastal\u0131klar\u0131 Hastanesi","isPartOf":{"@id":"https:\/\/www.bursagoz.com\/#website"},"datePublished":"2019-09-16T07:36:53+00:00","dateModified":"2020-10-03T11:02:43+00:00","breadcrumb":{"@id":"https:\/\/www.bursagoz.com\/gizlilik-politikasi\/#breadcrumb"},"inLanguage":"de","potentialAction":[{"@type":"ReadAction","target":["https:\/\/www.bursagoz.com\/gizlilik-politikasi\/"]}]},{"@type":"BreadcrumbList","@id":"https:\/\/www.bursagoz.com\/gizlilik-politikasi\/#breadcrumb","itemListElement":[{"@type":"ListItem","position":1,"name":"Ana sayfa","item":"https:\/\/www.bursagoz.com\/"},{"@type":"ListItem","position":2,"name":"Gizlilik politikas\u0131"}]},{"@type":"WebSite","@id":"https:\/\/www.bursagoz.com\/#website","url":"https:\/\/www.bursagoz.com\/","name":"Bursa G\u00f6z Merkezi Y\u0131ld\u0131r\u0131m G\u00f6z Hastal\u0131klar\u0131 Hastanesi","description":"Bursa G\u00f6z Merkezi | Sa\u011fl\u0131kta 10 Y\u0131ll\u0131k Te\u00e7r\u00fcbenin Yeni Ad\u0131","publisher":{"@id":"https:\/\/www.bursagoz.com\/#organization"},"potentialAction":[{"@type":"SearchAction","target":{"@type":"EntryPoint","urlTemplate":"https:\/\/www.bursagoz.com\/?s={search_term_string}"},"query-input":{"@type":"PropertyValueSpecification","valueRequired":true,"valueName":"search_term_string"}}],"inLanguage":"de"},{"@type":["Organization","Place","HealthClub"],"@id":"https:\/\/www.bursagoz.com\/#organization","name":"Bursa G\u00f6z Merkezi","url":"https:\/\/www.bursagoz.com\/","logo":{"@id":"https:\/\/www.bursagoz.com\/gizlilik-politikasi\/#local-main-organization-logo"},"image":{"@id":"https:\/\/www.bursagoz.com\/gizlilik-politikasi\/#local-main-organization-logo"},"sameAs":["https:\/\/www.facebook.com\/bursagozyildirim\/","https:\/\/x.com\/bursagoz_","https:\/\/www.instagram.com\/bursagozmerkezi","https:\/\/www.youtube.com\/channel\/UCpSzsUiWi-QvB9j1uUAiJew"],"address":{"@id":"https:\/\/www.bursagoz.com\/gizlilik-politikasi\/#local-main-place-address"},"geo":{"@type":"GeoCoordinates","latitude":"40.191996","longitude":"29.110874"},"telephone":["4441469","08508501469"],"openingHoursSpecification":[{"@type":"OpeningHoursSpecification","dayOfWeek":["Monday","Tuesday","Wednesday","Thursday","Friday","Saturday"],"opens":"08:30","closes":"18:00"},{"@type":"OpeningHoursSpecification","dayOfWeek":["Sunday"],"opens":"00:00","closes":"00:00"}],"email":"randevu@bursagoz.com","areaServed":"G\u00f6z Sa\u011fl\u0131\u011f\u0131","taxID":"1910580134"},{"@type":"PostalAddress","@id":"https:\/\/www.bursagoz.com\/gizlilik-politikasi\/#local-main-place-address","streetAddress":"Dua\u00e7\u0131nar\u0131 Mahallesi Bar\u0131\u015f Caddesi No:3 Y\u0131ld\u0131r\u0131m \/ BURSA","addressLocality":"BURSA","postalCode":"16270","addressRegion":"Y\u0131ld\u0131r\u0131m","addressCountry":"TR"},{"@type":"ImageObject","inLanguage":"de","@id":"https:\/\/www.bursagoz.com\/gizlilik-politikasi\/#local-main-organization-logo","url":"https:\/\/i0.wp.com\/www.bursagoz.com\/wp-content\/uploads\/2020\/02\/BGM-Logobeyazi1.png?fit=1500%2C1000&ssl=1","contentUrl":"https:\/\/i0.wp.com\/www.bursagoz.com\/wp-content\/uploads\/2020\/02\/BGM-Logobeyazi1.png?fit=1500%2C1000&ssl=1","width":1500,"height":1000,"caption":"Bursa G\u00f6z Merkezi"}]},"geo.placename":"BURSA","geo.position":{"lat":"40.191996","long":"29.110874"},"geo.region":"T\u00fcrkei"},"jetpack_sharing_enabled":true,"_links":{"self":[{"href":"https:\/\/www.bursagoz.com\/de\/wp-json\/wp\/v2\/pages\/3","targetHints":{"allow":["GET"]}}],"collection":[{"href":"https:\/\/www.bursagoz.com\/de\/wp-json\/wp\/v2\/pages"}],"about":[{"href":"https:\/\/www.bursagoz.com\/de\/wp-json\/wp\/v2\/types\/page"}],"author":[{"embeddable":true,"href":"https:\/\/www.bursagoz.com\/de\/wp-json\/wp\/v2\/users\/1"}],"replies":[{"embeddable":true,"href":"https:\/\/www.bursagoz.com\/de\/wp-json\/wp\/v2\/comments?post=3"}],"version-history":[{"count":4,"href":"https:\/\/www.bursagoz.com\/de\/wp-json\/wp\/v2\/pages\/3\/revisions"}],"predecessor-version":[{"id":2039,"href":"https:\/\/www.bursagoz.com\/de\/wp-json\/wp\/v2\/pages\/3\/revisions\/2039"}],"wp:attachment":[{"href":"https:\/\/www.bursagoz.com\/de\/wp-json\/wp\/v2\/media?parent=3"}],"curies":[{"name":"wp","href":"https:\/\/api.w.org\/{rel}","templated":true}]}}