{"id":3339,"date":"2024-02-27T11:17:24","date_gmt":"2024-02-27T08:17:24","guid":{"rendered":"https:\/\/www.bursagoz.com\/?page_id=3339"},"modified":"2024-02-28T23:18:44","modified_gmt":"2024-02-28T20:18:44","slug":"smile-pro-goz-cizdirme-bursa","status":"publish","type":"page","link":"https:\/\/www.bursagoz.com\/de\/smile-pro-goz-cizdirme-bursa\/","title":{"rendered":"SMILE Pro &#8211; G\u00f6z \u00c7izdirme Bursa"},"content":{"rendered":"<div class=\"wpb-content-wrapper\"><div class=\"tt-shortcode_vc_row 8 vc_row wpb_row vc_row-fluid\"><div class=\"wpb_column vc_column_container vc_col-sm-12\"><div class=\"tt-shortcode_vc_clmn vc_column-inner\"><div class=\"wpb_wrapper\">\n\t<div  class=\"wpb_single_image wpb_content_element vc_align_center  wpb_animate_when_almost_visible wpb_fadeIn fadeIn\">\n\t\t\n\t\t<figure class=\"wpb_wrapper vc_figure\">\n\t\t\t<img loading=\"lazy\" decoding=\"async\" width=\"1211\" height=\"359\" src=\"https:\/\/i0.wp.com\/www.bursagoz.com\/wp-content\/uploads\/2024\/02\/SMILE_Pro_Bursa_Goz_Cizdirme-jpg.webp?fit=1211%2C359&amp;ssl=1\" class=\"vc_single_image-img clean attachment-full\" alt=\"\" title=\"SMILE_Pro_Bursa_Goz_Cizdirme\" srcset=\"https:\/\/i0.wp.com\/www.bursagoz.com\/wp-content\/uploads\/2024\/02\/SMILE_Pro_Bursa_Goz_Cizdirme-jpg.webp?w=1211&amp;ssl=1 1211w, https:\/\/i0.wp.com\/www.bursagoz.com\/wp-content\/uploads\/2024\/02\/SMILE_Pro_Bursa_Goz_Cizdirme-jpg.webp?resize=300%2C89&amp;ssl=1 300w, https:\/\/i0.wp.com\/www.bursagoz.com\/wp-content\/uploads\/2024\/02\/SMILE_Pro_Bursa_Goz_Cizdirme-jpg.webp?resize=768%2C228&amp;ssl=1 768w, https:\/\/i0.wp.com\/www.bursagoz.com\/wp-content\/uploads\/2024\/02\/SMILE_Pro_Bursa_Goz_Cizdirme-jpg.webp?resize=18%2C5&amp;ssl=1 18w\" sizes=\"auto, (max-width: 1200px) 100vw, 1200px\" \/>\n\t\t<\/figure>\n\t<\/div>\n<div class=\"vc_empty_space\"   style=\"height: 35px\"><span class=\"vc_empty_space_inner\"><\/span><\/div><div class=\"h-sub\"><span class=\"theme-color\">G\u00f6z Lazer \u00c7izdirme<\/span> Operasyonu<\/div>\n<h2 class=\"h1\">SMILE\u00ae Pro &#8211; Laser Vision<\/h2>\n<div class=\"pr-xl-1\">\n<p class=\"ch\"><strong>SMILE\u00ae Pro tedavisi<\/strong>, ReLEx smile ve Femto-LASIK&#8217;in daha da geli\u015ftirilmi\u015f halidir ve miyopi ve astigmatizma (kornean\u0131n astigmatizmas\u0131) gibi k\u0131rma kusurlar\u0131n\u0131n \u00f6zellikle g\u00fcvenli ve hassas bir \u015fekilde d\u00fczeltilmesini sa\u011flar.<\/p>\n<\/div>\n<div class=\"vc_empty_space\"   style=\"height: 50px\"><span class=\"vc_empty_space_inner\"><\/span><\/div><\/div><\/div><\/div><\/div><div class=\"tt-shortcode_vc_row 8 vc_row wpb_row vc_row-fluid\"><div class=\"wpb_column vc_column_container vc_col-sm-6\"><div class=\"tt-shortcode_vc_clmn vc_column-inner\"><div class=\"wpb_wrapper\"><div class=\"h-sub\"><span class=\"theme-color\">Dijital G\u00f6z<\/span> Haritalama<\/div>\n<h2 class=\"h1\">Teknoloji: ZEISS VISUMAX\u00ae 800<\/h2>\n<div class=\"pr-xl-1\">\n<p class=\"ch\">Carl Zeiss Visumax-800 \u00f6nceki modele g\u00f6re \u00f6nemli bir ilerlemeyi temsil ediyor ve son teknoloji SMILE Pro tedavisini sa\u011flaman\u0131n tek yoludur.<br \/>\nProsed\u00fcr daha da h\u0131zl\u0131, daha do\u011fru ve hastalar\u0131m\u0131z i\u00e7in daha az stresli hale getirmektedir.<\/p>\n<p>Visumax-800, tedavi s\u0131ras\u0131nda hassas hedefleme i\u00e7in lazeri g\u00f6ze y\u00f6nlendirmek amac\u0131yla dijital haritalama teknolojisini kullan\u0131r ve lazerin optimum tedavi i\u00e7in do\u011fru \u015fekilde y\u00f6nlendirilmesini sa\u011flar.<\/p>\n<p>SMILE (K\u00fc\u00e7\u00fck \u0130nsizyon Lentik\u00fcl Ekstraksiyonu), lazerin kornea i\u00e7inde k\u00fc\u00e7\u00fck bir kesi ile \u00e7\u0131kar\u0131ld\u0131\u011f\u0131 bir lentik\u00fcl (veya disk \u015fekli) olu\u015fturdu\u011fu minimal invazif bir prosed\u00fcrd\u00fcr. Bu, oda\u011f\u0131 optimize etmek ve g\u00f6r\u00fc\u015f\u00fc keskinle\u015ftirmek i\u00e7in korneay\u0131 yeniden \u015fekillendirir.<\/p>\n<\/div>\n<\/div><\/div><\/div><div class=\"wpb_column vc_column_container vc_col-sm-6\"><div class=\"tt-shortcode_vc_clmn vc_column-inner\"><div class=\"wpb_wrapper\">\n\t<div class=\"wpb_video_widget wpb_content_element vc_clearfix   vc_video-aspect-ratio-916 vc_video-el-width-60 vc_video-align-center\" >\n\t\t<div class=\"wpb_wrapper\">\n\t\t\t\n\t\t\t<div class=\"wpb_video_wrapper\"><iframe loading=\"lazy\" title=\"SMILE Pro - G\u00f6z \u00c7izdirme Operasyonu 2024 #g\u00f6zdoktoru #g\u00f6z\u00e7izdirme #g\u00f6zsa\u011fl\u0131\u011f\u0131 #g\u00f6z #smilelazer\" width=\"500\" height=\"281\" src=\"https:\/\/www.youtube.com\/embed\/LoXipIY9G34?feature=oembed\" frameborder=\"0\" allow=\"accelerometer; autoplay; clipboard-write; encrypted-media; gyroscope; picture-in-picture; web-share\" allowfullscreen><\/iframe><\/div>\n\t\t<\/div>\n\t<\/div>\n<\/div><\/div><\/div><\/div><div class=\"tt-shortcode_vc_row 8 vc_row wpb_row vc_row-fluid\"><div class=\"wpb_column vc_column_container vc_col-sm-6\"><div class=\"tt-shortcode_vc_clmn vc_column-inner\"><div class=\"wpb_wrapper\"><h2 class=\"h1\">SMILE Pro Lazer Prosed\u00fcr\u00fc<\/h2>\n<div class=\"pr-xl-1\">\n<p class=\"ch\">Kornea be\u015f katmandan olu\u015fur ancak SMILE Pro ameliyat\u0131, stroma olarak bilinen merkezi katmana odaklan\u0131r. Ameliyat s\u0131ras\u0131nda bilgisayar destekli bir lazer, stromada mercek \u015feklinde hassas bir disk (lentik\u00fcl olarak bilinir) olu\u015fturur. Lentik\u00fcl\u00fcn \u015fekli, kornean\u0131z\u0131n spesifik \u015feklini d\u00fczeltmek i\u00e7in \u00f6zelle\u015ftirilmi\u015ftir. Lazer daha sonra k\u00fc\u00e7\u00fck bir anahtar deli\u011fi kesi\u011fi yapar ve lentik\u00fcl \u00e7\u0131kar\u0131l\u0131r. \u0130\u015flem tamamland\u0131\u011f\u0131nda kornea, oda\u011f\u0131 optimize edecek ve g\u00f6r\u00fc\u015f\u00fc uzun vadede keskinle\u015ftirecek \u015fekilde \u015fekillendirilir.<\/p>\n<\/div>\n<\/div><\/div><\/div><div class=\"wpb_column vc_column_container vc_col-sm-6\"><div class=\"tt-shortcode_vc_clmn vc_column-inner\"><div class=\"wpb_wrapper\"><img loading=\"lazy\" decoding=\"async\" width=\"630\" height=\"398\" src=\"https:\/\/i0.wp.com\/www.bursagoz.com\/wp-content\/uploads\/2024\/02\/SMILE_Pro_ameliyati-jpg.webp?fit=630%2C398&amp;ssl=1\" class=\"vc_single_image-img  attachment-full\" alt=\"\" title=\"SMILE_Pro_ameliyati\" srcset=\"https:\/\/i0.wp.com\/www.bursagoz.com\/wp-content\/uploads\/2024\/02\/SMILE_Pro_ameliyati-jpg.webp?w=630&amp;ssl=1 630w, https:\/\/i0.wp.com\/www.bursagoz.com\/wp-content\/uploads\/2024\/02\/SMILE_Pro_ameliyati-jpg.webp?resize=300%2C190&amp;ssl=1 300w, https:\/\/i0.wp.com\/www.bursagoz.com\/wp-content\/uploads\/2024\/02\/SMILE_Pro_ameliyati-jpg.webp?resize=18%2C12&amp;ssl=1 18w\" sizes=\"auto, (max-width: 630px) 100vw, 630px\" \/><\/div><\/div><\/div><\/div><div class=\"tt-shortcode_vc_row 8 vc_row wpb_row vc_row-fluid\"><div class=\"wpb_column vc_column_container vc_col-sm-12\"><div class=\"tt-shortcode_vc_clmn vc_column-inner\"><div class=\"wpb_wrapper\"><h2 class=\"h1\" style=\"text-align: center;\">SMILE Pro Lazer G\u00f6z \u00c7izdirme \u0130\u015flemi<\/h2>\n\n\t<div class=\"wpb_text_column wpb_content_element\" >\n\t\t<div class=\"tt_shortcode_vc_column_text wpb_wrapper\">\n\t\t\t<p style=\"text-align: center;\">SMILE Pro tedavisi ince korneal\u0131 ve \u00e7ok y\u00fcksek olmayan miyop ve astigmatl\u0131 g\u00f6zlerde uygulad\u0131\u011f\u0131m\u0131z ki\u015fiye \u00f6zel y\u00fczeysel lazer operasyon i\u015flemidir. Tetkik ve muayene sonucunda g\u00f6z yap\u0131s\u0131 doktor taraf\u0131ndan ameliyata uygun bulunan ki\u015filere SMILE Pro lazer i\u015flemi uygulanabilir.<\/p>\n<p style=\"text-align: center;\">SMILE Pro ile miyop ve astigmat problemlerinde ba\u015far\u0131l\u0131 sonu\u00e7lar al\u0131nmaktad\u0131r ve lazer sonras\u0131 kuru g\u00f6z sorunlar\u0131 en minimize \u015fekile indirgenmektedir.<\/p>\n\n\t\t<\/div>\n\t<\/div>\n<\/div><\/div><\/div><\/div><div class=\"tt-shortcode_vc_row 8 vc_row wpb_row vc_row-fluid\"><div class=\"wpb_column vc_column_container vc_col-sm-12 vc_col-has-fill\"><div class=\"tt-shortcode_vc_clmn vc_column-inner vc_custom_1671019143501\"><div class=\"wpb_wrapper\">\n\t<div class=\"wpb_video_widget wpb_content_element vc_clearfix   vc_video-aspect-ratio-169 vc_video-el-width-100 vc_video-align-center\" >\n\t\t<div class=\"wpb_wrapper\">\n\t\t\t\n\t\t\t<div class=\"wpb_video_wrapper\"><iframe loading=\"lazy\" title=\"SMILE Pro VisuMax 800 Zeiss ( G\u00f6z \u00c7izdirme)\" width=\"500\" height=\"281\" src=\"https:\/\/www.youtube.com\/embed\/PMJAhqdtaSs?feature=oembed\" frameborder=\"0\" allow=\"accelerometer; autoplay; clipboard-write; encrypted-media; gyroscope; picture-in-picture; web-share\" allowfullscreen><\/iframe><\/div>\n\t\t<\/div>\n\t<\/div>\n<\/div><\/div><\/div><\/div>\n<\/div>","protected":false},"excerpt":{"rendered":"G\u00f6z Lazer \u00c7izdirme Operasyonu SMILE\u00ae Pro - Laser Vision SMILE\u00ae Pro tedavisi, ReLEx smile ve Femto-LASIK'in daha da geli\u015ftirilmi\u015f halidir ve miyopi ve astigmatizma (kornean\u0131n astigmatizmas\u0131) gibi k\u0131rma kusurlar\u0131n\u0131n \u00f6zellikle g\u00fcvenli ve hassas bir \u015fekilde d\u00fczeltilmesini sa\u011flar. Dijital G\u00f6z Haritalama Teknoloji: ZEISS VISUMAX\u00ae 800 Carl Zeiss Visumax-800 \u00f6nceki modele g\u00f6re \u00f6nemli bir ilerlemeyi temsil ediyor <div class=\"btn-more-wrapper\"><a href=\"https:\/\/www.bursagoz.com\/de\/smile-pro-goz-cizdirme-bursa\/\" class=\"btn btn-sm btn-hover-fill\"><svg class=\"icon icon-right-arrow\" version=\"1.1\" xmlns=\"http:\/\/www.w3.org\/2000\/svg\" width=\"32\" height=\"32\" viewbox=\"0 0 32 32\"><path d=\"M21.548 5.088c-0.436-0.451-1.162-0.451-1.613 0-0.436 0.436-0.436 1.162 0 1.596l8.177 8.177h-26.984c-0.629 0.001-1.129 0.501-1.129 1.13s0.5 1.145 1.129 1.145h26.984l-8.177 8.162c-0.436 0.451-0.436 1.178 0 1.613 0.451 0.451 1.178 0.451 1.613 0l10.113-10.113c0.451-0.436 0.451-1.162 0-1.596l-10.113-10.114z\"><\/path><\/svg>Read More<span class=\"screen-reader-text\"> \"SMILE Pro &#8211; G\u00f6z \u00c7izdirme Bursa\"<\/span><svg class=\"icon icon-right-arrow\" version=\"1.1\" xmlns=\"http:\/\/www.w3.org\/2000\/svg\" width=\"32\" height=\"32\" viewbox=\"0 0 32 32\"><path d=\"M21.548 5.088c-0.436-0.451-1.162-0.451-1.613 0-0.436 0.436-0.436 1.162 0 1.596l8.177 8.177h-26.984c-0.629 0.001-1.129 0.501-1.129 1.13s0.5 1.145 1.129 1.145h26.984l-8.177 8.162c-0.436 0.451-0.436 1.178 0 1.613 0.451 0.451 1.178 0.451 1.613 0l10.113-10.113c0.451-0.436 0.451-1.162 0-1.596l-10.113-10.114z\"><\/path><\/svg><\/a><\/div>","protected":false},"author":1,"featured_media":0,"parent":0,"menu_order":0,"comment_status":"closed","ping_status":"closed","template":"","meta":{"footnotes":""},"class_list":["post-3339","page","type-page","status-publish","hentry"],"yoast_head":"<!-- This site is optimized with the Yoast SEO Premium plugin v26.2 (Yoast SEO v27.5) - https:\/\/yoast.com\/product\/yoast-seo-premium-wordpress\/ -->\n<title>SMILE Pro - G\u00f6z \u00c7izdirme Bursa - Bursa G\u00f6z Merkezi<\/title>\n<meta name=\"description\" content=\"SMILE Pro G\u00f6z \u00c7izdirme ince korneal\u0131 ve \u00e7ok y\u00fcksek olmayan miyop ve astigmatl\u0131 g\u00f6zlerde uygulad\u0131\u011f\u0131m\u0131z ki\u015fiye \u00f6zel y\u00fczeysel lazer operasyon\" \/>\n<meta name=\"robots\" content=\"index, follow, max-snippet:-1, max-image-preview:large, max-video-preview:-1\" \/>\n<link rel=\"canonical\" href=\"https:\/\/www.bursagoz.com\/de\/smile-pro-goz-cizdirme-bursa\/\" \/>\n<meta property=\"og:locale\" content=\"de_DE\" \/>\n<meta property=\"og:type\" content=\"article\" \/>\n<meta property=\"og:title\" content=\"Blefaroplasti ile gen\u00e7le\u015febilirsiniz.\" \/>\n<meta property=\"og:description\" content=\"Blefaroplasti olan g\u00f6z kapa\u011f\u0131 esteti\u011fi, en s\u0131k yap\u0131lan y\u00fcz gen\u00e7le\u015ftirme i\u015flemidir.Do\u011fumsal veya sornadan olu\u015fan g\u00f6z kapa\u011f\u0131 d\u00fc\u015f\u00fckl\u00fc\u011f\u00fc ya da g\u00f6z alt\u0131 torbalar\u0131 bu y\u00f6ntem ile giderilebilir.\" \/>\n<meta property=\"og:url\" content=\"https:\/\/www.bursagoz.com\/de\/smile-pro-goz-cizdirme-bursa\/\" \/>\n<meta property=\"og:site_name\" content=\"Bursa G\u00f6z Merkezi Y\u0131ld\u0131r\u0131m G\u00f6z Hastal\u0131klar\u0131 Hastanesi\" \/>\n<meta property=\"article:publisher\" content=\"https:\/\/www.facebook.com\/bursagozyildirim\/\" \/>\n<meta property=\"article:modified_time\" content=\"2024-02-28T20:18:44+00:00\" \/>\n<meta property=\"og:image\" content=\"https:\/\/www.bursagoz.com\/wp-content\/uploads\/2020\/02\/Blefaroplasti-bursagoz-merkezi.jpg\" \/>\n\t<meta property=\"og:image:width\" content=\"1200\" \/>\n\t<meta property=\"og:image:height\" content=\"630\" \/>\n\t<meta property=\"og:image:type\" content=\"image\/jpeg\" \/>\n<meta name=\"twitter:card\" content=\"summary_large_image\" \/>\n<meta name=\"twitter:title\" content=\"SMILE Pro - G\u00f6z \u00c7izdirme Bursa\" \/>\n<meta name=\"twitter:site\" content=\"@bursagoz_\" \/>\n<meta name=\"twitter:label1\" content=\"Gesch\u00e4tzte Lesezeit\" \/>\n\t<meta name=\"twitter:data1\" content=\"3\u00a0Minuten\" \/>\n<script type=\"application\/ld+json\" class=\"yoast-schema-graph\">{\"@context\":\"https:\\\/\\\/schema.org\",\"@graph\":[{\"@type\":\"WebPage\",\"@id\":\"https:\\\/\\\/www.bursagoz.com\\\/smile-pro-goz-cizdirme-bursa\\\/\",\"url\":\"https:\\\/\\\/www.bursagoz.com\\\/smile-pro-goz-cizdirme-bursa\\\/\",\"name\":\"SMILE Pro - G\u00f6z \u00c7izdirme Bursa - Bursa G\u00f6z Merkezi\",\"isPartOf\":{\"@id\":\"https:\\\/\\\/www.bursagoz.com\\\/#website\"},\"datePublished\":\"2024-02-27T08:17:24+00:00\",\"dateModified\":\"2024-02-28T20:18:44+00:00\",\"description\":\"SMILE Pro G\u00f6z \u00c7izdirme ince korneal\u0131 ve \u00e7ok y\u00fcksek olmayan miyop ve astigmatl\u0131 g\u00f6zlerde uygulad\u0131\u011f\u0131m\u0131z ki\u015fiye \u00f6zel y\u00fczeysel lazer operasyon\",\"breadcrumb\":{\"@id\":\"https:\\\/\\\/www.bursagoz.com\\\/smile-pro-goz-cizdirme-bursa\\\/#breadcrumb\"},\"inLanguage\":\"de\",\"potentialAction\":[{\"@type\":\"ReadAction\",\"target\":[\"https:\\\/\\\/www.bursagoz.com\\\/smile-pro-goz-cizdirme-bursa\\\/\"]}]},{\"@type\":\"BreadcrumbList\",\"@id\":\"https:\\\/\\\/www.bursagoz.com\\\/smile-pro-goz-cizdirme-bursa\\\/#breadcrumb\",\"itemListElement\":[{\"@type\":\"ListItem\",\"position\":1,\"name\":\"Ana sayfa\",\"item\":\"https:\\\/\\\/www.bursagoz.com\\\/\"},{\"@type\":\"ListItem\",\"position\":2,\"name\":\"SMILE Pro &#8211; G\u00f6z \u00c7izdirme Bursa\"}]},{\"@type\":\"WebSite\",\"@id\":\"https:\\\/\\\/www.bursagoz.com\\\/#website\",\"url\":\"https:\\\/\\\/www.bursagoz.com\\\/\",\"name\":\"Bursa G\u00f6z Merkezi Y\u0131ld\u0131r\u0131m G\u00f6z Hastal\u0131klar\u0131 Hastanesi\",\"description\":\"Bursa G\u00f6z Merkezi | Sa\u011fl\u0131kta 10 Y\u0131ll\u0131k Te\u00e7r\u00fcbenin Yeni Ad\u0131\",\"publisher\":{\"@id\":\"https:\\\/\\\/www.bursagoz.com\\\/#organization\"},\"potentialAction\":[{\"@type\":\"SearchAction\",\"target\":{\"@type\":\"EntryPoint\",\"urlTemplate\":\"https:\\\/\\\/www.bursagoz.com\\\/?s={search_term_string}\"},\"query-input\":{\"@type\":\"PropertyValueSpecification\",\"valueRequired\":true,\"valueName\":\"search_term_string\"}}],\"inLanguage\":\"de\"},{\"@type\":[\"Organization\",\"Place\",\"HealthClub\"],\"@id\":\"https:\\\/\\\/www.bursagoz.com\\\/#organization\",\"name\":\"Bursa G\u00f6z Merkezi\",\"url\":\"https:\\\/\\\/www.bursagoz.com\\\/\",\"logo\":{\"@id\":\"https:\\\/\\\/www.bursagoz.com\\\/smile-pro-goz-cizdirme-bursa\\\/#local-main-organization-logo\"},\"image\":{\"@id\":\"https:\\\/\\\/www.bursagoz.com\\\/smile-pro-goz-cizdirme-bursa\\\/#local-main-organization-logo\"},\"sameAs\":[\"https:\\\/\\\/www.facebook.com\\\/bursagozyildirim\\\/\",\"https:\\\/\\\/x.com\\\/bursagoz_\",\"https:\\\/\\\/www.instagram.com\\\/bursagozmerkezi\",\"https:\\\/\\\/www.youtube.com\\\/channel\\\/UCpSzsUiWi-QvB9j1uUAiJew\"],\"address\":{\"@id\":\"https:\\\/\\\/www.bursagoz.com\\\/smile-pro-goz-cizdirme-bursa\\\/#local-main-place-address\"},\"geo\":{\"@type\":\"GeoCoordinates\",\"latitude\":\"40.191996\",\"longitude\":\"29.110874\"},\"telephone\":[\"4441469\",\"08508501469\"],\"openingHoursSpecification\":[{\"@type\":\"OpeningHoursSpecification\",\"dayOfWeek\":[\"Monday\",\"Tuesday\",\"Wednesday\",\"Thursday\",\"Friday\",\"Saturday\"],\"opens\":\"08:30\",\"closes\":\"18:00\"},{\"@type\":\"OpeningHoursSpecification\",\"dayOfWeek\":[\"Sunday\"],\"opens\":\"00:00\",\"closes\":\"00:00\"}],\"email\":\"randevu@bursagoz.com\",\"areaServed\":\"G\u00f6z Sa\u011fl\u0131\u011f\u0131\",\"taxID\":\"1910580134\"},{\"@type\":\"PostalAddress\",\"@id\":\"https:\\\/\\\/www.bursagoz.com\\\/smile-pro-goz-cizdirme-bursa\\\/#local-main-place-address\",\"streetAddress\":\"Dua\u00e7\u0131nar\u0131 Mahallesi Bar\u0131\u015f Caddesi No:3 Y\u0131ld\u0131r\u0131m \\\/ BURSA\",\"addressLocality\":\"BURSA\",\"postalCode\":\"16270\",\"addressRegion\":\"Y\u0131ld\u0131r\u0131m\",\"addressCountry\":\"TR\"},{\"@type\":\"ImageObject\",\"inLanguage\":\"de\",\"@id\":\"https:\\\/\\\/www.bursagoz.com\\\/smile-pro-goz-cizdirme-bursa\\\/#local-main-organization-logo\",\"url\":\"https:\\\/\\\/i0.wp.com\\\/www.bursagoz.com\\\/wp-content\\\/uploads\\\/2020\\\/02\\\/BGM-Logobeyazi1.png?fit=1500%2C1000&ssl=1\",\"contentUrl\":\"https:\\\/\\\/i0.wp.com\\\/www.bursagoz.com\\\/wp-content\\\/uploads\\\/2020\\\/02\\\/BGM-Logobeyazi1.png?fit=1500%2C1000&ssl=1\",\"width\":1500,\"height\":1000,\"caption\":\"Bursa G\u00f6z Merkezi\"}]}<\/script>\n<meta name=\"geo.placename\" content=\"BURSA\" \/>\n<meta name=\"geo.position\" content=\"40.191996;29.110874\" \/>\n<meta name=\"geo.region\" content=\"T\u00fcrkei\" \/>\n<!-- \/ Yoast SEO Premium plugin. -->","yoast_head_json":{"title":"SMILE Pro - G\u00f6z \u00c7izdirme Bursa - Bursa G\u00f6z Merkezi","description":"SMILE Pro G\u00f6z \u00c7izdirme ince korneal\u0131 ve \u00e7ok y\u00fcksek olmayan miyop ve astigmatl\u0131 g\u00f6zlerde uygulad\u0131\u011f\u0131m\u0131z ki\u015fiye \u00f6zel y\u00fczeysel lazer operasyon","robots":{"index":"index","follow":"follow","max-snippet":"max-snippet:-1","max-image-preview":"max-image-preview:large","max-video-preview":"max-video-preview:-1"},"canonical":"https:\/\/www.bursagoz.com\/de\/smile-pro-goz-cizdirme-bursa\/","og_locale":"de_DE","og_type":"article","og_title":"Blefaroplasti ile gen\u00e7le\u015febilirsiniz.","og_description":"Blefaroplasti olan g\u00f6z kapa\u011f\u0131 esteti\u011fi, en s\u0131k yap\u0131lan y\u00fcz gen\u00e7le\u015ftirme i\u015flemidir.Do\u011fumsal veya sornadan olu\u015fan g\u00f6z kapa\u011f\u0131 d\u00fc\u015f\u00fckl\u00fc\u011f\u00fc ya da g\u00f6z alt\u0131 torbalar\u0131 bu y\u00f6ntem ile giderilebilir.","og_url":"https:\/\/www.bursagoz.com\/de\/smile-pro-goz-cizdirme-bursa\/","og_site_name":"Bursa G\u00f6z Merkezi Y\u0131ld\u0131r\u0131m G\u00f6z Hastal\u0131klar\u0131 Hastanesi","article_publisher":"https:\/\/www.facebook.com\/bursagozyildirim\/","article_modified_time":"2024-02-28T20:18:44+00:00","og_image":[{"width":1200,"height":630,"url":"https:\/\/www.bursagoz.com\/wp-content\/uploads\/2020\/02\/Blefaroplasti-bursagoz-merkezi.jpg","type":"image\/jpeg"}],"twitter_card":"summary_large_image","twitter_title":"SMILE Pro - G\u00f6z \u00c7izdirme Bursa","twitter_site":"@bursagoz_","twitter_misc":{"Gesch\u00e4tzte Lesezeit":"3\u00a0Minuten"},"schema":{"@context":"https:\/\/schema.org","@graph":[{"@type":"WebPage","@id":"https:\/\/www.bursagoz.com\/smile-pro-goz-cizdirme-bursa\/","url":"https:\/\/www.bursagoz.com\/smile-pro-goz-cizdirme-bursa\/","name":"SMILE Pro - G\u00f6z \u00c7izdirme Bursa - Bursa G\u00f6z Merkezi","isPartOf":{"@id":"https:\/\/www.bursagoz.com\/#website"},"datePublished":"2024-02-27T08:17:24+00:00","dateModified":"2024-02-28T20:18:44+00:00","description":"SMILE Pro G\u00f6z \u00c7izdirme ince korneal\u0131 ve \u00e7ok y\u00fcksek olmayan miyop ve astigmatl\u0131 g\u00f6zlerde uygulad\u0131\u011f\u0131m\u0131z ki\u015fiye \u00f6zel y\u00fczeysel lazer operasyon","breadcrumb":{"@id":"https:\/\/www.bursagoz.com\/smile-pro-goz-cizdirme-bursa\/#breadcrumb"},"inLanguage":"de","potentialAction":[{"@type":"ReadAction","target":["https:\/\/www.bursagoz.com\/smile-pro-goz-cizdirme-bursa\/"]}]},{"@type":"BreadcrumbList","@id":"https:\/\/www.bursagoz.com\/smile-pro-goz-cizdirme-bursa\/#breadcrumb","itemListElement":[{"@type":"ListItem","position":1,"name":"Ana sayfa","item":"https:\/\/www.bursagoz.com\/"},{"@type":"ListItem","position":2,"name":"SMILE Pro &#8211; G\u00f6z \u00c7izdirme Bursa"}]},{"@type":"WebSite","@id":"https:\/\/www.bursagoz.com\/#website","url":"https:\/\/www.bursagoz.com\/","name":"Bursa G\u00f6z Merkezi Y\u0131ld\u0131r\u0131m G\u00f6z Hastal\u0131klar\u0131 Hastanesi","description":"Bursa G\u00f6z Merkezi | Sa\u011fl\u0131kta 10 Y\u0131ll\u0131k Te\u00e7r\u00fcbenin Yeni Ad\u0131","publisher":{"@id":"https:\/\/www.bursagoz.com\/#organization"},"potentialAction":[{"@type":"SearchAction","target":{"@type":"EntryPoint","urlTemplate":"https:\/\/www.bursagoz.com\/?s={search_term_string}"},"query-input":{"@type":"PropertyValueSpecification","valueRequired":true,"valueName":"search_term_string"}}],"inLanguage":"de"},{"@type":["Organization","Place","HealthClub"],"@id":"https:\/\/www.bursagoz.com\/#organization","name":"Bursa G\u00f6z Merkezi","url":"https:\/\/www.bursagoz.com\/","logo":{"@id":"https:\/\/www.bursagoz.com\/smile-pro-goz-cizdirme-bursa\/#local-main-organization-logo"},"image":{"@id":"https:\/\/www.bursagoz.com\/smile-pro-goz-cizdirme-bursa\/#local-main-organization-logo"},"sameAs":["https:\/\/www.facebook.com\/bursagozyildirim\/","https:\/\/x.com\/bursagoz_","https:\/\/www.instagram.com\/bursagozmerkezi","https:\/\/www.youtube.com\/channel\/UCpSzsUiWi-QvB9j1uUAiJew"],"address":{"@id":"https:\/\/www.bursagoz.com\/smile-pro-goz-cizdirme-bursa\/#local-main-place-address"},"geo":{"@type":"GeoCoordinates","latitude":"40.191996","longitude":"29.110874"},"telephone":["4441469","08508501469"],"openingHoursSpecification":[{"@type":"OpeningHoursSpecification","dayOfWeek":["Monday","Tuesday","Wednesday","Thursday","Friday","Saturday"],"opens":"08:30","closes":"18:00"},{"@type":"OpeningHoursSpecification","dayOfWeek":["Sunday"],"opens":"00:00","closes":"00:00"}],"email":"randevu@bursagoz.com","areaServed":"G\u00f6z Sa\u011fl\u0131\u011f\u0131","taxID":"1910580134"},{"@type":"PostalAddress","@id":"https:\/\/www.bursagoz.com\/smile-pro-goz-cizdirme-bursa\/#local-main-place-address","streetAddress":"Dua\u00e7\u0131nar\u0131 Mahallesi Bar\u0131\u015f Caddesi No:3 Y\u0131ld\u0131r\u0131m \/ BURSA","addressLocality":"BURSA","postalCode":"16270","addressRegion":"Y\u0131ld\u0131r\u0131m","addressCountry":"TR"},{"@type":"ImageObject","inLanguage":"de","@id":"https:\/\/www.bursagoz.com\/smile-pro-goz-cizdirme-bursa\/#local-main-organization-logo","url":"https:\/\/i0.wp.com\/www.bursagoz.com\/wp-content\/uploads\/2020\/02\/BGM-Logobeyazi1.png?fit=1500%2C1000&ssl=1","contentUrl":"https:\/\/i0.wp.com\/www.bursagoz.com\/wp-content\/uploads\/2020\/02\/BGM-Logobeyazi1.png?fit=1500%2C1000&ssl=1","width":1500,"height":1000,"caption":"Bursa G\u00f6z Merkezi"}]},"geo.placename":"BURSA","geo.position":{"lat":"40.191996","long":"29.110874"},"geo.region":"T\u00fcrkei"},"jetpack_sharing_enabled":true,"_links":{"self":[{"href":"https:\/\/www.bursagoz.com\/de\/wp-json\/wp\/v2\/pages\/3339","targetHints":{"allow":["GET"]}}],"collection":[{"href":"https:\/\/www.bursagoz.com\/de\/wp-json\/wp\/v2\/pages"}],"about":[{"href":"https:\/\/www.bursagoz.com\/de\/wp-json\/wp\/v2\/types\/page"}],"author":[{"embeddable":true,"href":"https:\/\/www.bursagoz.com\/de\/wp-json\/wp\/v2\/users\/1"}],"replies":[{"embeddable":true,"href":"https:\/\/www.bursagoz.com\/de\/wp-json\/wp\/v2\/comments?post=3339"}],"version-history":[{"count":7,"href":"https:\/\/www.bursagoz.com\/de\/wp-json\/wp\/v2\/pages\/3339\/revisions"}],"predecessor-version":[{"id":3350,"href":"https:\/\/www.bursagoz.com\/de\/wp-json\/wp\/v2\/pages\/3339\/revisions\/3350"}],"wp:attachment":[{"href":"https:\/\/www.bursagoz.com\/de\/wp-json\/wp\/v2\/media?parent=3339"}],"curies":[{"name":"wp","href":"https:\/\/api.w.org\/{rel}","templated":true}]}}