{"id":3363,"date":"2024-04-25T13:38:38","date_gmt":"2024-04-25T10:38:38","guid":{"rendered":"https:\/\/www.bursagoz.com\/?page_id=3363"},"modified":"2025-03-19T13:48:13","modified_gmt":"2025-03-19T10:48:13","slug":"misyon-vizyon-kalite-politikamiz","status":"publish","type":"page","link":"https:\/\/www.bursagoz.com\/de\/misyon-vizyon-kalite-politikamiz\/","title":{"rendered":"Misyon &#038; Vizyon &#038; Kalite Politikam\u0131z"},"content":{"rendered":"<div class=\"wpb-content-wrapper\"><div class=\"tt-shortcode_vc_row 8 vc_row wpb_row vc_row-fluid\" class=\"tt-shortcode_vc_row vc_row wpb_row vc_row-fluid\"><div class=\"wpb_column vc_column_container vc_col-sm-12\"><div class=\"tt-shortcode_vc_clmn vc_column-inner \"><div class=\"wpb_wrapper\">\n\t<div class=\"wpb_text_column wpb_content_element \" >\n\t\t<div class=\"tt_shortcode_vc_column_text wpb_wrapper\">\n\t\t\t<p><strong>Misyon:<\/strong><br \/>G\u00f6z sa\u011fl\u0131\u011f\u0131na y\u00f6nelik sundu\u011fumuz hizmetlerde en y\u00fcksek standartlar\u0131 benimsemek, t\u00fcm hastalar\u0131m\u0131za g\u00fcvenli, etkili ve ki\u015fiye \u00f6zel tedavi sunmak temel misyonumuzdur. Modern t\u0131bbi teknolojileri ve en son tedavi y\u00f6ntemlerini kullanarak, g\u00f6z sa\u011fl\u0131\u011f\u0131 alan\u0131ndaki sa\u011fl\u0131k hizmetlerimizi uygun ekonomik ko\u015fullarda sunmak. G\u00f6z sa\u011fl\u0131\u011f\u0131 konusunda toplumu bilin\u00e7lendirmek, hastalar\u0131m\u0131za tedavi s\u00fcre\u00e7lerinde tam bilgi sa\u011flayarak onlar\u0131n karar verme s\u00fcre\u00e7lerine katk\u0131da bulunmak, onlar\u0131 bilgilendirerek sa\u011fl\u0131kl\u0131 bir ya\u015fam tarz\u0131 benimsemelerine yard\u0131mc\u0131 olmak da misyonumuzun bir par\u00e7as\u0131d\u0131r. Ayr\u0131ca, g\u00f6z sa\u011fl\u0131\u011f\u0131 alan\u0131nda ara\u015ft\u0131rma ve geli\u015ftirme faaliyetlerine b\u00fcy\u00fck \u00f6nem veriyor; uzman kadromuzla birlikte her g\u00fcn daha iyi bir tedavi s\u00fcreci sunmak i\u00e7in \u00e7al\u0131\u015fmalar\u0131m\u0131za devam ediyoruz.<\/p>\n<p><strong>Vizyon:<\/strong><br \/>Bursa&#8217;n\u0131n en g\u00fcvenilir ve tercih edilen g\u00f6z sa\u011fl\u0131\u011f\u0131 merkezi olmak, g\u00f6z hastal\u0131klar\u0131n\u0131n tedavisinde y\u00fcksek standartlar belirleyerek, teknolojiyi ve yenilik\u00e7i tedavi y\u00f6ntemlerini en verimli \u015fekilde kullanmak. Her ya\u015f grubuna, ki\u015fiye \u00f6zel tedavi ve bak\u0131m anlay\u0131\u015f\u0131yla, g\u00f6rme sa\u011fl\u0131\u011f\u0131n\u0131 korumak ve iyile\u015ftirmek. Bursa ve \u00e7evresindeki t\u00fcm bireylerin sa\u011fl\u0131kl\u0131 g\u00f6zlere kavu\u015fmas\u0131n\u0131 sa\u011flamak, g\u00f6z sa\u011fl\u0131\u011f\u0131 konusunda birinci s\u0131n\u0131f hizmet sunmak ve sekt\u00f6rdeki en sayg\u0131n merkezlerden biri olmak.<\/p>\n<p><strong>Kalite Politikam\u0131z:<\/strong> Kalite, Bursa g\u00f6z merkezi olarak faaliyet g\u00f6sterdi\u011fimiz her alanda \u00f6nceli\u011fimizdir. Hasta memnuniyetini en \u00fcst d\u00fczeyde tutarak, s\u00fcrekli iyile\u015ftirme ve geli\u015fmeyi ama\u00e7layan bir kalite y\u00f6netim sistemi benimseriz. Bu do\u011frultuda:<\/p>\n<ul>\n<li>Hasta memnuniyetini sa\u011flamak ve hasta geri bildirimlerini de\u011ferlendirerek hizmet kalitemizi s\u00fcrekli iyile\u015ftirmek i\u00e7in \u00e7aba sarf ederiz.<\/li>\n<li>En son teknolojileri ve tedavi y\u00f6ntemlerini kullanarak, hastalar\u0131m\u0131za en iyi g\u00f6z bak\u0131m\u0131 ve tedavi hizmetini sunmay\u0131 taahh\u00fct ederiz.<\/li>\n<li>Uzman ve deneyimli personelimizle, kaliteli hizmet sunabilmek i\u00e7in s\u00fcrekli e\u011fitim ve geli\u015fime \u00f6nem veririz.<\/li>\n<li>Faaliyetlerimizde yasal d\u00fczenlemelere ve kalite standartlar\u0131na tam uyum sa\u011flamak i\u00e7in s\u00fcrekli olarak g\u00f6z merkezi politika ve prosed\u00fcrlerimizi g\u00f6zden ge\u00e7iririz.<\/li>\n<\/ul>\n<p>Bu politika do\u011frultusunda, Bursa g\u00f6z merkezi olarak kaliteli ve g\u00fcvenilir g\u00f6z bak\u0131m\u0131 hizmeti sunmay\u0131 ve hasta memnuniyetini en \u00fcst d\u00fczeyde tutmay\u0131 taahh\u00fct ediyoruz.<\/p>\n<h4>ORGAN\u0130ZASYON \u015eEMASI<\/h4>\n\n\t\t<\/div>\n\t<\/div>\n\n\t<div  class=\"wpb_single_image wpb_content_element vc_align_left\">\n\t\t\n\t\t<figure class=\"wpb_wrapper vc_figure\">\n\t\t\t<a data-rel=\"prettyPhoto[rel-3363-602024097]\" href=\"https:\/\/i0.wp.com\/www.bursagoz.com\/wp-content\/uploads\/2025\/03\/Organizasyon-Semasi.png?fit=1191%2C1024&amp;ssl=1\" target=\"_self\" class=\"tt-image__wrapper vc_single_image-wrapper   vc_box_border_grey prettyphoto\"><img loading=\"lazy\" decoding=\"async\" width=\"300\" height=\"258\" src=\"https:\/\/i0.wp.com\/www.bursagoz.com\/wp-content\/uploads\/2025\/03\/Organizasyon-Semasi.png?fit=300%2C258&amp;ssl=1\" class=\"vc_single_image-img  attachment-medium\" alt=\"\" title=\"Organizasyon-\u015eemas\u0131\" srcset=\"https:\/\/i0.wp.com\/www.bursagoz.com\/wp-content\/uploads\/2025\/03\/Organizasyon-Semasi.png?w=2400&amp;ssl=1 2400w, https:\/\/i0.wp.com\/www.bursagoz.com\/wp-content\/uploads\/2025\/03\/Organizasyon-Semasi.png?resize=300%2C258&amp;ssl=1 300w, https:\/\/i0.wp.com\/www.bursagoz.com\/wp-content\/uploads\/2025\/03\/Organizasyon-Semasi.png?resize=1191%2C1024&amp;ssl=1 1191w, https:\/\/i0.wp.com\/www.bursagoz.com\/wp-content\/uploads\/2025\/03\/Organizasyon-Semasi.png?resize=768%2C660&amp;ssl=1 768w, https:\/\/i0.wp.com\/www.bursagoz.com\/wp-content\/uploads\/2025\/03\/Organizasyon-Semasi.png?resize=1536%2C1321&amp;ssl=1 1536w, https:\/\/i0.wp.com\/www.bursagoz.com\/wp-content\/uploads\/2025\/03\/Organizasyon-Semasi.png?resize=2048%2C1761&amp;ssl=1 2048w, https:\/\/i0.wp.com\/www.bursagoz.com\/wp-content\/uploads\/2025\/03\/Organizasyon-Semasi.png?resize=14%2C12&amp;ssl=1 14w\" sizes=\"auto, (max-width: 300px) 100vw, 300px\" \/><\/a>\n\t\t<\/figure>\n\t<\/div>\n<\/div><\/div><\/div><\/div><\/div>","protected":false},"excerpt":{"rendered":"Misyon:G\u00f6z sa\u011fl\u0131\u011f\u0131na y\u00f6nelik sundu\u011fumuz hizmetlerde en y\u00fcksek standartlar\u0131 benimsemek, t\u00fcm hastalar\u0131m\u0131za g\u00fcvenli, etkili ve ki\u015fiye \u00f6zel tedavi sunmak temel misyonumuzdur. Modern t\u0131bbi teknolojileri ve en son tedavi y\u00f6ntemlerini kullanarak, g\u00f6z sa\u011fl\u0131\u011f\u0131 alan\u0131ndaki sa\u011fl\u0131k hizmetlerimizi uygun ekonomik ko\u015fullarda sunmak. G\u00f6z sa\u011fl\u0131\u011f\u0131 konusunda toplumu bilin\u00e7lendirmek, hastalar\u0131m\u0131za tedavi s\u00fcre\u00e7lerinde tam bilgi sa\u011flayarak onlar\u0131n karar verme s\u00fcre\u00e7lerine katk\u0131da bulunmak, <div class=\"btn-more-wrapper\"><a href=\"https:\/\/www.bursagoz.com\/de\/misyon-vizyon-kalite-politikamiz\/\" class=\"btn btn-sm btn-hover-fill\"><svg class=\"icon icon-right-arrow\" version=\"1.1\" xmlns=\"http:\/\/www.w3.org\/2000\/svg\" width=\"32\" height=\"32\" viewbox=\"0 0 32 32\"><path d=\"M21.548 5.088c-0.436-0.451-1.162-0.451-1.613 0-0.436 0.436-0.436 1.162 0 1.596l8.177 8.177h-26.984c-0.629 0.001-1.129 0.501-1.129 1.13s0.5 1.145 1.129 1.145h26.984l-8.177 8.162c-0.436 0.451-0.436 1.178 0 1.613 0.451 0.451 1.178 0.451 1.613 0l10.113-10.113c0.451-0.436 0.451-1.162 0-1.596l-10.113-10.114z\"><\/path><\/svg>Read More<span class=\"screen-reader-text\"> \"Misyon &#038; Vizyon &#038; Kalite Politikam\u0131z\"<\/span><svg class=\"icon icon-right-arrow\" version=\"1.1\" xmlns=\"http:\/\/www.w3.org\/2000\/svg\" width=\"32\" height=\"32\" viewbox=\"0 0 32 32\"><path d=\"M21.548 5.088c-0.436-0.451-1.162-0.451-1.613 0-0.436 0.436-0.436 1.162 0 1.596l8.177 8.177h-26.984c-0.629 0.001-1.129 0.501-1.129 1.13s0.5 1.145 1.129 1.145h26.984l-8.177 8.162c-0.436 0.451-0.436 1.178 0 1.613 0.451 0.451 1.178 0.451 1.613 0l10.113-10.113c0.451-0.436 0.451-1.162 0-1.596l-10.113-10.114z\"><\/path><\/svg><\/a><\/div>","protected":false},"author":1,"featured_media":0,"parent":0,"menu_order":0,"comment_status":"closed","ping_status":"closed","template":"","meta":{"footnotes":""},"class_list":["post-3363","page","type-page","status-publish","hentry"],"yoast_head":"<!-- This site is optimized with the Yoast SEO Premium plugin v26.2 (Yoast SEO v27.5) - https:\/\/yoast.com\/product\/yoast-seo-premium-wordpress\/ -->\n<title>Misyon &amp; Vizyon &amp; Kalite Politikam\u0131z - Bursa G\u00f6z Merkezi Y\u0131ld\u0131r\u0131m G\u00f6z Hastal\u0131klar\u0131 Hastanesi<\/title>\n<meta name=\"description\" content=\"Deneyimimiz, uzman ekibimizle birlikte hastalar\u0131m\u0131za en \u00fcst d\u00fczeyde g\u00f6z bak\u0131m\u0131 ve tedavi hizmeti sunarak, sekt\u00f6rdeki ...\" \/>\n<meta name=\"robots\" content=\"index, follow, max-snippet:-1, max-image-preview:large, max-video-preview:-1\" \/>\n<link rel=\"canonical\" href=\"https:\/\/www.bursagoz.com\/de\/misyon-vizyon-kalite-politikamiz\/\" \/>\n<meta property=\"og:locale\" content=\"de_DE\" \/>\n<meta property=\"og:type\" content=\"article\" \/>\n<meta property=\"og:title\" content=\"Misyon &amp; Vizyon &amp; Kalite Politikam\u0131z\" \/>\n<meta property=\"og:description\" content=\"Deneyimimiz, uzman ekibimizle birlikte hastalar\u0131m\u0131za en \u00fcst d\u00fczeyde g\u00f6z bak\u0131m\u0131 ve tedavi hizmeti sunarak, sekt\u00f6rdeki ...\" \/>\n<meta property=\"og:url\" content=\"https:\/\/www.bursagoz.com\/de\/misyon-vizyon-kalite-politikamiz\/\" \/>\n<meta property=\"og:site_name\" content=\"Bursa G\u00f6z Merkezi Y\u0131ld\u0131r\u0131m G\u00f6z Hastal\u0131klar\u0131 Hastanesi\" \/>\n<meta property=\"article:publisher\" content=\"https:\/\/www.facebook.com\/bursagozyildirim\/\" \/>\n<meta property=\"article:modified_time\" content=\"2025-03-19T10:48:13+00:00\" \/>\n<meta name=\"twitter:card\" content=\"summary_large_image\" \/>\n<meta name=\"twitter:site\" content=\"@bursagoz_\" \/>\n<meta name=\"twitter:label1\" content=\"Gesch\u00e4tzte Lesezeit\" \/>\n\t<meta name=\"twitter:data1\" content=\"2\u00a0Minuten\" \/>\n<script type=\"application\/ld+json\" class=\"yoast-schema-graph\">{\"@context\":\"https:\\\/\\\/schema.org\",\"@graph\":[{\"@type\":\"WebPage\",\"@id\":\"https:\\\/\\\/www.bursagoz.com\\\/misyon-vizyon-kalite-politikamiz\\\/\",\"url\":\"https:\\\/\\\/www.bursagoz.com\\\/misyon-vizyon-kalite-politikamiz\\\/\",\"name\":\"Misyon & Vizyon & Kalite Politikam\u0131z - Bursa G\u00f6z Merkezi Y\u0131ld\u0131r\u0131m G\u00f6z Hastal\u0131klar\u0131 Hastanesi\",\"isPartOf\":{\"@id\":\"https:\\\/\\\/www.bursagoz.com\\\/#website\"},\"datePublished\":\"2024-04-25T10:38:38+00:00\",\"dateModified\":\"2025-03-19T10:48:13+00:00\",\"description\":\"Deneyimimiz, uzman ekibimizle birlikte hastalar\u0131m\u0131za en \u00fcst d\u00fczeyde g\u00f6z bak\u0131m\u0131 ve tedavi hizmeti sunarak, sekt\u00f6rdeki ...\",\"breadcrumb\":{\"@id\":\"https:\\\/\\\/www.bursagoz.com\\\/misyon-vizyon-kalite-politikamiz\\\/#breadcrumb\"},\"inLanguage\":\"de\",\"potentialAction\":[{\"@type\":\"ReadAction\",\"target\":[\"https:\\\/\\\/www.bursagoz.com\\\/misyon-vizyon-kalite-politikamiz\\\/\"]}]},{\"@type\":\"BreadcrumbList\",\"@id\":\"https:\\\/\\\/www.bursagoz.com\\\/misyon-vizyon-kalite-politikamiz\\\/#breadcrumb\",\"itemListElement\":[{\"@type\":\"ListItem\",\"position\":1,\"name\":\"Ana sayfa\",\"item\":\"https:\\\/\\\/www.bursagoz.com\\\/\"},{\"@type\":\"ListItem\",\"position\":2,\"name\":\"Misyon &#038; Vizyon &#038; Kalite Politikam\u0131z\"}]},{\"@type\":\"WebSite\",\"@id\":\"https:\\\/\\\/www.bursagoz.com\\\/#website\",\"url\":\"https:\\\/\\\/www.bursagoz.com\\\/\",\"name\":\"Bursa G\u00f6z Merkezi Y\u0131ld\u0131r\u0131m G\u00f6z Hastal\u0131klar\u0131 Hastanesi\",\"description\":\"Bursa G\u00f6z Merkezi | Sa\u011fl\u0131kta 10 Y\u0131ll\u0131k Te\u00e7r\u00fcbenin Yeni Ad\u0131\",\"publisher\":{\"@id\":\"https:\\\/\\\/www.bursagoz.com\\\/#organization\"},\"potentialAction\":[{\"@type\":\"SearchAction\",\"target\":{\"@type\":\"EntryPoint\",\"urlTemplate\":\"https:\\\/\\\/www.bursagoz.com\\\/?s={search_term_string}\"},\"query-input\":{\"@type\":\"PropertyValueSpecification\",\"valueRequired\":true,\"valueName\":\"search_term_string\"}}],\"inLanguage\":\"de\"},{\"@type\":[\"Organization\",\"Place\",\"HealthClub\"],\"@id\":\"https:\\\/\\\/www.bursagoz.com\\\/#organization\",\"name\":\"Bursa G\u00f6z Merkezi\",\"url\":\"https:\\\/\\\/www.bursagoz.com\\\/\",\"logo\":{\"@id\":\"https:\\\/\\\/www.bursagoz.com\\\/misyon-vizyon-kalite-politikamiz\\\/#local-main-organization-logo\"},\"image\":{\"@id\":\"https:\\\/\\\/www.bursagoz.com\\\/misyon-vizyon-kalite-politikamiz\\\/#local-main-organization-logo\"},\"sameAs\":[\"https:\\\/\\\/www.facebook.com\\\/bursagozyildirim\\\/\",\"https:\\\/\\\/x.com\\\/bursagoz_\",\"https:\\\/\\\/www.instagram.com\\\/bursagozmerkezi\",\"https:\\\/\\\/www.youtube.com\\\/channel\\\/UCpSzsUiWi-QvB9j1uUAiJew\"],\"address\":{\"@id\":\"https:\\\/\\\/www.bursagoz.com\\\/misyon-vizyon-kalite-politikamiz\\\/#local-main-place-address\"},\"geo\":{\"@type\":\"GeoCoordinates\",\"latitude\":\"40.191996\",\"longitude\":\"29.110874\"},\"telephone\":[\"4441469\",\"08508501469\"],\"openingHoursSpecification\":[{\"@type\":\"OpeningHoursSpecification\",\"dayOfWeek\":[\"Monday\",\"Tuesday\",\"Wednesday\",\"Thursday\",\"Friday\",\"Saturday\"],\"opens\":\"08:30\",\"closes\":\"18:00\"},{\"@type\":\"OpeningHoursSpecification\",\"dayOfWeek\":[\"Sunday\"],\"opens\":\"00:00\",\"closes\":\"00:00\"}],\"email\":\"randevu@bursagoz.com\",\"areaServed\":\"G\u00f6z Sa\u011fl\u0131\u011f\u0131\",\"taxID\":\"1910580134\"},{\"@type\":\"PostalAddress\",\"@id\":\"https:\\\/\\\/www.bursagoz.com\\\/misyon-vizyon-kalite-politikamiz\\\/#local-main-place-address\",\"streetAddress\":\"Dua\u00e7\u0131nar\u0131 Mahallesi Bar\u0131\u015f Caddesi No:3 Y\u0131ld\u0131r\u0131m \\\/ BURSA\",\"addressLocality\":\"BURSA\",\"postalCode\":\"16270\",\"addressRegion\":\"Y\u0131ld\u0131r\u0131m\",\"addressCountry\":\"TR\"},{\"@type\":\"ImageObject\",\"inLanguage\":\"de\",\"@id\":\"https:\\\/\\\/www.bursagoz.com\\\/misyon-vizyon-kalite-politikamiz\\\/#local-main-organization-logo\",\"url\":\"https:\\\/\\\/i0.wp.com\\\/www.bursagoz.com\\\/wp-content\\\/uploads\\\/2020\\\/02\\\/BGM-Logobeyazi1.png?fit=1500%2C1000&ssl=1\",\"contentUrl\":\"https:\\\/\\\/i0.wp.com\\\/www.bursagoz.com\\\/wp-content\\\/uploads\\\/2020\\\/02\\\/BGM-Logobeyazi1.png?fit=1500%2C1000&ssl=1\",\"width\":1500,\"height\":1000,\"caption\":\"Bursa G\u00f6z Merkezi\"}]}<\/script>\n<meta name=\"geo.placename\" content=\"BURSA\" \/>\n<meta name=\"geo.position\" content=\"40.191996;29.110874\" \/>\n<meta name=\"geo.region\" content=\"T\u00fcrkei\" \/>\n<!-- \/ Yoast SEO Premium plugin. -->","yoast_head_json":{"title":"Misyon & Vizyon & Kalite Politikam\u0131z - Bursa G\u00f6z Merkezi Y\u0131ld\u0131r\u0131m G\u00f6z Hastal\u0131klar\u0131 Hastanesi","description":"Deneyimimiz, uzman ekibimizle birlikte hastalar\u0131m\u0131za en \u00fcst d\u00fczeyde g\u00f6z bak\u0131m\u0131 ve tedavi hizmeti sunarak, sekt\u00f6rdeki ...","robots":{"index":"index","follow":"follow","max-snippet":"max-snippet:-1","max-image-preview":"max-image-preview:large","max-video-preview":"max-video-preview:-1"},"canonical":"https:\/\/www.bursagoz.com\/de\/misyon-vizyon-kalite-politikamiz\/","og_locale":"de_DE","og_type":"article","og_title":"Misyon & Vizyon & Kalite Politikam\u0131z","og_description":"Deneyimimiz, uzman ekibimizle birlikte hastalar\u0131m\u0131za en \u00fcst d\u00fczeyde g\u00f6z bak\u0131m\u0131 ve tedavi hizmeti sunarak, sekt\u00f6rdeki ...","og_url":"https:\/\/www.bursagoz.com\/de\/misyon-vizyon-kalite-politikamiz\/","og_site_name":"Bursa G\u00f6z Merkezi Y\u0131ld\u0131r\u0131m G\u00f6z Hastal\u0131klar\u0131 Hastanesi","article_publisher":"https:\/\/www.facebook.com\/bursagozyildirim\/","article_modified_time":"2025-03-19T10:48:13+00:00","twitter_card":"summary_large_image","twitter_site":"@bursagoz_","twitter_misc":{"Gesch\u00e4tzte Lesezeit":"2\u00a0Minuten"},"schema":{"@context":"https:\/\/schema.org","@graph":[{"@type":"WebPage","@id":"https:\/\/www.bursagoz.com\/misyon-vizyon-kalite-politikamiz\/","url":"https:\/\/www.bursagoz.com\/misyon-vizyon-kalite-politikamiz\/","name":"Misyon & Vizyon & Kalite Politikam\u0131z - Bursa G\u00f6z Merkezi Y\u0131ld\u0131r\u0131m G\u00f6z Hastal\u0131klar\u0131 Hastanesi","isPartOf":{"@id":"https:\/\/www.bursagoz.com\/#website"},"datePublished":"2024-04-25T10:38:38+00:00","dateModified":"2025-03-19T10:48:13+00:00","description":"Deneyimimiz, uzman ekibimizle birlikte hastalar\u0131m\u0131za en \u00fcst d\u00fczeyde g\u00f6z bak\u0131m\u0131 ve tedavi hizmeti sunarak, sekt\u00f6rdeki ...","breadcrumb":{"@id":"https:\/\/www.bursagoz.com\/misyon-vizyon-kalite-politikamiz\/#breadcrumb"},"inLanguage":"de","potentialAction":[{"@type":"ReadAction","target":["https:\/\/www.bursagoz.com\/misyon-vizyon-kalite-politikamiz\/"]}]},{"@type":"BreadcrumbList","@id":"https:\/\/www.bursagoz.com\/misyon-vizyon-kalite-politikamiz\/#breadcrumb","itemListElement":[{"@type":"ListItem","position":1,"name":"Ana sayfa","item":"https:\/\/www.bursagoz.com\/"},{"@type":"ListItem","position":2,"name":"Misyon &#038; Vizyon &#038; Kalite Politikam\u0131z"}]},{"@type":"WebSite","@id":"https:\/\/www.bursagoz.com\/#website","url":"https:\/\/www.bursagoz.com\/","name":"Bursa G\u00f6z Merkezi Y\u0131ld\u0131r\u0131m G\u00f6z Hastal\u0131klar\u0131 Hastanesi","description":"Bursa G\u00f6z Merkezi | Sa\u011fl\u0131kta 10 Y\u0131ll\u0131k Te\u00e7r\u00fcbenin Yeni Ad\u0131","publisher":{"@id":"https:\/\/www.bursagoz.com\/#organization"},"potentialAction":[{"@type":"SearchAction","target":{"@type":"EntryPoint","urlTemplate":"https:\/\/www.bursagoz.com\/?s={search_term_string}"},"query-input":{"@type":"PropertyValueSpecification","valueRequired":true,"valueName":"search_term_string"}}],"inLanguage":"de"},{"@type":["Organization","Place","HealthClub"],"@id":"https:\/\/www.bursagoz.com\/#organization","name":"Bursa G\u00f6z Merkezi","url":"https:\/\/www.bursagoz.com\/","logo":{"@id":"https:\/\/www.bursagoz.com\/misyon-vizyon-kalite-politikamiz\/#local-main-organization-logo"},"image":{"@id":"https:\/\/www.bursagoz.com\/misyon-vizyon-kalite-politikamiz\/#local-main-organization-logo"},"sameAs":["https:\/\/www.facebook.com\/bursagozyildirim\/","https:\/\/x.com\/bursagoz_","https:\/\/www.instagram.com\/bursagozmerkezi","https:\/\/www.youtube.com\/channel\/UCpSzsUiWi-QvB9j1uUAiJew"],"address":{"@id":"https:\/\/www.bursagoz.com\/misyon-vizyon-kalite-politikamiz\/#local-main-place-address"},"geo":{"@type":"GeoCoordinates","latitude":"40.191996","longitude":"29.110874"},"telephone":["4441469","08508501469"],"openingHoursSpecification":[{"@type":"OpeningHoursSpecification","dayOfWeek":["Monday","Tuesday","Wednesday","Thursday","Friday","Saturday"],"opens":"08:30","closes":"18:00"},{"@type":"OpeningHoursSpecification","dayOfWeek":["Sunday"],"opens":"00:00","closes":"00:00"}],"email":"randevu@bursagoz.com","areaServed":"G\u00f6z Sa\u011fl\u0131\u011f\u0131","taxID":"1910580134"},{"@type":"PostalAddress","@id":"https:\/\/www.bursagoz.com\/misyon-vizyon-kalite-politikamiz\/#local-main-place-address","streetAddress":"Dua\u00e7\u0131nar\u0131 Mahallesi Bar\u0131\u015f Caddesi No:3 Y\u0131ld\u0131r\u0131m \/ BURSA","addressLocality":"BURSA","postalCode":"16270","addressRegion":"Y\u0131ld\u0131r\u0131m","addressCountry":"TR"},{"@type":"ImageObject","inLanguage":"de","@id":"https:\/\/www.bursagoz.com\/misyon-vizyon-kalite-politikamiz\/#local-main-organization-logo","url":"https:\/\/i0.wp.com\/www.bursagoz.com\/wp-content\/uploads\/2020\/02\/BGM-Logobeyazi1.png?fit=1500%2C1000&ssl=1","contentUrl":"https:\/\/i0.wp.com\/www.bursagoz.com\/wp-content\/uploads\/2020\/02\/BGM-Logobeyazi1.png?fit=1500%2C1000&ssl=1","width":1500,"height":1000,"caption":"Bursa G\u00f6z Merkezi"}]},"geo.placename":"BURSA","geo.position":{"lat":"40.191996","long":"29.110874"},"geo.region":"T\u00fcrkei"},"jetpack_sharing_enabled":true,"_links":{"self":[{"href":"https:\/\/www.bursagoz.com\/de\/wp-json\/wp\/v2\/pages\/3363","targetHints":{"allow":["GET"]}}],"collection":[{"href":"https:\/\/www.bursagoz.com\/de\/wp-json\/wp\/v2\/pages"}],"about":[{"href":"https:\/\/www.bursagoz.com\/de\/wp-json\/wp\/v2\/types\/page"}],"author":[{"embeddable":true,"href":"https:\/\/www.bursagoz.com\/de\/wp-json\/wp\/v2\/users\/1"}],"replies":[{"embeddable":true,"href":"https:\/\/www.bursagoz.com\/de\/wp-json\/wp\/v2\/comments?post=3363"}],"version-history":[{"count":6,"href":"https:\/\/www.bursagoz.com\/de\/wp-json\/wp\/v2\/pages\/3363\/revisions"}],"predecessor-version":[{"id":3475,"href":"https:\/\/www.bursagoz.com\/de\/wp-json\/wp\/v2\/pages\/3363\/revisions\/3475"}],"wp:attachment":[{"href":"https:\/\/www.bursagoz.com\/de\/wp-json\/wp\/v2\/media?parent=3363"}],"curies":[{"name":"wp","href":"https:\/\/api.w.org\/{rel}","templated":true}]}}