{"id":3377,"date":"2024-05-01T15:33:55","date_gmt":"2024-05-01T12:33:55","guid":{"rendered":"https:\/\/www.bursagoz.com\/?page_id=3377"},"modified":"2024-05-01T15:34:12","modified_gmt":"2024-05-01T12:34:12","slug":"ulasim","status":"publish","type":"page","link":"https:\/\/www.bursagoz.com\/de\/ulasim\/","title":{"rendered":"Ula\u015f\u0131m"},"content":{"rendered":"<div class=\"wpb-content-wrapper\"><p style=\"text-align: center;\"><div class=\"tt-shortcode_vc_row 8 vc_row wpb_row vc_row-fluid\"><div class=\"wpb_column vc_column_container vc_col-sm-12\"><div class=\"tt-shortcode_vc_clmn vc_column-inner\"><div class=\"wpb_wrapper\"><div class=\"wpb_gmaps_widget wpb_content_element\"><div class=\"wpb_wrapper\"><div class=\"wpb_map_wraper\"><iframe src=\"https:\/\/www.google.com\/maps\/embed?pb=!1m18!1m12!1m3!1d3047.7670941030415!2d29.1108739!3d40.19199640000001!2m3!1f0!2f0!3f0!3m2!1i1024!2i768!4f13.1!3m3!1m2!1s0x14ca3ec5ce7637d7%3A0x8290f71043db25e0!2sBursa%20G%C3%B6z%20Merkezi!5e0!3m2!1str!2str!4v1714562735914!5m2!1str!2str\" width=\"600\" height=\"450\" style=\"border:0;\" allowfullscreen=\"\" loading=\"lazy\" referrerpolicy=\"no-referrer-when-downgrade\"><\/iframe><\/div><\/div><\/div><\/div><\/div><\/div><\/div><div class=\"tt-shortcode_vc_row 8 vc_row wpb_row vc_row-fluid\"><div class=\"wpb_column vc_column_container vc_col-sm-12\"><div class=\"tt-shortcode_vc_clmn vc_column-inner\"><div class=\"wpb_wrapper\">\n\t<div class=\"wpb_text_column wpb_content_element\" >\n\t\t<div class=\"tt_shortcode_vc_column_text wpb_wrapper\">\n\t\t\t<p style=\"text-align: center;\"><strong>Merkezimize ula\u015f\u0131m do\u011fu ve bat\u0131 yakalar\u0131ndan otob\u00fcs, minib\u00fcs ve metro hatt\u0131 \u00fczerinden yap\u0131labilmektedir. 152 Evler dura\u011f\u0131nda inerek 600metre y\u00fcr\u00fcme mesafesindedir.<\/strong><br \/>\n<strong>Otogar \u00fczerinden gelen hastalar\u0131m\u0131z 98 Numaral\u0131 Otob\u00fcse binerek merkezimize \u00e7ok yak\u0131n durakta inerek ula\u015fabilirler.<\/strong><\/p>\n<p style=\"text-align: center;\">\n\n\t\t<\/div>\n\t<\/div>\n<\/div><\/div><\/div><\/div>\n<\/div>","protected":false},"excerpt":{"rendered":"Merkezimize ula\u015f\u0131m do\u011fu ve bat\u0131 yakalar\u0131ndan otob\u00fcs, minib\u00fcs ve metro hatt\u0131 \u00fczerinden yap\u0131labilmektedir. 152 Evler dura\u011f\u0131nda inerek 600metre y\u00fcr\u00fcme mesafesindedir. Otogar \u00fczerinden gelen hastalar\u0131m\u0131z 98 Numaral\u0131 Otob\u00fcse binerek merkezimize \u00e7ok yak\u0131n durakta inerek ula\u015fabilirler.","protected":false},"author":1,"featured_media":0,"parent":0,"menu_order":0,"comment_status":"closed","ping_status":"closed","template":"","meta":{"footnotes":""},"class_list":["post-3377","page","type-page","status-publish","hentry"],"yoast_head":"<!-- This site is optimized with the Yoast SEO Premium plugin v26.2 (Yoast SEO v27.5) - https:\/\/yoast.com\/product\/yoast-seo-premium-wordpress\/ -->\n<title>Ula\u015f\u0131m - Bursa G\u00f6z Merkezi Y\u0131ld\u0131r\u0131m G\u00f6z Hastal\u0131klar\u0131 Hastanesi<\/title>\n<meta name=\"description\" content=\"Deneyimimiz, uzman ekibimizle birlikte hastalar\u0131m\u0131za en \u00fcst d\u00fczeyde g\u00f6z bak\u0131m\u0131 ve tedavi hizmeti sunarak, sekt\u00f6rdeki ...\" \/>\n<meta name=\"robots\" content=\"index, follow, max-snippet:-1, max-image-preview:large, max-video-preview:-1\" \/>\n<link rel=\"canonical\" href=\"https:\/\/www.bursagoz.com\/de\/ulasim\/\" \/>\n<meta property=\"og:locale\" content=\"de_DE\" \/>\n<meta property=\"og:type\" content=\"article\" \/>\n<meta property=\"og:title\" content=\"Ula\u015f\u0131m\" \/>\n<meta property=\"og:description\" content=\"Deneyimimiz, uzman ekibimizle birlikte hastalar\u0131m\u0131za en \u00fcst d\u00fczeyde g\u00f6z bak\u0131m\u0131 ve tedavi hizmeti sunarak, sekt\u00f6rdeki ...\" \/>\n<meta property=\"og:url\" content=\"https:\/\/www.bursagoz.com\/de\/ulasim\/\" \/>\n<meta property=\"og:site_name\" content=\"Bursa G\u00f6z Merkezi Y\u0131ld\u0131r\u0131m G\u00f6z Hastal\u0131klar\u0131 Hastanesi\" \/>\n<meta property=\"article:publisher\" content=\"https:\/\/www.facebook.com\/bursagozyildirim\/\" \/>\n<meta property=\"article:modified_time\" content=\"2024-05-01T12:34:12+00:00\" \/>\n<meta name=\"twitter:card\" content=\"summary_large_image\" \/>\n<meta name=\"twitter:site\" content=\"@bursagoz_\" \/>\n<meta name=\"twitter:label1\" content=\"Gesch\u00e4tzte Lesezeit\" \/>\n\t<meta name=\"twitter:data1\" content=\"1\u00a0Minute\" \/>\n<script type=\"application\/ld+json\" class=\"yoast-schema-graph\">{\"@context\":\"https:\\\/\\\/schema.org\",\"@graph\":[{\"@type\":\"WebPage\",\"@id\":\"https:\\\/\\\/www.bursagoz.com\\\/ulasim\\\/\",\"url\":\"https:\\\/\\\/www.bursagoz.com\\\/ulasim\\\/\",\"name\":\"Ula\u015f\u0131m - Bursa G\u00f6z Merkezi Y\u0131ld\u0131r\u0131m G\u00f6z Hastal\u0131klar\u0131 Hastanesi\",\"isPartOf\":{\"@id\":\"https:\\\/\\\/www.bursagoz.com\\\/#website\"},\"datePublished\":\"2024-05-01T12:33:55+00:00\",\"dateModified\":\"2024-05-01T12:34:12+00:00\",\"description\":\"Deneyimimiz, uzman ekibimizle birlikte hastalar\u0131m\u0131za en \u00fcst d\u00fczeyde g\u00f6z bak\u0131m\u0131 ve tedavi hizmeti sunarak, sekt\u00f6rdeki ...\",\"breadcrumb\":{\"@id\":\"https:\\\/\\\/www.bursagoz.com\\\/ulasim\\\/#breadcrumb\"},\"inLanguage\":\"de\",\"potentialAction\":[{\"@type\":\"ReadAction\",\"target\":[\"https:\\\/\\\/www.bursagoz.com\\\/ulasim\\\/\"]}]},{\"@type\":\"BreadcrumbList\",\"@id\":\"https:\\\/\\\/www.bursagoz.com\\\/ulasim\\\/#breadcrumb\",\"itemListElement\":[{\"@type\":\"ListItem\",\"position\":1,\"name\":\"Ana sayfa\",\"item\":\"https:\\\/\\\/www.bursagoz.com\\\/\"},{\"@type\":\"ListItem\",\"position\":2,\"name\":\"Ula\u015f\u0131m\"}]},{\"@type\":\"WebSite\",\"@id\":\"https:\\\/\\\/www.bursagoz.com\\\/#website\",\"url\":\"https:\\\/\\\/www.bursagoz.com\\\/\",\"name\":\"Bursa G\u00f6z Merkezi Y\u0131ld\u0131r\u0131m G\u00f6z Hastal\u0131klar\u0131 Hastanesi\",\"description\":\"Bursa G\u00f6z Merkezi | Sa\u011fl\u0131kta 10 Y\u0131ll\u0131k Te\u00e7r\u00fcbenin Yeni Ad\u0131\",\"publisher\":{\"@id\":\"https:\\\/\\\/www.bursagoz.com\\\/#organization\"},\"potentialAction\":[{\"@type\":\"SearchAction\",\"target\":{\"@type\":\"EntryPoint\",\"urlTemplate\":\"https:\\\/\\\/www.bursagoz.com\\\/?s={search_term_string}\"},\"query-input\":{\"@type\":\"PropertyValueSpecification\",\"valueRequired\":true,\"valueName\":\"search_term_string\"}}],\"inLanguage\":\"de\"},{\"@type\":[\"Organization\",\"Place\",\"HealthClub\"],\"@id\":\"https:\\\/\\\/www.bursagoz.com\\\/#organization\",\"name\":\"Bursa G\u00f6z Merkezi\",\"url\":\"https:\\\/\\\/www.bursagoz.com\\\/\",\"logo\":{\"@id\":\"https:\\\/\\\/www.bursagoz.com\\\/ulasim\\\/#local-main-organization-logo\"},\"image\":{\"@id\":\"https:\\\/\\\/www.bursagoz.com\\\/ulasim\\\/#local-main-organization-logo\"},\"sameAs\":[\"https:\\\/\\\/www.facebook.com\\\/bursagozyildirim\\\/\",\"https:\\\/\\\/x.com\\\/bursagoz_\",\"https:\\\/\\\/www.instagram.com\\\/bursagozmerkezi\",\"https:\\\/\\\/www.youtube.com\\\/channel\\\/UCpSzsUiWi-QvB9j1uUAiJew\"],\"address\":{\"@id\":\"https:\\\/\\\/www.bursagoz.com\\\/ulasim\\\/#local-main-place-address\"},\"geo\":{\"@type\":\"GeoCoordinates\",\"latitude\":\"40.191996\",\"longitude\":\"29.110874\"},\"telephone\":[\"4441469\",\"08508501469\"],\"openingHoursSpecification\":[{\"@type\":\"OpeningHoursSpecification\",\"dayOfWeek\":[\"Monday\",\"Tuesday\",\"Wednesday\",\"Thursday\",\"Friday\",\"Saturday\"],\"opens\":\"08:30\",\"closes\":\"18:00\"},{\"@type\":\"OpeningHoursSpecification\",\"dayOfWeek\":[\"Sunday\"],\"opens\":\"00:00\",\"closes\":\"00:00\"}],\"email\":\"randevu@bursagoz.com\",\"areaServed\":\"G\u00f6z Sa\u011fl\u0131\u011f\u0131\",\"taxID\":\"1910580134\"},{\"@type\":\"PostalAddress\",\"@id\":\"https:\\\/\\\/www.bursagoz.com\\\/ulasim\\\/#local-main-place-address\",\"streetAddress\":\"Dua\u00e7\u0131nar\u0131 Mahallesi Bar\u0131\u015f Caddesi No:3 Y\u0131ld\u0131r\u0131m \\\/ BURSA\",\"addressLocality\":\"BURSA\",\"postalCode\":\"16270\",\"addressRegion\":\"Y\u0131ld\u0131r\u0131m\",\"addressCountry\":\"TR\"},{\"@type\":\"ImageObject\",\"inLanguage\":\"de\",\"@id\":\"https:\\\/\\\/www.bursagoz.com\\\/ulasim\\\/#local-main-organization-logo\",\"url\":\"https:\\\/\\\/i0.wp.com\\\/www.bursagoz.com\\\/wp-content\\\/uploads\\\/2020\\\/02\\\/BGM-Logobeyazi1.png?fit=1500%2C1000&ssl=1\",\"contentUrl\":\"https:\\\/\\\/i0.wp.com\\\/www.bursagoz.com\\\/wp-content\\\/uploads\\\/2020\\\/02\\\/BGM-Logobeyazi1.png?fit=1500%2C1000&ssl=1\",\"width\":1500,\"height\":1000,\"caption\":\"Bursa G\u00f6z Merkezi\"}]}<\/script>\n<meta name=\"geo.placename\" content=\"BURSA\" \/>\n<meta name=\"geo.position\" content=\"40.191996;29.110874\" \/>\n<meta name=\"geo.region\" content=\"T\u00fcrkei\" \/>\n<!-- \/ Yoast SEO Premium plugin. -->","yoast_head_json":{"title":"Ula\u015f\u0131m - Bursa G\u00f6z Merkezi Y\u0131ld\u0131r\u0131m G\u00f6z Hastal\u0131klar\u0131 Hastanesi","description":"Deneyimimiz, uzman ekibimizle birlikte hastalar\u0131m\u0131za en \u00fcst d\u00fczeyde g\u00f6z bak\u0131m\u0131 ve tedavi hizmeti sunarak, sekt\u00f6rdeki ...","robots":{"index":"index","follow":"follow","max-snippet":"max-snippet:-1","max-image-preview":"max-image-preview:large","max-video-preview":"max-video-preview:-1"},"canonical":"https:\/\/www.bursagoz.com\/de\/ulasim\/","og_locale":"de_DE","og_type":"article","og_title":"Ula\u015f\u0131m","og_description":"Deneyimimiz, uzman ekibimizle birlikte hastalar\u0131m\u0131za en \u00fcst d\u00fczeyde g\u00f6z bak\u0131m\u0131 ve tedavi hizmeti sunarak, sekt\u00f6rdeki ...","og_url":"https:\/\/www.bursagoz.com\/de\/ulasim\/","og_site_name":"Bursa G\u00f6z Merkezi Y\u0131ld\u0131r\u0131m G\u00f6z Hastal\u0131klar\u0131 Hastanesi","article_publisher":"https:\/\/www.facebook.com\/bursagozyildirim\/","article_modified_time":"2024-05-01T12:34:12+00:00","twitter_card":"summary_large_image","twitter_site":"@bursagoz_","twitter_misc":{"Gesch\u00e4tzte Lesezeit":"1\u00a0Minute"},"schema":{"@context":"https:\/\/schema.org","@graph":[{"@type":"WebPage","@id":"https:\/\/www.bursagoz.com\/ulasim\/","url":"https:\/\/www.bursagoz.com\/ulasim\/","name":"Ula\u015f\u0131m - Bursa G\u00f6z Merkezi Y\u0131ld\u0131r\u0131m G\u00f6z Hastal\u0131klar\u0131 Hastanesi","isPartOf":{"@id":"https:\/\/www.bursagoz.com\/#website"},"datePublished":"2024-05-01T12:33:55+00:00","dateModified":"2024-05-01T12:34:12+00:00","description":"Deneyimimiz, uzman ekibimizle birlikte hastalar\u0131m\u0131za en \u00fcst d\u00fczeyde g\u00f6z bak\u0131m\u0131 ve tedavi hizmeti sunarak, sekt\u00f6rdeki ...","breadcrumb":{"@id":"https:\/\/www.bursagoz.com\/ulasim\/#breadcrumb"},"inLanguage":"de","potentialAction":[{"@type":"ReadAction","target":["https:\/\/www.bursagoz.com\/ulasim\/"]}]},{"@type":"BreadcrumbList","@id":"https:\/\/www.bursagoz.com\/ulasim\/#breadcrumb","itemListElement":[{"@type":"ListItem","position":1,"name":"Ana sayfa","item":"https:\/\/www.bursagoz.com\/"},{"@type":"ListItem","position":2,"name":"Ula\u015f\u0131m"}]},{"@type":"WebSite","@id":"https:\/\/www.bursagoz.com\/#website","url":"https:\/\/www.bursagoz.com\/","name":"Bursa G\u00f6z Merkezi Y\u0131ld\u0131r\u0131m G\u00f6z Hastal\u0131klar\u0131 Hastanesi","description":"Bursa G\u00f6z Merkezi | Sa\u011fl\u0131kta 10 Y\u0131ll\u0131k Te\u00e7r\u00fcbenin Yeni Ad\u0131","publisher":{"@id":"https:\/\/www.bursagoz.com\/#organization"},"potentialAction":[{"@type":"SearchAction","target":{"@type":"EntryPoint","urlTemplate":"https:\/\/www.bursagoz.com\/?s={search_term_string}"},"query-input":{"@type":"PropertyValueSpecification","valueRequired":true,"valueName":"search_term_string"}}],"inLanguage":"de"},{"@type":["Organization","Place","HealthClub"],"@id":"https:\/\/www.bursagoz.com\/#organization","name":"Bursa G\u00f6z Merkezi","url":"https:\/\/www.bursagoz.com\/","logo":{"@id":"https:\/\/www.bursagoz.com\/ulasim\/#local-main-organization-logo"},"image":{"@id":"https:\/\/www.bursagoz.com\/ulasim\/#local-main-organization-logo"},"sameAs":["https:\/\/www.facebook.com\/bursagozyildirim\/","https:\/\/x.com\/bursagoz_","https:\/\/www.instagram.com\/bursagozmerkezi","https:\/\/www.youtube.com\/channel\/UCpSzsUiWi-QvB9j1uUAiJew"],"address":{"@id":"https:\/\/www.bursagoz.com\/ulasim\/#local-main-place-address"},"geo":{"@type":"GeoCoordinates","latitude":"40.191996","longitude":"29.110874"},"telephone":["4441469","08508501469"],"openingHoursSpecification":[{"@type":"OpeningHoursSpecification","dayOfWeek":["Monday","Tuesday","Wednesday","Thursday","Friday","Saturday"],"opens":"08:30","closes":"18:00"},{"@type":"OpeningHoursSpecification","dayOfWeek":["Sunday"],"opens":"00:00","closes":"00:00"}],"email":"randevu@bursagoz.com","areaServed":"G\u00f6z Sa\u011fl\u0131\u011f\u0131","taxID":"1910580134"},{"@type":"PostalAddress","@id":"https:\/\/www.bursagoz.com\/ulasim\/#local-main-place-address","streetAddress":"Dua\u00e7\u0131nar\u0131 Mahallesi Bar\u0131\u015f Caddesi No:3 Y\u0131ld\u0131r\u0131m \/ BURSA","addressLocality":"BURSA","postalCode":"16270","addressRegion":"Y\u0131ld\u0131r\u0131m","addressCountry":"TR"},{"@type":"ImageObject","inLanguage":"de","@id":"https:\/\/www.bursagoz.com\/ulasim\/#local-main-organization-logo","url":"https:\/\/i0.wp.com\/www.bursagoz.com\/wp-content\/uploads\/2020\/02\/BGM-Logobeyazi1.png?fit=1500%2C1000&ssl=1","contentUrl":"https:\/\/i0.wp.com\/www.bursagoz.com\/wp-content\/uploads\/2020\/02\/BGM-Logobeyazi1.png?fit=1500%2C1000&ssl=1","width":1500,"height":1000,"caption":"Bursa G\u00f6z Merkezi"}]},"geo.placename":"BURSA","geo.position":{"lat":"40.191996","long":"29.110874"},"geo.region":"T\u00fcrkei"},"jetpack_sharing_enabled":true,"_links":{"self":[{"href":"https:\/\/www.bursagoz.com\/de\/wp-json\/wp\/v2\/pages\/3377","targetHints":{"allow":["GET"]}}],"collection":[{"href":"https:\/\/www.bursagoz.com\/de\/wp-json\/wp\/v2\/pages"}],"about":[{"href":"https:\/\/www.bursagoz.com\/de\/wp-json\/wp\/v2\/types\/page"}],"author":[{"embeddable":true,"href":"https:\/\/www.bursagoz.com\/de\/wp-json\/wp\/v2\/users\/1"}],"replies":[{"embeddable":true,"href":"https:\/\/www.bursagoz.com\/de\/wp-json\/wp\/v2\/comments?post=3377"}],"version-history":[{"count":2,"href":"https:\/\/www.bursagoz.com\/de\/wp-json\/wp\/v2\/pages\/3377\/revisions"}],"predecessor-version":[{"id":3380,"href":"https:\/\/www.bursagoz.com\/de\/wp-json\/wp\/v2\/pages\/3377\/revisions\/3380"}],"wp:attachment":[{"href":"https:\/\/www.bursagoz.com\/de\/wp-json\/wp\/v2\/media?parent=3377"}],"curies":[{"name":"wp","href":"https:\/\/api.w.org\/{rel}","templated":true}]}}