{"id":1459,"date":"2019-09-23T10:14:08","date_gmt":"2019-09-23T07:14:08","guid":{"rendered":"http:\/\/cinargoz.com\/?page_id=1459"},"modified":"2019-09-23T10:14:08","modified_gmt":"2019-09-23T07:14:08","slug":"lasik-yontemi","status":"publish","type":"page","link":"https:\/\/www.bursagoz.com\/en\/lasik-yontemi\/","title":{"rendered":"Lasik Y\u00f6ntemi"},"content":{"rendered":"<h1>Lasik Y\u00f6ntemi<\/h1>\n<p>G\u00d6Z KUSURLARINDAN KURTULMAYI HATIRLATAN BU \u0130\u015eLEM NERELERDE KULLANILMAKTADIR?<\/p>\n<p>K\u0131r\u0131lma kusurlar\u0131n\u0131n tedavisinde bir alternatif olarak g\u00fcn\u00fcm\u00fczde LASIK (Laser \/ Insitu Keratomilieusis) yap\u0131lmaktad\u0131r.<\/p>\n<p>Laser ile mikro cerrahinin birle\u015fti\u011fi bu y\u00f6ntemde, mikroskop alt\u0131nda otomatik lameller keratomilieusis i\u00e7in \u00f6zel bir mikrokeratom arac\u0131l\u0131yla ortalama 160 mikron (ka\u011f\u0131t inceli\u011finde) kapak \u00e7ak tarz\u0131nda g\u00f6z\u00fcn saydam tabakas\u0131ndan par\u00e7a kald\u0131r\u0131l\u0131r. Saydam tabakan\u0131n yata\u011f\u0131na excimer laser uygulan\u0131r. Kapak\u00e7\u0131k tekrar yerine oturtulur.<\/p>\n<p>&#8211; Lasik y\u00f6nteminde hassas katmanlar\u0131 korumak amac\u0131yla mikrotom ile 500 mikronluk korneadan 180 mikron kal\u0131nl\u0131\u011f\u0131nda bir kapak kald\u0131r\u0131l\u0131r.<br \/>\n&#8211; Laser \u0131\u015f\u0131nlar\u0131 g\u00f6zl\u00fck ihtiyac\u0131n\u0131 ortadan kald\u0131racak \u015feklide korneay\u0131 yeniden yap\u0131land\u0131r\u0131r.<br \/>\n&#8211; Kald\u0131r\u0131lan kapak tekrar ayn\u0131 yerine kapat\u0131l\u0131r. B\u00f6ylece hasta a\u011fr\u0131 ya da ac\u0131 hissetmez.<\/p>\n<p>LASIK&#8217;le hangi kusurlar d\u00fczeltilmelidir? LASIK&#8217;\u0131n g\u00f6zl\u00fck ve kontakt lense olan \u00fcst\u00fcnl\u00fckleri nelerdir?<\/p>\n<p>G\u00f6z kusurlar\u0131 i\u00e7inde en s\u0131k g\u00f6r\u00fcleni miyopilerdir. Ancak art\u0131k g\u00fcn\u00fcm\u00fczde sadece miyoplar de\u011fil, miyop astigmatlar, hipermetroplar, hipermetrop astigmatlar ve mikst astigmatlar da LASIK ile tedavi yap\u0131lmaktad\u0131r.<\/p>\n<p>G\u00f6z kusuru olan hastalar\u0131n \u00e7ok b\u00fcy\u00fck bir k\u0131sm\u0131 refraktif kusurlar\u0131n\u0131 d\u00fczeltmek i\u00e7in g\u00f6zl\u00fck ve kontakt lensler kullan\u0131rlar. G\u00f6zl\u00fckle tashih geriye d\u00f6n\u00fc\u015f\u00fcml\u00fc ve emniyetlidir. Ancak \u00f6rne\u011fin y\u00fcksek miyopide oldu\u011fu gibi g\u00f6zl\u00fck kal\u0131nl\u0131\u011f\u0131n\u0131n \u00f6zellikle kenarlar\u0131nda artmas\u0131 g\u00f6rme alan\u0131nda bir miktar kayba sebep oldu\u011fu gibi ayr\u0131ca bir kozmetik problem has\u0131l eder. Y\u00fcksek indeksli g\u00f6zl\u00fck camlar\u0131, bu kal\u0131n cam problemini gidermi\u015ftir. Fakat bunlar hayli pahal\u0131d\u0131rlar. G\u00f6zl\u00fc\u011f\u00fcn buharla ve ya\u011fmurla bulanmas\u0131, \u00e7izilmesi, k\u0131r\u0131lmas\u0131 gibi dezavantajlar\u0131 bu metodla bertaraf edilmektedir.G\u00f6z kusurlar\u0131n\u0131n kontakt lenslerle d\u00fczeltilmesi g\u00f6zl\u00fck kullan\u0131m\u0131na g\u00f6re daha seyrektir. B\u00fcy\u00fck \u00e7o\u011funluk yumu\u015fak (hidrofilik) ve k\u00fc\u00e7\u00fck bir k\u0131sm\u0131 sert (g\u00f6z permeabl) kontak lensleri kullan\u0131rlar. Kontakt lenslerin kullan\u0131m\u0131 ile ilgili komplikasyonlar \u00e7ok iyi tan\u0131mlanm\u0131\u015ft\u0131r. Bunlar\u0131n \u00e7o\u011fu hafiftir. Mesela bunlar saydam tabakada s\u0131yr\u0131lmalar, oksijen beslenme yetersizli\u011fi ve kontakt lens koruyucu sol\u00fcsyonlar\u0131na kar\u015f\u0131 toksik kornea epiteli reaksiyonlar\u0131. Kontakt lenslerin en ciddi komplikasyonu ulseratif keratitdir. Bu g\u00f6rme kayb\u0131na da yol a\u00e7an ve hatta nadiren saydam tabaka nakline sebep olan saydam tabaka nedenlerine sebep olur.<\/p>\n<p>LASIK&#8217;\u0131n di\u011fer refraktif cerrahi y\u00f6ntemlerinden fark\u0131 nedir?<br \/>\nLASIK&#8217;den \u00f6nce iki y\u00f6ntem geli\u015ftirilmi\u015fti. Bunlardan b\u0131\u00e7akla g\u00f6z\u00fcn \u00e7izildi\u011fi ameliyat olan &#8220;radyal veya astigmatik keratotomi&#8221;de saydam tabakaya derin kesiler at\u0131l\u0131yordu. Ancak uzun s\u00fcreli takiplerde, sonu\u00e7lar\u0131n\u0131n \u00e7ok oynak oldu\u011fu ortaya \u00e7\u0131km\u0131\u015ft\u0131r. Hastalar\u0131n m\u00fchim bir k\u0131sm\u0131nda k\u00f6t\u00fc yara iyile\u015fmesi nedeniyle olu\u015fan kenar yara izleriyle hipermetropi geli\u015fmi\u015ftir. Saydam tabakada k\u00fc\u00e7\u00fck delinmeler, operasyon esnas\u0131nda yayg\u0131n olarak meydana gelir. B\u00f6ylece g\u00f6zi\u00e7i enfeksiyon riskine ve muhtemel bir g\u00f6rme kayb\u0131na sebep olabilir. Kesi yerleri yava\u015f olarak iyile\u015firler ve g\u00f6z\u00fc yap\u0131sal olarak zay\u0131flat\u0131rlar. Ameliyat\u0131 takip eden y\u0131llarda g\u00f6ze gelen darbelerde yara izi yerinden kolayca g\u00f6z delinmesine neden olabilir. Di\u011fer y\u00f6ntem ise, PRK denen excimer laserin saydam tabakan\u0131n h\u00fccreden ve sinirden zengin \u00fcst tabakalar\u0131na uygulanmas\u0131d\u0131r. Bu y\u00f6ntem sonras\u0131nda hasta \u00e7ok a\u011fr\u0131 duymakta, iki g\u00fcn g\u00f6z kapal\u0131 olmakta ve uzun s\u00fcre (3 ay) ila\u00e7 kullanmaktayd\u0131. Bunlar da saydam tabaka bulan\u0131kl\u0131\u011f\u0131 olu\u015fmas\u0131 ve g\u00f6z numaras\u0131n\u0131n geri gelmesi riski vard\u0131r. Buna kar\u015f\u0131 LASIK&#8217;de kald\u0131r\u0131lan ka\u011f\u0131t inceli\u011findeki tabaka sayesinde laser h\u00fccreden fakir ve sinir bulundurmayan dolgu (stroma) tabakas\u0131na uygulanmakta; yukarda say\u0131lan mahzurlar giderilmektedir.<\/p>\n<p>LASIK&#8217;\u0131n avantajlar\u0131 nelerdir?<br \/>\n&#8211; LASIK \u00f6zellikle y\u00fcksek dereceli g\u00f6z kusurlar\u0131nda alternatifi olmayan bir metoddur. -14&#8217;ya kadar miyopi, -4.0&#8217;ya kadar miyop astigmatizma veya 4&#8217;ya kadar mikst astigmatizma, +6&#8217;ya kadar hipermetropi ve +6&#8217;ya kadar hipermetrop astigmatizma tedavi edilebilmektedir. &#8211; Ameliyat esnas\u0131nda ve sonras\u0131nda a\u011fr\u0131 hissedilmez. \u0130\u015flem i\u00e7in hi\u00e7bir i\u011fne, narkoz, vs gerekmez. \u0130\u015flem birka\u00e7 dakika s\u00fcrer. &#8211; Hastan\u0131n iki g\u00f6z\u00fc birlikte ameliyat edilebilir. G\u00f6zler kapat\u0131lmaz. Hasta y\u00fcr\u00fcyerek evine gidebilir. Ertesi g\u00fcn (kirli olmayan) her t\u00fcrl\u00fc i\u015fini yapabilir. Bulutlu g\u00f6rmeye neden olan bulan\u0131kl\u0131k (haze) geli\u015fmez. &#8211;<\/p>\n<p>LASIK&#8217;\u0131n dezavantajlar\u0131 nelerdir?<br \/>\n&#8211; Daha zor bir cerrahidir. \u0130lave ekipman ve steril ortam gerektirir. &#8211; Kapak\u00e7\u0131k kopmas\u0131 ve kaybolmas\u0131, kapak\u00e7\u0131k par\u00e7alanmas\u0131, \u00e7ok ince kapak\u00e7\u0131k, \u00e7ok kal\u0131n kapak\u00e7\u0131k, kapak\u00e7\u0131k alt\u0131nda yabanc\u0131 cisim kalmas\u0131 ve d\u00fczensiz astigmatizma gibi komplikasyonlar\u0131 olmakla birlikte, bunlar\u0131n \u00e7o\u011fu g\u00f6rme keskinli\u011finde ciddi bir bozulmaya neden olmayacak \u015fekilde giderilebilmektedir.<\/p>\n<p>LASIK adaylar\u0131 i\u00e7in anonslar\u0131m\u0131z:<br \/>\n&#8211; G\u00f6z\u00fcn\u00fcz\u00fcn uygun olup olmad\u0131\u011f\u0131na bir dizi tetkik ve incelemeden sonra karar verilecektir. Bu nedenle doktorunuzu iyi dinlemelisiniz. Akl\u0131n\u0131za tak\u0131lan her soruyu onunla g\u00f6r\u00fc\u015fmelisin. &#8211; LASIK \u00f6ncesi saydam tabakan\u0131z\u0131n normal \u015feklinde olmas\u0131 gerekir. Kontakt lens kullan\u0131c\u0131lar\u0131n\u0131n yumu\u015fak lenslerini 1 hafta, sert lenslerini 2 hafta \u00e7\u0131karm\u0131\u015f olmal\u0131d\u0131r. Kulland\u0131\u011f\u0131n\u0131z g\u00f6z \u00e7evresi kozmetiklerinizi de 3 g\u00fcn \u00f6nceden kesin. &#8211; LASIK sonras\u0131 g\u00f6z\u00fcn\u00fczde kirpik ka\u00e7m\u0131\u015f gibi hafif bat\u0131\u015fma olabilmektedir. Bu verilen damlalar\u0131n kullanmas\u0131yla saatler i\u00e7inde kaybolur. &#8211; Ameliyat i\u00e7in hi\u00e7bir zaman hekiminizden garanti istemeyin. Sa\u011fl\u0131kta b\u00f6yle bir garanti verilemez. Ancak % 99 ihtimalle g\u00f6zl\u00fc\u011fe ihtiya\u00e7 duymayaca\u011f\u0131n\u0131z\u0131 da bilmelisiniz. &#8211; LASIK&#8217;den sonra 2 hafta g\u00f6z\u00fcn\u00fcz\u00fc ovu\u015fturmay\u0131n. Bu i\u015flem, kald\u0131r\u0131l\u0131p tekrar yerine yerle\u015ftirilen kapak\u00e7\u0131\u011f\u0131n s\u0131yr\u0131larak yap\u0131\u015fmas\u0131na mani olur. Bu ciddi komplikasyonlara sebep olabilmektedir. &#8211; Operasyon sonras\u0131 isterseniz g\u00f6z\u00fcn\u00fcz\u00fc kapayarak banyo yapabilirsiniz, y\u00fcz\u00fcn\u00fcz\u00fc y\u0131kayabilirsiniz. &#8211; Hastalar doktorlar\u0131n\u0131n \u00f6nerdi\u011fi kontrollere gelme\u011fe gayret etmelidiler. &#8211; Bu i\u015flemin A.B.D. ve Avrupa \u00fclkeleri dahil d\u00fcnyada yayg\u0131n olarak kullan\u0131ld\u0131\u011f\u0131n\u0131 ve y\u00fczbinleri a\u015fan ki\u015finin g\u00f6zl\u00fck sorununu \u00e7\u00f6zd\u00fc\u011f\u00fcn\u00fc hat\u0131rlay\u0131n\u0131z.<\/p>","protected":false},"excerpt":{"rendered":"<p>Lasik Y\u00f6ntemi G\u00d6Z KUSURLARINDAN KURTULMAYI HATIRLATAN BU \u0130\u015eLEM NERELERDE KULLANILMAKTADIR? K\u0131r\u0131lma kusurlar\u0131n\u0131n tedavisinde bir alternatif olarak g\u00fcn\u00fcm\u00fczde LASIK (Laser \/ Insitu Keratomilieusis) yap\u0131lmaktad\u0131r. Laser ile mikro cerrahinin birle\u015fti\u011fi bu y\u00f6ntemde, mikroskop alt\u0131nda otomatik lameller keratomilieusis i\u00e7in \u00f6zel bir mikrokeratom arac\u0131l\u0131yla ortalama 160 mikron (ka\u011f\u0131t inceli\u011finde) kapak \u00e7ak tarz\u0131nda g\u00f6z\u00fcn saydam tabakas\u0131ndan par\u00e7a kald\u0131r\u0131l\u0131r. Saydam tabakan\u0131n <\/p>\n<div class=\"btn-more-wrapper\"><a href=\"https:\/\/www.bursagoz.com\/en\/lasik-yontemi\/\" class=\"btn btn-sm btn-hover-fill\"><svg class=\"icon icon-right-arrow\" version=\"1.1\" xmlns=\"http:\/\/www.w3.org\/2000\/svg\" width=\"32\" height=\"32\" viewbox=\"0 0 32 32\"><path d=\"M21.548 5.088c-0.436-0.451-1.162-0.451-1.613 0-0.436 0.436-0.436 1.162 0 1.596l8.177 8.177h-26.984c-0.629 0.001-1.129 0.501-1.129 1.13s0.5 1.145 1.129 1.145h26.984l-8.177 8.162c-0.436 0.451-0.436 1.178 0 1.613 0.451 0.451 1.178 0.451 1.613 0l10.113-10.113c0.451-0.436 0.451-1.162 0-1.596l-10.113-10.114z\"><\/path><\/svg>Read More<span class=\"screen-reader-text\"> &#8220;Lasik Y\u00f6ntemi&#8221;<\/span><svg class=\"icon icon-right-arrow\" version=\"1.1\" xmlns=\"http:\/\/www.w3.org\/2000\/svg\" width=\"32\" height=\"32\" viewbox=\"0 0 32 32\"><path d=\"M21.548 5.088c-0.436-0.451-1.162-0.451-1.613 0-0.436 0.436-0.436 1.162 0 1.596l8.177 8.177h-26.984c-0.629 0.001-1.129 0.501-1.129 1.13s0.5 1.145 1.129 1.145h26.984l-8.177 8.162c-0.436 0.451-0.436 1.178 0 1.613 0.451 0.451 1.178 0.451 1.613 0l10.113-10.113c0.451-0.436 0.451-1.162 0-1.596l-10.113-10.114z\"><\/path><\/svg><\/a><\/div>","protected":false},"author":1,"featured_media":0,"parent":0,"menu_order":0,"comment_status":"closed","ping_status":"closed","template":"","meta":{"footnotes":""},"class_list":["post-1459","page","type-page","status-publish","hentry"],"yoast_head":"<!-- This site is optimized with the Yoast SEO Premium plugin v26.2 (Yoast SEO v27.6) - https:\/\/yoast.com\/product\/yoast-seo-premium-wordpress\/ -->\n<title>Lasik Y\u00f6ntemi - Bursa G\u00f6z Merkezi Y\u0131ld\u0131r\u0131m G\u00f6z Hastal\u0131klar\u0131 Hastanesi<\/title>\n<meta name=\"robots\" content=\"index, follow, max-snippet:-1, max-image-preview:large, max-video-preview:-1\" \/>\n<link rel=\"canonical\" href=\"https:\/\/www.bursagoz.com\/en\/lasik-yontemi\/\" \/>\n<meta property=\"og:locale\" content=\"en_US\" \/>\n<meta property=\"og:type\" content=\"article\" \/>\n<meta property=\"og:title\" content=\"Lasik Y\u00f6ntemi\" \/>\n<meta property=\"og:description\" content=\"Lasik Y\u00f6ntemi G\u00d6Z KUSURLARINDAN KURTULMAYI HATIRLATAN BU \u0130\u015eLEM NERELERDE KULLANILMAKTADIR? K\u0131r\u0131lma kusurlar\u0131n\u0131n tedavisinde bir alternatif olarak g\u00fcn\u00fcm\u00fczde LASIK (Laser \/ Insitu Keratomilieusis) yap\u0131lmaktad\u0131r. Laser ile mikro cerrahinin birle\u015fti\u011fi bu y\u00f6ntemde, mikroskop alt\u0131nda otomatik lameller keratomilieusis i\u00e7in \u00f6zel bir mikrokeratom arac\u0131l\u0131yla ortalama 160 mikron (ka\u011f\u0131t inceli\u011finde) kapak \u00e7ak tarz\u0131nda g\u00f6z\u00fcn saydam tabakas\u0131ndan par\u00e7a kald\u0131r\u0131l\u0131r. Saydam tabakan\u0131n Read More &quot;Lasik Y\u00f6ntemi&quot;\" \/>\n<meta property=\"og:url\" content=\"https:\/\/www.bursagoz.com\/en\/lasik-yontemi\/\" \/>\n<meta property=\"og:site_name\" content=\"Bursa G\u00f6z Merkezi Y\u0131ld\u0131r\u0131m G\u00f6z Hastal\u0131klar\u0131 Hastanesi\" \/>\n<meta property=\"article:publisher\" content=\"https:\/\/www.facebook.com\/bursagozyildirim\/\" \/>\n<meta name=\"twitter:card\" content=\"summary_large_image\" \/>\n<meta name=\"twitter:site\" content=\"@bursagoz_\" \/>\n<meta name=\"twitter:label1\" content=\"Est. reading time\" \/>\n\t<meta name=\"twitter:data1\" content=\"5 minutes\" \/>\n<script type=\"application\/ld+json\" class=\"yoast-schema-graph\">{\"@context\":\"https:\\\/\\\/schema.org\",\"@graph\":[{\"@type\":\"WebPage\",\"@id\":\"https:\\\/\\\/www.bursagoz.com\\\/lasik-yontemi\\\/\",\"url\":\"https:\\\/\\\/www.bursagoz.com\\\/lasik-yontemi\\\/\",\"name\":\"Lasik Y\u00f6ntemi - Bursa G\u00f6z Merkezi Y\u0131ld\u0131r\u0131m G\u00f6z Hastal\u0131klar\u0131 Hastanesi\",\"isPartOf\":{\"@id\":\"https:\\\/\\\/www.bursagoz.com\\\/#website\"},\"datePublished\":\"2019-09-23T07:14:08+00:00\",\"breadcrumb\":{\"@id\":\"https:\\\/\\\/www.bursagoz.com\\\/lasik-yontemi\\\/#breadcrumb\"},\"inLanguage\":\"en-US\",\"potentialAction\":[{\"@type\":\"ReadAction\",\"target\":[\"https:\\\/\\\/www.bursagoz.com\\\/lasik-yontemi\\\/\"]}]},{\"@type\":\"BreadcrumbList\",\"@id\":\"https:\\\/\\\/www.bursagoz.com\\\/lasik-yontemi\\\/#breadcrumb\",\"itemListElement\":[{\"@type\":\"ListItem\",\"position\":1,\"name\":\"Ana sayfa\",\"item\":\"https:\\\/\\\/www.bursagoz.com\\\/\"},{\"@type\":\"ListItem\",\"position\":2,\"name\":\"Lasik Y\u00f6ntemi\"}]},{\"@type\":\"WebSite\",\"@id\":\"https:\\\/\\\/www.bursagoz.com\\\/#website\",\"url\":\"https:\\\/\\\/www.bursagoz.com\\\/\",\"name\":\"Bursa G\u00f6z Merkezi Y\u0131ld\u0131r\u0131m G\u00f6z Hastal\u0131klar\u0131 Hastanesi\",\"description\":\"Bursa G\u00f6z Merkezi | Sa\u011fl\u0131kta 10 Y\u0131ll\u0131k Te\u00e7r\u00fcbenin Yeni Ad\u0131\",\"publisher\":{\"@id\":\"https:\\\/\\\/www.bursagoz.com\\\/#organization\"},\"potentialAction\":[{\"@type\":\"SearchAction\",\"target\":{\"@type\":\"EntryPoint\",\"urlTemplate\":\"https:\\\/\\\/www.bursagoz.com\\\/?s={search_term_string}\"},\"query-input\":{\"@type\":\"PropertyValueSpecification\",\"valueRequired\":true,\"valueName\":\"search_term_string\"}}],\"inLanguage\":\"en-US\"},{\"@type\":[\"Organization\",\"Place\",\"HealthClub\"],\"@id\":\"https:\\\/\\\/www.bursagoz.com\\\/#organization\",\"name\":\"Bursa G\u00f6z Merkezi\",\"url\":\"https:\\\/\\\/www.bursagoz.com\\\/\",\"logo\":{\"@id\":\"https:\\\/\\\/www.bursagoz.com\\\/lasik-yontemi\\\/#local-main-organization-logo\"},\"image\":{\"@id\":\"https:\\\/\\\/www.bursagoz.com\\\/lasik-yontemi\\\/#local-main-organization-logo\"},\"sameAs\":[\"https:\\\/\\\/www.facebook.com\\\/bursagozyildirim\\\/\",\"https:\\\/\\\/x.com\\\/bursagoz_\",\"https:\\\/\\\/www.instagram.com\\\/bursagozmerkezi\",\"https:\\\/\\\/www.youtube.com\\\/channel\\\/UCpSzsUiWi-QvB9j1uUAiJew\"],\"address\":{\"@id\":\"https:\\\/\\\/www.bursagoz.com\\\/lasik-yontemi\\\/#local-main-place-address\"},\"geo\":{\"@type\":\"GeoCoordinates\",\"latitude\":\"40.191996\",\"longitude\":\"29.110874\"},\"telephone\":[\"4441469\",\"08508501469\"],\"openingHoursSpecification\":[{\"@type\":\"OpeningHoursSpecification\",\"dayOfWeek\":[\"Monday\",\"Tuesday\",\"Wednesday\",\"Thursday\",\"Friday\",\"Saturday\"],\"opens\":\"08:30\",\"closes\":\"18:00\"},{\"@type\":\"OpeningHoursSpecification\",\"dayOfWeek\":[\"Sunday\"],\"opens\":\"00:00\",\"closes\":\"00:00\"}],\"email\":\"randevu@bursagoz.com\",\"areaServed\":\"G\u00f6z Sa\u011fl\u0131\u011f\u0131\",\"taxID\":\"1910580134\"},{\"@type\":\"PostalAddress\",\"@id\":\"https:\\\/\\\/www.bursagoz.com\\\/lasik-yontemi\\\/#local-main-place-address\",\"streetAddress\":\"Dua\u00e7\u0131nar\u0131 Mahallesi Bar\u0131\u015f Caddesi No:3 Y\u0131ld\u0131r\u0131m \\\/ BURSA\",\"addressLocality\":\"BURSA\",\"postalCode\":\"16270\",\"addressRegion\":\"Y\u0131ld\u0131r\u0131m\",\"addressCountry\":\"TR\"},{\"@type\":\"ImageObject\",\"inLanguage\":\"en-US\",\"@id\":\"https:\\\/\\\/www.bursagoz.com\\\/lasik-yontemi\\\/#local-main-organization-logo\",\"url\":\"https:\\\/\\\/i0.wp.com\\\/www.bursagoz.com\\\/wp-content\\\/uploads\\\/2020\\\/02\\\/BGM-Logobeyazi1.png?fit=1500%2C1000&ssl=1\",\"contentUrl\":\"https:\\\/\\\/i0.wp.com\\\/www.bursagoz.com\\\/wp-content\\\/uploads\\\/2020\\\/02\\\/BGM-Logobeyazi1.png?fit=1500%2C1000&ssl=1\",\"width\":1500,\"height\":1000,\"caption\":\"Bursa G\u00f6z Merkezi\"}]}<\/script>\n<meta name=\"geo.placename\" content=\"BURSA\" \/>\n<meta name=\"geo.position\" content=\"40.191996;29.110874\" \/>\n<meta name=\"geo.region\" content=\"Turkey\" \/>\n<!-- \/ Yoast SEO Premium plugin. -->","yoast_head_json":{"title":"Lasik Y\u00f6ntemi - Bursa G\u00f6z Merkezi Y\u0131ld\u0131r\u0131m G\u00f6z Hastal\u0131klar\u0131 Hastanesi","robots":{"index":"index","follow":"follow","max-snippet":"max-snippet:-1","max-image-preview":"max-image-preview:large","max-video-preview":"max-video-preview:-1"},"canonical":"https:\/\/www.bursagoz.com\/en\/lasik-yontemi\/","og_locale":"en_US","og_type":"article","og_title":"Lasik Y\u00f6ntemi","og_description":"Lasik Y\u00f6ntemi G\u00d6Z KUSURLARINDAN KURTULMAYI HATIRLATAN BU \u0130\u015eLEM NERELERDE KULLANILMAKTADIR? K\u0131r\u0131lma kusurlar\u0131n\u0131n tedavisinde bir alternatif olarak g\u00fcn\u00fcm\u00fczde LASIK (Laser \/ Insitu Keratomilieusis) yap\u0131lmaktad\u0131r. Laser ile mikro cerrahinin birle\u015fti\u011fi bu y\u00f6ntemde, mikroskop alt\u0131nda otomatik lameller keratomilieusis i\u00e7in \u00f6zel bir mikrokeratom arac\u0131l\u0131yla ortalama 160 mikron (ka\u011f\u0131t inceli\u011finde) kapak \u00e7ak tarz\u0131nda g\u00f6z\u00fcn saydam tabakas\u0131ndan par\u00e7a kald\u0131r\u0131l\u0131r. Saydam tabakan\u0131n Read More \"Lasik Y\u00f6ntemi\"","og_url":"https:\/\/www.bursagoz.com\/en\/lasik-yontemi\/","og_site_name":"Bursa G\u00f6z Merkezi Y\u0131ld\u0131r\u0131m G\u00f6z Hastal\u0131klar\u0131 Hastanesi","article_publisher":"https:\/\/www.facebook.com\/bursagozyildirim\/","twitter_card":"summary_large_image","twitter_site":"@bursagoz_","twitter_misc":{"Est. reading time":"5 minutes"},"schema":{"@context":"https:\/\/schema.org","@graph":[{"@type":"WebPage","@id":"https:\/\/www.bursagoz.com\/lasik-yontemi\/","url":"https:\/\/www.bursagoz.com\/lasik-yontemi\/","name":"Lasik Y\u00f6ntemi - Bursa G\u00f6z Merkezi Y\u0131ld\u0131r\u0131m G\u00f6z Hastal\u0131klar\u0131 Hastanesi","isPartOf":{"@id":"https:\/\/www.bursagoz.com\/#website"},"datePublished":"2019-09-23T07:14:08+00:00","breadcrumb":{"@id":"https:\/\/www.bursagoz.com\/lasik-yontemi\/#breadcrumb"},"inLanguage":"en-US","potentialAction":[{"@type":"ReadAction","target":["https:\/\/www.bursagoz.com\/lasik-yontemi\/"]}]},{"@type":"BreadcrumbList","@id":"https:\/\/www.bursagoz.com\/lasik-yontemi\/#breadcrumb","itemListElement":[{"@type":"ListItem","position":1,"name":"Ana sayfa","item":"https:\/\/www.bursagoz.com\/"},{"@type":"ListItem","position":2,"name":"Lasik Y\u00f6ntemi"}]},{"@type":"WebSite","@id":"https:\/\/www.bursagoz.com\/#website","url":"https:\/\/www.bursagoz.com\/","name":"Bursa G\u00f6z Merkezi Y\u0131ld\u0131r\u0131m G\u00f6z Hastal\u0131klar\u0131 Hastanesi","description":"Bursa G\u00f6z Merkezi | Sa\u011fl\u0131kta 10 Y\u0131ll\u0131k Te\u00e7r\u00fcbenin Yeni Ad\u0131","publisher":{"@id":"https:\/\/www.bursagoz.com\/#organization"},"potentialAction":[{"@type":"SearchAction","target":{"@type":"EntryPoint","urlTemplate":"https:\/\/www.bursagoz.com\/?s={search_term_string}"},"query-input":{"@type":"PropertyValueSpecification","valueRequired":true,"valueName":"search_term_string"}}],"inLanguage":"en-US"},{"@type":["Organization","Place","HealthClub"],"@id":"https:\/\/www.bursagoz.com\/#organization","name":"Bursa G\u00f6z Merkezi","url":"https:\/\/www.bursagoz.com\/","logo":{"@id":"https:\/\/www.bursagoz.com\/lasik-yontemi\/#local-main-organization-logo"},"image":{"@id":"https:\/\/www.bursagoz.com\/lasik-yontemi\/#local-main-organization-logo"},"sameAs":["https:\/\/www.facebook.com\/bursagozyildirim\/","https:\/\/x.com\/bursagoz_","https:\/\/www.instagram.com\/bursagozmerkezi","https:\/\/www.youtube.com\/channel\/UCpSzsUiWi-QvB9j1uUAiJew"],"address":{"@id":"https:\/\/www.bursagoz.com\/lasik-yontemi\/#local-main-place-address"},"geo":{"@type":"GeoCoordinates","latitude":"40.191996","longitude":"29.110874"},"telephone":["4441469","08508501469"],"openingHoursSpecification":[{"@type":"OpeningHoursSpecification","dayOfWeek":["Monday","Tuesday","Wednesday","Thursday","Friday","Saturday"],"opens":"08:30","closes":"18:00"},{"@type":"OpeningHoursSpecification","dayOfWeek":["Sunday"],"opens":"00:00","closes":"00:00"}],"email":"randevu@bursagoz.com","areaServed":"G\u00f6z Sa\u011fl\u0131\u011f\u0131","taxID":"1910580134"},{"@type":"PostalAddress","@id":"https:\/\/www.bursagoz.com\/lasik-yontemi\/#local-main-place-address","streetAddress":"Dua\u00e7\u0131nar\u0131 Mahallesi Bar\u0131\u015f Caddesi No:3 Y\u0131ld\u0131r\u0131m \/ BURSA","addressLocality":"BURSA","postalCode":"16270","addressRegion":"Y\u0131ld\u0131r\u0131m","addressCountry":"TR"},{"@type":"ImageObject","inLanguage":"en-US","@id":"https:\/\/www.bursagoz.com\/lasik-yontemi\/#local-main-organization-logo","url":"https:\/\/i0.wp.com\/www.bursagoz.com\/wp-content\/uploads\/2020\/02\/BGM-Logobeyazi1.png?fit=1500%2C1000&ssl=1","contentUrl":"https:\/\/i0.wp.com\/www.bursagoz.com\/wp-content\/uploads\/2020\/02\/BGM-Logobeyazi1.png?fit=1500%2C1000&ssl=1","width":1500,"height":1000,"caption":"Bursa G\u00f6z Merkezi"}]},"geo.placename":"BURSA","geo.position":{"lat":"40.191996","long":"29.110874"},"geo.region":"Turkey"},"jetpack_sharing_enabled":true,"_links":{"self":[{"href":"https:\/\/www.bursagoz.com\/en\/wp-json\/wp\/v2\/pages\/1459","targetHints":{"allow":["GET"]}}],"collection":[{"href":"https:\/\/www.bursagoz.com\/en\/wp-json\/wp\/v2\/pages"}],"about":[{"href":"https:\/\/www.bursagoz.com\/en\/wp-json\/wp\/v2\/types\/page"}],"author":[{"embeddable":true,"href":"https:\/\/www.bursagoz.com\/en\/wp-json\/wp\/v2\/users\/1"}],"replies":[{"embeddable":true,"href":"https:\/\/www.bursagoz.com\/en\/wp-json\/wp\/v2\/comments?post=1459"}],"version-history":[{"count":2,"href":"https:\/\/www.bursagoz.com\/en\/wp-json\/wp\/v2\/pages\/1459\/revisions"}],"predecessor-version":[{"id":1721,"href":"https:\/\/www.bursagoz.com\/en\/wp-json\/wp\/v2\/pages\/1459\/revisions\/1721"}],"wp:attachment":[{"href":"https:\/\/www.bursagoz.com\/en\/wp-json\/wp\/v2\/media?parent=1459"}],"curies":[{"name":"wp","href":"https:\/\/api.w.org\/{rel}","templated":true}]}}