{"id":1708,"date":"2019-09-23T10:04:41","date_gmt":"2019-09-23T07:04:41","guid":{"rendered":"http:\/\/cinargoz.com\/?page_id=1708"},"modified":"2019-09-23T10:04:41","modified_gmt":"2019-09-23T07:04:41","slug":"goz-hastaliklari","status":"publish","type":"page","link":"https:\/\/www.bursagoz.com\/en\/goz-hastaliklari\/","title":{"rendered":"G\u00f6z Hastal\u0131klar\u0131"},"content":{"rendered":"<h1>G\u00f6z\u00fcn Anatomisi \/ Yap\u0131s\u0131<\/h1>\n<p>G\u00f6z\u00fcn i\u015fleyi\u015fi bir foto\u011fraf makinesine benzer.<br \/>\nFoto\u011fraf makinesi iki k\u0131s\u0131mdan olu\u015fur;<br \/>\n1- G\u00f6r\u00fcnt\u00fcy\u00fc netle\u015ftirerek film \u00fczerine d\u00fc\u015fmesini sa\u011flayan mercek sistemi (objektif<br \/>\n2- \u00dczerine d\u00fc\u015fen g\u00f6r\u00fcnt\u00fcy\u00fc saklayan film<\/p>\n<p>G\u00f6z\u00fcm\u00fczde bu \u015fekilde iki k\u0131s\u0131mdan olu\u015fur. Mercek Sistemi ve Retina yani objektif Sistemi g\u00f6zde iki ayr\u0131 mercekten olu\u015fur.<\/p>\n<p>Kornea : G\u00f6z\u00fcm\u00fcz\u00fcn \u00f6n\u00fcnde bulunana en kuvvetli mercektir. Yap\u0131s\u0131 olarak saat cam\u0131na benzer. Yakla\u015f\u0131k 11 mm \u00e7ap\u0131ndad\u0131r ve ortalama +44 numaral\u0131k bir g\u00f6zl\u00fck cam\u0131na e\u015fde\u011ferdir.<br \/>\nG\u00f6z\u00fcn i\u00e7 merce\u011fi: G\u00f6z bebe\u011finin arkas\u0131nda yer al\u0131r. \u00c7ok ince iki zar aras\u0131nda bulunur ve yumu\u015fak bir yap\u0131dad\u0131r. Bu merce\u011fin en \u00f6nemli \u00f6zelli\u011fi, numaras\u0131n\u0131 uzakl\u0131\u011fa ba\u011fl\u0131 olarak +20 ile +30 dioptri aras\u0131nda otomatik olarak de\u011fi\u015ftirebilmesidir. Mekanizmas\u0131 sayesinde g\u00f6z\u00fcm\u00fcz her mesafeyi net olarak g\u00f6rebilir.<br \/>\nFoto\u011fraf makinesindeki filmin g\u00f6zdeki kar\u015f\u0131l\u0131\u011f\u0131 da g\u00f6rme sinirleri, yani retinad\u0131r. Kornea ve lens taraf\u0131ndan k\u0131r\u0131lmaya u\u011frayan g\u00f6r\u00fcnt\u00fcs\u00fc tam olarak g\u00f6rme noktas\u0131 \u00fczerine ters olarak d\u00fc\u015fer. Buradaki \u00f6zel h\u00fccreler taraf\u0131ndan elektrik sinyallerine \u00e7evrilen g\u00f6r\u00fcnt\u00fc optik sinir vas\u0131tas\u0131 ile beyinin arka b\u00f6lgesine ula\u015ft\u0131r\u0131l\u0131r. Beyin iki g\u00f6zden gelen iki ayr\u0131 g\u00f6r\u00fcnt\u00fcy\u00fc tekrar ters \u00e7evirip \u00fcst \u00fcste \u00e7ak\u0131\u015ft\u0131rarak derinlik hissini de i\u00e7eren \u00fc\u00e7 boyutlu bir g\u00f6r\u00fcnt\u00fc olu\u015fturur.<\/p>","protected":false},"excerpt":{"rendered":"<p>G\u00f6z\u00fcn Anatomisi \/ Yap\u0131s\u0131 G\u00f6z\u00fcn i\u015fleyi\u015fi bir foto\u011fraf makinesine benzer. Foto\u011fraf makinesi iki k\u0131s\u0131mdan olu\u015fur; 1- G\u00f6r\u00fcnt\u00fcy\u00fc netle\u015ftirerek film \u00fczerine d\u00fc\u015fmesini sa\u011flayan mercek sistemi (objektif 2- \u00dczerine d\u00fc\u015fen g\u00f6r\u00fcnt\u00fcy\u00fc saklayan film G\u00f6z\u00fcm\u00fczde bu \u015fekilde iki k\u0131s\u0131mdan olu\u015fur. Mercek Sistemi ve Retina yani objektif Sistemi g\u00f6zde iki ayr\u0131 mercekten olu\u015fur. Kornea : G\u00f6z\u00fcm\u00fcz\u00fcn \u00f6n\u00fcnde bulunana en <\/p>\n<div class=\"btn-more-wrapper\"><a href=\"https:\/\/www.bursagoz.com\/en\/goz-hastaliklari\/\" class=\"btn btn-sm btn-hover-fill\"><svg class=\"icon icon-right-arrow\" version=\"1.1\" xmlns=\"http:\/\/www.w3.org\/2000\/svg\" width=\"32\" height=\"32\" viewbox=\"0 0 32 32\"><path d=\"M21.548 5.088c-0.436-0.451-1.162-0.451-1.613 0-0.436 0.436-0.436 1.162 0 1.596l8.177 8.177h-26.984c-0.629 0.001-1.129 0.501-1.129 1.13s0.5 1.145 1.129 1.145h26.984l-8.177 8.162c-0.436 0.451-0.436 1.178 0 1.613 0.451 0.451 1.178 0.451 1.613 0l10.113-10.113c0.451-0.436 0.451-1.162 0-1.596l-10.113-10.114z\"><\/path><\/svg>Read More<span class=\"screen-reader-text\"> &#8220;G\u00f6z Hastal\u0131klar\u0131&#8221;<\/span><svg class=\"icon icon-right-arrow\" version=\"1.1\" xmlns=\"http:\/\/www.w3.org\/2000\/svg\" width=\"32\" height=\"32\" viewbox=\"0 0 32 32\"><path d=\"M21.548 5.088c-0.436-0.451-1.162-0.451-1.613 0-0.436 0.436-0.436 1.162 0 1.596l8.177 8.177h-26.984c-0.629 0.001-1.129 0.501-1.129 1.13s0.5 1.145 1.129 1.145h26.984l-8.177 8.162c-0.436 0.451-0.436 1.178 0 1.613 0.451 0.451 1.178 0.451 1.613 0l10.113-10.113c0.451-0.436 0.451-1.162 0-1.596l-10.113-10.114z\"><\/path><\/svg><\/a><\/div>","protected":false},"author":1,"featured_media":0,"parent":0,"menu_order":0,"comment_status":"closed","ping_status":"closed","template":"","meta":{"footnotes":""},"class_list":["post-1708","page","type-page","status-publish","hentry"],"yoast_head":"<!-- This site is optimized with the Yoast SEO Premium plugin v26.2 (Yoast SEO v27.5) - https:\/\/yoast.com\/product\/yoast-seo-premium-wordpress\/ -->\n<title>G\u00f6z Hastal\u0131klar\u0131 - Bursa G\u00f6z Merkezi Y\u0131ld\u0131r\u0131m G\u00f6z Hastal\u0131klar\u0131 Hastanesi<\/title>\n<meta name=\"robots\" content=\"index, follow, max-snippet:-1, max-image-preview:large, max-video-preview:-1\" \/>\n<link rel=\"canonical\" href=\"https:\/\/www.bursagoz.com\/en\/goz-hastaliklari\/\" \/>\n<meta property=\"og:locale\" content=\"en_US\" \/>\n<meta property=\"og:type\" content=\"article\" \/>\n<meta property=\"og:title\" content=\"G\u00f6z Hastal\u0131klar\u0131\" \/>\n<meta property=\"og:description\" content=\"G\u00f6z\u00fcn Anatomisi \/ Yap\u0131s\u0131 G\u00f6z\u00fcn i\u015fleyi\u015fi bir foto\u011fraf makinesine benzer. Foto\u011fraf makinesi iki k\u0131s\u0131mdan olu\u015fur; 1- G\u00f6r\u00fcnt\u00fcy\u00fc netle\u015ftirerek film \u00fczerine d\u00fc\u015fmesini sa\u011flayan mercek sistemi (objektif 2- \u00dczerine d\u00fc\u015fen g\u00f6r\u00fcnt\u00fcy\u00fc saklayan film G\u00f6z\u00fcm\u00fczde bu \u015fekilde iki k\u0131s\u0131mdan olu\u015fur. Mercek Sistemi ve Retina yani objektif Sistemi g\u00f6zde iki ayr\u0131 mercekten olu\u015fur. Kornea : G\u00f6z\u00fcm\u00fcz\u00fcn \u00f6n\u00fcnde bulunana en Read More &quot;G\u00f6z Hastal\u0131klar\u0131&quot;\" \/>\n<meta property=\"og:url\" content=\"https:\/\/www.bursagoz.com\/en\/goz-hastaliklari\/\" \/>\n<meta property=\"og:site_name\" content=\"Bursa G\u00f6z Merkezi Y\u0131ld\u0131r\u0131m G\u00f6z Hastal\u0131klar\u0131 Hastanesi\" \/>\n<meta property=\"article:publisher\" content=\"https:\/\/www.facebook.com\/bursagozyildirim\/\" \/>\n<meta name=\"twitter:card\" content=\"summary_large_image\" \/>\n<meta name=\"twitter:site\" content=\"@bursagoz_\" \/>\n<meta name=\"twitter:label1\" content=\"Est. reading time\" \/>\n\t<meta name=\"twitter:data1\" content=\"1 minute\" \/>\n<script type=\"application\/ld+json\" class=\"yoast-schema-graph\">{\"@context\":\"https:\\\/\\\/schema.org\",\"@graph\":[{\"@type\":\"WebPage\",\"@id\":\"https:\\\/\\\/www.bursagoz.com\\\/goz-hastaliklari\\\/\",\"url\":\"https:\\\/\\\/www.bursagoz.com\\\/goz-hastaliklari\\\/\",\"name\":\"G\u00f6z Hastal\u0131klar\u0131 - Bursa G\u00f6z Merkezi Y\u0131ld\u0131r\u0131m G\u00f6z Hastal\u0131klar\u0131 Hastanesi\",\"isPartOf\":{\"@id\":\"https:\\\/\\\/www.bursagoz.com\\\/#website\"},\"datePublished\":\"2019-09-23T07:04:41+00:00\",\"breadcrumb\":{\"@id\":\"https:\\\/\\\/www.bursagoz.com\\\/goz-hastaliklari\\\/#breadcrumb\"},\"inLanguage\":\"en-US\",\"potentialAction\":[{\"@type\":\"ReadAction\",\"target\":[\"https:\\\/\\\/www.bursagoz.com\\\/goz-hastaliklari\\\/\"]}]},{\"@type\":\"BreadcrumbList\",\"@id\":\"https:\\\/\\\/www.bursagoz.com\\\/goz-hastaliklari\\\/#breadcrumb\",\"itemListElement\":[{\"@type\":\"ListItem\",\"position\":1,\"name\":\"Ana sayfa\",\"item\":\"https:\\\/\\\/www.bursagoz.com\\\/\"},{\"@type\":\"ListItem\",\"position\":2,\"name\":\"G\u00f6z Hastal\u0131klar\u0131\"}]},{\"@type\":\"WebSite\",\"@id\":\"https:\\\/\\\/www.bursagoz.com\\\/#website\",\"url\":\"https:\\\/\\\/www.bursagoz.com\\\/\",\"name\":\"Bursa G\u00f6z Merkezi Y\u0131ld\u0131r\u0131m G\u00f6z Hastal\u0131klar\u0131 Hastanesi\",\"description\":\"Bursa G\u00f6z Merkezi | Sa\u011fl\u0131kta 10 Y\u0131ll\u0131k Te\u00e7r\u00fcbenin Yeni Ad\u0131\",\"publisher\":{\"@id\":\"https:\\\/\\\/www.bursagoz.com\\\/#organization\"},\"potentialAction\":[{\"@type\":\"SearchAction\",\"target\":{\"@type\":\"EntryPoint\",\"urlTemplate\":\"https:\\\/\\\/www.bursagoz.com\\\/?s={search_term_string}\"},\"query-input\":{\"@type\":\"PropertyValueSpecification\",\"valueRequired\":true,\"valueName\":\"search_term_string\"}}],\"inLanguage\":\"en-US\"},{\"@type\":[\"Organization\",\"Place\",\"HealthClub\"],\"@id\":\"https:\\\/\\\/www.bursagoz.com\\\/#organization\",\"name\":\"Bursa G\u00f6z Merkezi\",\"url\":\"https:\\\/\\\/www.bursagoz.com\\\/\",\"logo\":{\"@id\":\"https:\\\/\\\/www.bursagoz.com\\\/goz-hastaliklari\\\/#local-main-organization-logo\"},\"image\":{\"@id\":\"https:\\\/\\\/www.bursagoz.com\\\/goz-hastaliklari\\\/#local-main-organization-logo\"},\"sameAs\":[\"https:\\\/\\\/www.facebook.com\\\/bursagozyildirim\\\/\",\"https:\\\/\\\/x.com\\\/bursagoz_\",\"https:\\\/\\\/www.instagram.com\\\/bursagozmerkezi\",\"https:\\\/\\\/www.youtube.com\\\/channel\\\/UCpSzsUiWi-QvB9j1uUAiJew\"],\"address\":{\"@id\":\"https:\\\/\\\/www.bursagoz.com\\\/goz-hastaliklari\\\/#local-main-place-address\"},\"geo\":{\"@type\":\"GeoCoordinates\",\"latitude\":\"40.191996\",\"longitude\":\"29.110874\"},\"telephone\":[\"4441469\",\"08508501469\"],\"openingHoursSpecification\":[{\"@type\":\"OpeningHoursSpecification\",\"dayOfWeek\":[\"Monday\",\"Tuesday\",\"Wednesday\",\"Thursday\",\"Friday\",\"Saturday\"],\"opens\":\"08:30\",\"closes\":\"18:00\"},{\"@type\":\"OpeningHoursSpecification\",\"dayOfWeek\":[\"Sunday\"],\"opens\":\"00:00\",\"closes\":\"00:00\"}],\"email\":\"randevu@bursagoz.com\",\"areaServed\":\"G\u00f6z Sa\u011fl\u0131\u011f\u0131\",\"taxID\":\"1910580134\"},{\"@type\":\"PostalAddress\",\"@id\":\"https:\\\/\\\/www.bursagoz.com\\\/goz-hastaliklari\\\/#local-main-place-address\",\"streetAddress\":\"Dua\u00e7\u0131nar\u0131 Mahallesi Bar\u0131\u015f Caddesi No:3 Y\u0131ld\u0131r\u0131m \\\/ BURSA\",\"addressLocality\":\"BURSA\",\"postalCode\":\"16270\",\"addressRegion\":\"Y\u0131ld\u0131r\u0131m\",\"addressCountry\":\"TR\"},{\"@type\":\"ImageObject\",\"inLanguage\":\"en-US\",\"@id\":\"https:\\\/\\\/www.bursagoz.com\\\/goz-hastaliklari\\\/#local-main-organization-logo\",\"url\":\"https:\\\/\\\/i0.wp.com\\\/www.bursagoz.com\\\/wp-content\\\/uploads\\\/2020\\\/02\\\/BGM-Logobeyazi1.png?fit=1500%2C1000&ssl=1\",\"contentUrl\":\"https:\\\/\\\/i0.wp.com\\\/www.bursagoz.com\\\/wp-content\\\/uploads\\\/2020\\\/02\\\/BGM-Logobeyazi1.png?fit=1500%2C1000&ssl=1\",\"width\":1500,\"height\":1000,\"caption\":\"Bursa G\u00f6z Merkezi\"}]}<\/script>\n<meta name=\"geo.placename\" content=\"BURSA\" \/>\n<meta name=\"geo.position\" content=\"40.191996;29.110874\" \/>\n<meta name=\"geo.region\" content=\"Turkey\" \/>\n<!-- \/ Yoast SEO Premium plugin. -->","yoast_head_json":{"title":"G\u00f6z Hastal\u0131klar\u0131 - Bursa G\u00f6z Merkezi Y\u0131ld\u0131r\u0131m G\u00f6z Hastal\u0131klar\u0131 Hastanesi","robots":{"index":"index","follow":"follow","max-snippet":"max-snippet:-1","max-image-preview":"max-image-preview:large","max-video-preview":"max-video-preview:-1"},"canonical":"https:\/\/www.bursagoz.com\/en\/goz-hastaliklari\/","og_locale":"en_US","og_type":"article","og_title":"G\u00f6z Hastal\u0131klar\u0131","og_description":"G\u00f6z\u00fcn Anatomisi \/ Yap\u0131s\u0131 G\u00f6z\u00fcn i\u015fleyi\u015fi bir foto\u011fraf makinesine benzer. Foto\u011fraf makinesi iki k\u0131s\u0131mdan olu\u015fur; 1- G\u00f6r\u00fcnt\u00fcy\u00fc netle\u015ftirerek film \u00fczerine d\u00fc\u015fmesini sa\u011flayan mercek sistemi (objektif 2- \u00dczerine d\u00fc\u015fen g\u00f6r\u00fcnt\u00fcy\u00fc saklayan film G\u00f6z\u00fcm\u00fczde bu \u015fekilde iki k\u0131s\u0131mdan olu\u015fur. Mercek Sistemi ve Retina yani objektif Sistemi g\u00f6zde iki ayr\u0131 mercekten olu\u015fur. Kornea : G\u00f6z\u00fcm\u00fcz\u00fcn \u00f6n\u00fcnde bulunana en Read More \"G\u00f6z Hastal\u0131klar\u0131\"","og_url":"https:\/\/www.bursagoz.com\/en\/goz-hastaliklari\/","og_site_name":"Bursa G\u00f6z Merkezi Y\u0131ld\u0131r\u0131m G\u00f6z Hastal\u0131klar\u0131 Hastanesi","article_publisher":"https:\/\/www.facebook.com\/bursagozyildirim\/","twitter_card":"summary_large_image","twitter_site":"@bursagoz_","twitter_misc":{"Est. reading time":"1 minute"},"schema":{"@context":"https:\/\/schema.org","@graph":[{"@type":"WebPage","@id":"https:\/\/www.bursagoz.com\/goz-hastaliklari\/","url":"https:\/\/www.bursagoz.com\/goz-hastaliklari\/","name":"G\u00f6z Hastal\u0131klar\u0131 - Bursa G\u00f6z Merkezi Y\u0131ld\u0131r\u0131m G\u00f6z Hastal\u0131klar\u0131 Hastanesi","isPartOf":{"@id":"https:\/\/www.bursagoz.com\/#website"},"datePublished":"2019-09-23T07:04:41+00:00","breadcrumb":{"@id":"https:\/\/www.bursagoz.com\/goz-hastaliklari\/#breadcrumb"},"inLanguage":"en-US","potentialAction":[{"@type":"ReadAction","target":["https:\/\/www.bursagoz.com\/goz-hastaliklari\/"]}]},{"@type":"BreadcrumbList","@id":"https:\/\/www.bursagoz.com\/goz-hastaliklari\/#breadcrumb","itemListElement":[{"@type":"ListItem","position":1,"name":"Ana sayfa","item":"https:\/\/www.bursagoz.com\/"},{"@type":"ListItem","position":2,"name":"G\u00f6z Hastal\u0131klar\u0131"}]},{"@type":"WebSite","@id":"https:\/\/www.bursagoz.com\/#website","url":"https:\/\/www.bursagoz.com\/","name":"Bursa G\u00f6z Merkezi Y\u0131ld\u0131r\u0131m G\u00f6z Hastal\u0131klar\u0131 Hastanesi","description":"Bursa G\u00f6z Merkezi | Sa\u011fl\u0131kta 10 Y\u0131ll\u0131k Te\u00e7r\u00fcbenin Yeni Ad\u0131","publisher":{"@id":"https:\/\/www.bursagoz.com\/#organization"},"potentialAction":[{"@type":"SearchAction","target":{"@type":"EntryPoint","urlTemplate":"https:\/\/www.bursagoz.com\/?s={search_term_string}"},"query-input":{"@type":"PropertyValueSpecification","valueRequired":true,"valueName":"search_term_string"}}],"inLanguage":"en-US"},{"@type":["Organization","Place","HealthClub"],"@id":"https:\/\/www.bursagoz.com\/#organization","name":"Bursa G\u00f6z Merkezi","url":"https:\/\/www.bursagoz.com\/","logo":{"@id":"https:\/\/www.bursagoz.com\/goz-hastaliklari\/#local-main-organization-logo"},"image":{"@id":"https:\/\/www.bursagoz.com\/goz-hastaliklari\/#local-main-organization-logo"},"sameAs":["https:\/\/www.facebook.com\/bursagozyildirim\/","https:\/\/x.com\/bursagoz_","https:\/\/www.instagram.com\/bursagozmerkezi","https:\/\/www.youtube.com\/channel\/UCpSzsUiWi-QvB9j1uUAiJew"],"address":{"@id":"https:\/\/www.bursagoz.com\/goz-hastaliklari\/#local-main-place-address"},"geo":{"@type":"GeoCoordinates","latitude":"40.191996","longitude":"29.110874"},"telephone":["4441469","08508501469"],"openingHoursSpecification":[{"@type":"OpeningHoursSpecification","dayOfWeek":["Monday","Tuesday","Wednesday","Thursday","Friday","Saturday"],"opens":"08:30","closes":"18:00"},{"@type":"OpeningHoursSpecification","dayOfWeek":["Sunday"],"opens":"00:00","closes":"00:00"}],"email":"randevu@bursagoz.com","areaServed":"G\u00f6z Sa\u011fl\u0131\u011f\u0131","taxID":"1910580134"},{"@type":"PostalAddress","@id":"https:\/\/www.bursagoz.com\/goz-hastaliklari\/#local-main-place-address","streetAddress":"Dua\u00e7\u0131nar\u0131 Mahallesi Bar\u0131\u015f Caddesi No:3 Y\u0131ld\u0131r\u0131m \/ BURSA","addressLocality":"BURSA","postalCode":"16270","addressRegion":"Y\u0131ld\u0131r\u0131m","addressCountry":"TR"},{"@type":"ImageObject","inLanguage":"en-US","@id":"https:\/\/www.bursagoz.com\/goz-hastaliklari\/#local-main-organization-logo","url":"https:\/\/i0.wp.com\/www.bursagoz.com\/wp-content\/uploads\/2020\/02\/BGM-Logobeyazi1.png?fit=1500%2C1000&ssl=1","contentUrl":"https:\/\/i0.wp.com\/www.bursagoz.com\/wp-content\/uploads\/2020\/02\/BGM-Logobeyazi1.png?fit=1500%2C1000&ssl=1","width":1500,"height":1000,"caption":"Bursa G\u00f6z Merkezi"}]},"geo.placename":"BURSA","geo.position":{"lat":"40.191996","long":"29.110874"},"geo.region":"Turkey"},"jetpack_sharing_enabled":true,"_links":{"self":[{"href":"https:\/\/www.bursagoz.com\/en\/wp-json\/wp\/v2\/pages\/1708","targetHints":{"allow":["GET"]}}],"collection":[{"href":"https:\/\/www.bursagoz.com\/en\/wp-json\/wp\/v2\/pages"}],"about":[{"href":"https:\/\/www.bursagoz.com\/en\/wp-json\/wp\/v2\/types\/page"}],"author":[{"embeddable":true,"href":"https:\/\/www.bursagoz.com\/en\/wp-json\/wp\/v2\/users\/1"}],"replies":[{"embeddable":true,"href":"https:\/\/www.bursagoz.com\/en\/wp-json\/wp\/v2\/comments?post=1708"}],"version-history":[{"count":1,"href":"https:\/\/www.bursagoz.com\/en\/wp-json\/wp\/v2\/pages\/1708\/revisions"}],"predecessor-version":[{"id":1709,"href":"https:\/\/www.bursagoz.com\/en\/wp-json\/wp\/v2\/pages\/1708\/revisions\/1709"}],"wp:attachment":[{"href":"https:\/\/www.bursagoz.com\/en\/wp-json\/wp\/v2\/media?parent=1708"}],"curies":[{"name":"wp","href":"https:\/\/api.w.org\/{rel}","templated":true}]}}