{"id":1714,"date":"2019-09-23T10:07:55","date_gmt":"2019-09-23T07:07:55","guid":{"rendered":"http:\/\/cinargoz.com\/?page_id=1714"},"modified":"2023-02-01T17:57:40","modified_gmt":"2023-02-01T14:57:40","slug":"miyop-goz","status":"publish","type":"page","link":"https:\/\/www.bursagoz.com\/en\/goz-hastaliklari\/miyop-goz\/","title":{"rendered":"Miyop G\u00f6z"},"content":{"rendered":"<p><strong>Ailenizde veya \u00e7evrenizde uza\u011f\u0131 net g\u00f6rebilmek i\u00e7in g\u00f6zlerini k\u0131sarak bakan insanlara \u015fahit olmu\u015fsunuzdur. Miyop g\u00f6z yak\u0131n\u0131n\u0131zdaki nesnelerin net, ancak uzaktaki nesnelerin bulan\u0131k g\u00f6r\u00fcld\u00fc\u011f\u00fc yayg\u0131n bir g\u00f6rme kusurdur.<\/strong><\/p>\n<p>Miyop Hipermetrop tan\u0131s\u0131n\u0131n tam tersi olarak yak\u0131nlar net, uzaklar bulan\u0131k g\u00f6r\u00fcn\u00fcr. Miyop g\u00f6z ara\u00e7 kullan\u0131rken ya da yolda y\u00fcr\u00fcrken uzaktaki tabela yaz\u0131lar\u0131n\u0131 ve i\u015faretlerini bulan\u0131k g\u00f6r\u00fcr.<\/p>\n<p><img data-recalc-dims=\"1\" loading=\"lazy\" decoding=\"async\" class=\"aligncenter wp-image-2578\" src=\"https:\/\/i0.wp.com\/www.bursagoz.com\/wp-content\/uploads\/2023\/02\/miyop_goz.png?resize=500%2C250&#038;ssl=1\" alt=\"Miyop G\u00f6z, Miyopi, Miyop G\u00f6z Tedavi yollar\u0131 nelerdir\" width=\"500\" height=\"250\" srcset=\"https:\/\/i0.wp.com\/www.bursagoz.com\/wp-content\/uploads\/2023\/02\/miyop_goz.png?resize=300%2C150&amp;ssl=1 300w, https:\/\/i0.wp.com\/www.bursagoz.com\/wp-content\/uploads\/2023\/02\/miyop_goz.png?resize=768%2C384&amp;ssl=1 768w, https:\/\/i0.wp.com\/www.bursagoz.com\/wp-content\/uploads\/2023\/02\/miyop_goz.png?w=1181&amp;ssl=1 1181w\" sizes=\"auto, (max-width: 500px) 100vw, 500px\" \/><\/p>\n<p><strong>Miyopi belirtileri \u015funlar olabilir<\/strong>:<\/p>\n<ul>\n<li>Uzaktaki nesneleri net g\u00f6rememe,<\/li>\n<li>Uzaktaki nesneleri g\u00f6rebilmek amac\u0131yla g\u00f6zleri k\u0131sma ve k\u0131rpma,<\/li>\n<li>Gece g\u00f6r\u00fc\u015f\u00fcnde bozukluk,<\/li>\n<li>G\u00f6z yorgunlu\u011funa ba\u011fl\u0131 ba\u015f a\u011fr\u0131s\u0131,<\/li>\n<li>\u00d6zellikle ara\u00e7 kullan\u0131rken ya\u015fanan g\u00f6rme g\u00fc\u00e7l\u00fc\u011f\u00fc.<\/li>\n<\/ul>\n<p><strong>\u00c7ocuklar s\u0131k rastlanan belirtiler ise \u015funlard\u0131r:<\/strong><\/p>\n<ul>\n<li>Okulda tahtay\u0131 net g\u00f6rememe,<\/li>\n<li>Televizyon izlerken ya da herhangi bir ekran kar\u015f\u0131s\u0131nda, ekrana yakla\u015fma iste\u011fi,<\/li>\n<li>Kendisinden uzakta bulunan nesneleri fark edememe,<\/li>\n<li>A\u015f\u0131r\u0131 g\u00f6z k\u0131rpma,<\/li>\n<li>S\u0131k s\u0131k g\u00f6zleri ovalama,<\/li>\n<li>G\u00f6zlerde inat\u00e7\u0131 \u015fa\u015f\u0131l\u0131k.<\/li>\n<\/ul>\n<p><strong>Not:<\/strong> Bu belirtiler ba\u015fka bir g\u00f6rme bozuklu\u011fu veya hastal\u0131\u011f\u0131n belirtisi olabilir, bu nedenle do\u011fru te\u015fhis ve tedavi i\u00e7in bir g\u00f6z doktorunuza muayene yapman\u0131z \u00f6nerilir.<\/p>\n<p><strong>Neden Uza\u011f\u0131 Net G\u00f6remiyorum?<br \/>\n<\/strong>Miyop g\u00f6z yani uza\u011f\u0131 net g\u00f6rememenin \u00e7e\u015fitli nedenleri olabilir, fakat genetik fakt\u00f6rlerin miyopi kusuruna katk\u0131s\u0131n\u0131n %60 ile %90 aras\u0131nda de\u011fi\u015fti\u011fi g\u00f6r\u00fclm\u00fc\u015ft\u00fcr.<\/p>\n<p>Miyopi g\u00f6z\u00fcn yap\u0131s\u0131n\u0131n normalden uzun olmas\u0131 sonucu g\u00f6r\u00fcnt\u00fcn\u00fcn retina tabakas\u0131n\u0131n \u00f6n\u00fcnde odaklanmas\u0131 ve buna ba\u011fl\u0131 ki\u015finin uza\u011f\u0131 net g\u00f6rememesidir.<\/p>\n<p><strong>Uza\u011f\u0131 G\u00f6rmek i\u00e7in Tedavi Yollar Neler?<br \/>\n<\/strong>Tabi ki yak\u0131n\u0131 g\u00f6rmenin tedavi yollar\u0131 var. Sizlere 3 ayr\u0131 ba\u015fl\u0131kta belirtmek isterim.<\/p>\n<ul>\n<li><strong>Kontak Lenler<\/strong><\/li>\n<\/ul>\n<p>Yak\u0131n\u0131 bulan\u0131k g\u00f6ren g\u00f6zler i\u00e7in\u00a0g\u00f6z i\u00e7i kontakt lensler tercih edilen tedavi y\u00f6ntemlerinden sadece birisidir. Lens kullan\u0131rken dikkat etmeniz gereken durumlar vard\u0131r. Belirli bir kullan\u0131m s\u00fcresi vard\u0131r. Bu konuda detayl\u0131 bilgi i\u00e7in g\u00f6z doktorunuza ba\u015fvurabilirsiniz.<\/p>\n<ul>\n<li><strong>Re\u00e7eteli G\u00f6zl\u00fck<\/strong><\/li>\n<\/ul>\n<p>Doktorunuzun muayene ve tetkik sonucu belirledi\u011fi cam numaralar\u0131 ile g\u00f6zl\u00fck kullanabilirsiniz. Lens veya g\u00f6zl\u00fck kullanacaksan\u0131z ya\u015fam \u015feklinize ve yapt\u0131\u011f\u0131n\u0131z i\u015fe g\u00f6re se\u00e7im yapmal\u0131s\u0131n\u0131z.<\/p>\n<ul>\n<li><strong>Lazer Cerrahisi<\/strong><\/li>\n<\/ul>\n<p>G\u00f6z doktoru, kornean\u0131z\u0131 k\u0131smen yeniden \u015fekillendirmek amac\u0131yla LASIK operasyonunu size bir se\u00e7enek olarak sunacakt\u0131r. Bu se\u00e7enek kontakt lens ve g\u00f6zl\u00fck kullanmak istemeyen hastalar\u0131n tercih etti\u011fi tedavi y\u00f6ntemlerinden birisidir.<\/p>","protected":false},"excerpt":{"rendered":"<p>Ailenizde veya \u00e7evrenizde uza\u011f\u0131 net g\u00f6rebilmek i\u00e7in g\u00f6zlerini k\u0131sarak bakan insanlara \u015fahit olmu\u015fsunuzdur. Miyop g\u00f6z yak\u0131n\u0131n\u0131zdaki nesnelerin net, ancak uzaktaki nesnelerin bulan\u0131k g\u00f6r\u00fcld\u00fc\u011f\u00fc yayg\u0131n bir g\u00f6rme kusurdur. Miyop Hipermetrop tan\u0131s\u0131n\u0131n tam tersi olarak yak\u0131nlar net, uzaklar bulan\u0131k g\u00f6r\u00fcn\u00fcr. Miyop g\u00f6z ara\u00e7 kullan\u0131rken ya da yolda y\u00fcr\u00fcrken uzaktaki tabela yaz\u0131lar\u0131n\u0131 ve i\u015faretlerini bulan\u0131k g\u00f6r\u00fcr. Miyopi belirtileri <\/p>\n<div class=\"btn-more-wrapper\"><a href=\"https:\/\/www.bursagoz.com\/en\/goz-hastaliklari\/miyop-goz\/\" class=\"btn btn-sm btn-hover-fill\"><svg class=\"icon icon-right-arrow\" version=\"1.1\" xmlns=\"http:\/\/www.w3.org\/2000\/svg\" width=\"32\" height=\"32\" viewbox=\"0 0 32 32\"><path d=\"M21.548 5.088c-0.436-0.451-1.162-0.451-1.613 0-0.436 0.436-0.436 1.162 0 1.596l8.177 8.177h-26.984c-0.629 0.001-1.129 0.501-1.129 1.13s0.5 1.145 1.129 1.145h26.984l-8.177 8.162c-0.436 0.451-0.436 1.178 0 1.613 0.451 0.451 1.178 0.451 1.613 0l10.113-10.113c0.451-0.436 0.451-1.162 0-1.596l-10.113-10.114z\"><\/path><\/svg>Read More<span class=\"screen-reader-text\"> &#8220;Miyop G\u00f6z&#8221;<\/span><svg class=\"icon icon-right-arrow\" version=\"1.1\" xmlns=\"http:\/\/www.w3.org\/2000\/svg\" width=\"32\" height=\"32\" viewbox=\"0 0 32 32\"><path d=\"M21.548 5.088c-0.436-0.451-1.162-0.451-1.613 0-0.436 0.436-0.436 1.162 0 1.596l8.177 8.177h-26.984c-0.629 0.001-1.129 0.501-1.129 1.13s0.5 1.145 1.129 1.145h26.984l-8.177 8.162c-0.436 0.451-0.436 1.178 0 1.613 0.451 0.451 1.178 0.451 1.613 0l10.113-10.113c0.451-0.436 0.451-1.162 0-1.596l-10.113-10.114z\"><\/path><\/svg><\/a><\/div>","protected":false},"author":1,"featured_media":0,"parent":1708,"menu_order":0,"comment_status":"closed","ping_status":"closed","template":"","meta":{"footnotes":""},"class_list":["post-1714","page","type-page","status-publish","hentry"],"yoast_head":"<!-- This site is optimized with the Yoast SEO Premium plugin v26.2 (Yoast SEO v27.6) - https:\/\/yoast.com\/product\/yoast-seo-premium-wordpress\/ -->\n<title>Miyop G\u00f6z Tedavisi- Bursa G\u00f6z Merkezi<\/title>\n<meta name=\"description\" content=\"Ailenizde veya \u00e7evrenizde uza\u011f\u0131 net g\u00f6rebilmek i\u00e7in g\u00f6zlerini k\u0131sarak bakan insanlara \u015fahit olmu\u015fsunuzdur. Miyop g\u00f6z yak\u0131n\u0131n\u0131zdaki nesnelerin\" \/>\n<meta name=\"robots\" content=\"index, follow, max-snippet:-1, max-image-preview:large, max-video-preview:-1\" \/>\n<link rel=\"canonical\" href=\"https:\/\/www.bursagoz.com\/en\/goz-hastaliklari\/miyop-goz\/\" \/>\n<meta property=\"og:locale\" content=\"en_US\" \/>\n<meta property=\"og:type\" content=\"article\" \/>\n<meta property=\"og:title\" content=\"Miyop G\u00f6z\" \/>\n<meta property=\"og:description\" content=\"Ailenizde veya \u00e7evrenizde uza\u011f\u0131 net g\u00f6rebilmek i\u00e7in g\u00f6zlerini k\u0131sarak bakan insanlara \u015fahit olmu\u015fsunuzdur. Miyop g\u00f6z yak\u0131n\u0131n\u0131zdaki nesnelerin\" \/>\n<meta property=\"og:url\" content=\"https:\/\/www.bursagoz.com\/en\/goz-hastaliklari\/miyop-goz\/\" \/>\n<meta property=\"og:site_name\" content=\"Bursa G\u00f6z Merkezi Y\u0131ld\u0131r\u0131m G\u00f6z Hastal\u0131klar\u0131 Hastanesi\" \/>\n<meta property=\"article:publisher\" content=\"https:\/\/www.facebook.com\/bursagozyildirim\/\" \/>\n<meta property=\"article:modified_time\" content=\"2023-02-01T14:57:40+00:00\" \/>\n<meta property=\"og:image\" content=\"https:\/\/www.bursagoz.com\/wp-content\/uploads\/2023\/02\/miyop_goz-300x150.png\" \/>\n<meta name=\"twitter:card\" content=\"summary_large_image\" \/>\n<meta name=\"twitter:site\" content=\"@bursagoz_\" \/>\n<meta name=\"twitter:label1\" content=\"Est. reading time\" \/>\n\t<meta name=\"twitter:data1\" content=\"3 minutes\" \/>\n<script type=\"application\/ld+json\" class=\"yoast-schema-graph\">{\"@context\":\"https:\\\/\\\/schema.org\",\"@graph\":[{\"@type\":\"WebPage\",\"@id\":\"https:\\\/\\\/www.bursagoz.com\\\/goz-hastaliklari\\\/miyop-goz\\\/\",\"url\":\"https:\\\/\\\/www.bursagoz.com\\\/goz-hastaliklari\\\/miyop-goz\\\/\",\"name\":\"Miyop G\u00f6z Tedavisi- Bursa G\u00f6z Merkezi\",\"isPartOf\":{\"@id\":\"https:\\\/\\\/www.bursagoz.com\\\/#website\"},\"primaryImageOfPage\":{\"@id\":\"https:\\\/\\\/www.bursagoz.com\\\/goz-hastaliklari\\\/miyop-goz\\\/#primaryimage\"},\"image\":{\"@id\":\"https:\\\/\\\/www.bursagoz.com\\\/goz-hastaliklari\\\/miyop-goz\\\/#primaryimage\"},\"thumbnailUrl\":\"https:\\\/\\\/www.bursagoz.com\\\/wp-content\\\/uploads\\\/2023\\\/02\\\/miyop_goz-300x150.png\",\"datePublished\":\"2019-09-23T07:07:55+00:00\",\"dateModified\":\"2023-02-01T14:57:40+00:00\",\"description\":\"Ailenizde veya \u00e7evrenizde uza\u011f\u0131 net g\u00f6rebilmek i\u00e7in g\u00f6zlerini k\u0131sarak bakan insanlara \u015fahit olmu\u015fsunuzdur. Miyop g\u00f6z yak\u0131n\u0131n\u0131zdaki nesnelerin\",\"breadcrumb\":{\"@id\":\"https:\\\/\\\/www.bursagoz.com\\\/goz-hastaliklari\\\/miyop-goz\\\/#breadcrumb\"},\"inLanguage\":\"en-US\",\"potentialAction\":[{\"@type\":\"ReadAction\",\"target\":[\"https:\\\/\\\/www.bursagoz.com\\\/goz-hastaliklari\\\/miyop-goz\\\/\"]}]},{\"@type\":\"ImageObject\",\"inLanguage\":\"en-US\",\"@id\":\"https:\\\/\\\/www.bursagoz.com\\\/goz-hastaliklari\\\/miyop-goz\\\/#primaryimage\",\"url\":\"https:\\\/\\\/www.bursagoz.com\\\/wp-content\\\/uploads\\\/2023\\\/02\\\/miyop_goz-300x150.png\",\"contentUrl\":\"https:\\\/\\\/www.bursagoz.com\\\/wp-content\\\/uploads\\\/2023\\\/02\\\/miyop_goz-300x150.png\"},{\"@type\":\"BreadcrumbList\",\"@id\":\"https:\\\/\\\/www.bursagoz.com\\\/goz-hastaliklari\\\/miyop-goz\\\/#breadcrumb\",\"itemListElement\":[{\"@type\":\"ListItem\",\"position\":1,\"name\":\"Ana sayfa\",\"item\":\"https:\\\/\\\/www.bursagoz.com\\\/\"},{\"@type\":\"ListItem\",\"position\":2,\"name\":\"G\u00f6z Hastal\u0131klar\u0131\",\"item\":\"https:\\\/\\\/www.bursagoz.com\\\/goz-hastaliklari\\\/\"},{\"@type\":\"ListItem\",\"position\":3,\"name\":\"Miyop G\u00f6z\"}]},{\"@type\":\"WebSite\",\"@id\":\"https:\\\/\\\/www.bursagoz.com\\\/#website\",\"url\":\"https:\\\/\\\/www.bursagoz.com\\\/\",\"name\":\"Bursa G\u00f6z Merkezi Y\u0131ld\u0131r\u0131m G\u00f6z Hastal\u0131klar\u0131 Hastanesi\",\"description\":\"Bursa G\u00f6z Merkezi | Sa\u011fl\u0131kta 10 Y\u0131ll\u0131k Te\u00e7r\u00fcbenin Yeni Ad\u0131\",\"publisher\":{\"@id\":\"https:\\\/\\\/www.bursagoz.com\\\/#organization\"},\"potentialAction\":[{\"@type\":\"SearchAction\",\"target\":{\"@type\":\"EntryPoint\",\"urlTemplate\":\"https:\\\/\\\/www.bursagoz.com\\\/?s={search_term_string}\"},\"query-input\":{\"@type\":\"PropertyValueSpecification\",\"valueRequired\":true,\"valueName\":\"search_term_string\"}}],\"inLanguage\":\"en-US\"},{\"@type\":[\"Organization\",\"Place\",\"HealthClub\"],\"@id\":\"https:\\\/\\\/www.bursagoz.com\\\/#organization\",\"name\":\"Bursa G\u00f6z Merkezi\",\"url\":\"https:\\\/\\\/www.bursagoz.com\\\/\",\"logo\":{\"@id\":\"https:\\\/\\\/www.bursagoz.com\\\/goz-hastaliklari\\\/miyop-goz\\\/#local-main-organization-logo\"},\"image\":{\"@id\":\"https:\\\/\\\/www.bursagoz.com\\\/goz-hastaliklari\\\/miyop-goz\\\/#local-main-organization-logo\"},\"sameAs\":[\"https:\\\/\\\/www.facebook.com\\\/bursagozyildirim\\\/\",\"https:\\\/\\\/x.com\\\/bursagoz_\",\"https:\\\/\\\/www.instagram.com\\\/bursagozmerkezi\",\"https:\\\/\\\/www.youtube.com\\\/channel\\\/UCpSzsUiWi-QvB9j1uUAiJew\"],\"address\":{\"@id\":\"https:\\\/\\\/www.bursagoz.com\\\/goz-hastaliklari\\\/miyop-goz\\\/#local-main-place-address\"},\"geo\":{\"@type\":\"GeoCoordinates\",\"latitude\":\"40.191996\",\"longitude\":\"29.110874\"},\"telephone\":[\"4441469\",\"08508501469\"],\"openingHoursSpecification\":[{\"@type\":\"OpeningHoursSpecification\",\"dayOfWeek\":[\"Monday\",\"Tuesday\",\"Wednesday\",\"Thursday\",\"Friday\",\"Saturday\"],\"opens\":\"08:30\",\"closes\":\"18:00\"},{\"@type\":\"OpeningHoursSpecification\",\"dayOfWeek\":[\"Sunday\"],\"opens\":\"00:00\",\"closes\":\"00:00\"}],\"email\":\"randevu@bursagoz.com\",\"areaServed\":\"G\u00f6z Sa\u011fl\u0131\u011f\u0131\",\"taxID\":\"1910580134\"},{\"@type\":\"PostalAddress\",\"@id\":\"https:\\\/\\\/www.bursagoz.com\\\/goz-hastaliklari\\\/miyop-goz\\\/#local-main-place-address\",\"streetAddress\":\"Dua\u00e7\u0131nar\u0131 Mahallesi Bar\u0131\u015f Caddesi No:3 Y\u0131ld\u0131r\u0131m \\\/ BURSA\",\"addressLocality\":\"BURSA\",\"postalCode\":\"16270\",\"addressRegion\":\"Y\u0131ld\u0131r\u0131m\",\"addressCountry\":\"TR\"},{\"@type\":\"ImageObject\",\"inLanguage\":\"en-US\",\"@id\":\"https:\\\/\\\/www.bursagoz.com\\\/goz-hastaliklari\\\/miyop-goz\\\/#local-main-organization-logo\",\"url\":\"https:\\\/\\\/i0.wp.com\\\/www.bursagoz.com\\\/wp-content\\\/uploads\\\/2020\\\/02\\\/BGM-Logobeyazi1.png?fit=1500%2C1000&ssl=1\",\"contentUrl\":\"https:\\\/\\\/i0.wp.com\\\/www.bursagoz.com\\\/wp-content\\\/uploads\\\/2020\\\/02\\\/BGM-Logobeyazi1.png?fit=1500%2C1000&ssl=1\",\"width\":1500,\"height\":1000,\"caption\":\"Bursa G\u00f6z Merkezi\"}]}<\/script>\n<meta name=\"geo.placename\" content=\"BURSA\" \/>\n<meta name=\"geo.position\" content=\"40.191996;29.110874\" \/>\n<meta name=\"geo.region\" content=\"Turkey\" \/>\n<!-- \/ Yoast SEO Premium plugin. -->","yoast_head_json":{"title":"Miyop G\u00f6z Tedavisi- Bursa G\u00f6z Merkezi","description":"Ailenizde veya \u00e7evrenizde uza\u011f\u0131 net g\u00f6rebilmek i\u00e7in g\u00f6zlerini k\u0131sarak bakan insanlara \u015fahit olmu\u015fsunuzdur. Miyop g\u00f6z yak\u0131n\u0131n\u0131zdaki nesnelerin","robots":{"index":"index","follow":"follow","max-snippet":"max-snippet:-1","max-image-preview":"max-image-preview:large","max-video-preview":"max-video-preview:-1"},"canonical":"https:\/\/www.bursagoz.com\/en\/goz-hastaliklari\/miyop-goz\/","og_locale":"en_US","og_type":"article","og_title":"Miyop G\u00f6z","og_description":"Ailenizde veya \u00e7evrenizde uza\u011f\u0131 net g\u00f6rebilmek i\u00e7in g\u00f6zlerini k\u0131sarak bakan insanlara \u015fahit olmu\u015fsunuzdur. Miyop g\u00f6z yak\u0131n\u0131n\u0131zdaki nesnelerin","og_url":"https:\/\/www.bursagoz.com\/en\/goz-hastaliklari\/miyop-goz\/","og_site_name":"Bursa G\u00f6z Merkezi Y\u0131ld\u0131r\u0131m G\u00f6z Hastal\u0131klar\u0131 Hastanesi","article_publisher":"https:\/\/www.facebook.com\/bursagozyildirim\/","article_modified_time":"2023-02-01T14:57:40+00:00","og_image":[{"url":"https:\/\/www.bursagoz.com\/wp-content\/uploads\/2023\/02\/miyop_goz-300x150.png","type":"","width":"","height":""}],"twitter_card":"summary_large_image","twitter_site":"@bursagoz_","twitter_misc":{"Est. reading time":"3 minutes"},"schema":{"@context":"https:\/\/schema.org","@graph":[{"@type":"WebPage","@id":"https:\/\/www.bursagoz.com\/goz-hastaliklari\/miyop-goz\/","url":"https:\/\/www.bursagoz.com\/goz-hastaliklari\/miyop-goz\/","name":"Miyop G\u00f6z Tedavisi- Bursa G\u00f6z Merkezi","isPartOf":{"@id":"https:\/\/www.bursagoz.com\/#website"},"primaryImageOfPage":{"@id":"https:\/\/www.bursagoz.com\/goz-hastaliklari\/miyop-goz\/#primaryimage"},"image":{"@id":"https:\/\/www.bursagoz.com\/goz-hastaliklari\/miyop-goz\/#primaryimage"},"thumbnailUrl":"https:\/\/www.bursagoz.com\/wp-content\/uploads\/2023\/02\/miyop_goz-300x150.png","datePublished":"2019-09-23T07:07:55+00:00","dateModified":"2023-02-01T14:57:40+00:00","description":"Ailenizde veya \u00e7evrenizde uza\u011f\u0131 net g\u00f6rebilmek i\u00e7in g\u00f6zlerini k\u0131sarak bakan insanlara \u015fahit olmu\u015fsunuzdur. Miyop g\u00f6z yak\u0131n\u0131n\u0131zdaki nesnelerin","breadcrumb":{"@id":"https:\/\/www.bursagoz.com\/goz-hastaliklari\/miyop-goz\/#breadcrumb"},"inLanguage":"en-US","potentialAction":[{"@type":"ReadAction","target":["https:\/\/www.bursagoz.com\/goz-hastaliklari\/miyop-goz\/"]}]},{"@type":"ImageObject","inLanguage":"en-US","@id":"https:\/\/www.bursagoz.com\/goz-hastaliklari\/miyop-goz\/#primaryimage","url":"https:\/\/www.bursagoz.com\/wp-content\/uploads\/2023\/02\/miyop_goz-300x150.png","contentUrl":"https:\/\/www.bursagoz.com\/wp-content\/uploads\/2023\/02\/miyop_goz-300x150.png"},{"@type":"BreadcrumbList","@id":"https:\/\/www.bursagoz.com\/goz-hastaliklari\/miyop-goz\/#breadcrumb","itemListElement":[{"@type":"ListItem","position":1,"name":"Ana sayfa","item":"https:\/\/www.bursagoz.com\/"},{"@type":"ListItem","position":2,"name":"G\u00f6z Hastal\u0131klar\u0131","item":"https:\/\/www.bursagoz.com\/goz-hastaliklari\/"},{"@type":"ListItem","position":3,"name":"Miyop G\u00f6z"}]},{"@type":"WebSite","@id":"https:\/\/www.bursagoz.com\/#website","url":"https:\/\/www.bursagoz.com\/","name":"Bursa G\u00f6z Merkezi Y\u0131ld\u0131r\u0131m G\u00f6z Hastal\u0131klar\u0131 Hastanesi","description":"Bursa G\u00f6z Merkezi | Sa\u011fl\u0131kta 10 Y\u0131ll\u0131k Te\u00e7r\u00fcbenin Yeni Ad\u0131","publisher":{"@id":"https:\/\/www.bursagoz.com\/#organization"},"potentialAction":[{"@type":"SearchAction","target":{"@type":"EntryPoint","urlTemplate":"https:\/\/www.bursagoz.com\/?s={search_term_string}"},"query-input":{"@type":"PropertyValueSpecification","valueRequired":true,"valueName":"search_term_string"}}],"inLanguage":"en-US"},{"@type":["Organization","Place","HealthClub"],"@id":"https:\/\/www.bursagoz.com\/#organization","name":"Bursa G\u00f6z Merkezi","url":"https:\/\/www.bursagoz.com\/","logo":{"@id":"https:\/\/www.bursagoz.com\/goz-hastaliklari\/miyop-goz\/#local-main-organization-logo"},"image":{"@id":"https:\/\/www.bursagoz.com\/goz-hastaliklari\/miyop-goz\/#local-main-organization-logo"},"sameAs":["https:\/\/www.facebook.com\/bursagozyildirim\/","https:\/\/x.com\/bursagoz_","https:\/\/www.instagram.com\/bursagozmerkezi","https:\/\/www.youtube.com\/channel\/UCpSzsUiWi-QvB9j1uUAiJew"],"address":{"@id":"https:\/\/www.bursagoz.com\/goz-hastaliklari\/miyop-goz\/#local-main-place-address"},"geo":{"@type":"GeoCoordinates","latitude":"40.191996","longitude":"29.110874"},"telephone":["4441469","08508501469"],"openingHoursSpecification":[{"@type":"OpeningHoursSpecification","dayOfWeek":["Monday","Tuesday","Wednesday","Thursday","Friday","Saturday"],"opens":"08:30","closes":"18:00"},{"@type":"OpeningHoursSpecification","dayOfWeek":["Sunday"],"opens":"00:00","closes":"00:00"}],"email":"randevu@bursagoz.com","areaServed":"G\u00f6z Sa\u011fl\u0131\u011f\u0131","taxID":"1910580134"},{"@type":"PostalAddress","@id":"https:\/\/www.bursagoz.com\/goz-hastaliklari\/miyop-goz\/#local-main-place-address","streetAddress":"Dua\u00e7\u0131nar\u0131 Mahallesi Bar\u0131\u015f Caddesi No:3 Y\u0131ld\u0131r\u0131m \/ BURSA","addressLocality":"BURSA","postalCode":"16270","addressRegion":"Y\u0131ld\u0131r\u0131m","addressCountry":"TR"},{"@type":"ImageObject","inLanguage":"en-US","@id":"https:\/\/www.bursagoz.com\/goz-hastaliklari\/miyop-goz\/#local-main-organization-logo","url":"https:\/\/i0.wp.com\/www.bursagoz.com\/wp-content\/uploads\/2020\/02\/BGM-Logobeyazi1.png?fit=1500%2C1000&ssl=1","contentUrl":"https:\/\/i0.wp.com\/www.bursagoz.com\/wp-content\/uploads\/2020\/02\/BGM-Logobeyazi1.png?fit=1500%2C1000&ssl=1","width":1500,"height":1000,"caption":"Bursa G\u00f6z Merkezi"}]},"geo.placename":"BURSA","geo.position":{"lat":"40.191996","long":"29.110874"},"geo.region":"Turkey"},"jetpack_sharing_enabled":true,"_links":{"self":[{"href":"https:\/\/www.bursagoz.com\/en\/wp-json\/wp\/v2\/pages\/1714","targetHints":{"allow":["GET"]}}],"collection":[{"href":"https:\/\/www.bursagoz.com\/en\/wp-json\/wp\/v2\/pages"}],"about":[{"href":"https:\/\/www.bursagoz.com\/en\/wp-json\/wp\/v2\/types\/page"}],"author":[{"embeddable":true,"href":"https:\/\/www.bursagoz.com\/en\/wp-json\/wp\/v2\/users\/1"}],"replies":[{"embeddable":true,"href":"https:\/\/www.bursagoz.com\/en\/wp-json\/wp\/v2\/comments?post=1714"}],"version-history":[{"count":6,"href":"https:\/\/www.bursagoz.com\/en\/wp-json\/wp\/v2\/pages\/1714\/revisions"}],"predecessor-version":[{"id":2581,"href":"https:\/\/www.bursagoz.com\/en\/wp-json\/wp\/v2\/pages\/1714\/revisions\/2581"}],"up":[{"embeddable":true,"href":"https:\/\/www.bursagoz.com\/en\/wp-json\/wp\/v2\/pages\/1708"}],"wp:attachment":[{"href":"https:\/\/www.bursagoz.com\/en\/wp-json\/wp\/v2\/media?parent=1714"}],"curies":[{"name":"wp","href":"https:\/\/api.w.org\/{rel}","templated":true}]}}