{"id":1722,"date":"2019-09-23T10:14:38","date_gmt":"2019-09-23T07:14:38","guid":{"rendered":"http:\/\/cinargoz.com\/?page_id=1722"},"modified":"2019-09-23T10:14:38","modified_gmt":"2019-09-23T07:14:38","slug":"lazer-oncesi-muayene","status":"publish","type":"page","link":"https:\/\/www.bursagoz.com\/en\/lazer-oncesi-muayene\/","title":{"rendered":"Lazer \u00d6ncesi Muayene"},"content":{"rendered":"<h1>Lazer \u00d6ncesi Muayene<\/h1>\n<p>G\u00d6RME KESK\u0130NL\u0130\u011e\u0130 MUAYENES\u0130<\/p>\n<p>FDA (Amerikan Sa\u011fl\u0131k Dairesi) taraf\u0131ndan uygulanan bu kriterler excimer laser- wavefront operasyonunun g\u00fcvenle ve iyi sonu\u00e7larla uygulan\u0131p uygulanmad\u0131\u011f\u0131n\u0131 belirlemesinde \u00e7ok b\u00fcy\u00fck \u00f6nem ta\u015f\u0131r.<\/p>\n<p>Dakikalar i\u00e7erisinde sona eren bu operasyon \u00f6ncesi \u00e7o\u011fu zaman saatlerce s\u00fcren muayene ve tetkikler yap\u0131l\u0131r.<\/p>\n<p>B\u0130OM\u0130KROSKOP \u0130LE G\u00d6Z\u00dcN \u0130\u00c7YAPILARININ DE\u011eERLEND\u0130R\u0130LMES\u0130<\/p>\n<p>Bu muayene ancak g\u00f6z bebe\u011fi ila\u00e7la b\u00fcy\u00fct\u00fcld\u00fckten sonra yap\u0131labilir.<br \/>\nG\u00f6z\u00fcn i\u00e7yap\u0131lar\u0131nda rastlanan herhangi bir sorun tedavi edilmedi\u011fi s\u00fcrece laser operasyonuna engel te\u015fkil eder.<\/p>\n<p>TOPOLASER: (TOPOGRAF\u0130 HAR\u0130TASI \u00c7IKARTILMASI)<\/p>\n<p>Laser \u00f6ncesi, operasyonun uygulanaca\u011f\u0131 alan olan kornean\u0131n ayr\u0131nt\u0131l\u0131 haritas\u0131, operasyonun sonu\u00e7lar\u0131 hakk\u0131nda bilgiler verir.Operasyona engel olan bir \u00e7ok hastal\u0131\u011f\u0131 bu safhada te\u015fhis etmek m\u00fcmk\u00fcnd\u00fcr.T-CAT tekni\u011finde bu harita baz al\u0131narak tedavi yap\u0131l\u0131r.<\/p>\n<p>PAK\u0130METRE<\/p>\n<p>Bu \u00f6l\u00e7\u00fcm bize kornean\u0131n kal\u0131nl\u0131\u011f\u0131n\u0131 bildirir. E\u011fer kornea yeterli kal\u0131nl\u0131kta de\u011filse alternatif tedav y\u00f6ntemleri d\u00fc\u015f\u00fcn\u00fcl\u00fcr yada operasyon iptal edilir.<\/p>\n<p>PUP\u0130LOMETRE<\/p>\n<p>\u00d6zellikle yu\u011fun karanl\u0131ktaki g\u00f6z bebe\u011fi \u00e7ap\u0131 operasyonun planlanmas\u0131nda b\u00fcy\u00fck \u00f6nem ta\u015f\u0131r. G\u00f6z bebe\u011fi b\u00fcy\u00fck olan hastalar wavefront tedavisine y\u00f6nlendirilir.<\/p>\n<p>WAVEFRONT \u00d6L\u00c7\u00dcM\u00dc<\/p>\n<p>Ki\u015fiye \u00f6zel tedavi olarak bilinen bu tedavi y\u00f6ntemi i\u00e7in g\u00f6z\u00fcn\u00fcz\u00fcn t\u00fcm\u00fcn\u00fcn ayr\u0131nt\u0131l\u0131 haritas\u0131n\u0131 \u00e7\u0131kartan bu cihaz\u0131n verileri direkt olarak excimer laser cihaz\u0131na aktar\u0131l\u0131r.<br \/>\nYakla\u015f\u0131k 1 saat s\u00fcren t\u00fcm bu muayene ve tetkikler sonras\u0131nda olu\u015fturulan dosyan\u0131z, g\u00f6z doktoru taraf\u0131ndan de\u011ferlendirilerek g\u00f6zlerinizin operasyona uygun olup olmad\u0131\u011f\u0131na karar verilir. E\u011fer g\u00f6zleriniz bu operasyon i\u00e7in uygunsa cerrahlar\u0131m\u0131z taraf\u0131ndan operasyonla ilgili ayr\u0131nt\u0131l\u0131 bilgi verilir ve sorular\u0131n\u0131z yan\u0131tlan\u0131r. T\u00fcm fakt\u00f6rler uygun ise size en k\u0131sa s\u00fcrede operasyon randevusu verilir.<\/p>","protected":false},"excerpt":{"rendered":"<p>Lazer \u00d6ncesi Muayene G\u00d6RME KESK\u0130NL\u0130\u011e\u0130 MUAYENES\u0130 FDA (Amerikan Sa\u011fl\u0131k Dairesi) taraf\u0131ndan uygulanan bu kriterler excimer laser- wavefront operasyonunun g\u00fcvenle ve iyi sonu\u00e7larla uygulan\u0131p uygulanmad\u0131\u011f\u0131n\u0131 belirlemesinde \u00e7ok b\u00fcy\u00fck \u00f6nem ta\u015f\u0131r. Dakikalar i\u00e7erisinde sona eren bu operasyon \u00f6ncesi \u00e7o\u011fu zaman saatlerce s\u00fcren muayene ve tetkikler yap\u0131l\u0131r. B\u0130OM\u0130KROSKOP \u0130LE G\u00d6Z\u00dcN \u0130\u00c7YAPILARININ DE\u011eERLEND\u0130R\u0130LMES\u0130 Bu muayene ancak g\u00f6z bebe\u011fi ila\u00e7la <\/p>\n<div class=\"btn-more-wrapper\"><a href=\"https:\/\/www.bursagoz.com\/en\/lazer-oncesi-muayene\/\" class=\"btn btn-sm btn-hover-fill\"><svg class=\"icon icon-right-arrow\" version=\"1.1\" xmlns=\"http:\/\/www.w3.org\/2000\/svg\" width=\"32\" height=\"32\" viewbox=\"0 0 32 32\"><path d=\"M21.548 5.088c-0.436-0.451-1.162-0.451-1.613 0-0.436 0.436-0.436 1.162 0 1.596l8.177 8.177h-26.984c-0.629 0.001-1.129 0.501-1.129 1.13s0.5 1.145 1.129 1.145h26.984l-8.177 8.162c-0.436 0.451-0.436 1.178 0 1.613 0.451 0.451 1.178 0.451 1.613 0l10.113-10.113c0.451-0.436 0.451-1.162 0-1.596l-10.113-10.114z\"><\/path><\/svg>Read More<span class=\"screen-reader-text\"> &#8220;Lazer \u00d6ncesi Muayene&#8221;<\/span><svg class=\"icon icon-right-arrow\" version=\"1.1\" xmlns=\"http:\/\/www.w3.org\/2000\/svg\" width=\"32\" height=\"32\" viewbox=\"0 0 32 32\"><path d=\"M21.548 5.088c-0.436-0.451-1.162-0.451-1.613 0-0.436 0.436-0.436 1.162 0 1.596l8.177 8.177h-26.984c-0.629 0.001-1.129 0.501-1.129 1.13s0.5 1.145 1.129 1.145h26.984l-8.177 8.162c-0.436 0.451-0.436 1.178 0 1.613 0.451 0.451 1.178 0.451 1.613 0l10.113-10.113c0.451-0.436 0.451-1.162 0-1.596l-10.113-10.114z\"><\/path><\/svg><\/a><\/div>","protected":false},"author":1,"featured_media":0,"parent":0,"menu_order":0,"comment_status":"closed","ping_status":"closed","template":"","meta":{"footnotes":""},"class_list":["post-1722","page","type-page","status-publish","hentry"],"yoast_head":"<!-- This site is optimized with the Yoast SEO Premium plugin v26.2 (Yoast SEO v27.4) - https:\/\/yoast.com\/product\/yoast-seo-premium-wordpress\/ -->\n<title>Lazer \u00d6ncesi Muayene - Bursa G\u00f6z Merkezi Y\u0131ld\u0131r\u0131m G\u00f6z Hastal\u0131klar\u0131 Hastanesi<\/title>\n<meta name=\"robots\" content=\"index, follow, max-snippet:-1, max-image-preview:large, max-video-preview:-1\" \/>\n<link rel=\"canonical\" href=\"https:\/\/www.bursagoz.com\/en\/lazer-oncesi-muayene\/\" \/>\n<meta property=\"og:locale\" content=\"en_US\" \/>\n<meta property=\"og:type\" content=\"article\" \/>\n<meta property=\"og:title\" content=\"Lazer \u00d6ncesi Muayene\" \/>\n<meta property=\"og:description\" content=\"Lazer \u00d6ncesi Muayene G\u00d6RME KESK\u0130NL\u0130\u011e\u0130 MUAYENES\u0130 FDA (Amerikan Sa\u011fl\u0131k Dairesi) taraf\u0131ndan uygulanan bu kriterler excimer laser- wavefront operasyonunun g\u00fcvenle ve iyi sonu\u00e7larla uygulan\u0131p uygulanmad\u0131\u011f\u0131n\u0131 belirlemesinde \u00e7ok b\u00fcy\u00fck \u00f6nem ta\u015f\u0131r. Dakikalar i\u00e7erisinde sona eren bu operasyon \u00f6ncesi \u00e7o\u011fu zaman saatlerce s\u00fcren muayene ve tetkikler yap\u0131l\u0131r. B\u0130OM\u0130KROSKOP \u0130LE G\u00d6Z\u00dcN \u0130\u00c7YAPILARININ DE\u011eERLEND\u0130R\u0130LMES\u0130 Bu muayene ancak g\u00f6z bebe\u011fi ila\u00e7la Read More &quot;Lazer \u00d6ncesi Muayene&quot;\" \/>\n<meta property=\"og:url\" content=\"https:\/\/www.bursagoz.com\/en\/lazer-oncesi-muayene\/\" \/>\n<meta property=\"og:site_name\" content=\"Bursa G\u00f6z Merkezi Y\u0131ld\u0131r\u0131m G\u00f6z Hastal\u0131klar\u0131 Hastanesi\" \/>\n<meta property=\"article:publisher\" content=\"https:\/\/www.facebook.com\/bursagozyildirim\/\" \/>\n<meta name=\"twitter:card\" content=\"summary_large_image\" \/>\n<meta name=\"twitter:site\" content=\"@bursagoz_\" \/>\n<meta name=\"twitter:label1\" content=\"Est. reading time\" \/>\n\t<meta name=\"twitter:data1\" content=\"2 minutes\" \/>\n<script type=\"application\/ld+json\" class=\"yoast-schema-graph\">{\"@context\":\"https:\\\/\\\/schema.org\",\"@graph\":[{\"@type\":\"WebPage\",\"@id\":\"https:\\\/\\\/www.bursagoz.com\\\/lazer-oncesi-muayene\\\/\",\"url\":\"https:\\\/\\\/www.bursagoz.com\\\/lazer-oncesi-muayene\\\/\",\"name\":\"Lazer \u00d6ncesi Muayene - Bursa G\u00f6z Merkezi Y\u0131ld\u0131r\u0131m G\u00f6z Hastal\u0131klar\u0131 Hastanesi\",\"isPartOf\":{\"@id\":\"https:\\\/\\\/www.bursagoz.com\\\/#website\"},\"datePublished\":\"2019-09-23T07:14:38+00:00\",\"breadcrumb\":{\"@id\":\"https:\\\/\\\/www.bursagoz.com\\\/lazer-oncesi-muayene\\\/#breadcrumb\"},\"inLanguage\":\"en-US\",\"potentialAction\":[{\"@type\":\"ReadAction\",\"target\":[\"https:\\\/\\\/www.bursagoz.com\\\/lazer-oncesi-muayene\\\/\"]}]},{\"@type\":\"BreadcrumbList\",\"@id\":\"https:\\\/\\\/www.bursagoz.com\\\/lazer-oncesi-muayene\\\/#breadcrumb\",\"itemListElement\":[{\"@type\":\"ListItem\",\"position\":1,\"name\":\"Ana sayfa\",\"item\":\"https:\\\/\\\/www.bursagoz.com\\\/\"},{\"@type\":\"ListItem\",\"position\":2,\"name\":\"Lazer \u00d6ncesi Muayene\"}]},{\"@type\":\"WebSite\",\"@id\":\"https:\\\/\\\/www.bursagoz.com\\\/#website\",\"url\":\"https:\\\/\\\/www.bursagoz.com\\\/\",\"name\":\"Bursa G\u00f6z Merkezi Y\u0131ld\u0131r\u0131m G\u00f6z Hastal\u0131klar\u0131 Hastanesi\",\"description\":\"Bursa G\u00f6z Merkezi | Sa\u011fl\u0131kta 10 Y\u0131ll\u0131k Te\u00e7r\u00fcbenin Yeni Ad\u0131\",\"publisher\":{\"@id\":\"https:\\\/\\\/www.bursagoz.com\\\/#organization\"},\"potentialAction\":[{\"@type\":\"SearchAction\",\"target\":{\"@type\":\"EntryPoint\",\"urlTemplate\":\"https:\\\/\\\/www.bursagoz.com\\\/?s={search_term_string}\"},\"query-input\":{\"@type\":\"PropertyValueSpecification\",\"valueRequired\":true,\"valueName\":\"search_term_string\"}}],\"inLanguage\":\"en-US\"},{\"@type\":[\"Organization\",\"Place\",\"HealthClub\"],\"@id\":\"https:\\\/\\\/www.bursagoz.com\\\/#organization\",\"name\":\"Bursa G\u00f6z Merkezi\",\"url\":\"https:\\\/\\\/www.bursagoz.com\\\/\",\"logo\":{\"@id\":\"https:\\\/\\\/www.bursagoz.com\\\/lazer-oncesi-muayene\\\/#local-main-organization-logo\"},\"image\":{\"@id\":\"https:\\\/\\\/www.bursagoz.com\\\/lazer-oncesi-muayene\\\/#local-main-organization-logo\"},\"sameAs\":[\"https:\\\/\\\/www.facebook.com\\\/bursagozyildirim\\\/\",\"https:\\\/\\\/x.com\\\/bursagoz_\",\"https:\\\/\\\/www.instagram.com\\\/bursagozmerkezi\",\"https:\\\/\\\/www.youtube.com\\\/channel\\\/UCpSzsUiWi-QvB9j1uUAiJew\"],\"address\":{\"@id\":\"https:\\\/\\\/www.bursagoz.com\\\/lazer-oncesi-muayene\\\/#local-main-place-address\"},\"geo\":{\"@type\":\"GeoCoordinates\",\"latitude\":\"40.191996\",\"longitude\":\"29.110874\"},\"telephone\":[\"4441469\",\"08508501469\"],\"openingHoursSpecification\":[{\"@type\":\"OpeningHoursSpecification\",\"dayOfWeek\":[\"Monday\",\"Tuesday\",\"Wednesday\",\"Thursday\",\"Friday\",\"Saturday\"],\"opens\":\"08:30\",\"closes\":\"18:00\"},{\"@type\":\"OpeningHoursSpecification\",\"dayOfWeek\":[\"Sunday\"],\"opens\":\"00:00\",\"closes\":\"00:00\"}],\"email\":\"randevu@bursagoz.com\",\"areaServed\":\"G\u00f6z Sa\u011fl\u0131\u011f\u0131\",\"taxID\":\"1910580134\"},{\"@type\":\"PostalAddress\",\"@id\":\"https:\\\/\\\/www.bursagoz.com\\\/lazer-oncesi-muayene\\\/#local-main-place-address\",\"streetAddress\":\"Dua\u00e7\u0131nar\u0131 Mahallesi Bar\u0131\u015f Caddesi No:3 Y\u0131ld\u0131r\u0131m \\\/ BURSA\",\"addressLocality\":\"BURSA\",\"postalCode\":\"16270\",\"addressRegion\":\"Y\u0131ld\u0131r\u0131m\",\"addressCountry\":\"TR\"},{\"@type\":\"ImageObject\",\"inLanguage\":\"en-US\",\"@id\":\"https:\\\/\\\/www.bursagoz.com\\\/lazer-oncesi-muayene\\\/#local-main-organization-logo\",\"url\":\"https:\\\/\\\/i0.wp.com\\\/www.bursagoz.com\\\/wp-content\\\/uploads\\\/2020\\\/02\\\/BGM-Logobeyazi1.png?fit=1500%2C1000&ssl=1\",\"contentUrl\":\"https:\\\/\\\/i0.wp.com\\\/www.bursagoz.com\\\/wp-content\\\/uploads\\\/2020\\\/02\\\/BGM-Logobeyazi1.png?fit=1500%2C1000&ssl=1\",\"width\":1500,\"height\":1000,\"caption\":\"Bursa G\u00f6z Merkezi\"}]}<\/script>\n<meta name=\"geo.placename\" content=\"BURSA\" \/>\n<meta name=\"geo.position\" content=\"40.191996;29.110874\" \/>\n<meta name=\"geo.region\" content=\"Turkey\" \/>\n<!-- \/ Yoast SEO Premium plugin. -->","yoast_head_json":{"title":"Lazer \u00d6ncesi Muayene - Bursa G\u00f6z Merkezi Y\u0131ld\u0131r\u0131m G\u00f6z Hastal\u0131klar\u0131 Hastanesi","robots":{"index":"index","follow":"follow","max-snippet":"max-snippet:-1","max-image-preview":"max-image-preview:large","max-video-preview":"max-video-preview:-1"},"canonical":"https:\/\/www.bursagoz.com\/en\/lazer-oncesi-muayene\/","og_locale":"en_US","og_type":"article","og_title":"Lazer \u00d6ncesi Muayene","og_description":"Lazer \u00d6ncesi Muayene G\u00d6RME KESK\u0130NL\u0130\u011e\u0130 MUAYENES\u0130 FDA (Amerikan Sa\u011fl\u0131k Dairesi) taraf\u0131ndan uygulanan bu kriterler excimer laser- wavefront operasyonunun g\u00fcvenle ve iyi sonu\u00e7larla uygulan\u0131p uygulanmad\u0131\u011f\u0131n\u0131 belirlemesinde \u00e7ok b\u00fcy\u00fck \u00f6nem ta\u015f\u0131r. Dakikalar i\u00e7erisinde sona eren bu operasyon \u00f6ncesi \u00e7o\u011fu zaman saatlerce s\u00fcren muayene ve tetkikler yap\u0131l\u0131r. B\u0130OM\u0130KROSKOP \u0130LE G\u00d6Z\u00dcN \u0130\u00c7YAPILARININ DE\u011eERLEND\u0130R\u0130LMES\u0130 Bu muayene ancak g\u00f6z bebe\u011fi ila\u00e7la Read More \"Lazer \u00d6ncesi Muayene\"","og_url":"https:\/\/www.bursagoz.com\/en\/lazer-oncesi-muayene\/","og_site_name":"Bursa G\u00f6z Merkezi Y\u0131ld\u0131r\u0131m G\u00f6z Hastal\u0131klar\u0131 Hastanesi","article_publisher":"https:\/\/www.facebook.com\/bursagozyildirim\/","twitter_card":"summary_large_image","twitter_site":"@bursagoz_","twitter_misc":{"Est. reading time":"2 minutes"},"schema":{"@context":"https:\/\/schema.org","@graph":[{"@type":"WebPage","@id":"https:\/\/www.bursagoz.com\/lazer-oncesi-muayene\/","url":"https:\/\/www.bursagoz.com\/lazer-oncesi-muayene\/","name":"Lazer \u00d6ncesi Muayene - Bursa G\u00f6z Merkezi Y\u0131ld\u0131r\u0131m G\u00f6z Hastal\u0131klar\u0131 Hastanesi","isPartOf":{"@id":"https:\/\/www.bursagoz.com\/#website"},"datePublished":"2019-09-23T07:14:38+00:00","breadcrumb":{"@id":"https:\/\/www.bursagoz.com\/lazer-oncesi-muayene\/#breadcrumb"},"inLanguage":"en-US","potentialAction":[{"@type":"ReadAction","target":["https:\/\/www.bursagoz.com\/lazer-oncesi-muayene\/"]}]},{"@type":"BreadcrumbList","@id":"https:\/\/www.bursagoz.com\/lazer-oncesi-muayene\/#breadcrumb","itemListElement":[{"@type":"ListItem","position":1,"name":"Ana sayfa","item":"https:\/\/www.bursagoz.com\/"},{"@type":"ListItem","position":2,"name":"Lazer \u00d6ncesi Muayene"}]},{"@type":"WebSite","@id":"https:\/\/www.bursagoz.com\/#website","url":"https:\/\/www.bursagoz.com\/","name":"Bursa G\u00f6z Merkezi Y\u0131ld\u0131r\u0131m G\u00f6z Hastal\u0131klar\u0131 Hastanesi","description":"Bursa G\u00f6z Merkezi | Sa\u011fl\u0131kta 10 Y\u0131ll\u0131k Te\u00e7r\u00fcbenin Yeni Ad\u0131","publisher":{"@id":"https:\/\/www.bursagoz.com\/#organization"},"potentialAction":[{"@type":"SearchAction","target":{"@type":"EntryPoint","urlTemplate":"https:\/\/www.bursagoz.com\/?s={search_term_string}"},"query-input":{"@type":"PropertyValueSpecification","valueRequired":true,"valueName":"search_term_string"}}],"inLanguage":"en-US"},{"@type":["Organization","Place","HealthClub"],"@id":"https:\/\/www.bursagoz.com\/#organization","name":"Bursa G\u00f6z Merkezi","url":"https:\/\/www.bursagoz.com\/","logo":{"@id":"https:\/\/www.bursagoz.com\/lazer-oncesi-muayene\/#local-main-organization-logo"},"image":{"@id":"https:\/\/www.bursagoz.com\/lazer-oncesi-muayene\/#local-main-organization-logo"},"sameAs":["https:\/\/www.facebook.com\/bursagozyildirim\/","https:\/\/x.com\/bursagoz_","https:\/\/www.instagram.com\/bursagozmerkezi","https:\/\/www.youtube.com\/channel\/UCpSzsUiWi-QvB9j1uUAiJew"],"address":{"@id":"https:\/\/www.bursagoz.com\/lazer-oncesi-muayene\/#local-main-place-address"},"geo":{"@type":"GeoCoordinates","latitude":"40.191996","longitude":"29.110874"},"telephone":["4441469","08508501469"],"openingHoursSpecification":[{"@type":"OpeningHoursSpecification","dayOfWeek":["Monday","Tuesday","Wednesday","Thursday","Friday","Saturday"],"opens":"08:30","closes":"18:00"},{"@type":"OpeningHoursSpecification","dayOfWeek":["Sunday"],"opens":"00:00","closes":"00:00"}],"email":"randevu@bursagoz.com","areaServed":"G\u00f6z Sa\u011fl\u0131\u011f\u0131","taxID":"1910580134"},{"@type":"PostalAddress","@id":"https:\/\/www.bursagoz.com\/lazer-oncesi-muayene\/#local-main-place-address","streetAddress":"Dua\u00e7\u0131nar\u0131 Mahallesi Bar\u0131\u015f Caddesi No:3 Y\u0131ld\u0131r\u0131m \/ BURSA","addressLocality":"BURSA","postalCode":"16270","addressRegion":"Y\u0131ld\u0131r\u0131m","addressCountry":"TR"},{"@type":"ImageObject","inLanguage":"en-US","@id":"https:\/\/www.bursagoz.com\/lazer-oncesi-muayene\/#local-main-organization-logo","url":"https:\/\/i0.wp.com\/www.bursagoz.com\/wp-content\/uploads\/2020\/02\/BGM-Logobeyazi1.png?fit=1500%2C1000&ssl=1","contentUrl":"https:\/\/i0.wp.com\/www.bursagoz.com\/wp-content\/uploads\/2020\/02\/BGM-Logobeyazi1.png?fit=1500%2C1000&ssl=1","width":1500,"height":1000,"caption":"Bursa G\u00f6z Merkezi"}]},"geo.placename":"BURSA","geo.position":{"lat":"40.191996","long":"29.110874"},"geo.region":"Turkey"},"jetpack_sharing_enabled":true,"_links":{"self":[{"href":"https:\/\/www.bursagoz.com\/en\/wp-json\/wp\/v2\/pages\/1722","targetHints":{"allow":["GET"]}}],"collection":[{"href":"https:\/\/www.bursagoz.com\/en\/wp-json\/wp\/v2\/pages"}],"about":[{"href":"https:\/\/www.bursagoz.com\/en\/wp-json\/wp\/v2\/types\/page"}],"author":[{"embeddable":true,"href":"https:\/\/www.bursagoz.com\/en\/wp-json\/wp\/v2\/users\/1"}],"replies":[{"embeddable":true,"href":"https:\/\/www.bursagoz.com\/en\/wp-json\/wp\/v2\/comments?post=1722"}],"version-history":[{"count":1,"href":"https:\/\/www.bursagoz.com\/en\/wp-json\/wp\/v2\/pages\/1722\/revisions"}],"predecessor-version":[{"id":1723,"href":"https:\/\/www.bursagoz.com\/en\/wp-json\/wp\/v2\/pages\/1722\/revisions\/1723"}],"wp:attachment":[{"href":"https:\/\/www.bursagoz.com\/en\/wp-json\/wp\/v2\/media?parent=1722"}],"curies":[{"name":"wp","href":"https:\/\/api.w.org\/{rel}","templated":true}]}}