{"id":1726,"date":"2019-09-23T10:16:28","date_gmt":"2019-09-23T07:16:28","guid":{"rendered":"http:\/\/cinargoz.com\/?page_id=1726"},"modified":"2019-09-23T10:16:28","modified_gmt":"2019-09-23T07:16:28","slug":"refraksiyon-cerrahisi-yontemleri","status":"publish","type":"page","link":"https:\/\/www.bursagoz.com\/en\/refraksiyon-cerrahisi-yontemleri\/","title":{"rendered":"Refraksiyon Cerrahisi Y\u00f6ntemleri"},"content":{"rendered":"<h1>Refraksiyon Cerrahisi Y\u00f6ntemleri<\/h1>\n<p>PRK (PHOTO REFRACT\u0130F KERATECTOM\u0130)<\/p>\n<p>\u0130lk uygulanmaya ba\u015flayan laser y\u00f6ntemidir. Bu y\u00f6ntem de laser \u0131\u015f\u0131nlar\u0131 kornean\u0131n \u00fcst tabakalar\u0131na uygulan\u0131r. Fakat bu y\u00f6ntemde laser uygulanan b\u00f6l\u00fcm a\u00e7\u0131kta kald\u0131\u011f\u0131ndan uygulama alan\u0131n\u0131n \u00fcst\u00fc epitel dokusu ile kapanana kadar yakla\u015f\u0131k \u00fc\u00e7 g\u00fcn hastalar yo\u011fun batma ve a\u011fr\u0131 hissederler. Bu y\u00f6ntemin en b\u00fcy\u00fck dezavantaj\u0131 ise d\u00fc\u015f\u00fck olas\u0131l\u0131kla olmakla beraber \u00f6zellikle -5 dioptri ve \u00fcst\u00fc miyop g\u00f6zlerde, HAZE ad\u0131 verilen bir iz kalma olas\u0131l\u0131\u011f\u0131n\u0131n bulunmas\u0131d\u0131r. Bu y\u00fczden son 12 y\u0131ld\u0131r \u00e7ok k\u00fc\u00e7\u00fck numaralar ve baz\u0131 \u00f6zel durumlar d\u0131\u015f\u0131nda kullan\u0131lmamaktad\u0131r.<\/p>\n<p>LASIK (LASER ASS\u0130STED \u0130N-S\u0130TU KERATOM\u0130LEUS\u0130S)<\/p>\n<p>Laser \u0131\u015f\u0131nlar\u0131n\u0131n PRK &#8216;daki gibi do\u011frudan kornea \u00fcst\u00fcne de\u011fil, bir koruyucu kapak kald\u0131rd\u0131ktan, sonra stroma ad\u0131 verilen daha g\u00fcvenli olan orta b\u00f6l\u00fcme uygulanmas\u0131d\u0131r. Son 12 y\u0131ld\u0131r yo\u011fun olarak kullan\u0131lmakla beraber son y\u0131llarda  Wavefront, T-cat, Q-mod y\u00f6ntemleri LASIK y\u00f6nteminin daha yeni ve daha geli\u015fmi\u015f formlar\u0131 olarak uygulanmaktad\u0131r.<\/p>\n<p>T-CAT<\/p>\n<p>T-Cat y\u00f6nteminde, cihaz kornea haritas\u0131n\u0131 baz alarak tedavi yapar. Bu y\u00f6ntem de  \u00f6zellikle eski tip yada yetersiz uygulanm\u0131\u015f laser tedavilerinin d\u00fczeltilmesi amac\u0131yla kullan\u0131l\u0131r.<\/p>\n<p>Q-MOD<\/p>\n<p>Q-MOD ise ki\u015fiye \u00f6zel tedavinin en geli\u015fmi\u015f formudur. Bu y\u00f6ntem de kornea haritas\u0131ndaki datalar\u0131 i\u015fleyen cihaz en iyi g\u00f6rebilece\u011finiz formu olu\u015fturmak \u00fczere bir tedavi uygular.<\/p>\n<p>WAVEFRONT, T-CAT, Q-MOD Y\u00d6NTEMLER\u0130<\/p>\n<p>\u00c7ok ileri d\u00fczey tedavilerdir ve operasyon sonras\u0131 g\u00f6rme seviyesini %100 \u00fcn \u00fczerine \u00e7\u0131karabilmesi sebebiyle KARTAL G\u00d6Z\u00dc Y\u00d6NTEM\u0130 olarak bilinmektedir.<\/p>\n<p>LASEK (Laser Assisted Subepithelial Keratomileusis)<br \/>\nLasek y\u00f6ntemi daha \u00e7ok korneas\u0131 ince oldu\u011fundan dolay\u0131 LASIK operasyonu yap\u0131lamayan k\u00fc\u00e7\u00fck derecedeki miyoplara uygulan\u0131r. Bu y\u00f6ntemde belli konsantrasyon da alkol uygulamas\u0131 ile epitel 50 mikron kal\u0131nl\u0131\u011f\u0131nda bir katman \u015feklinde kald\u0131r\u0131larak laser uygulamas\u0131 bu alan yap\u0131l\u0131r.<\/p>\n<p>EPI-LASIK<br \/>\nLASEK y\u00f6nteminden fark\u0131 epitel katman\u0131n\u0131n alkol yerine plastik bir b\u0131\u00e7akla kald\u0131r\u0131lmas\u0131d\u0131r. Buraya kadar anlat\u0131lan t\u00fcm y\u00f6ntemler refraksiyon cerrahisinin kornea \u00fczerine uyguland\u0131\u011f\u0131 y\u00f6ntemlerdir. Refraksiyon cerrasihinde, korneaya yap\u0131lan operasyonlar, g\u00f6z\u00fcn i\u00e7 k\u0131sm\u0131na dokunulmamas\u0131, iyile\u015fmenin \u00e7abuk ve a\u011fr\u0131s\u0131z olmas\u0131, sonu\u00e7lar\u0131n daha tatmin edilebilir olmas\u0131 gibi sebeplerle \u00f6ncelikle tercih edilir. Ancak bu operasyonun uygulanmad\u0131\u011f\u0131 durumlarda g\u00f6z i\u00e7i merce\u011fi gibi alternatif tedaviler uygulanabilir.<\/p>\n<p>FAK\u0130K \u0130OL<br \/>\nBu y\u00f6ntemde gerekli g\u00f6zl\u00fck ihtiyac\u0131n\u0131n g\u00f6z\u00fcn i\u00e7 dokular\u0131n\u0131 de\u011fi\u015ftirmeden g\u00f6z\u00fcn i\u00e7 k\u0131sm\u0131na yerle\u015ftirilmesidir. G\u00f6z bebe\u011finin \u00f6n\u00fcne yada arkas\u0131na yerle\u015ftirilebilmekle beraber son y\u0131llarda &#8220;iris claw&#8221; ad\u0131 verilen g\u00f6z bebe\u011fine k\u0131ska\u00e7la tutan mercekler \u00f6n plandad\u0131r.<\/p>\n<p>CLEAR LENS<br \/>\nBu y\u00f6ntemde g\u00f6z\u00fcn kendi i\u00e7 merce\u011fi \u00e7\u0131kart\u0131larak yerine uygun numaralarda yapay mercek yerle\u015ftirilir. Lasik y\u00f6ntemi i\u00e7in \u00fcst s\u0131n\u0131r -14 dioptri iken son iki y\u00f6ntemde numara s\u0131n\u0131rlamas\u0131 yoktur.<\/p>","protected":false},"excerpt":{"rendered":"<p>Refraksiyon Cerrahisi Y\u00f6ntemleri PRK (PHOTO REFRACT\u0130F KERATECTOM\u0130) \u0130lk uygulanmaya ba\u015flayan laser y\u00f6ntemidir. Bu y\u00f6ntem de laser \u0131\u015f\u0131nlar\u0131 kornean\u0131n \u00fcst tabakalar\u0131na uygulan\u0131r. Fakat bu y\u00f6ntemde laser uygulanan b\u00f6l\u00fcm a\u00e7\u0131kta kald\u0131\u011f\u0131ndan uygulama alan\u0131n\u0131n \u00fcst\u00fc epitel dokusu ile kapanana kadar yakla\u015f\u0131k \u00fc\u00e7 g\u00fcn hastalar yo\u011fun batma ve a\u011fr\u0131 hissederler. Bu y\u00f6ntemin en b\u00fcy\u00fck dezavantaj\u0131 ise d\u00fc\u015f\u00fck olas\u0131l\u0131kla olmakla <\/p>\n<div class=\"btn-more-wrapper\"><a href=\"https:\/\/www.bursagoz.com\/en\/refraksiyon-cerrahisi-yontemleri\/\" class=\"btn btn-sm btn-hover-fill\"><svg class=\"icon icon-right-arrow\" version=\"1.1\" xmlns=\"http:\/\/www.w3.org\/2000\/svg\" width=\"32\" height=\"32\" viewbox=\"0 0 32 32\"><path d=\"M21.548 5.088c-0.436-0.451-1.162-0.451-1.613 0-0.436 0.436-0.436 1.162 0 1.596l8.177 8.177h-26.984c-0.629 0.001-1.129 0.501-1.129 1.13s0.5 1.145 1.129 1.145h26.984l-8.177 8.162c-0.436 0.451-0.436 1.178 0 1.613 0.451 0.451 1.178 0.451 1.613 0l10.113-10.113c0.451-0.436 0.451-1.162 0-1.596l-10.113-10.114z\"><\/path><\/svg>Read More<span class=\"screen-reader-text\"> &#8220;Refraksiyon Cerrahisi Y\u00f6ntemleri&#8221;<\/span><svg class=\"icon icon-right-arrow\" version=\"1.1\" xmlns=\"http:\/\/www.w3.org\/2000\/svg\" width=\"32\" height=\"32\" viewbox=\"0 0 32 32\"><path d=\"M21.548 5.088c-0.436-0.451-1.162-0.451-1.613 0-0.436 0.436-0.436 1.162 0 1.596l8.177 8.177h-26.984c-0.629 0.001-1.129 0.501-1.129 1.13s0.5 1.145 1.129 1.145h26.984l-8.177 8.162c-0.436 0.451-0.436 1.178 0 1.613 0.451 0.451 1.178 0.451 1.613 0l10.113-10.113c0.451-0.436 0.451-1.162 0-1.596l-10.113-10.114z\"><\/path><\/svg><\/a><\/div>","protected":false},"author":1,"featured_media":0,"parent":0,"menu_order":0,"comment_status":"closed","ping_status":"closed","template":"","meta":{"footnotes":""},"class_list":["post-1726","page","type-page","status-publish","hentry"],"yoast_head":"<!-- This site is optimized with the Yoast SEO Premium plugin v26.2 (Yoast SEO v27.5) - https:\/\/yoast.com\/product\/yoast-seo-premium-wordpress\/ -->\n<title>Refraksiyon Cerrahisi Y\u00f6ntemleri - Bursa G\u00f6z Merkezi Y\u0131ld\u0131r\u0131m G\u00f6z Hastal\u0131klar\u0131 Hastanesi<\/title>\n<meta name=\"robots\" content=\"index, follow, max-snippet:-1, max-image-preview:large, max-video-preview:-1\" \/>\n<link rel=\"canonical\" href=\"https:\/\/www.bursagoz.com\/en\/refraksiyon-cerrahisi-yontemleri\/\" \/>\n<meta property=\"og:locale\" content=\"en_US\" \/>\n<meta property=\"og:type\" content=\"article\" \/>\n<meta property=\"og:title\" content=\"Refraksiyon Cerrahisi Y\u00f6ntemleri\" \/>\n<meta property=\"og:description\" content=\"Refraksiyon Cerrahisi Y\u00f6ntemleri PRK (PHOTO REFRACT\u0130F KERATECTOM\u0130) \u0130lk uygulanmaya ba\u015flayan laser y\u00f6ntemidir. Bu y\u00f6ntem de laser \u0131\u015f\u0131nlar\u0131 kornean\u0131n \u00fcst tabakalar\u0131na uygulan\u0131r. Fakat bu y\u00f6ntemde laser uygulanan b\u00f6l\u00fcm a\u00e7\u0131kta kald\u0131\u011f\u0131ndan uygulama alan\u0131n\u0131n \u00fcst\u00fc epitel dokusu ile kapanana kadar yakla\u015f\u0131k \u00fc\u00e7 g\u00fcn hastalar yo\u011fun batma ve a\u011fr\u0131 hissederler. Bu y\u00f6ntemin en b\u00fcy\u00fck dezavantaj\u0131 ise d\u00fc\u015f\u00fck olas\u0131l\u0131kla olmakla Read More &quot;Refraksiyon Cerrahisi Y\u00f6ntemleri&quot;\" \/>\n<meta property=\"og:url\" content=\"https:\/\/www.bursagoz.com\/en\/refraksiyon-cerrahisi-yontemleri\/\" \/>\n<meta property=\"og:site_name\" content=\"Bursa G\u00f6z Merkezi Y\u0131ld\u0131r\u0131m G\u00f6z Hastal\u0131klar\u0131 Hastanesi\" \/>\n<meta property=\"article:publisher\" content=\"https:\/\/www.facebook.com\/bursagozyildirim\/\" \/>\n<meta name=\"twitter:card\" content=\"summary_large_image\" \/>\n<meta name=\"twitter:site\" content=\"@bursagoz_\" \/>\n<meta name=\"twitter:label1\" content=\"Est. reading time\" \/>\n\t<meta name=\"twitter:data1\" content=\"3 minutes\" \/>\n<script type=\"application\/ld+json\" class=\"yoast-schema-graph\">{\"@context\":\"https:\\\/\\\/schema.org\",\"@graph\":[{\"@type\":\"WebPage\",\"@id\":\"https:\\\/\\\/www.bursagoz.com\\\/refraksiyon-cerrahisi-yontemleri\\\/\",\"url\":\"https:\\\/\\\/www.bursagoz.com\\\/refraksiyon-cerrahisi-yontemleri\\\/\",\"name\":\"Refraksiyon Cerrahisi Y\u00f6ntemleri - Bursa G\u00f6z Merkezi Y\u0131ld\u0131r\u0131m G\u00f6z Hastal\u0131klar\u0131 Hastanesi\",\"isPartOf\":{\"@id\":\"https:\\\/\\\/www.bursagoz.com\\\/#website\"},\"datePublished\":\"2019-09-23T07:16:28+00:00\",\"breadcrumb\":{\"@id\":\"https:\\\/\\\/www.bursagoz.com\\\/refraksiyon-cerrahisi-yontemleri\\\/#breadcrumb\"},\"inLanguage\":\"en-US\",\"potentialAction\":[{\"@type\":\"ReadAction\",\"target\":[\"https:\\\/\\\/www.bursagoz.com\\\/refraksiyon-cerrahisi-yontemleri\\\/\"]}]},{\"@type\":\"BreadcrumbList\",\"@id\":\"https:\\\/\\\/www.bursagoz.com\\\/refraksiyon-cerrahisi-yontemleri\\\/#breadcrumb\",\"itemListElement\":[{\"@type\":\"ListItem\",\"position\":1,\"name\":\"Ana sayfa\",\"item\":\"https:\\\/\\\/www.bursagoz.com\\\/\"},{\"@type\":\"ListItem\",\"position\":2,\"name\":\"Refraksiyon Cerrahisi Y\u00f6ntemleri\"}]},{\"@type\":\"WebSite\",\"@id\":\"https:\\\/\\\/www.bursagoz.com\\\/#website\",\"url\":\"https:\\\/\\\/www.bursagoz.com\\\/\",\"name\":\"Bursa G\u00f6z Merkezi Y\u0131ld\u0131r\u0131m G\u00f6z Hastal\u0131klar\u0131 Hastanesi\",\"description\":\"Bursa G\u00f6z Merkezi | Sa\u011fl\u0131kta 10 Y\u0131ll\u0131k Te\u00e7r\u00fcbenin Yeni Ad\u0131\",\"publisher\":{\"@id\":\"https:\\\/\\\/www.bursagoz.com\\\/#organization\"},\"potentialAction\":[{\"@type\":\"SearchAction\",\"target\":{\"@type\":\"EntryPoint\",\"urlTemplate\":\"https:\\\/\\\/www.bursagoz.com\\\/?s={search_term_string}\"},\"query-input\":{\"@type\":\"PropertyValueSpecification\",\"valueRequired\":true,\"valueName\":\"search_term_string\"}}],\"inLanguage\":\"en-US\"},{\"@type\":[\"Organization\",\"Place\",\"HealthClub\"],\"@id\":\"https:\\\/\\\/www.bursagoz.com\\\/#organization\",\"name\":\"Bursa G\u00f6z Merkezi\",\"url\":\"https:\\\/\\\/www.bursagoz.com\\\/\",\"logo\":{\"@id\":\"https:\\\/\\\/www.bursagoz.com\\\/refraksiyon-cerrahisi-yontemleri\\\/#local-main-organization-logo\"},\"image\":{\"@id\":\"https:\\\/\\\/www.bursagoz.com\\\/refraksiyon-cerrahisi-yontemleri\\\/#local-main-organization-logo\"},\"sameAs\":[\"https:\\\/\\\/www.facebook.com\\\/bursagozyildirim\\\/\",\"https:\\\/\\\/x.com\\\/bursagoz_\",\"https:\\\/\\\/www.instagram.com\\\/bursagozmerkezi\",\"https:\\\/\\\/www.youtube.com\\\/channel\\\/UCpSzsUiWi-QvB9j1uUAiJew\"],\"address\":{\"@id\":\"https:\\\/\\\/www.bursagoz.com\\\/refraksiyon-cerrahisi-yontemleri\\\/#local-main-place-address\"},\"geo\":{\"@type\":\"GeoCoordinates\",\"latitude\":\"40.191996\",\"longitude\":\"29.110874\"},\"telephone\":[\"4441469\",\"08508501469\"],\"openingHoursSpecification\":[{\"@type\":\"OpeningHoursSpecification\",\"dayOfWeek\":[\"Monday\",\"Tuesday\",\"Wednesday\",\"Thursday\",\"Friday\",\"Saturday\"],\"opens\":\"08:30\",\"closes\":\"18:00\"},{\"@type\":\"OpeningHoursSpecification\",\"dayOfWeek\":[\"Sunday\"],\"opens\":\"00:00\",\"closes\":\"00:00\"}],\"email\":\"randevu@bursagoz.com\",\"areaServed\":\"G\u00f6z Sa\u011fl\u0131\u011f\u0131\",\"taxID\":\"1910580134\"},{\"@type\":\"PostalAddress\",\"@id\":\"https:\\\/\\\/www.bursagoz.com\\\/refraksiyon-cerrahisi-yontemleri\\\/#local-main-place-address\",\"streetAddress\":\"Dua\u00e7\u0131nar\u0131 Mahallesi Bar\u0131\u015f Caddesi No:3 Y\u0131ld\u0131r\u0131m \\\/ BURSA\",\"addressLocality\":\"BURSA\",\"postalCode\":\"16270\",\"addressRegion\":\"Y\u0131ld\u0131r\u0131m\",\"addressCountry\":\"TR\"},{\"@type\":\"ImageObject\",\"inLanguage\":\"en-US\",\"@id\":\"https:\\\/\\\/www.bursagoz.com\\\/refraksiyon-cerrahisi-yontemleri\\\/#local-main-organization-logo\",\"url\":\"https:\\\/\\\/i0.wp.com\\\/www.bursagoz.com\\\/wp-content\\\/uploads\\\/2020\\\/02\\\/BGM-Logobeyazi1.png?fit=1500%2C1000&ssl=1\",\"contentUrl\":\"https:\\\/\\\/i0.wp.com\\\/www.bursagoz.com\\\/wp-content\\\/uploads\\\/2020\\\/02\\\/BGM-Logobeyazi1.png?fit=1500%2C1000&ssl=1\",\"width\":1500,\"height\":1000,\"caption\":\"Bursa G\u00f6z Merkezi\"}]}<\/script>\n<meta name=\"geo.placename\" content=\"BURSA\" \/>\n<meta name=\"geo.position\" content=\"40.191996;29.110874\" \/>\n<meta name=\"geo.region\" content=\"Turkey\" \/>\n<!-- \/ Yoast SEO Premium plugin. -->","yoast_head_json":{"title":"Refraksiyon Cerrahisi Y\u00f6ntemleri - Bursa G\u00f6z Merkezi Y\u0131ld\u0131r\u0131m G\u00f6z Hastal\u0131klar\u0131 Hastanesi","robots":{"index":"index","follow":"follow","max-snippet":"max-snippet:-1","max-image-preview":"max-image-preview:large","max-video-preview":"max-video-preview:-1"},"canonical":"https:\/\/www.bursagoz.com\/en\/refraksiyon-cerrahisi-yontemleri\/","og_locale":"en_US","og_type":"article","og_title":"Refraksiyon Cerrahisi Y\u00f6ntemleri","og_description":"Refraksiyon Cerrahisi Y\u00f6ntemleri PRK (PHOTO REFRACT\u0130F KERATECTOM\u0130) \u0130lk uygulanmaya ba\u015flayan laser y\u00f6ntemidir. Bu y\u00f6ntem de laser \u0131\u015f\u0131nlar\u0131 kornean\u0131n \u00fcst tabakalar\u0131na uygulan\u0131r. Fakat bu y\u00f6ntemde laser uygulanan b\u00f6l\u00fcm a\u00e7\u0131kta kald\u0131\u011f\u0131ndan uygulama alan\u0131n\u0131n \u00fcst\u00fc epitel dokusu ile kapanana kadar yakla\u015f\u0131k \u00fc\u00e7 g\u00fcn hastalar yo\u011fun batma ve a\u011fr\u0131 hissederler. Bu y\u00f6ntemin en b\u00fcy\u00fck dezavantaj\u0131 ise d\u00fc\u015f\u00fck olas\u0131l\u0131kla olmakla Read More \"Refraksiyon Cerrahisi Y\u00f6ntemleri\"","og_url":"https:\/\/www.bursagoz.com\/en\/refraksiyon-cerrahisi-yontemleri\/","og_site_name":"Bursa G\u00f6z Merkezi Y\u0131ld\u0131r\u0131m G\u00f6z Hastal\u0131klar\u0131 Hastanesi","article_publisher":"https:\/\/www.facebook.com\/bursagozyildirim\/","twitter_card":"summary_large_image","twitter_site":"@bursagoz_","twitter_misc":{"Est. reading time":"3 minutes"},"schema":{"@context":"https:\/\/schema.org","@graph":[{"@type":"WebPage","@id":"https:\/\/www.bursagoz.com\/refraksiyon-cerrahisi-yontemleri\/","url":"https:\/\/www.bursagoz.com\/refraksiyon-cerrahisi-yontemleri\/","name":"Refraksiyon Cerrahisi Y\u00f6ntemleri - Bursa G\u00f6z Merkezi Y\u0131ld\u0131r\u0131m G\u00f6z Hastal\u0131klar\u0131 Hastanesi","isPartOf":{"@id":"https:\/\/www.bursagoz.com\/#website"},"datePublished":"2019-09-23T07:16:28+00:00","breadcrumb":{"@id":"https:\/\/www.bursagoz.com\/refraksiyon-cerrahisi-yontemleri\/#breadcrumb"},"inLanguage":"en-US","potentialAction":[{"@type":"ReadAction","target":["https:\/\/www.bursagoz.com\/refraksiyon-cerrahisi-yontemleri\/"]}]},{"@type":"BreadcrumbList","@id":"https:\/\/www.bursagoz.com\/refraksiyon-cerrahisi-yontemleri\/#breadcrumb","itemListElement":[{"@type":"ListItem","position":1,"name":"Ana sayfa","item":"https:\/\/www.bursagoz.com\/"},{"@type":"ListItem","position":2,"name":"Refraksiyon Cerrahisi Y\u00f6ntemleri"}]},{"@type":"WebSite","@id":"https:\/\/www.bursagoz.com\/#website","url":"https:\/\/www.bursagoz.com\/","name":"Bursa G\u00f6z Merkezi Y\u0131ld\u0131r\u0131m G\u00f6z Hastal\u0131klar\u0131 Hastanesi","description":"Bursa G\u00f6z Merkezi | Sa\u011fl\u0131kta 10 Y\u0131ll\u0131k Te\u00e7r\u00fcbenin Yeni Ad\u0131","publisher":{"@id":"https:\/\/www.bursagoz.com\/#organization"},"potentialAction":[{"@type":"SearchAction","target":{"@type":"EntryPoint","urlTemplate":"https:\/\/www.bursagoz.com\/?s={search_term_string}"},"query-input":{"@type":"PropertyValueSpecification","valueRequired":true,"valueName":"search_term_string"}}],"inLanguage":"en-US"},{"@type":["Organization","Place","HealthClub"],"@id":"https:\/\/www.bursagoz.com\/#organization","name":"Bursa G\u00f6z Merkezi","url":"https:\/\/www.bursagoz.com\/","logo":{"@id":"https:\/\/www.bursagoz.com\/refraksiyon-cerrahisi-yontemleri\/#local-main-organization-logo"},"image":{"@id":"https:\/\/www.bursagoz.com\/refraksiyon-cerrahisi-yontemleri\/#local-main-organization-logo"},"sameAs":["https:\/\/www.facebook.com\/bursagozyildirim\/","https:\/\/x.com\/bursagoz_","https:\/\/www.instagram.com\/bursagozmerkezi","https:\/\/www.youtube.com\/channel\/UCpSzsUiWi-QvB9j1uUAiJew"],"address":{"@id":"https:\/\/www.bursagoz.com\/refraksiyon-cerrahisi-yontemleri\/#local-main-place-address"},"geo":{"@type":"GeoCoordinates","latitude":"40.191996","longitude":"29.110874"},"telephone":["4441469","08508501469"],"openingHoursSpecification":[{"@type":"OpeningHoursSpecification","dayOfWeek":["Monday","Tuesday","Wednesday","Thursday","Friday","Saturday"],"opens":"08:30","closes":"18:00"},{"@type":"OpeningHoursSpecification","dayOfWeek":["Sunday"],"opens":"00:00","closes":"00:00"}],"email":"randevu@bursagoz.com","areaServed":"G\u00f6z Sa\u011fl\u0131\u011f\u0131","taxID":"1910580134"},{"@type":"PostalAddress","@id":"https:\/\/www.bursagoz.com\/refraksiyon-cerrahisi-yontemleri\/#local-main-place-address","streetAddress":"Dua\u00e7\u0131nar\u0131 Mahallesi Bar\u0131\u015f Caddesi No:3 Y\u0131ld\u0131r\u0131m \/ BURSA","addressLocality":"BURSA","postalCode":"16270","addressRegion":"Y\u0131ld\u0131r\u0131m","addressCountry":"TR"},{"@type":"ImageObject","inLanguage":"en-US","@id":"https:\/\/www.bursagoz.com\/refraksiyon-cerrahisi-yontemleri\/#local-main-organization-logo","url":"https:\/\/i0.wp.com\/www.bursagoz.com\/wp-content\/uploads\/2020\/02\/BGM-Logobeyazi1.png?fit=1500%2C1000&ssl=1","contentUrl":"https:\/\/i0.wp.com\/www.bursagoz.com\/wp-content\/uploads\/2020\/02\/BGM-Logobeyazi1.png?fit=1500%2C1000&ssl=1","width":1500,"height":1000,"caption":"Bursa G\u00f6z Merkezi"}]},"geo.placename":"BURSA","geo.position":{"lat":"40.191996","long":"29.110874"},"geo.region":"Turkey"},"jetpack_sharing_enabled":true,"_links":{"self":[{"href":"https:\/\/www.bursagoz.com\/en\/wp-json\/wp\/v2\/pages\/1726","targetHints":{"allow":["GET"]}}],"collection":[{"href":"https:\/\/www.bursagoz.com\/en\/wp-json\/wp\/v2\/pages"}],"about":[{"href":"https:\/\/www.bursagoz.com\/en\/wp-json\/wp\/v2\/types\/page"}],"author":[{"embeddable":true,"href":"https:\/\/www.bursagoz.com\/en\/wp-json\/wp\/v2\/users\/1"}],"replies":[{"embeddable":true,"href":"https:\/\/www.bursagoz.com\/en\/wp-json\/wp\/v2\/comments?post=1726"}],"version-history":[{"count":1,"href":"https:\/\/www.bursagoz.com\/en\/wp-json\/wp\/v2\/pages\/1726\/revisions"}],"predecessor-version":[{"id":1727,"href":"https:\/\/www.bursagoz.com\/en\/wp-json\/wp\/v2\/pages\/1726\/revisions\/1727"}],"wp:attachment":[{"href":"https:\/\/www.bursagoz.com\/en\/wp-json\/wp\/v2\/media?parent=1726"}],"curies":[{"name":"wp","href":"https:\/\/api.w.org\/{rel}","templated":true}]}}