{"id":1965,"date":"2020-02-18T13:46:03","date_gmt":"2020-02-18T10:46:03","guid":{"rendered":"https:\/\/www.bursagoz.com\/?page_id=1965"},"modified":"2020-02-18T15:29:45","modified_gmt":"2020-02-18T12:29:45","slug":"glokom-dikissiz-gatt-ameliyati","status":"publish","type":"page","link":"https:\/\/www.bursagoz.com\/en\/glokom-dikissiz-gatt-ameliyati\/","title":{"rendered":"Glokom Diki\u015fsiz GATT Ameliyat\u0131"},"content":{"rendered":"<div class=\"wpb-content-wrapper\"><div class=\"tt-shortcode_vc_row 8 vc_row wpb_row vc_row-fluid\"><div class=\"wpb_column vc_column_container vc_col-sm-6\"><div class=\"tt-shortcode_vc_clmn vc_column-inner\"><div class=\"wpb_wrapper\"><div class=\"h-sub\"><span class=\"theme-color\">Glokom<\/span> SURGERY<\/div>\n<h2 class=\"h1\">GATT Nedir?<\/h2>\n<div class=\"pr-xl-1\">\n<p class=\"ch\">GATT (Gonioskopi Destekli Transluminal Trabekulotomi), a\u00e7\u0131k a\u00e7\u0131l\u0131 glokomlar\u0131n tedavisi i\u00e7in minimal invaziv bir cerrahi tedavidir ve 50 y\u0131ldan uzun s\u00fcredir devam eden bir glokom cerrahisinin (trabekulotomi) bir modifikasyonudur. Trabek\u00fctominin a\u00e7\u0131k a\u00e7\u0131l\u0131 <strong>glokom tedavisi<\/strong> i\u00e7in g\u00fcvenli ve etkili oldu\u011fu kan\u0131tlanm\u0131\u015ft\u0131r.<\/p>\n<p>&nbsp;<\/p>\n<\/div>\n<div class=\"h-sub\"><span class=\"theme-color\">Diki\u015f ve Kesik <\/span>Olmadan Ameliyat<\/div>\n<h2 class=\"h1\">GATT Ameliyat\u0131 nas\u0131l yap\u0131l\u0131r?<\/h2>\n<div class=\"pr-xl-1\">\n<p class=\"ch\">GATT prosed\u00fcr\u00fc korneadaki mikro insizyonlarla yap\u0131l\u0131r. Ameliyat\u0131n tamamland\u0131\u011f\u0131 kornea \u00e7evrenizde yakla\u015f\u0131k 1.0 mm b\u00fcy\u00fckl\u00fc\u011f\u00fcnde bir kesi yap\u0131l\u0131r. G\u00f6ze girdikten sonra, cerrahi prosed\u00fcr trabek\u00fcler a\u011f\u0131n kesilmesini, Schlemm kanal\u0131n\u0131 360 \u00b0 kan\u00fcle etmeyi ve Schlemm kanal\u0131n\u0131 a\u00e7may\u0131 i\u00e7erir. drenaj sisteminin sadece k\u00fc\u00e7\u00fck bir b\u00f6l\u00fcm\u00fcn\u00fc hedeflemek yerine. T\u00fcm drenaj sisteminin a\u00e7\u0131lmas\u0131n\u0131n prosed\u00fcr\u00fcn \u00e7al\u0131\u015fmas\u0131 ve g\u00f6z i\u00e7i bas\u0131nc\u0131n\u0131 yeterli derecede d\u00fc\u015f\u00fcrmesi i\u00e7in en iyi \u015fans\u0131 verdi\u011fine inan\u0131lmaktad\u0131r. Bu prosed\u00fcr\u00fcn ikinci bir avantaj\u0131, Schlemm kanal\u0131na eri\u015fmek i\u00e7in konjonktival dokular\u0131n a\u00e7\u0131lmas\u0131n\u0131 i\u00e7ermemesidir. Bu nedenle, daha fazla cerrahiye ihtiya\u00e7 duyulursa, daha az skar dokusu vard\u0131r ve sonraki <a href=\"https:\/\/www.bursagoz.com\/en\/goz-tansiyonu-glokom-nedir-tedavi-yollari\/\"><strong>glokom<\/strong><\/a> ameliyatlar \u00f6nemli \u00f6l\u00e7\u00fcde daha y\u00fcksek ba\u015far\u0131 oran\u0131na sahiptir.<\/p>\n<\/div>\n<h2 class=\"h1\">Kimler GATT Ameliyat\u0131 Olabilir?<\/h2>\n<div class=\"pr-xl-1\">\n<p class=\"ch\">GATT hem yeti\u015fkinlerde hem de \u00e7ocuklarda a\u00e7\u0131k a\u00e7\u0131l\u0131 glokomlar\u0131n cerrahi tedavisi i\u00e7in endikedir. Bununla birlikte, di\u011fer &#8220;a\u00e7\u0131l\u0131 ameliyatlar\u0131n&#8221; aksine, baz\u0131 kapal\u0131 a\u00e7\u0131l\u0131 glokom formlar\u0131 da fayda sa\u011flayabilir. Nas\u0131l uygulan\u0131r? \u00d6n k\u0131s\u0131mdan, do\u011frudan Schlemm kanal\u0131n\u0131n i\u00e7ine ve \u00e7evresine ve kollekt\u00f6r kanallar\u0131 \u00fczerinden sulu salg\u0131 ak\u0131\u015f\u0131n\u0131 artt\u0131r\u0131r. Bu prosed\u00fcr, s\u0131v\u0131 normal fizyolojik yollardan y\u00f6nlendirildi\u011fi i\u00e7in g\u00f6z y\u00fczeyinde bir &#8216;kabarc\u0131k&#8217; olu\u015fturmaz.<\/p>\n<p>&nbsp;<\/p>\n<\/div>\n<\/div><\/div><\/div><div class=\"wpb_column vc_column_container vc_col-sm-6\"><div class=\"tt-shortcode_vc_clmn vc_column-inner\"><div class=\"wpb_wrapper\"><img loading=\"lazy\" decoding=\"async\" width=\"512\" height=\"342\" src=\"https:\/\/i0.wp.com\/www.bursagoz.com\/wp-content\/uploads\/2020\/02\/gatt-glokom-operasyon.jpg?fit=512%2C342&amp;ssl=1\" class=\"vc_single_image-img  attachment-full\" alt=\"\" title=\"gatt-glokom-operasyon\" srcset=\"https:\/\/i0.wp.com\/www.bursagoz.com\/wp-content\/uploads\/2020\/02\/gatt-glokom-operasyon.jpg?w=512&amp;ssl=1 512w, https:\/\/i0.wp.com\/www.bursagoz.com\/wp-content\/uploads\/2020\/02\/gatt-glokom-operasyon.jpg?resize=300%2C200&amp;ssl=1 300w\" sizes=\"auto, (max-width: 512px) 100vw, 512px\" \/><img loading=\"lazy\" decoding=\"async\" width=\"512\" height=\"250\" src=\"https:\/\/i0.wp.com\/www.bursagoz.com\/wp-content\/uploads\/2020\/02\/glokom-gatt-ameliyati.jpg?fit=512%2C250&amp;ssl=1\" class=\"vc_single_image-img  attachment-full\" alt=\"\" title=\"glokom-gatt-ameliyati\" srcset=\"https:\/\/i0.wp.com\/www.bursagoz.com\/wp-content\/uploads\/2020\/02\/glokom-gatt-ameliyati.jpg?w=512&amp;ssl=1 512w, https:\/\/i0.wp.com\/www.bursagoz.com\/wp-content\/uploads\/2020\/02\/glokom-gatt-ameliyati.jpg?resize=300%2C146&amp;ssl=1 300w\" sizes=\"auto, (max-width: 512px) 100vw, 512px\" \/><img loading=\"lazy\" decoding=\"async\" width=\"512\" height=\"320\" src=\"https:\/\/i0.wp.com\/www.bursagoz.com\/wp-content\/uploads\/2020\/02\/goz-tansiyon-gatt-tedavisi.jpg?fit=512%2C320&amp;ssl=1\" class=\"vc_single_image-img  attachment-full\" alt=\"\" title=\"goz-tansiyon-gatt-tedavisi\" srcset=\"https:\/\/i0.wp.com\/www.bursagoz.com\/wp-content\/uploads\/2020\/02\/goz-tansiyon-gatt-tedavisi.jpg?w=512&amp;ssl=1 512w, https:\/\/i0.wp.com\/www.bursagoz.com\/wp-content\/uploads\/2020\/02\/goz-tansiyon-gatt-tedavisi.jpg?resize=300%2C188&amp;ssl=1 300w\" sizes=\"auto, (max-width: 512px) 100vw, 512px\" \/><\/div><\/div><\/div><\/div><div class=\"tt-shortcode_vc_row 8 vc_row wpb_row vc_row-fluid\"><div class=\"wpb_column vc_column_container vc_col-sm-12\"><div class=\"tt-shortcode_vc_clmn vc_column-inner\"><div class=\"wpb_wrapper\">\n\t<div class=\"wpb_text_column wpb_content_element\" >\n\t\t<div class=\"tt_shortcode_vc_column_text wpb_wrapper\">\n\t\t\t<p style=\"text-align: center;\"><span style=\"font-family: Ubuntu; font-weight: normal; font-size: large;\">2014 y\u0131l\u0131nda Amerika\u2019da yap\u0131lmaya ba\u015flanan <a href=\"https:\/\/www.bursagoz.com\/en\/glokom-dikissiz-gatt-ameliyati\/\">GATT ameliyat\u0131<\/a> sayesinde klasik Trabek\u00fclektomi ameliyatlar\u0131n\u0131n aksine konjonktiva, sklera gibi g\u00f6z\u00fcn d\u0131\u015f katmanlar\u0131nda yer alan dokulara dokunmadan, herhangi bir kesi ya da diki\u015f i\u015flemi olmaks\u0131z\u0131n g\u00f6z tansiyonu d\u00fc\u015f\u00fcr\u00fclebilir ya da y\u00fckselmesi durdurulabilir.<\/span><\/p>\n\n\t\t<\/div>\n\t<\/div>\n<\/div><\/div><\/div><\/div><div  id=\"contactSection\" class=\"tt-shortcode_vc_row 8 section\" ><div class=\"tt-shortcode_vc_clmn banner-contact-us1\"><div class=\"container\"><div class=\"row no-gutters\" ><div class=\"shortcode_vc_clmn_inner col-sm-6 col-lg-6 order-2 order-sm-1 mt-3 mt-md-0 text-center text-md-right d-flex align-items-end\"><\/div><div class=\"shortcode_vc_clmn_inner col-sm-6 col-lg-6 order-1 order-sm-2 d-flex\"><div class=\"rs_inner_block pt-2 pt-lg-6\"><h2 data-title=\"Glokom GATT Ameliyat\u0131\"><span class=\"ch\">Diki\u015fsiz Glokom Ameliyat\u0131 <br class=\"d-lg-none\" \/><span class=\"theme-color\">Bilgi Al!<\/span><\/span><\/h2>\n<p class=\"ch\">Diki\u015fsiz Glokom GATT Ameliyat\u0131 hakk\u0131nda bilgi almak i\u00e7in l\u00fctfen formu doldurun.<\/p>\n<p>\u00a0<\/p>\n\n<div class=\"wpcf7 no-js\" id=\"wpcf7-f1256-o1\" lang=\"en-US\" dir=\"ltr\" data-wpcf7-id=\"1256\">\n<div class=\"screen-reader-response\"><p role=\"status\" aria-live=\"polite\" aria-atomic=\"true\"><\/p> <ul><\/ul><\/div>\n<form action=\"\/en\/wp-json\/wp\/v2\/pages\/1965#wpcf7-f1256-o1\" method=\"post\" class=\"wpcf7-form init\" aria-label=\"Contact form\" novalidate=\"novalidate\" data-status=\"init\" data-trp-original-action=\"\/en\/wp-json\/wp\/v2\/pages\/1965#wpcf7-f1256-o1\">\n<fieldset class=\"hidden-fields-container\"><input type=\"hidden\" name=\"_wpcf7\" value=\"1256\" \/><input type=\"hidden\" name=\"_wpcf7_version\" value=\"6.1.5\" \/><input type=\"hidden\" name=\"_wpcf7_locale\" value=\"en_US\" \/><input type=\"hidden\" name=\"_wpcf7_unit_tag\" value=\"wpcf7-f1256-o1\" \/><input type=\"hidden\" name=\"_wpcf7_container_post\" value=\"0\" \/><input type=\"hidden\" name=\"_wpcf7_posted_data_hash\" value=\"\" \/>\n<\/fieldset>\n<div class=\"contact-form contact7__custom-form contact-page-form\" id=\"contactForm\">\n\t<div class=\"pr-0\">\n\t\t<div>\n\t\t\t<p><span class=\"wpcf7-form-control-wrap\" data-name=\"text-674\"><input size=\"40\" maxlength=\"400\" class=\"wpcf7-form-control wpcf7-text wpcf7-validates-as-required form-control\" aria-required=\"true\" aria-invalid=\"false\" placeholder=\"Ad\u0131n\u0131z Soyad\u0131n\u0131z*\" value=\"\" type=\"text\" name=\"text-674\" \/><\/span>\n\t\t\t<\/p>\n\t\t<\/div>\n\t\t<div class=\"mt-15\">\n\t\t\t<p><span class=\"wpcf7-form-control-wrap\" data-name=\"your-email\"><input size=\"40\" maxlength=\"400\" class=\"wpcf7-form-control wpcf7-email wpcf7-text wpcf7-validates-as-email form-control\" aria-invalid=\"false\" placeholder=\"E-Posta Adresiniz\" value=\"\" type=\"email\" name=\"your-email\" \/><\/span>\n\t\t\t<\/p>\n\t\t<\/div>\n\t\t<div class=\"mt-15\">\n\t\t\t<p><span class=\"wpcf7-form-control-wrap\" data-name=\"tel-968\"><input size=\"40\" maxlength=\"400\" class=\"wpcf7-form-control wpcf7-tel wpcf7-validates-as-required wpcf7-text wpcf7-validates-as-tel form-control\" aria-required=\"true\" aria-invalid=\"false\" placeholder=\"Telefon Numaran\u0131z\" value=\"\" type=\"tel\" name=\"tel-968\" \/><\/span>\n\t\t\t<\/p>\n\t\t<\/div>\n\t<\/div>\n\t<div class=\"mt-15\">\n\t\t<p><span class=\"wpcf7-form-control-wrap\" data-name=\"textarea-257\"><textarea cols=\"40\" rows=\"10\" maxlength=\"2000\" class=\"wpcf7-form-control wpcf7-textarea form-control\" aria-invalid=\"false\" name=\"textarea-257\">Not<\/textarea><\/span>\n\t\t<\/p>\n\t<\/div>\n\t<p><span class=\"wpcf7-form-control-wrap\" data-name=\"checkbox-149\"><span class=\"wpcf7-form-control wpcf7-checkbox wpcf7-validates-as-required\"><span class=\"wpcf7-list-item first last\"><label><input type=\"checkbox\" name=\"checkbox-149[]\" value=\"Bursa G\u00f6z Merkezi hizmetleri ve duyurular\u0131ndan haberdar olmak i\u00e7in ki\u015fisel bilgilerimin kullan\u0131lmas\u0131na ve benimle ileti\u015fime ge\u00e7ilmesine izin veriyorum.\" \/><span class=\"wpcf7-list-item-label\">Bursa G\u00f6z Merkezi hizmetleri ve duyurular\u0131ndan haberdar olmak i\u00e7in ki\u015fisel bilgilerimin kullan\u0131lmas\u0131na ve benimle ileti\u015fime ge\u00e7ilmesine izin veriyorum.<\/span><\/label><\/span><\/span><\/span>\n\t<\/p>\n\t<div class=\"mt-4 b-c-wrapper\">\n\t\t<div class=\"ch_btn_vc pr-2\">\n\t\t\t<p><span class=\"wpcf7-form-control-wrap\" data-name=\"quiz-soru\"><label><span class=\"wpcf7-quiz-label\">Bursa&#039;n\u0131n Plakas\u0131 Nedir?<\/span> <input size=\"40\" class=\"wpcf7-form-control wpcf7-quiz\" autocomplete=\"off\" aria-required=\"true\" aria-invalid=\"false\" type=\"text\" name=\"quiz-soru\" \/><\/label><input type=\"hidden\" name=\"_wpcf7_quiz_answer_quiz-soru\" value=\"48e17789b9c15a318144ad80076ee7fe\" \/><\/span>\n\t\t\t<\/p>\n\t\t<\/div>\n\t\t<p><input class=\"wpcf7-form-control wpcf7-submit has-spinner btn btn-fill\" type=\"submit\" value=\"Formu G\u00f6nder\" \/>\n\t\t<\/p>\n\t<\/div>\n<\/div><p style=\"display: none !important;\" class=\"akismet-fields-container\" data-prefix=\"_wpcf7_ak_\"><label>&#916;<textarea name=\"_wpcf7_ak_hp_textarea\" cols=\"45\" rows=\"8\" maxlength=\"100\"><\/textarea><\/label><input type=\"hidden\" id=\"ak_js_1\" name=\"_wpcf7_ak_js\" value=\"241\"\/><script>document.getElementById( \"ak_js_1\" ).setAttribute( \"value\", ( new Date() ).getTime() );<\/script><\/p><div class=\"wpcf7-response-output\" aria-hidden=\"true\"><\/div>\n<input type=\"hidden\" name=\"trp-form-language\" value=\"en\"\/><\/form>\n<\/div>\n<\/div><\/div><\/div><\/div><\/div><\/div>\n<\/div>","protected":false},"excerpt":{"rendered":"Glokom Tedavisi GATT Nedir? GATT (Gonioskopi Destekli Transluminal Trabekulotomi), a\u00e7\u0131k a\u00e7\u0131l\u0131 glokomlar\u0131n tedavisi i\u00e7in minimal invaziv bir cerrahi tedavidir ve 50 y\u0131ldan uzun s\u00fcredir devam eden bir glokom cerrahisinin (trabekulotomi) bir modifikasyonudur. Trabek\u00fctominin a\u00e7\u0131k a\u00e7\u0131l\u0131 glokom tedavisi i\u00e7in g\u00fcvenli ve etkili oldu\u011fu kan\u0131tlanm\u0131\u015ft\u0131r. &nbsp; Diki\u015f ve Kesik Olmadan Ameliyat GATT Ameliyat\u0131 nas\u0131l yap\u0131l\u0131r? GATT prosed\u00fcr\u00fc <div class=\"btn-more-wrapper\"><a href=\"https:\/\/www.bursagoz.com\/en\/glokom-dikissiz-gatt-ameliyati\/\" class=\"btn btn-sm btn-hover-fill\"><svg class=\"icon icon-right-arrow\" version=\"1.1\" xmlns=\"http:\/\/www.w3.org\/2000\/svg\" width=\"32\" height=\"32\" viewbox=\"0 0 32 32\"><path d=\"M21.548 5.088c-0.436-0.451-1.162-0.451-1.613 0-0.436 0.436-0.436 1.162 0 1.596l8.177 8.177h-26.984c-0.629 0.001-1.129 0.501-1.129 1.13s0.5 1.145 1.129 1.145h26.984l-8.177 8.162c-0.436 0.451-0.436 1.178 0 1.613 0.451 0.451 1.178 0.451 1.613 0l10.113-10.113c0.451-0.436 0.451-1.162 0-1.596l-10.113-10.114z\"><\/path><\/svg>Read More<span class=\"screen-reader-text\"> \"Glokom Diki\u015fsiz GATT Ameliyat\u0131\"<\/span><svg class=\"icon icon-right-arrow\" version=\"1.1\" xmlns=\"http:\/\/www.w3.org\/2000\/svg\" width=\"32\" height=\"32\" viewbox=\"0 0 32 32\"><path d=\"M21.548 5.088c-0.436-0.451-1.162-0.451-1.613 0-0.436 0.436-0.436 1.162 0 1.596l8.177 8.177h-26.984c-0.629 0.001-1.129 0.501-1.129 1.13s0.5 1.145 1.129 1.145h26.984l-8.177 8.162c-0.436 0.451-0.436 1.178 0 1.613 0.451 0.451 1.178 0.451 1.613 0l10.113-10.113c0.451-0.436 0.451-1.162 0-1.596l-10.113-10.114z\"><\/path><\/svg><\/a><\/div>","protected":false},"author":1,"featured_media":0,"parent":0,"menu_order":0,"comment_status":"closed","ping_status":"closed","template":"","meta":{"footnotes":""},"class_list":["post-1965","page","type-page","status-publish","hentry"],"yoast_head":"<!-- This site is optimized with the Yoast SEO Premium plugin v26.2 (Yoast SEO v27.3) - https:\/\/yoast.com\/product\/yoast-seo-premium-wordpress\/ -->\n<title>Glokom Diki\u015fsiz GATT Ameliyat\u0131 - Bursa G\u00f6z Merkezi<\/title>\n<meta name=\"description\" content=\"Glokom Diki\u015fsiz GATT Ameliyat\u0131, a\u00e7\u0131k a\u00e7\u0131l\u0131 glokomlar\u0131n tedavisi i\u00e7in minimal invaziv bir cerrahi tedavidir ve GATT hem yeti\u015fkinlerde hem de \u00e7ocuklarda uyg..\" \/>\n<meta name=\"robots\" content=\"index, follow, max-snippet:-1, max-image-preview:large, max-video-preview:-1\" \/>\n<link rel=\"canonical\" href=\"https:\/\/www.bursagoz.com\/en\/glokom-dikissiz-gatt-ameliyati\/\" \/>\n<meta property=\"og:locale\" content=\"en_US\" \/>\n<meta property=\"og:type\" content=\"article\" \/>\n<meta property=\"og:title\" content=\"Glokom Diki\u015fsiz GATT Ameliyat\u0131\" \/>\n<meta property=\"og:description\" content=\"GATT ameliyat\u0131 sayesinde klasik Trabek\u00fclektomi ameliyatlar\u0131n\u0131n aksine konjonktiva, sklera gibi g\u00f6z\u00fcn d\u0131\u015f katmanlar\u0131nda yer alan dokulara dokunmadan, herhangi bir kesi ya da diki\u015f i\u015flemi olmaks\u0131z\u0131n g\u00f6z tansiyonu d\u00fc\u015f\u00fcr\u00fclebilir ya da y\u00fckselmesi durdurulabilir.\" \/>\n<meta property=\"og:url\" content=\"https:\/\/www.bursagoz.com\/en\/glokom-dikissiz-gatt-ameliyati\/\" \/>\n<meta property=\"og:site_name\" content=\"Bursa G\u00f6z Merkezi Y\u0131ld\u0131r\u0131m G\u00f6z Hastal\u0131klar\u0131 Hastanesi\" \/>\n<meta property=\"article:publisher\" content=\"https:\/\/www.facebook.com\/bursagozyildirim\/\" \/>\n<meta property=\"article:modified_time\" content=\"2020-02-18T12:29:45+00:00\" \/>\n<meta property=\"og:image\" content=\"https:\/\/i2.wp.com\/www.bursagoz.com\/wp-content\/uploads\/2020\/02\/gatt-glokom-ameliyat.jpg?fit=1140%2C655&ssl=1\" \/>\n\t<meta property=\"og:image:width\" content=\"1140\" \/>\n\t<meta property=\"og:image:height\" content=\"655\" \/>\n\t<meta property=\"og:image:type\" content=\"image\/jpeg\" \/>\n<meta name=\"twitter:card\" content=\"summary_large_image\" \/>\n<meta name=\"twitter:title\" content=\"Glokom Diki\u015fsiz GATT Ameliyat\u0131\" \/>\n<meta name=\"twitter:site\" content=\"@bursagoz_\" \/>\n<meta name=\"twitter:label1\" content=\"Est. reading time\" \/>\n\t<meta name=\"twitter:data1\" content=\"3 minutes\" \/>\n<script type=\"application\/ld+json\" class=\"yoast-schema-graph\">{\"@context\":\"https:\\\/\\\/schema.org\",\"@graph\":[{\"@type\":\"WebPage\",\"@id\":\"https:\\\/\\\/www.bursagoz.com\\\/glokom-dikissiz-gatt-ameliyati\\\/\",\"url\":\"https:\\\/\\\/www.bursagoz.com\\\/glokom-dikissiz-gatt-ameliyati\\\/\",\"name\":\"Glokom Diki\u015fsiz GATT Ameliyat\u0131 - Bursa G\u00f6z Merkezi\",\"isPartOf\":{\"@id\":\"https:\\\/\\\/www.bursagoz.com\\\/#website\"},\"datePublished\":\"2020-02-18T10:46:03+00:00\",\"dateModified\":\"2020-02-18T12:29:45+00:00\",\"description\":\"Glokom Diki\u015fsiz GATT Ameliyat\u0131, a\u00e7\u0131k a\u00e7\u0131l\u0131 glokomlar\u0131n tedavisi i\u00e7in minimal invaziv bir cerrahi tedavidir ve GATT hem yeti\u015fkinlerde hem de \u00e7ocuklarda uyg..\",\"breadcrumb\":{\"@id\":\"https:\\\/\\\/www.bursagoz.com\\\/glokom-dikissiz-gatt-ameliyati\\\/#breadcrumb\"},\"inLanguage\":\"en-US\",\"potentialAction\":[{\"@type\":\"ReadAction\",\"target\":[\"https:\\\/\\\/www.bursagoz.com\\\/glokom-dikissiz-gatt-ameliyati\\\/\"]}]},{\"@type\":\"BreadcrumbList\",\"@id\":\"https:\\\/\\\/www.bursagoz.com\\\/glokom-dikissiz-gatt-ameliyati\\\/#breadcrumb\",\"itemListElement\":[{\"@type\":\"ListItem\",\"position\":1,\"name\":\"Ana sayfa\",\"item\":\"https:\\\/\\\/www.bursagoz.com\\\/\"},{\"@type\":\"ListItem\",\"position\":2,\"name\":\"Glokom Diki\u015fsiz GATT Ameliyat\u0131\"}]},{\"@type\":\"WebSite\",\"@id\":\"https:\\\/\\\/www.bursagoz.com\\\/#website\",\"url\":\"https:\\\/\\\/www.bursagoz.com\\\/\",\"name\":\"Bursa G\u00f6z Merkezi Y\u0131ld\u0131r\u0131m G\u00f6z Hastal\u0131klar\u0131 Hastanesi\",\"description\":\"Bursa G\u00f6z Merkezi | Sa\u011fl\u0131kta 10 Y\u0131ll\u0131k Te\u00e7r\u00fcbenin Yeni Ad\u0131\",\"publisher\":{\"@id\":\"https:\\\/\\\/www.bursagoz.com\\\/#organization\"},\"potentialAction\":[{\"@type\":\"SearchAction\",\"target\":{\"@type\":\"EntryPoint\",\"urlTemplate\":\"https:\\\/\\\/www.bursagoz.com\\\/?s={search_term_string}\"},\"query-input\":{\"@type\":\"PropertyValueSpecification\",\"valueRequired\":true,\"valueName\":\"search_term_string\"}}],\"inLanguage\":\"en-US\"},{\"@type\":[\"Organization\",\"Place\",\"HealthClub\"],\"@id\":\"https:\\\/\\\/www.bursagoz.com\\\/#organization\",\"name\":\"Bursa G\u00f6z Merkezi\",\"url\":\"https:\\\/\\\/www.bursagoz.com\\\/\",\"logo\":{\"@id\":\"https:\\\/\\\/www.bursagoz.com\\\/glokom-dikissiz-gatt-ameliyati\\\/#local-main-organization-logo\"},\"image\":{\"@id\":\"https:\\\/\\\/www.bursagoz.com\\\/glokom-dikissiz-gatt-ameliyati\\\/#local-main-organization-logo\"},\"sameAs\":[\"https:\\\/\\\/www.facebook.com\\\/bursagozyildirim\\\/\",\"https:\\\/\\\/x.com\\\/bursagoz_\",\"https:\\\/\\\/www.instagram.com\\\/bursagozmerkezi\",\"https:\\\/\\\/www.youtube.com\\\/channel\\\/UCpSzsUiWi-QvB9j1uUAiJew\"],\"address\":{\"@id\":\"https:\\\/\\\/www.bursagoz.com\\\/glokom-dikissiz-gatt-ameliyati\\\/#local-main-place-address\"},\"geo\":{\"@type\":\"GeoCoordinates\",\"latitude\":\"40.191996\",\"longitude\":\"29.110874\"},\"telephone\":[\"4441469\",\"08508501469\"],\"openingHoursSpecification\":[{\"@type\":\"OpeningHoursSpecification\",\"dayOfWeek\":[\"Monday\",\"Tuesday\",\"Wednesday\",\"Thursday\",\"Friday\",\"Saturday\"],\"opens\":\"08:30\",\"closes\":\"18:00\"},{\"@type\":\"OpeningHoursSpecification\",\"dayOfWeek\":[\"Sunday\"],\"opens\":\"00:00\",\"closes\":\"00:00\"}],\"email\":\"randevu@bursagoz.com\",\"areaServed\":\"G\u00f6z Sa\u011fl\u0131\u011f\u0131\",\"taxID\":\"1910580134\"},{\"@type\":\"PostalAddress\",\"@id\":\"https:\\\/\\\/www.bursagoz.com\\\/glokom-dikissiz-gatt-ameliyati\\\/#local-main-place-address\",\"streetAddress\":\"Dua\u00e7\u0131nar\u0131 Mahallesi Bar\u0131\u015f Caddesi No:3 Y\u0131ld\u0131r\u0131m \\\/ BURSA\",\"addressLocality\":\"BURSA\",\"postalCode\":\"16270\",\"addressRegion\":\"Y\u0131ld\u0131r\u0131m\",\"addressCountry\":\"TR\"},{\"@type\":\"ImageObject\",\"inLanguage\":\"en-US\",\"@id\":\"https:\\\/\\\/www.bursagoz.com\\\/glokom-dikissiz-gatt-ameliyati\\\/#local-main-organization-logo\",\"url\":\"https:\\\/\\\/i0.wp.com\\\/www.bursagoz.com\\\/wp-content\\\/uploads\\\/2020\\\/02\\\/BGM-Logobeyazi1.png?fit=1500%2C1000&ssl=1\",\"contentUrl\":\"https:\\\/\\\/i0.wp.com\\\/www.bursagoz.com\\\/wp-content\\\/uploads\\\/2020\\\/02\\\/BGM-Logobeyazi1.png?fit=1500%2C1000&ssl=1\",\"width\":1500,\"height\":1000,\"caption\":\"Bursa G\u00f6z Merkezi\"}]}<\/script>\n<meta name=\"geo.placename\" content=\"BURSA\" \/>\n<meta name=\"geo.position\" content=\"40.191996;29.110874\" \/>\n<meta name=\"geo.region\" content=\"Turkey\" \/>\n<!-- \/ Yoast SEO Premium plugin. -->","yoast_head_json":{"title":"Glokom Diki\u015fsiz GATT Ameliyat\u0131 - Bursa G\u00f6z Merkezi","description":"Glokom Diki\u015fsiz GATT Ameliyat\u0131, a\u00e7\u0131k a\u00e7\u0131l\u0131 glokomlar\u0131n tedavisi i\u00e7in minimal invaziv bir cerrahi tedavidir ve GATT hem yeti\u015fkinlerde hem de \u00e7ocuklarda uyg..","robots":{"index":"index","follow":"follow","max-snippet":"max-snippet:-1","max-image-preview":"max-image-preview:large","max-video-preview":"max-video-preview:-1"},"canonical":"https:\/\/www.bursagoz.com\/en\/glokom-dikissiz-gatt-ameliyati\/","og_locale":"en_US","og_type":"article","og_title":"Glokom Diki\u015fsiz GATT Ameliyat\u0131","og_description":"GATT ameliyat\u0131 sayesinde klasik Trabek\u00fclektomi ameliyatlar\u0131n\u0131n aksine konjonktiva, sklera gibi g\u00f6z\u00fcn d\u0131\u015f katmanlar\u0131nda yer alan dokulara dokunmadan, herhangi bir kesi ya da diki\u015f i\u015flemi olmaks\u0131z\u0131n g\u00f6z tansiyonu d\u00fc\u015f\u00fcr\u00fclebilir ya da y\u00fckselmesi durdurulabilir.","og_url":"https:\/\/www.bursagoz.com\/en\/glokom-dikissiz-gatt-ameliyati\/","og_site_name":"Bursa G\u00f6z Merkezi Y\u0131ld\u0131r\u0131m G\u00f6z Hastal\u0131klar\u0131 Hastanesi","article_publisher":"https:\/\/www.facebook.com\/bursagozyildirim\/","article_modified_time":"2020-02-18T12:29:45+00:00","og_image":[{"width":1140,"height":655,"url":"https:\/\/i2.wp.com\/www.bursagoz.com\/wp-content\/uploads\/2020\/02\/gatt-glokom-ameliyat.jpg?fit=1140%2C655&ssl=1","type":"image\/jpeg"}],"twitter_card":"summary_large_image","twitter_title":"Glokom Diki\u015fsiz GATT Ameliyat\u0131","twitter_site":"@bursagoz_","twitter_misc":{"Est. reading time":"3 minutes"},"schema":{"@context":"https:\/\/schema.org","@graph":[{"@type":"WebPage","@id":"https:\/\/www.bursagoz.com\/glokom-dikissiz-gatt-ameliyati\/","url":"https:\/\/www.bursagoz.com\/glokom-dikissiz-gatt-ameliyati\/","name":"Glokom Diki\u015fsiz GATT Ameliyat\u0131 - Bursa G\u00f6z Merkezi","isPartOf":{"@id":"https:\/\/www.bursagoz.com\/#website"},"datePublished":"2020-02-18T10:46:03+00:00","dateModified":"2020-02-18T12:29:45+00:00","description":"Glokom Diki\u015fsiz GATT Ameliyat\u0131, a\u00e7\u0131k a\u00e7\u0131l\u0131 glokomlar\u0131n tedavisi i\u00e7in minimal invaziv bir cerrahi tedavidir ve GATT hem yeti\u015fkinlerde hem de \u00e7ocuklarda uyg..","breadcrumb":{"@id":"https:\/\/www.bursagoz.com\/glokom-dikissiz-gatt-ameliyati\/#breadcrumb"},"inLanguage":"en-US","potentialAction":[{"@type":"ReadAction","target":["https:\/\/www.bursagoz.com\/glokom-dikissiz-gatt-ameliyati\/"]}]},{"@type":"BreadcrumbList","@id":"https:\/\/www.bursagoz.com\/glokom-dikissiz-gatt-ameliyati\/#breadcrumb","itemListElement":[{"@type":"ListItem","position":1,"name":"Ana sayfa","item":"https:\/\/www.bursagoz.com\/"},{"@type":"ListItem","position":2,"name":"Glokom Diki\u015fsiz GATT Ameliyat\u0131"}]},{"@type":"WebSite","@id":"https:\/\/www.bursagoz.com\/#website","url":"https:\/\/www.bursagoz.com\/","name":"Bursa G\u00f6z Merkezi Y\u0131ld\u0131r\u0131m G\u00f6z Hastal\u0131klar\u0131 Hastanesi","description":"Bursa G\u00f6z Merkezi | Sa\u011fl\u0131kta 10 Y\u0131ll\u0131k Te\u00e7r\u00fcbenin Yeni Ad\u0131","publisher":{"@id":"https:\/\/www.bursagoz.com\/#organization"},"potentialAction":[{"@type":"SearchAction","target":{"@type":"EntryPoint","urlTemplate":"https:\/\/www.bursagoz.com\/?s={search_term_string}"},"query-input":{"@type":"PropertyValueSpecification","valueRequired":true,"valueName":"search_term_string"}}],"inLanguage":"en-US"},{"@type":["Organization","Place","HealthClub"],"@id":"https:\/\/www.bursagoz.com\/#organization","name":"Bursa G\u00f6z Merkezi","url":"https:\/\/www.bursagoz.com\/","logo":{"@id":"https:\/\/www.bursagoz.com\/glokom-dikissiz-gatt-ameliyati\/#local-main-organization-logo"},"image":{"@id":"https:\/\/www.bursagoz.com\/glokom-dikissiz-gatt-ameliyati\/#local-main-organization-logo"},"sameAs":["https:\/\/www.facebook.com\/bursagozyildirim\/","https:\/\/x.com\/bursagoz_","https:\/\/www.instagram.com\/bursagozmerkezi","https:\/\/www.youtube.com\/channel\/UCpSzsUiWi-QvB9j1uUAiJew"],"address":{"@id":"https:\/\/www.bursagoz.com\/glokom-dikissiz-gatt-ameliyati\/#local-main-place-address"},"geo":{"@type":"GeoCoordinates","latitude":"40.191996","longitude":"29.110874"},"telephone":["4441469","08508501469"],"openingHoursSpecification":[{"@type":"OpeningHoursSpecification","dayOfWeek":["Monday","Tuesday","Wednesday","Thursday","Friday","Saturday"],"opens":"08:30","closes":"18:00"},{"@type":"OpeningHoursSpecification","dayOfWeek":["Sunday"],"opens":"00:00","closes":"00:00"}],"email":"randevu@bursagoz.com","areaServed":"G\u00f6z Sa\u011fl\u0131\u011f\u0131","taxID":"1910580134"},{"@type":"PostalAddress","@id":"https:\/\/www.bursagoz.com\/glokom-dikissiz-gatt-ameliyati\/#local-main-place-address","streetAddress":"Dua\u00e7\u0131nar\u0131 Mahallesi Bar\u0131\u015f Caddesi No:3 Y\u0131ld\u0131r\u0131m \/ BURSA","addressLocality":"BURSA","postalCode":"16270","addressRegion":"Y\u0131ld\u0131r\u0131m","addressCountry":"TR"},{"@type":"ImageObject","inLanguage":"en-US","@id":"https:\/\/www.bursagoz.com\/glokom-dikissiz-gatt-ameliyati\/#local-main-organization-logo","url":"https:\/\/i0.wp.com\/www.bursagoz.com\/wp-content\/uploads\/2020\/02\/BGM-Logobeyazi1.png?fit=1500%2C1000&ssl=1","contentUrl":"https:\/\/i0.wp.com\/www.bursagoz.com\/wp-content\/uploads\/2020\/02\/BGM-Logobeyazi1.png?fit=1500%2C1000&ssl=1","width":1500,"height":1000,"caption":"Bursa G\u00f6z Merkezi"}]},"geo.placename":"BURSA","geo.position":{"lat":"40.191996","long":"29.110874"},"geo.region":"Turkey"},"jetpack_sharing_enabled":true,"_links":{"self":[{"href":"https:\/\/www.bursagoz.com\/en\/wp-json\/wp\/v2\/pages\/1965","targetHints":{"allow":["GET"]}}],"collection":[{"href":"https:\/\/www.bursagoz.com\/en\/wp-json\/wp\/v2\/pages"}],"about":[{"href":"https:\/\/www.bursagoz.com\/en\/wp-json\/wp\/v2\/types\/page"}],"author":[{"embeddable":true,"href":"https:\/\/www.bursagoz.com\/en\/wp-json\/wp\/v2\/users\/1"}],"replies":[{"embeddable":true,"href":"https:\/\/www.bursagoz.com\/en\/wp-json\/wp\/v2\/comments?post=1965"}],"version-history":[{"count":28,"href":"https:\/\/www.bursagoz.com\/en\/wp-json\/wp\/v2\/pages\/1965\/revisions"}],"predecessor-version":[{"id":1997,"href":"https:\/\/www.bursagoz.com\/en\/wp-json\/wp\/v2\/pages\/1965\/revisions\/1997"}],"wp:attachment":[{"href":"https:\/\/www.bursagoz.com\/en\/wp-json\/wp\/v2\/media?parent=1965"}],"curies":[{"name":"wp","href":"https:\/\/api.w.org\/{rel}","templated":true}]}}