{"id":2004,"date":"2020-02-19T14:49:15","date_gmt":"2020-02-19T11:49:15","guid":{"rendered":"https:\/\/www.bursagoz.com\/?page_id=2004"},"modified":"2023-09-08T11:39:18","modified_gmt":"2023-09-08T08:39:18","slug":"goz-kapagi-estetigi-blefaroplasti","status":"publish","type":"page","link":"https:\/\/www.bursagoz.com\/en\/goz-kapagi-estetigi-blefaroplasti\/","title":{"rendered":"G\u00f6z Kapa\u011f\u0131 Esteti\u011fi (Blefaroplasti)"},"content":{"rendered":"<div class=\"wpb-content-wrapper\"><div class=\"tt-shortcode_vc_row 8 vc_row wpb_row vc_row-fluid\"><div class=\"wpb_column vc_column_container vc_col-sm-6\"><div class=\"tt-shortcode_vc_clmn vc_column-inner\"><div class=\"wpb_wrapper\"><div class=\"h-sub\"><span class=\"theme-color\">G\u00f6z Esteti\u011fi<\/span> Ameliyat\u0131<\/div>\n<h2 class=\"h1\">Blefaroplasti Nedir?<\/h2>\n<div class=\"pr-xl-1\">\n<p class=\"ch\"><strong>G\u00f6z kapa\u011f\u0131 esteti\u011fi<\/strong> g\u00fcn\u00fcm\u00fczda fonksiyonel ve \u00e7o\u011funlukla da estetik ama\u00e7l\u0131 yapt\u0131r\u0131lan ve t\u0131p alan\u0131nda blefaroplasti olarak adland\u0131r\u0131lan bir cerrahi operasyondur. Y\u00fcz ifadesini do\u011frudan etkileyen <strong>g\u00f6z<\/strong> ve g\u00f6z kapa\u011f\u0131n\u0131n zaman i\u00e7erisinde torbalanmas\u0131 veya sarkmas\u0131 ki\u015finin daha yorgun ve ya\u015fl\u0131 g\u00f6r\u00fcnmesine neden olur.<br \/>\nG\u00f6z kapaklar\u0131nda meydana gelen sarkmalar\u0131n yan\u0131 s\u0131ra alt veya \u00fcst g\u00f6z kapaklar\u0131ndaki fazla ya\u011f dokusunun deri ve kas ile birlikte \u00e7\u0131kar\u0131lmas\u0131 i\u015flemi de <em>g\u00f6z kapa\u011f\u0131 esteti\u011fi<\/em> olarak nitelendirilmektedir. Di\u011fer ad\u0131 <strong>blefaroplasti<\/strong> olan <strong>g\u00f6z kapa\u011f\u0131 esteti\u011fi<\/strong>, en s\u0131k yap\u0131lan y\u00fcz gen\u00e7le\u015ftirme i\u015flemidir. G\u00fczelliklerine ve cilt bak\u0131mlar\u0131na d\u00fc\u015fk\u00fcn olan kad\u0131nlar\u0131n yan\u0131 s\u0131ra bu i\u015flem erkeklere de uygulanmaktad\u0131r. Uzman doktor taraf\u0131ndan iyi yap\u0131lan <a href=\"https:\/\/www.bursagoz.com\/en\/\">g\u00f6z kapa\u011f\u0131 esteti\u011fi<\/a> ile ki\u015fi daha gen\u00e7 bir g\u00f6r\u00fcn\u00fcm kazan\u0131r.<\/p>\n<p>&nbsp;<\/p>\n<\/div>\n<\/div><\/div><\/div><div class=\"wpb_column vc_column_container vc_col-sm-6\"><div class=\"tt-shortcode_vc_clmn vc_column-inner\"><div class=\"wpb_wrapper\"><img loading=\"lazy\" decoding=\"async\" width=\"820\" height=\"550\" src=\"https:\/\/i0.wp.com\/www.bursagoz.com\/wp-content\/uploads\/2020\/02\/gozalti-torba-estetigi.jpg?fit=820%2C550&amp;ssl=1\" class=\"vc_single_image-img  attachment-full\" alt=\"\" title=\"gozalti-torba-estetigi\" srcset=\"https:\/\/i0.wp.com\/www.bursagoz.com\/wp-content\/uploads\/2020\/02\/gozalti-torba-estetigi.jpg?w=820&amp;ssl=1 820w, https:\/\/i0.wp.com\/www.bursagoz.com\/wp-content\/uploads\/2020\/02\/gozalti-torba-estetigi.jpg?resize=300%2C201&amp;ssl=1 300w, https:\/\/i0.wp.com\/www.bursagoz.com\/wp-content\/uploads\/2020\/02\/gozalti-torba-estetigi.jpg?resize=768%2C515&amp;ssl=1 768w\" sizes=\"auto, (max-width: 820px) 100vw, 820px\" \/><div class=\"vc_empty_space\"   style=\"height: 32px\"><span class=\"vc_empty_space_inner\"><\/span><\/div><\/div><\/div><\/div><\/div><div class=\"tt-shortcode_vc_row 8 vc_row wpb_row vc_row-fluid\"><div class=\"wpb_column vc_column_container vc_col-sm-6\"><div class=\"tt-shortcode_vc_clmn vc_column-inner\"><div class=\"wpb_wrapper\"><div class=\"h-sub\"><span class=\"theme-color\">Blefaroplasti <\/span>Ameliyat<\/div>\n<h2 class=\"h1\">G\u00f6z Kapa\u011f\u0131 Esteti\u011fi Nedenleri<\/h2>\n<div class=\"pr-xl-1\">\n<p class=\"ch\">Orta ya\u015f ve \u00fczerindeki bireylerin s\u0131kl\u0131kla ba\u015fvurdu\u011fu bir i\u015flem olsa da gen\u00e7ler taraf\u0131nda da ra\u011fbet g\u00f6rmektedir. Ya\u015fl\u0131l\u0131k belirtilerinin en erken g\u00f6r\u00fcld\u00fc\u011f\u00fc b\u00f6lge <em>g\u00f6z<\/em> \u00e7evresidir. Bu nedenle g\u00f6z \u00e7evresinde meydana gelen k\u0131r\u0131\u015f\u0131kl\u0131klar, sarkmalar ve bozulmalar ki\u015finin oldu\u011fundan daha ya\u015fl\u0131 g\u00f6r\u00fcnmesine neden olur. Otuzlu ya\u015flar\u0131n ba\u015flamas\u0131yla birlikte ciltte \u00e7e\u015fitli defarmasyonlar meydana gelir. \u00dcst g\u00f6z kapaklar\u0131ndaki cilt y\u0131\u011f\u0131lmalar\u0131 ve alt <strong>g\u00f6z kapaklar\u0131ndaki torbalanmalar<\/strong> genellikle 30\u2019lu ya\u015flar\u0131n ortalar\u0131nda kendini g\u00f6stermektedir. Bu defarmasyonlar ki\u015finin daha yorgun ve daha ya\u015fl\u0131 g\u00f6r\u00fcnmesine neden olurken \u00fcst kapaklardaki deri y\u0131\u011f\u0131lmalar\u0131, zamanla ilerleyerek hastan\u0131n g\u00f6z\u00fcn\u00fc a\u00e7mas\u0131na da mani olabilir.<\/p>\n<\/div>\n<\/div><\/div><\/div><div class=\"wpb_column vc_column_container vc_col-sm-6\"><div class=\"tt-shortcode_vc_clmn vc_column-inner\"><div class=\"wpb_wrapper\"><img loading=\"lazy\" decoding=\"async\" width=\"600\" height=\"600\" src=\"https:\/\/i0.wp.com\/www.bursagoz.com\/wp-content\/uploads\/2020\/02\/Blefaroplasti-bursagoz.jpg?fit=600%2C600&amp;ssl=1\" class=\"vc_single_image-img  attachment-full\" alt=\"\" title=\"Blefaroplasti-bursagoz\" srcset=\"https:\/\/i0.wp.com\/www.bursagoz.com\/wp-content\/uploads\/2020\/02\/Blefaroplasti-bursagoz.jpg?w=600&amp;ssl=1 600w, https:\/\/i0.wp.com\/www.bursagoz.com\/wp-content\/uploads\/2020\/02\/Blefaroplasti-bursagoz.jpg?resize=300%2C300&amp;ssl=1 300w, https:\/\/i0.wp.com\/www.bursagoz.com\/wp-content\/uploads\/2020\/02\/Blefaroplasti-bursagoz.jpg?resize=150%2C150&amp;ssl=1 150w, https:\/\/i0.wp.com\/www.bursagoz.com\/wp-content\/uploads\/2020\/02\/Blefaroplasti-bursagoz.jpg?resize=100%2C100&amp;ssl=1 100w\" sizes=\"auto, (max-width: 600px) 100vw, 600px\" \/><\/div><\/div><\/div><\/div><div class=\"tt-shortcode_vc_row 8 vc_row wpb_row vc_row-fluid\"><div class=\"wpb_column vc_column_container vc_col-sm-6\"><div class=\"tt-shortcode_vc_clmn vc_column-inner\"><div class=\"wpb_wrapper\"><h2 class=\"h1\">Blefaroplasti<br \/>\n(G\u00f6z Kapa\u011f\u0131 Esteti\u011fi) Ameliyat\u0131<\/h2>\n<div class=\"pr-xl-1\">\n<p class=\"ch\">Bu ameliyat fonksiyonel veya estetik ama\u00e7l\u0131 uygulanabilir. <strong>Blefaroplasti ameliyat\u0131<\/strong> ile g\u00f6z kapa\u011f\u0131ndaki deri veya kas tabakas\u0131nda bulunan fazlal\u0131k al\u0131narak s\u0131k\u0131la\u015ft\u0131rma i\u015flemi yap\u0131l\u0131r. Ya\u011f tabakas\u0131ndaki f\u0131t\u0131kla\u015fm\u0131\u015f k\u0131s\u0131mlar al\u0131n\u0131r veya yeri de\u011fi\u015ftirilir. Bu sayede ki\u015finin daha gen\u00e7 bir g\u00f6r\u00fcn\u00fcm kazanmas\u0131 sa\u011flan\u0131r. <strong>Blefaroplasti ameliyat\u0131<\/strong> lokal anestezi uygulanarak yap\u0131labilece\u011fi gibi genel anestezi alt\u0131nda da yap\u0131labilir. Ameliyat mutlaka hastane ko\u015fullar\u0131nda ve anestezi uzman\u0131n\u0131n refakatinde ger\u00e7ekle\u015ftirilmelidir. Sadece \u00fcst, sadece alt veya alt-\u00fcst olmak \u00fczere 4 <em>g\u00f6z kapa\u011f\u0131<\/em> ayn\u0131 anda ameliyat edilebilir. Hasta genellikle ayn\u0131 g\u00fcn taburcu edilir.<\/p>\n<p>&nbsp;<\/p>\n<\/div>\n<\/div><\/div><\/div><div class=\"wpb_column vc_column_container vc_col-sm-6\"><div class=\"tt-shortcode_vc_clmn vc_column-inner\"><div class=\"wpb_wrapper\"><img loading=\"lazy\" decoding=\"async\" width=\"800\" height=\"445\" src=\"https:\/\/i0.wp.com\/www.bursagoz.com\/wp-content\/uploads\/2020\/02\/goz-kapak-kaldirma.jpg?fit=800%2C445&amp;ssl=1\" class=\"vc_single_image-img  attachment-full\" alt=\"\" title=\"goz-kapak-kaldirma\" srcset=\"https:\/\/i0.wp.com\/www.bursagoz.com\/wp-content\/uploads\/2020\/02\/goz-kapak-kaldirma.jpg?w=800&amp;ssl=1 800w, https:\/\/i0.wp.com\/www.bursagoz.com\/wp-content\/uploads\/2020\/02\/goz-kapak-kaldirma.jpg?resize=300%2C167&amp;ssl=1 300w, https:\/\/i0.wp.com\/www.bursagoz.com\/wp-content\/uploads\/2020\/02\/goz-kapak-kaldirma.jpg?resize=768%2C427&amp;ssl=1 768w\" sizes=\"auto, (max-width: 800px) 100vw, 800px\" \/><\/div><\/div><\/div><\/div><div class=\"tt-shortcode_vc_row 8 vc_row wpb_row vc_row-fluid\"><div class=\"wpb_column vc_column_container vc_col-sm-12\"><div class=\"tt-shortcode_vc_clmn vc_column-inner\"><div class=\"wpb_wrapper\"><h2 class=\"h1\" style=\"text-align: center;\">Blefaroplasti Ameliyat\u0131<\/h2>\n\n\t<div class=\"wpb_text_column wpb_content_element\" >\n\t\t<div class=\"tt_shortcode_vc_column_text wpb_wrapper\">\n\t\t\t<p style=\"text-align: center;\"><strong>G\u00f6z kapa\u011f\u0131 esteti\u011fi<\/strong> ki\u015finin y\u00fcz ifadesine canl\u0131l\u0131k ve gen\u00e7lik kazand\u0131ran bir i\u015flemdir. Mimiklere ba\u011fl\u0131 olarak <strong>g\u00f6z<\/strong> kenarlar\u0131nda kaz aya\u011f\u0131 ad\u0131 verilen k\u0131r\u0131\u015f\u0131klar olu\u015fur. Bu k\u0131r\u0131\u015f\u0131kl\u0131klar\u0131n yan\u0131 s\u0131ra g\u00f6zaltlar\u0131nda olu\u015fan \u00e7\u00f6kmelere ve morluklara da s\u0131k\u00e7a rastlan\u0131lmaktad\u0131r. G\u00f6z kapaklar\u0131nda meydana gelen defarmasyonlar\u0131n giderilmesini sa\u011flayan <em><strong>blefaroplasti ameliyat\u0131<\/strong><\/em>, ayn\u0131 zamanda g\u00f6z kapaklar\u0131ndaki k\u0131r\u0131\u015f\u0131kl\u0131klar\u0131n giderilmesinde de olduk\u00e7a etkilidir.<\/p>\n\n\t\t<\/div>\n\t<\/div>\n<\/div><\/div><\/div><\/div><div class=\"tt-shortcode_vc_row 8 vc_row wpb_row vc_row-fluid\"><div class=\"wpb_column vc_column_container vc_col-sm-12 vc_col-has-fill\"><div class=\"tt-shortcode_vc_clmn vc_column-inner vc_custom_1671019143501\"><div class=\"wpb_wrapper\">\n\t<div class=\"wpb_video_widget wpb_content_element vc_clearfix   vc_video-aspect-ratio-169 vc_video-el-width-100 vc_video-align-center\" >\n\t\t<div class=\"wpb_wrapper\">\n\t\t\t\n\t\t\t<div class=\"wpb_video_wrapper\"><iframe loading=\"lazy\" title=\"G\u00f6z Kapa\u011f\u0131 Esteti\u011fi Operasyonlar\u0131\" width=\"500\" height=\"281\" src=\"https:\/\/www.youtube.com\/embed\/jzf5Ybq1hyk?feature=oembed\" frameborder=\"0\" allow=\"accelerometer; autoplay; clipboard-write; encrypted-media; gyroscope; picture-in-picture; web-share\" allowfullscreen><\/iframe><\/div>\n\t\t<\/div>\n\t<\/div>\n<\/div><\/div><\/div><\/div>\n<\/div>","protected":false},"excerpt":{"rendered":"G\u00f6z Esteti\u011fi Ameliyat\u0131 Blefaroplasti Nedir? G\u00f6z kapa\u011f\u0131 esteti\u011fi g\u00fcn\u00fcm\u00fczda fonksiyonel ve \u00e7o\u011funlukla da estetik ama\u00e7l\u0131 yapt\u0131r\u0131lan ve t\u0131p alan\u0131nda blefaroplasti olarak adland\u0131r\u0131lan bir cerrahi operasyondur. Y\u00fcz ifadesini do\u011frudan etkileyen g\u00f6z ve g\u00f6z kapa\u011f\u0131n\u0131n zaman i\u00e7erisinde torbalanmas\u0131 veya sarkmas\u0131 ki\u015finin daha yorgun ve ya\u015fl\u0131 g\u00f6r\u00fcnmesine neden olur. G\u00f6z kapaklar\u0131nda meydana gelen sarkmalar\u0131n yan\u0131 s\u0131ra alt veya <div class=\"btn-more-wrapper\"><a href=\"https:\/\/www.bursagoz.com\/en\/goz-kapagi-estetigi-blefaroplasti\/\" class=\"btn btn-sm btn-hover-fill\"><svg class=\"icon icon-right-arrow\" version=\"1.1\" xmlns=\"http:\/\/www.w3.org\/2000\/svg\" width=\"32\" height=\"32\" viewbox=\"0 0 32 32\"><path d=\"M21.548 5.088c-0.436-0.451-1.162-0.451-1.613 0-0.436 0.436-0.436 1.162 0 1.596l8.177 8.177h-26.984c-0.629 0.001-1.129 0.501-1.129 1.13s0.5 1.145 1.129 1.145h26.984l-8.177 8.162c-0.436 0.451-0.436 1.178 0 1.613 0.451 0.451 1.178 0.451 1.613 0l10.113-10.113c0.451-0.436 0.451-1.162 0-1.596l-10.113-10.114z\"><\/path><\/svg>Read More<span class=\"screen-reader-text\"> \"G\u00f6z Kapa\u011f\u0131 Esteti\u011fi (Blefaroplasti)\"<\/span><svg class=\"icon icon-right-arrow\" version=\"1.1\" xmlns=\"http:\/\/www.w3.org\/2000\/svg\" width=\"32\" height=\"32\" viewbox=\"0 0 32 32\"><path d=\"M21.548 5.088c-0.436-0.451-1.162-0.451-1.613 0-0.436 0.436-0.436 1.162 0 1.596l8.177 8.177h-26.984c-0.629 0.001-1.129 0.501-1.129 1.13s0.5 1.145 1.129 1.145h26.984l-8.177 8.162c-0.436 0.451-0.436 1.178 0 1.613 0.451 0.451 1.178 0.451 1.613 0l10.113-10.113c0.451-0.436 0.451-1.162 0-1.596l-10.113-10.114z\"><\/path><\/svg><\/a><\/div>","protected":false},"author":1,"featured_media":0,"parent":0,"menu_order":0,"comment_status":"closed","ping_status":"closed","template":"","meta":{"footnotes":""},"class_list":["post-2004","page","type-page","status-publish","hentry"],"yoast_head":"<!-- This site is optimized with the Yoast SEO Premium plugin v26.2 (Yoast SEO v27.5) - https:\/\/yoast.com\/product\/yoast-seo-premium-wordpress\/ -->\n<title>G\u00f6z Kapa\u011f\u0131 Esteti\u011fi (Blefaroplasti) - Bursa G\u00f6z Merkezi<\/title>\n<meta name=\"description\" content=\"G\u00f6z kapa\u011f\u0131 esteti\u011fi fonksiyonel veya estetik ama\u00e7l\u0131 uygulanabilir. Blefaroplasti ameliyat\u0131 ile g\u00f6z kapa\u011f\u0131ndaki deri veya kas tabakas\u0131nda bulunan fazlal\u0131k..\" \/>\n<meta name=\"robots\" content=\"index, follow, max-snippet:-1, max-image-preview:large, max-video-preview:-1\" \/>\n<link rel=\"canonical\" href=\"https:\/\/www.bursagoz.com\/en\/goz-kapagi-estetigi-blefaroplasti\/\" \/>\n<meta property=\"og:locale\" content=\"en_US\" \/>\n<meta property=\"og:type\" content=\"article\" \/>\n<meta property=\"og:title\" content=\"Blefaroplasti ile gen\u00e7le\u015febilirsiniz.\" \/>\n<meta property=\"og:description\" content=\"Blefaroplasti olan g\u00f6z kapa\u011f\u0131 esteti\u011fi, en s\u0131k yap\u0131lan y\u00fcz gen\u00e7le\u015ftirme i\u015flemidir.Do\u011fumsal veya sornadan olu\u015fan g\u00f6z kapa\u011f\u0131 d\u00fc\u015f\u00fckl\u00fc\u011f\u00fc ya da g\u00f6z alt\u0131 torbalar\u0131 bu y\u00f6ntem ile giderilebilir.\" \/>\n<meta property=\"og:url\" content=\"https:\/\/www.bursagoz.com\/en\/goz-kapagi-estetigi-blefaroplasti\/\" \/>\n<meta property=\"og:site_name\" content=\"Bursa G\u00f6z Merkezi Y\u0131ld\u0131r\u0131m G\u00f6z Hastal\u0131klar\u0131 Hastanesi\" \/>\n<meta property=\"article:publisher\" content=\"https:\/\/www.facebook.com\/bursagozyildirim\/\" \/>\n<meta property=\"article:modified_time\" content=\"2023-09-08T08:39:18+00:00\" \/>\n<meta property=\"og:image\" content=\"https:\/\/www.bursagoz.com\/wp-content\/uploads\/2020\/02\/Blefaroplasti-bursagoz-merkezi.jpg\" \/>\n\t<meta property=\"og:image:width\" content=\"1200\" \/>\n\t<meta property=\"og:image:height\" content=\"630\" \/>\n\t<meta property=\"og:image:type\" content=\"image\/jpeg\" \/>\n<meta name=\"twitter:card\" content=\"summary_large_image\" \/>\n<meta name=\"twitter:title\" content=\"G\u00f6z Kapa\u011f\u0131 Esteti\u011fi (Blefaroplasti)\" \/>\n<meta name=\"twitter:site\" content=\"@bursagoz_\" \/>\n<meta name=\"twitter:label1\" content=\"Est. reading time\" \/>\n\t<meta name=\"twitter:data1\" content=\"3 minutes\" \/>\n<script type=\"application\/ld+json\" class=\"yoast-schema-graph\">{\"@context\":\"https:\\\/\\\/schema.org\",\"@graph\":[{\"@type\":\"WebPage\",\"@id\":\"https:\\\/\\\/www.bursagoz.com\\\/goz-kapagi-estetigi-blefaroplasti\\\/\",\"url\":\"https:\\\/\\\/www.bursagoz.com\\\/goz-kapagi-estetigi-blefaroplasti\\\/\",\"name\":\"G\u00f6z Kapa\u011f\u0131 Esteti\u011fi (Blefaroplasti) - Bursa G\u00f6z Merkezi\",\"isPartOf\":{\"@id\":\"https:\\\/\\\/www.bursagoz.com\\\/#website\"},\"datePublished\":\"2020-02-19T11:49:15+00:00\",\"dateModified\":\"2023-09-08T08:39:18+00:00\",\"description\":\"G\u00f6z kapa\u011f\u0131 esteti\u011fi fonksiyonel veya estetik ama\u00e7l\u0131 uygulanabilir. Blefaroplasti ameliyat\u0131 ile g\u00f6z kapa\u011f\u0131ndaki deri veya kas tabakas\u0131nda bulunan fazlal\u0131k..\",\"breadcrumb\":{\"@id\":\"https:\\\/\\\/www.bursagoz.com\\\/goz-kapagi-estetigi-blefaroplasti\\\/#breadcrumb\"},\"inLanguage\":\"en-US\",\"potentialAction\":[{\"@type\":\"ReadAction\",\"target\":[\"https:\\\/\\\/www.bursagoz.com\\\/goz-kapagi-estetigi-blefaroplasti\\\/\"]}]},{\"@type\":\"BreadcrumbList\",\"@id\":\"https:\\\/\\\/www.bursagoz.com\\\/goz-kapagi-estetigi-blefaroplasti\\\/#breadcrumb\",\"itemListElement\":[{\"@type\":\"ListItem\",\"position\":1,\"name\":\"Ana sayfa\",\"item\":\"https:\\\/\\\/www.bursagoz.com\\\/\"},{\"@type\":\"ListItem\",\"position\":2,\"name\":\"G\u00f6z Kapa\u011f\u0131 Esteti\u011fi (Blefaroplasti)\"}]},{\"@type\":\"WebSite\",\"@id\":\"https:\\\/\\\/www.bursagoz.com\\\/#website\",\"url\":\"https:\\\/\\\/www.bursagoz.com\\\/\",\"name\":\"Bursa G\u00f6z Merkezi Y\u0131ld\u0131r\u0131m G\u00f6z Hastal\u0131klar\u0131 Hastanesi\",\"description\":\"Bursa G\u00f6z Merkezi | Sa\u011fl\u0131kta 10 Y\u0131ll\u0131k Te\u00e7r\u00fcbenin Yeni Ad\u0131\",\"publisher\":{\"@id\":\"https:\\\/\\\/www.bursagoz.com\\\/#organization\"},\"potentialAction\":[{\"@type\":\"SearchAction\",\"target\":{\"@type\":\"EntryPoint\",\"urlTemplate\":\"https:\\\/\\\/www.bursagoz.com\\\/?s={search_term_string}\"},\"query-input\":{\"@type\":\"PropertyValueSpecification\",\"valueRequired\":true,\"valueName\":\"search_term_string\"}}],\"inLanguage\":\"en-US\"},{\"@type\":[\"Organization\",\"Place\",\"HealthClub\"],\"@id\":\"https:\\\/\\\/www.bursagoz.com\\\/#organization\",\"name\":\"Bursa G\u00f6z Merkezi\",\"url\":\"https:\\\/\\\/www.bursagoz.com\\\/\",\"logo\":{\"@id\":\"https:\\\/\\\/www.bursagoz.com\\\/goz-kapagi-estetigi-blefaroplasti\\\/#local-main-organization-logo\"},\"image\":{\"@id\":\"https:\\\/\\\/www.bursagoz.com\\\/goz-kapagi-estetigi-blefaroplasti\\\/#local-main-organization-logo\"},\"sameAs\":[\"https:\\\/\\\/www.facebook.com\\\/bursagozyildirim\\\/\",\"https:\\\/\\\/x.com\\\/bursagoz_\",\"https:\\\/\\\/www.instagram.com\\\/bursagozmerkezi\",\"https:\\\/\\\/www.youtube.com\\\/channel\\\/UCpSzsUiWi-QvB9j1uUAiJew\"],\"address\":{\"@id\":\"https:\\\/\\\/www.bursagoz.com\\\/goz-kapagi-estetigi-blefaroplasti\\\/#local-main-place-address\"},\"geo\":{\"@type\":\"GeoCoordinates\",\"latitude\":\"40.191996\",\"longitude\":\"29.110874\"},\"telephone\":[\"4441469\",\"08508501469\"],\"openingHoursSpecification\":[{\"@type\":\"OpeningHoursSpecification\",\"dayOfWeek\":[\"Monday\",\"Tuesday\",\"Wednesday\",\"Thursday\",\"Friday\",\"Saturday\"],\"opens\":\"08:30\",\"closes\":\"18:00\"},{\"@type\":\"OpeningHoursSpecification\",\"dayOfWeek\":[\"Sunday\"],\"opens\":\"00:00\",\"closes\":\"00:00\"}],\"email\":\"randevu@bursagoz.com\",\"areaServed\":\"G\u00f6z Sa\u011fl\u0131\u011f\u0131\",\"taxID\":\"1910580134\"},{\"@type\":\"PostalAddress\",\"@id\":\"https:\\\/\\\/www.bursagoz.com\\\/goz-kapagi-estetigi-blefaroplasti\\\/#local-main-place-address\",\"streetAddress\":\"Dua\u00e7\u0131nar\u0131 Mahallesi Bar\u0131\u015f Caddesi No:3 Y\u0131ld\u0131r\u0131m \\\/ BURSA\",\"addressLocality\":\"BURSA\",\"postalCode\":\"16270\",\"addressRegion\":\"Y\u0131ld\u0131r\u0131m\",\"addressCountry\":\"TR\"},{\"@type\":\"ImageObject\",\"inLanguage\":\"en-US\",\"@id\":\"https:\\\/\\\/www.bursagoz.com\\\/goz-kapagi-estetigi-blefaroplasti\\\/#local-main-organization-logo\",\"url\":\"https:\\\/\\\/i0.wp.com\\\/www.bursagoz.com\\\/wp-content\\\/uploads\\\/2020\\\/02\\\/BGM-Logobeyazi1.png?fit=1500%2C1000&ssl=1\",\"contentUrl\":\"https:\\\/\\\/i0.wp.com\\\/www.bursagoz.com\\\/wp-content\\\/uploads\\\/2020\\\/02\\\/BGM-Logobeyazi1.png?fit=1500%2C1000&ssl=1\",\"width\":1500,\"height\":1000,\"caption\":\"Bursa G\u00f6z Merkezi\"}]}<\/script>\n<meta name=\"geo.placename\" content=\"BURSA\" \/>\n<meta name=\"geo.position\" content=\"40.191996;29.110874\" \/>\n<meta name=\"geo.region\" content=\"Turkey\" \/>\n<!-- \/ Yoast SEO Premium plugin. -->","yoast_head_json":{"title":"G\u00f6z Kapa\u011f\u0131 Esteti\u011fi (Blefaroplasti) - Bursa G\u00f6z Merkezi","description":"G\u00f6z kapa\u011f\u0131 esteti\u011fi fonksiyonel veya estetik ama\u00e7l\u0131 uygulanabilir. Blefaroplasti ameliyat\u0131 ile g\u00f6z kapa\u011f\u0131ndaki deri veya kas tabakas\u0131nda bulunan fazlal\u0131k..","robots":{"index":"index","follow":"follow","max-snippet":"max-snippet:-1","max-image-preview":"max-image-preview:large","max-video-preview":"max-video-preview:-1"},"canonical":"https:\/\/www.bursagoz.com\/en\/goz-kapagi-estetigi-blefaroplasti\/","og_locale":"en_US","og_type":"article","og_title":"Blefaroplasti ile gen\u00e7le\u015febilirsiniz.","og_description":"Blefaroplasti olan g\u00f6z kapa\u011f\u0131 esteti\u011fi, en s\u0131k yap\u0131lan y\u00fcz gen\u00e7le\u015ftirme i\u015flemidir.Do\u011fumsal veya sornadan olu\u015fan g\u00f6z kapa\u011f\u0131 d\u00fc\u015f\u00fckl\u00fc\u011f\u00fc ya da g\u00f6z alt\u0131 torbalar\u0131 bu y\u00f6ntem ile giderilebilir.","og_url":"https:\/\/www.bursagoz.com\/en\/goz-kapagi-estetigi-blefaroplasti\/","og_site_name":"Bursa G\u00f6z Merkezi Y\u0131ld\u0131r\u0131m G\u00f6z Hastal\u0131klar\u0131 Hastanesi","article_publisher":"https:\/\/www.facebook.com\/bursagozyildirim\/","article_modified_time":"2023-09-08T08:39:18+00:00","og_image":[{"width":1200,"height":630,"url":"https:\/\/www.bursagoz.com\/wp-content\/uploads\/2020\/02\/Blefaroplasti-bursagoz-merkezi.jpg","type":"image\/jpeg"}],"twitter_card":"summary_large_image","twitter_title":"G\u00f6z Kapa\u011f\u0131 Esteti\u011fi (Blefaroplasti)","twitter_site":"@bursagoz_","twitter_misc":{"Est. reading time":"3 minutes"},"schema":{"@context":"https:\/\/schema.org","@graph":[{"@type":"WebPage","@id":"https:\/\/www.bursagoz.com\/goz-kapagi-estetigi-blefaroplasti\/","url":"https:\/\/www.bursagoz.com\/goz-kapagi-estetigi-blefaroplasti\/","name":"G\u00f6z Kapa\u011f\u0131 Esteti\u011fi (Blefaroplasti) - Bursa G\u00f6z Merkezi","isPartOf":{"@id":"https:\/\/www.bursagoz.com\/#website"},"datePublished":"2020-02-19T11:49:15+00:00","dateModified":"2023-09-08T08:39:18+00:00","description":"G\u00f6z kapa\u011f\u0131 esteti\u011fi fonksiyonel veya estetik ama\u00e7l\u0131 uygulanabilir. Blefaroplasti ameliyat\u0131 ile g\u00f6z kapa\u011f\u0131ndaki deri veya kas tabakas\u0131nda bulunan fazlal\u0131k..","breadcrumb":{"@id":"https:\/\/www.bursagoz.com\/goz-kapagi-estetigi-blefaroplasti\/#breadcrumb"},"inLanguage":"en-US","potentialAction":[{"@type":"ReadAction","target":["https:\/\/www.bursagoz.com\/goz-kapagi-estetigi-blefaroplasti\/"]}]},{"@type":"BreadcrumbList","@id":"https:\/\/www.bursagoz.com\/goz-kapagi-estetigi-blefaroplasti\/#breadcrumb","itemListElement":[{"@type":"ListItem","position":1,"name":"Ana sayfa","item":"https:\/\/www.bursagoz.com\/"},{"@type":"ListItem","position":2,"name":"G\u00f6z Kapa\u011f\u0131 Esteti\u011fi (Blefaroplasti)"}]},{"@type":"WebSite","@id":"https:\/\/www.bursagoz.com\/#website","url":"https:\/\/www.bursagoz.com\/","name":"Bursa G\u00f6z Merkezi Y\u0131ld\u0131r\u0131m G\u00f6z Hastal\u0131klar\u0131 Hastanesi","description":"Bursa G\u00f6z Merkezi | Sa\u011fl\u0131kta 10 Y\u0131ll\u0131k Te\u00e7r\u00fcbenin Yeni Ad\u0131","publisher":{"@id":"https:\/\/www.bursagoz.com\/#organization"},"potentialAction":[{"@type":"SearchAction","target":{"@type":"EntryPoint","urlTemplate":"https:\/\/www.bursagoz.com\/?s={search_term_string}"},"query-input":{"@type":"PropertyValueSpecification","valueRequired":true,"valueName":"search_term_string"}}],"inLanguage":"en-US"},{"@type":["Organization","Place","HealthClub"],"@id":"https:\/\/www.bursagoz.com\/#organization","name":"Bursa G\u00f6z Merkezi","url":"https:\/\/www.bursagoz.com\/","logo":{"@id":"https:\/\/www.bursagoz.com\/goz-kapagi-estetigi-blefaroplasti\/#local-main-organization-logo"},"image":{"@id":"https:\/\/www.bursagoz.com\/goz-kapagi-estetigi-blefaroplasti\/#local-main-organization-logo"},"sameAs":["https:\/\/www.facebook.com\/bursagozyildirim\/","https:\/\/x.com\/bursagoz_","https:\/\/www.instagram.com\/bursagozmerkezi","https:\/\/www.youtube.com\/channel\/UCpSzsUiWi-QvB9j1uUAiJew"],"address":{"@id":"https:\/\/www.bursagoz.com\/goz-kapagi-estetigi-blefaroplasti\/#local-main-place-address"},"geo":{"@type":"GeoCoordinates","latitude":"40.191996","longitude":"29.110874"},"telephone":["4441469","08508501469"],"openingHoursSpecification":[{"@type":"OpeningHoursSpecification","dayOfWeek":["Monday","Tuesday","Wednesday","Thursday","Friday","Saturday"],"opens":"08:30","closes":"18:00"},{"@type":"OpeningHoursSpecification","dayOfWeek":["Sunday"],"opens":"00:00","closes":"00:00"}],"email":"randevu@bursagoz.com","areaServed":"G\u00f6z Sa\u011fl\u0131\u011f\u0131","taxID":"1910580134"},{"@type":"PostalAddress","@id":"https:\/\/www.bursagoz.com\/goz-kapagi-estetigi-blefaroplasti\/#local-main-place-address","streetAddress":"Dua\u00e7\u0131nar\u0131 Mahallesi Bar\u0131\u015f Caddesi No:3 Y\u0131ld\u0131r\u0131m \/ BURSA","addressLocality":"BURSA","postalCode":"16270","addressRegion":"Y\u0131ld\u0131r\u0131m","addressCountry":"TR"},{"@type":"ImageObject","inLanguage":"en-US","@id":"https:\/\/www.bursagoz.com\/goz-kapagi-estetigi-blefaroplasti\/#local-main-organization-logo","url":"https:\/\/i0.wp.com\/www.bursagoz.com\/wp-content\/uploads\/2020\/02\/BGM-Logobeyazi1.png?fit=1500%2C1000&ssl=1","contentUrl":"https:\/\/i0.wp.com\/www.bursagoz.com\/wp-content\/uploads\/2020\/02\/BGM-Logobeyazi1.png?fit=1500%2C1000&ssl=1","width":1500,"height":1000,"caption":"Bursa G\u00f6z Merkezi"}]},"geo.placename":"BURSA","geo.position":{"lat":"40.191996","long":"29.110874"},"geo.region":"Turkey"},"jetpack_sharing_enabled":true,"_links":{"self":[{"href":"https:\/\/www.bursagoz.com\/en\/wp-json\/wp\/v2\/pages\/2004","targetHints":{"allow":["GET"]}}],"collection":[{"href":"https:\/\/www.bursagoz.com\/en\/wp-json\/wp\/v2\/pages"}],"about":[{"href":"https:\/\/www.bursagoz.com\/en\/wp-json\/wp\/v2\/types\/page"}],"author":[{"embeddable":true,"href":"https:\/\/www.bursagoz.com\/en\/wp-json\/wp\/v2\/users\/1"}],"replies":[{"embeddable":true,"href":"https:\/\/www.bursagoz.com\/en\/wp-json\/wp\/v2\/comments?post=2004"}],"version-history":[{"count":20,"href":"https:\/\/www.bursagoz.com\/en\/wp-json\/wp\/v2\/pages\/2004\/revisions"}],"predecessor-version":[{"id":3162,"href":"https:\/\/www.bursagoz.com\/en\/wp-json\/wp\/v2\/pages\/2004\/revisions\/3162"}],"wp:attachment":[{"href":"https:\/\/www.bursagoz.com\/en\/wp-json\/wp\/v2\/media?parent=2004"}],"curies":[{"name":"wp","href":"https:\/\/api.w.org\/{rel}","templated":true}]}}