{"id":2066,"date":"2021-05-28T15:18:15","date_gmt":"2021-05-28T12:18:15","guid":{"rendered":"https:\/\/www.bursagoz.com\/?page_id=2066"},"modified":"2021-05-28T15:18:17","modified_gmt":"2021-05-28T12:18:17","slug":"mail-aydinlatma-metni","status":"publish","type":"page","link":"https:\/\/www.bursagoz.com\/en\/mail-aydinlatma-metni\/","title":{"rendered":"Mail Ayd\u0131nlatma Metni"},"content":{"rendered":"<p><em>\u0130\u015fbu e-mail i\u00e7eri\u011finde bulunan veya taraf\u0131n\u0131zca mail at\u0131lmas\u0131 suretiyle elde edilen ki\u015fisel veriler ile ilgili veri sorumlusu Bursa \u00c7\u0131nar Sa\u011fl\u0131k Hizmetleri Turizm, E\u011fitim Sanayi Ticaret A.\u015e &nbsp;(K\u0131saca \u201cBursa G\u00f6z Merkezi\u201d) firmas\u0131d\u0131r. Bu ki\u015fisel veriler, Bursa G\u00f6z Merkezi sorumlulu\u011funda olup, yaln\u0131zca firman\u0131n ticari ili\u015fkisi veya taraf\u0131n\u0131zla ileti\u015fime ge\u00e7ilen di\u011fer ama\u00e7lar do\u011frultusunda ba\u011flant\u0131l\u0131 olarak firma \u00e7al\u0131\u015fanlar\u0131 veya yetkilileri ile ileti\u015fime ge\u00e7ilmesi, ticari bilgi ve belgelerin Bursa G\u00f6z Merkezi firmas\u0131n\u0131n ticari ama\u00e7lar\u0131yla s\u0131n\u0131rl\u0131 olarak kullan\u0131lmas\u0131 amac\u0131yla i\u015flenebilir ve aktar\u0131labilir. Belirtilen ama\u00e7lar d\u0131\u015f\u0131ndaki her t\u00fcrl\u00fc kullan\u0131m hukuka ayk\u0131r\u0131d\u0131r.<\/em><\/p>\n\n\n\n<p><em>Bu e-maile cevap vererek g\u00f6nderece\u011finiz e-mailler b\u00fcnyesinde bulunan ki\u015fisel veriler outlook sistemi \u00fczerinden toplanmakta olup, 6698 say\u0131l\u0131 kanunun 5\/2-f veya 5\/2-c maddelerindeki istisnalar kapsam\u0131nda s\u00f6zle\u015fmenin kurulmas\u0131 ve ifas\u0131 ile me\u015fru menfaatler kapsam\u0131nda i\u015flenmektedir. Bursa G\u00f6z Merkezi\u2018ne taraf\u0131n\u0131zca g\u00f6nderilen ki\u015fisel verilerin mevzuata uygun olarak elde edildi\u011fi ve bu ki\u015fisel verileri ile ilgili gerekli teknik ve idari tedbirlerin taraf\u0131n\u0131zca al\u0131nd\u0131\u011f\u0131 kabul edilmektedir. Bu \u015fekilde elde edilen veriler Bursa G\u00f6z Merkezi\u2019nin yurt i\u00e7i veya yurt d\u0131\u015f\u0131ndaki i\u015f ortaklar\u0131, tedarik\u00e7ileri ve m\u00fc\u015fterileri ile taraflar aras\u0131ndaki ili\u015fkinin amac\u0131na ve 6698 say\u0131l\u0131 kanunun 8. maddesine uygun olarak aktar\u0131labilir. Maille\u015fme yoluyla veri sorumlusu Bursa G\u00f6z Merkezi\u2019ne iletilen ki\u015fisel verileriniz ile ilgili 6698 say\u0131l\u0131 kanunun 11. maddesi kapsam\u0131ndaki haklar\u0131n\u0131z\u0131 kullanabilirsiniz. Konu hakk\u0131ndaki detayl\u0131 bilgileri www.bursagoz.com adresindeki ki\u015fisel veri koruma politikam\u0131zda bulabilirsiniz.<\/em><\/p>","protected":false},"excerpt":{"rendered":"<p>\u0130\u015fbu e-mail i\u00e7eri\u011finde bulunan veya taraf\u0131n\u0131zca mail at\u0131lmas\u0131 suretiyle elde edilen ki\u015fisel veriler ile ilgili veri sorumlusu Bursa \u00c7\u0131nar Sa\u011fl\u0131k Hizmetleri Turizm, E\u011fitim Sanayi Ticaret A.\u015e &nbsp;(K\u0131saca \u201cBursa G\u00f6z Merkezi\u201d) firmas\u0131d\u0131r. Bu ki\u015fisel veriler, Bursa G\u00f6z Merkezi sorumlulu\u011funda olup, yaln\u0131zca firman\u0131n ticari ili\u015fkisi veya taraf\u0131n\u0131zla ileti\u015fime ge\u00e7ilen di\u011fer ama\u00e7lar do\u011frultusunda ba\u011flant\u0131l\u0131 olarak firma \u00e7al\u0131\u015fanlar\u0131 veya <\/p>\n<div class=\"btn-more-wrapper\"><a href=\"https:\/\/www.bursagoz.com\/en\/mail-aydinlatma-metni\/\" class=\"btn btn-sm btn-hover-fill\"><svg class=\"icon icon-right-arrow\" version=\"1.1\" xmlns=\"http:\/\/www.w3.org\/2000\/svg\" width=\"32\" height=\"32\" viewbox=\"0 0 32 32\"><path d=\"M21.548 5.088c-0.436-0.451-1.162-0.451-1.613 0-0.436 0.436-0.436 1.162 0 1.596l8.177 8.177h-26.984c-0.629 0.001-1.129 0.501-1.129 1.13s0.5 1.145 1.129 1.145h26.984l-8.177 8.162c-0.436 0.451-0.436 1.178 0 1.613 0.451 0.451 1.178 0.451 1.613 0l10.113-10.113c0.451-0.436 0.451-1.162 0-1.596l-10.113-10.114z\"><\/path><\/svg>Read More<span class=\"screen-reader-text\"> &#8220;Mail Ayd\u0131nlatma Metni&#8221;<\/span><svg class=\"icon icon-right-arrow\" version=\"1.1\" xmlns=\"http:\/\/www.w3.org\/2000\/svg\" width=\"32\" height=\"32\" viewbox=\"0 0 32 32\"><path d=\"M21.548 5.088c-0.436-0.451-1.162-0.451-1.613 0-0.436 0.436-0.436 1.162 0 1.596l8.177 8.177h-26.984c-0.629 0.001-1.129 0.501-1.129 1.13s0.5 1.145 1.129 1.145h26.984l-8.177 8.162c-0.436 0.451-0.436 1.178 0 1.613 0.451 0.451 1.178 0.451 1.613 0l10.113-10.113c0.451-0.436 0.451-1.162 0-1.596l-10.113-10.114z\"><\/path><\/svg><\/a><\/div>","protected":false},"author":1,"featured_media":0,"parent":0,"menu_order":0,"comment_status":"closed","ping_status":"closed","template":"","meta":{"footnotes":""},"class_list":["post-2066","page","type-page","status-publish","hentry"],"yoast_head":"<!-- This site is optimized with the Yoast SEO Premium plugin v26.2 (Yoast SEO v27.5) - https:\/\/yoast.com\/product\/yoast-seo-premium-wordpress\/ -->\n<title>Mail Ayd\u0131nlatma Metni - Bursa G\u00f6z Merkezi Y\u0131ld\u0131r\u0131m G\u00f6z Hastal\u0131klar\u0131 Hastanesi<\/title>\n<meta name=\"robots\" content=\"index, follow, max-snippet:-1, max-image-preview:large, max-video-preview:-1\" \/>\n<link rel=\"canonical\" href=\"https:\/\/www.bursagoz.com\/en\/mail-aydinlatma-metni\/\" \/>\n<meta property=\"og:locale\" content=\"en_US\" \/>\n<meta property=\"og:type\" content=\"article\" \/>\n<meta property=\"og:title\" content=\"Mail Ayd\u0131nlatma Metni\" \/>\n<meta property=\"og:description\" content=\"\u0130\u015fbu e-mail i\u00e7eri\u011finde bulunan veya taraf\u0131n\u0131zca mail at\u0131lmas\u0131 suretiyle elde edilen ki\u015fisel veriler ile ilgili veri sorumlusu Bursa \u00c7\u0131nar Sa\u011fl\u0131k Hizmetleri Turizm, E\u011fitim Sanayi Ticaret A.\u015e &nbsp;(K\u0131saca \u201cBursa G\u00f6z Merkezi\u201d) firmas\u0131d\u0131r. Bu ki\u015fisel veriler, Bursa G\u00f6z Merkezi sorumlulu\u011funda olup, yaln\u0131zca firman\u0131n ticari ili\u015fkisi veya taraf\u0131n\u0131zla ileti\u015fime ge\u00e7ilen di\u011fer ama\u00e7lar do\u011frultusunda ba\u011flant\u0131l\u0131 olarak firma \u00e7al\u0131\u015fanlar\u0131 veya Read More &quot;Mail Ayd\u0131nlatma Metni&quot;\" \/>\n<meta property=\"og:url\" content=\"https:\/\/www.bursagoz.com\/en\/mail-aydinlatma-metni\/\" \/>\n<meta property=\"og:site_name\" content=\"Bursa G\u00f6z Merkezi Y\u0131ld\u0131r\u0131m G\u00f6z Hastal\u0131klar\u0131 Hastanesi\" \/>\n<meta property=\"article:publisher\" content=\"https:\/\/www.facebook.com\/bursagozyildirim\/\" \/>\n<meta property=\"article:modified_time\" content=\"2021-05-28T12:18:17+00:00\" \/>\n<meta name=\"twitter:card\" content=\"summary_large_image\" \/>\n<meta name=\"twitter:site\" content=\"@bursagoz_\" \/>\n<meta name=\"twitter:label1\" content=\"Est. reading time\" \/>\n\t<meta name=\"twitter:data1\" content=\"1 minute\" \/>\n<script type=\"application\/ld+json\" class=\"yoast-schema-graph\">{\"@context\":\"https:\\\/\\\/schema.org\",\"@graph\":[{\"@type\":\"WebPage\",\"@id\":\"https:\\\/\\\/www.bursagoz.com\\\/mail-aydinlatma-metni\\\/\",\"url\":\"https:\\\/\\\/www.bursagoz.com\\\/mail-aydinlatma-metni\\\/\",\"name\":\"Mail Ayd\u0131nlatma Metni - Bursa G\u00f6z Merkezi Y\u0131ld\u0131r\u0131m G\u00f6z Hastal\u0131klar\u0131 Hastanesi\",\"isPartOf\":{\"@id\":\"https:\\\/\\\/www.bursagoz.com\\\/#website\"},\"datePublished\":\"2021-05-28T12:18:15+00:00\",\"dateModified\":\"2021-05-28T12:18:17+00:00\",\"breadcrumb\":{\"@id\":\"https:\\\/\\\/www.bursagoz.com\\\/mail-aydinlatma-metni\\\/#breadcrumb\"},\"inLanguage\":\"en-US\",\"potentialAction\":[{\"@type\":\"ReadAction\",\"target\":[\"https:\\\/\\\/www.bursagoz.com\\\/mail-aydinlatma-metni\\\/\"]}]},{\"@type\":\"BreadcrumbList\",\"@id\":\"https:\\\/\\\/www.bursagoz.com\\\/mail-aydinlatma-metni\\\/#breadcrumb\",\"itemListElement\":[{\"@type\":\"ListItem\",\"position\":1,\"name\":\"Ana sayfa\",\"item\":\"https:\\\/\\\/www.bursagoz.com\\\/\"},{\"@type\":\"ListItem\",\"position\":2,\"name\":\"Mail Ayd\u0131nlatma Metni\"}]},{\"@type\":\"WebSite\",\"@id\":\"https:\\\/\\\/www.bursagoz.com\\\/#website\",\"url\":\"https:\\\/\\\/www.bursagoz.com\\\/\",\"name\":\"Bursa G\u00f6z Merkezi Y\u0131ld\u0131r\u0131m G\u00f6z Hastal\u0131klar\u0131 Hastanesi\",\"description\":\"Bursa G\u00f6z Merkezi | Sa\u011fl\u0131kta 10 Y\u0131ll\u0131k Te\u00e7r\u00fcbenin Yeni Ad\u0131\",\"publisher\":{\"@id\":\"https:\\\/\\\/www.bursagoz.com\\\/#organization\"},\"potentialAction\":[{\"@type\":\"SearchAction\",\"target\":{\"@type\":\"EntryPoint\",\"urlTemplate\":\"https:\\\/\\\/www.bursagoz.com\\\/?s={search_term_string}\"},\"query-input\":{\"@type\":\"PropertyValueSpecification\",\"valueRequired\":true,\"valueName\":\"search_term_string\"}}],\"inLanguage\":\"en-US\"},{\"@type\":[\"Organization\",\"Place\",\"HealthClub\"],\"@id\":\"https:\\\/\\\/www.bursagoz.com\\\/#organization\",\"name\":\"Bursa G\u00f6z Merkezi\",\"url\":\"https:\\\/\\\/www.bursagoz.com\\\/\",\"logo\":{\"@id\":\"https:\\\/\\\/www.bursagoz.com\\\/mail-aydinlatma-metni\\\/#local-main-organization-logo\"},\"image\":{\"@id\":\"https:\\\/\\\/www.bursagoz.com\\\/mail-aydinlatma-metni\\\/#local-main-organization-logo\"},\"sameAs\":[\"https:\\\/\\\/www.facebook.com\\\/bursagozyildirim\\\/\",\"https:\\\/\\\/x.com\\\/bursagoz_\",\"https:\\\/\\\/www.instagram.com\\\/bursagozmerkezi\",\"https:\\\/\\\/www.youtube.com\\\/channel\\\/UCpSzsUiWi-QvB9j1uUAiJew\"],\"address\":{\"@id\":\"https:\\\/\\\/www.bursagoz.com\\\/mail-aydinlatma-metni\\\/#local-main-place-address\"},\"geo\":{\"@type\":\"GeoCoordinates\",\"latitude\":\"40.191996\",\"longitude\":\"29.110874\"},\"telephone\":[\"4441469\",\"08508501469\"],\"openingHoursSpecification\":[{\"@type\":\"OpeningHoursSpecification\",\"dayOfWeek\":[\"Monday\",\"Tuesday\",\"Wednesday\",\"Thursday\",\"Friday\",\"Saturday\"],\"opens\":\"08:30\",\"closes\":\"18:00\"},{\"@type\":\"OpeningHoursSpecification\",\"dayOfWeek\":[\"Sunday\"],\"opens\":\"00:00\",\"closes\":\"00:00\"}],\"email\":\"randevu@bursagoz.com\",\"areaServed\":\"G\u00f6z Sa\u011fl\u0131\u011f\u0131\",\"taxID\":\"1910580134\"},{\"@type\":\"PostalAddress\",\"@id\":\"https:\\\/\\\/www.bursagoz.com\\\/mail-aydinlatma-metni\\\/#local-main-place-address\",\"streetAddress\":\"Dua\u00e7\u0131nar\u0131 Mahallesi Bar\u0131\u015f Caddesi No:3 Y\u0131ld\u0131r\u0131m \\\/ BURSA\",\"addressLocality\":\"BURSA\",\"postalCode\":\"16270\",\"addressRegion\":\"Y\u0131ld\u0131r\u0131m\",\"addressCountry\":\"TR\"},{\"@type\":\"ImageObject\",\"inLanguage\":\"en-US\",\"@id\":\"https:\\\/\\\/www.bursagoz.com\\\/mail-aydinlatma-metni\\\/#local-main-organization-logo\",\"url\":\"https:\\\/\\\/i0.wp.com\\\/www.bursagoz.com\\\/wp-content\\\/uploads\\\/2020\\\/02\\\/BGM-Logobeyazi1.png?fit=1500%2C1000&ssl=1\",\"contentUrl\":\"https:\\\/\\\/i0.wp.com\\\/www.bursagoz.com\\\/wp-content\\\/uploads\\\/2020\\\/02\\\/BGM-Logobeyazi1.png?fit=1500%2C1000&ssl=1\",\"width\":1500,\"height\":1000,\"caption\":\"Bursa G\u00f6z Merkezi\"}]}<\/script>\n<meta name=\"geo.placename\" content=\"BURSA\" \/>\n<meta name=\"geo.position\" content=\"40.191996;29.110874\" \/>\n<meta name=\"geo.region\" content=\"Turkey\" \/>\n<!-- \/ Yoast SEO Premium plugin. -->","yoast_head_json":{"title":"Mail Ayd\u0131nlatma Metni - Bursa G\u00f6z Merkezi Y\u0131ld\u0131r\u0131m G\u00f6z Hastal\u0131klar\u0131 Hastanesi","robots":{"index":"index","follow":"follow","max-snippet":"max-snippet:-1","max-image-preview":"max-image-preview:large","max-video-preview":"max-video-preview:-1"},"canonical":"https:\/\/www.bursagoz.com\/en\/mail-aydinlatma-metni\/","og_locale":"en_US","og_type":"article","og_title":"Mail Ayd\u0131nlatma Metni","og_description":"\u0130\u015fbu e-mail i\u00e7eri\u011finde bulunan veya taraf\u0131n\u0131zca mail at\u0131lmas\u0131 suretiyle elde edilen ki\u015fisel veriler ile ilgili veri sorumlusu Bursa \u00c7\u0131nar Sa\u011fl\u0131k Hizmetleri Turizm, E\u011fitim Sanayi Ticaret A.\u015e &nbsp;(K\u0131saca \u201cBursa G\u00f6z Merkezi\u201d) firmas\u0131d\u0131r. Bu ki\u015fisel veriler, Bursa G\u00f6z Merkezi sorumlulu\u011funda olup, yaln\u0131zca firman\u0131n ticari ili\u015fkisi veya taraf\u0131n\u0131zla ileti\u015fime ge\u00e7ilen di\u011fer ama\u00e7lar do\u011frultusunda ba\u011flant\u0131l\u0131 olarak firma \u00e7al\u0131\u015fanlar\u0131 veya Read More \"Mail Ayd\u0131nlatma Metni\"","og_url":"https:\/\/www.bursagoz.com\/en\/mail-aydinlatma-metni\/","og_site_name":"Bursa G\u00f6z Merkezi Y\u0131ld\u0131r\u0131m G\u00f6z Hastal\u0131klar\u0131 Hastanesi","article_publisher":"https:\/\/www.facebook.com\/bursagozyildirim\/","article_modified_time":"2021-05-28T12:18:17+00:00","twitter_card":"summary_large_image","twitter_site":"@bursagoz_","twitter_misc":{"Est. reading time":"1 minute"},"schema":{"@context":"https:\/\/schema.org","@graph":[{"@type":"WebPage","@id":"https:\/\/www.bursagoz.com\/mail-aydinlatma-metni\/","url":"https:\/\/www.bursagoz.com\/mail-aydinlatma-metni\/","name":"Mail Ayd\u0131nlatma Metni - Bursa G\u00f6z Merkezi Y\u0131ld\u0131r\u0131m G\u00f6z Hastal\u0131klar\u0131 Hastanesi","isPartOf":{"@id":"https:\/\/www.bursagoz.com\/#website"},"datePublished":"2021-05-28T12:18:15+00:00","dateModified":"2021-05-28T12:18:17+00:00","breadcrumb":{"@id":"https:\/\/www.bursagoz.com\/mail-aydinlatma-metni\/#breadcrumb"},"inLanguage":"en-US","potentialAction":[{"@type":"ReadAction","target":["https:\/\/www.bursagoz.com\/mail-aydinlatma-metni\/"]}]},{"@type":"BreadcrumbList","@id":"https:\/\/www.bursagoz.com\/mail-aydinlatma-metni\/#breadcrumb","itemListElement":[{"@type":"ListItem","position":1,"name":"Ana sayfa","item":"https:\/\/www.bursagoz.com\/"},{"@type":"ListItem","position":2,"name":"Mail Ayd\u0131nlatma Metni"}]},{"@type":"WebSite","@id":"https:\/\/www.bursagoz.com\/#website","url":"https:\/\/www.bursagoz.com\/","name":"Bursa G\u00f6z Merkezi Y\u0131ld\u0131r\u0131m G\u00f6z Hastal\u0131klar\u0131 Hastanesi","description":"Bursa G\u00f6z Merkezi | Sa\u011fl\u0131kta 10 Y\u0131ll\u0131k Te\u00e7r\u00fcbenin Yeni Ad\u0131","publisher":{"@id":"https:\/\/www.bursagoz.com\/#organization"},"potentialAction":[{"@type":"SearchAction","target":{"@type":"EntryPoint","urlTemplate":"https:\/\/www.bursagoz.com\/?s={search_term_string}"},"query-input":{"@type":"PropertyValueSpecification","valueRequired":true,"valueName":"search_term_string"}}],"inLanguage":"en-US"},{"@type":["Organization","Place","HealthClub"],"@id":"https:\/\/www.bursagoz.com\/#organization","name":"Bursa G\u00f6z Merkezi","url":"https:\/\/www.bursagoz.com\/","logo":{"@id":"https:\/\/www.bursagoz.com\/mail-aydinlatma-metni\/#local-main-organization-logo"},"image":{"@id":"https:\/\/www.bursagoz.com\/mail-aydinlatma-metni\/#local-main-organization-logo"},"sameAs":["https:\/\/www.facebook.com\/bursagozyildirim\/","https:\/\/x.com\/bursagoz_","https:\/\/www.instagram.com\/bursagozmerkezi","https:\/\/www.youtube.com\/channel\/UCpSzsUiWi-QvB9j1uUAiJew"],"address":{"@id":"https:\/\/www.bursagoz.com\/mail-aydinlatma-metni\/#local-main-place-address"},"geo":{"@type":"GeoCoordinates","latitude":"40.191996","longitude":"29.110874"},"telephone":["4441469","08508501469"],"openingHoursSpecification":[{"@type":"OpeningHoursSpecification","dayOfWeek":["Monday","Tuesday","Wednesday","Thursday","Friday","Saturday"],"opens":"08:30","closes":"18:00"},{"@type":"OpeningHoursSpecification","dayOfWeek":["Sunday"],"opens":"00:00","closes":"00:00"}],"email":"randevu@bursagoz.com","areaServed":"G\u00f6z Sa\u011fl\u0131\u011f\u0131","taxID":"1910580134"},{"@type":"PostalAddress","@id":"https:\/\/www.bursagoz.com\/mail-aydinlatma-metni\/#local-main-place-address","streetAddress":"Dua\u00e7\u0131nar\u0131 Mahallesi Bar\u0131\u015f Caddesi No:3 Y\u0131ld\u0131r\u0131m \/ BURSA","addressLocality":"BURSA","postalCode":"16270","addressRegion":"Y\u0131ld\u0131r\u0131m","addressCountry":"TR"},{"@type":"ImageObject","inLanguage":"en-US","@id":"https:\/\/www.bursagoz.com\/mail-aydinlatma-metni\/#local-main-organization-logo","url":"https:\/\/i0.wp.com\/www.bursagoz.com\/wp-content\/uploads\/2020\/02\/BGM-Logobeyazi1.png?fit=1500%2C1000&ssl=1","contentUrl":"https:\/\/i0.wp.com\/www.bursagoz.com\/wp-content\/uploads\/2020\/02\/BGM-Logobeyazi1.png?fit=1500%2C1000&ssl=1","width":1500,"height":1000,"caption":"Bursa G\u00f6z Merkezi"}]},"geo.placename":"BURSA","geo.position":{"lat":"40.191996","long":"29.110874"},"geo.region":"Turkey"},"jetpack_sharing_enabled":true,"_links":{"self":[{"href":"https:\/\/www.bursagoz.com\/en\/wp-json\/wp\/v2\/pages\/2066","targetHints":{"allow":["GET"]}}],"collection":[{"href":"https:\/\/www.bursagoz.com\/en\/wp-json\/wp\/v2\/pages"}],"about":[{"href":"https:\/\/www.bursagoz.com\/en\/wp-json\/wp\/v2\/types\/page"}],"author":[{"embeddable":true,"href":"https:\/\/www.bursagoz.com\/en\/wp-json\/wp\/v2\/users\/1"}],"replies":[{"embeddable":true,"href":"https:\/\/www.bursagoz.com\/en\/wp-json\/wp\/v2\/comments?post=2066"}],"version-history":[{"count":1,"href":"https:\/\/www.bursagoz.com\/en\/wp-json\/wp\/v2\/pages\/2066\/revisions"}],"predecessor-version":[{"id":2067,"href":"https:\/\/www.bursagoz.com\/en\/wp-json\/wp\/v2\/pages\/2066\/revisions\/2067"}],"wp:attachment":[{"href":"https:\/\/www.bursagoz.com\/en\/wp-json\/wp\/v2\/media?parent=2066"}],"curies":[{"name":"wp","href":"https:\/\/api.w.org\/{rel}","templated":true}]}}