{"id":2120,"date":"2022-02-17T14:35:53","date_gmt":"2022-02-17T11:35:53","guid":{"rendered":"https:\/\/www.bursagoz.com\/?page_id=2120"},"modified":"2022-02-18T13:45:38","modified_gmt":"2022-02-18T10:45:38","slug":"goz-check-up","status":"publish","type":"page","link":"https:\/\/www.bursagoz.com\/en\/goz-check-up\/","title":{"rendered":"G\u00f6z Check-Up Uygulamas\u0131"},"content":{"rendered":"<div class=\"wpb-content-wrapper\"><div class=\"tt-shortcode_vc_clmn container pt-lg-2 \" class=\"container pt-lg-2 wpb_column vc_column_container vc_col-sm-12\" class=\"tt-shortcode_vc_column-outer container pt-lg-2\">\n\t<div  class=\"wpb_single_image wpb_content_element vc_align_left  vc_custom_1645172129387\">\n\t\t\n\t\t<figure class=\"wpb_wrapper vc_figure\">\n\t\t\t<img loading=\"lazy\" decoding=\"async\" width=\"1170\" height=\"293\" src=\"https:\/\/i0.wp.com\/www.bursagoz.com\/wp-content\/uploads\/2022\/02\/goz-checkup.gif?fit=1170%2C293&amp;ssl=1\" class=\"vc_single_image-img  attachment-full\" alt=\"\" title=\"goz-checkup\" \/>\n\t\t<\/figure>\n\t<\/div>\n<div class=\"row mt-2 mt-md-3 mt-lg-0\" class=\"shortcode_vc_row_inner 2 row mt-2 mt-md-3 mt-lg-0\" ><div class=\"shortcode_vc_clmn_inner col-md-6 ch-block-welcome-left1\"><div class=\"shortcode_vc_text   title-wrap text-center text-md-left\" ><div class=\"h-sub\">G\u00f6zlerinizin <span class=\"theme-color\">Sa\u011fl\u0131\u011f\u0131n\u0131 <\/span>Koruyun<\/div>\n<h2 class=\"h1\"><span class=\"theme-color\">G\u00f6z Check-Up<\/span> Neden Bu Kadar \u00d6nemli?<\/h2>\n<\/div>\n\t<div class=\"wpb_text_column wpb_content_element \" >\n\t\t<div class=\"tt_shortcode_vc_column_text wpb_wrapper\">\n\t\t\t<div class=\"pr-xl-1\">\n<p class=\"ch\">\u00c7a\u011f\u0131m\u0131z\u0131n hastal\u0131klar\u0131 olan <strong>\u015fa\u015f\u0131l\u0131k<\/strong>, \u00e7ocukluk ve ergenlikte yeni belirginle\u015fen<strong> hipermetropi<\/strong>, <strong>miyopi<\/strong>, <strong>astigmatizma<\/strong>, \u00f6zellikle orta ya\u015f ve ya\u015fl\u0131l\u0131kta ki g\u00f6z de \u015feker hastal\u0131\u011f\u0131na ba\u011fl\u0131 sinsi geli\u015fen <strong>retinopati,<\/strong> <strong>g\u00f6z tansiyon<\/strong> hastal\u0131\u011f\u0131 ve \u00f6zellikle 50 ya\u015f \u00fczeri ya\u015fa ba\u011fl\u0131 g\u00f6z hastal\u0131klar\u0131, <strong>katarakt<\/strong>, <strong>g\u00f6z kurulu\u011fu<\/strong> vb. gibi bir\u00e7ok di\u011fer g\u00f6z hastal\u0131\u011f\u0131nda erken ve do\u011fru tan\u0131 hem ya\u015fam kalitesi, mesleki ba\u015far\u0131, \u00f6\u011frenim kalitesi , hem de g\u00f6z sa\u011fl\u0131\u011f\u0131 a\u00e7\u0131s\u0131ndan son derece b\u00fcy\u00fck \u00f6nem ta\u015f\u0131maktad\u0131r.<\/p>\n<p>Ayr\u0131ca hi\u00e7bir belirti vermeden gen\u00e7 ya\u015flarda da g\u00f6r\u00fclebilen ve hastada hi\u00e7bir \u015fikayete neden olmadan, y\u0131llarca sinsice seyreden kornea hastal\u0131\u011f\u0131 olan keratokonus gibi g\u00f6z\u00fcm\u00fczda ilerleyici hastal\u0131klarda yine erken d\u00f6nem tan\u0131n\u0131n ve d\u00fczenli tedavinin \u00f6nemi b\u00fcy\u00fckt\u00fcr.<\/p>\n<\/div>\n\n\t\t<\/div>\n\t<\/div>\n<p>[njwa_button id=&#8221;2044&#8243;]<\/p>\n<\/div><div class=\"shortcode_vc_clmn_inner col-md-6 mt-4 mt-md-0\"><div class=\"rs_inner_block video-box\"><div  class=\"tt-reset-tag-p video-box-poster\"><img decoding=\"async\" class=\"vc_single_image-img img-fluid \" src=\"https:\/\/i0.wp.com\/www.bursagoz.com\/wp-content\/uploads\/2022\/02\/bursagoz-checkup-555x555.jpg\" width=\"555\" height=\"555\" alt=\"bursa g\u00f6z check-up yapt\u0131rmak\" title=\"bursagoz-checkup\" loading=\"lazy\" \/><div class=\"ch\"><a class=\"video-btn js-video-btn\" style=\"background-color: #000000; color: #ffffff;\" href=\"#\" rel=\"noopener noreferrer\" data-toggle=\"modal\" data-src=\"https:\/\/www.youtube.com\/embed\/9qiNOKs863g\" data-target=\"#videoModal\"><span class=\"ch\">Videoyu \u0130zle<\/span><span class=\"ch\"><svg class=\"icon icon-play\" version=\"1.1\" xmlns=\"http:\/\/www.w3.org\/2000\/svg\" width=\"32\" height=\"32\" viewBox=\"0 0 32 32\"><path d=\"M9.536 5.246c-2.029-1.164-3.673-0.21-3.673 2.127v17.251c0 2.34 1.645 3.292 3.673 2.13l15.078-8.648c2.029-1.164 2.029-3.050 0-4.214l-15.078-8.647z\"><\/path><\/svg><\/span><\/a><\/div>\n<\/div><div id=\"videoModal\" class=\"modal fade\">\n<div class=\"modal-dialog\">\n<div class=\"modal-content\">\n<div class=\"modal-body\">\n<div class=\"embed-responsive embed-responsive-16by9\"><iframe class=\"embed-responsive-item video\" src=\"https:\/\/www.youtube.com\/embed\/9qiNOKs863g\"><\/iframe><\/div>\n<\/div>\n<\/div>\n<\/div>\n<\/div>\n<\/div><\/div><\/div><\/div><div class=\"tt-shortcode_vc_row 8 vc_row wpb_row vc_row-fluid\" class=\"tt-shortcode_vc_row vc_row wpb_row vc_row-fluid\"><div class=\"wpb_column vc_column_container vc_col-sm-12\"><div class=\"tt-shortcode_vc_clmn vc_column-inner \"><div class=\"wpb_wrapper\">\n\t<div class=\"wpb_text_column wpb_content_element \" >\n\t\t<div class=\"tt_shortcode_vc_column_text wpb_wrapper\">\n\t\t\t<p><\/p>\n\n\t\t<\/div>\n\t<\/div>\n<\/div><\/div><\/div><\/div><div  class=\"tt-shortcode_vc_row 8 section bg-grey py-0\"  class=\"tt-shortcode_vc_row 777  section bg-grey py-0\" ><div class=\"tt-shortcode_vc_clmn container-fluid px-0 \" class=\"container-fluid px-0 wpb_column vc_column_container vc_col-sm-12\" class=\"tt-shortcode_vc_column-outer container-fluid px-0\"><div class=\"row no-gutters\" class=\"shortcode_vc_row_inner 2 row no-gutters\" ><div class=\"shortcode_vc_clmn_inner col-xl-6 order-2 order-xl-1\"><div class=\"rs_inner_block faq-wrap px-15 px-lg-8\"><div class=\"title-wrap\"><h2 style=\"text-align: left\" class=\"vc_custom_heading h1\" >G\u00f6z Check-Up Yap\u0131lan Ba\u015fl\u0131ca Tetkikler<\/h2><div class=\"mt-2 mt-lg-4\"><\/div>\n<\/div><div id=\"faqAccordion1\" class=\"faq-accordion\" data-children=\".faq-item\">\n<div class=\"faq-item\">\n<div class=\"tt\"><a href=\"#faqItem1\" data-toggle=\"collapse\" data-parent=\"#faqAccordion1\" aria-expanded=\"true\"><span class=\"tt\">1.<\/span><span class=\"tt\">Otorefraktometri \u00d6l\u00e7\u00fcm\u00fc<\/span><svg class=\"icon icon-arrow-point-to-right1\" version=\"1.1\" xmlns=\"http:\/\/www.w3.org\/2000\/svg\" width=\"32\" height=\"32\" viewBox=\"0 0 32 32\"><path d=\"M24.464 17.584l-13.759 13.759c-0.875 0.876-2.294 0.876-3.169 0s-0.875-2.294 0-3.169l12.175-12.175-12.175-12.174c-0.875-0.875-0.875-2.294 0-3.169s2.294-0.875 3.169 0l13.759 13.759c0.437 0.438 0.656 1.011 0.656 1.584s-0.219 1.147-0.656 1.584z\"><\/path><\/svg><\/a><\/div>\n<div id=\"faqItem1\" class=\"collapse show faq-item-content\" role=\"tabpanel\">\n<div class=\"tt\">\n<p class=\"tt\">G\u00f6z numaras\u0131n\u0131 \u00f6l\u00e7meye yarayan otorefraktometre cihaz\u0131 ile hastan\u0131n g\u00f6z\u00fcnde miyop, hipermetrop ve astigmat\u0131n var olup olmad\u0131\u011f\u0131n\u0131 \u00f6l\u00e7\u00fcl\u00fcr ve en uygun g\u00f6zl\u00fck numaralar\u0131 tespit edilir.\u00d6zellikle \u00e7ocuk muayenelerinde, g\u00f6zlerin uyum yapma yetene\u011fini ge\u00e7ici olarak bask\u0131lamak amac\u0131yla g\u00f6zlere bir damla damlat\u0131l\u0131r ve otorefraktometre \u00f6l\u00e7\u00fcm\u00fc bir s\u00fcre beklendikten sonra yap\u0131l\u0131r.<\/p>\n<\/div>\n<\/div>\n<\/div>\n<div class=\"faq-item\">\n<div class=\"tt\"><a class=\"collapsed\" href=\"#faqItem2\" data-toggle=\"collapse\" data-parent=\"#faqAccordion1\" aria-expanded=\"false\"><span class=\"tt\">2.<\/span><span class=\"tt\">Tonometri \u00d6l\u00e7\u00fcm\u00fc<\/span><svg class=\"icon icon-arrow-point-to-right1\" version=\"1.1\" xmlns=\"http:\/\/www.w3.org\/2000\/svg\" width=\"32\" height=\"32\" viewBox=\"0 0 32 32\"><path d=\"M24.464 17.584l-13.759 13.759c-0.875 0.876-2.294 0.876-3.169 0s-0.875-2.294 0-3.169l12.175-12.175-12.175-12.174c-0.875-0.875-0.875-2.294 0-3.169s2.294-0.875 3.169 0l13.759 13.759c0.437 0.438 0.656 1.011 0.656 1.584s-0.219 1.147-0.656 1.584z\"><\/path><\/svg><\/a><\/div>\n<div id=\"faqItem2\" class=\"collapse faq-item-content\" role=\"tabpanel\">\n<div class=\"tt\">\n<p class=\"tt\">Bilgisayarl\u0131 cihazlarla g\u00f6ze temiz hava p\u00fcsk\u00fcrt\u00fclerek g\u00f6z tansiyonu \u00f6l\u00e7\u00fcm\u00fc yap\u0131l\u0131r. G\u00f6z tansiyonu \u00f6l\u00e7\u00fcm\u00fc baz\u0131 durumlarda manuel olarak da doktorunuz taraf\u0131ndan \u00f6l\u00e7\u00fclebilir.<\/p>\n<\/div>\n<\/div>\n<\/div>\n<div class=\"faq-item\">\n<div class=\"tt\"><a class=\"collapsed\" href=\"#faqItem3\" data-toggle=\"collapse\" data-parent=\"#faqAccordion1\" aria-expanded=\"false\"><span class=\"tt\">3.<\/span><span class=\"tt\">Biyomikroskobik Muayene<\/span><svg class=\"icon icon-arrow-point-to-right1\" version=\"1.1\" xmlns=\"http:\/\/www.w3.org\/2000\/svg\" width=\"32\" height=\"32\" viewBox=\"0 0 32 32\"><path d=\"M24.464 17.584l-13.759 13.759c-0.875 0.876-2.294 0.876-3.169 0s-0.875-2.294 0-3.169l12.175-12.175-12.175-12.174c-0.875-0.875-0.875-2.294 0-3.169s2.294-0.875 3.169 0l13.759 13.759c0.437 0.438 0.656 1.011 0.656 1.584s-0.219 1.147-0.656 1.584z\"><\/path><\/svg><\/a><\/div>\n<div id=\"faqItem3\" class=\"collapse faq-item-content\" role=\"tabpanel\">\n<div class=\"tt\">\n<p class=\"tt\">Biyomikroskop olmadan g\u00f6z muayenesinin yap\u0131lmas\u0131 m\u00fcmk\u00fcn de\u011fildir, \u00e7\u00fcnk\u00fc g\u00f6z dokular\u0131n\u0131n b\u00fcy\u00fct\u00fclmeden, \u00e7\u0131plak g\u00f6zle incelenmesi m\u00fcmk\u00fcn de\u011fildir. \u00d6zel cihazlar yard\u0131m\u0131 ile g\u00f6z kapaklar\u0131, konjonktiva, sklera, kornea, iris, lens ve retina tabakas\u0131n\u0131n detaylar\u0131 incelenir.<\/p>\n<\/div>\n<\/div>\n<\/div>\n<div class=\"faq-item\">\n<div class=\"tt\"><a class=\"collapsed\" href=\"#faqItem4\" data-toggle=\"collapse\" data-parent=\"#faqAccordion1\" aria-expanded=\"false\"><span class=\"tt\">4.<\/span><span class=\"tt\">Bilgisayarl\u0131 G\u00f6rme Alan\u0131(BGA)<\/span><svg class=\"icon icon-arrow-point-to-right1\" version=\"1.1\" xmlns=\"http:\/\/www.w3.org\/2000\/svg\" width=\"32\" height=\"32\" viewBox=\"0 0 32 32\"><path d=\"M24.464 17.584l-13.759 13.759c-0.875 0.876-2.294 0.876-3.169 0s-0.875-2.294 0-3.169l12.175-12.175-12.175-12.174c-0.875-0.875-0.875-2.294 0-3.169s2.294-0.875 3.169 0l13.759 13.759c0.437 0.438 0.656 1.011 0.656 1.584s-0.219 1.147-0.656 1.584z\"><\/path><\/svg><\/a><\/div>\n<div id=\"faqItem4\" class=\"collapse faq-item-content\" role=\"tabpanel\">\n<div class=\"tt\">\n<p class=\"tt\">Bilgisayarl\u0131 G\u00f6rme Alan\u0131 (BGA) testi ile tam kar\u015f\u0131ya odaklanm\u0131\u015f g\u00f6rme (merkezi) hem de yan g\u00f6rme (periferik) de\u011ferlendirilir. Bu test ba\u015fta glokom (g\u00f6z tansiyonu) olmak \u00fczere retina kaynakl\u0131 ve n\u00f6rolojik pek \u00e7ok g\u00f6z hastal\u0131\u011f\u0131n\u0131n te\u015fhisinde \u00f6nemlidir.<\/p>\n<\/div>\n<\/div>\n<\/div>\n<div class=\"tt\"><a class=\"btn btn-fill mt-15 mt-sm-3\" href=\"#\" rel=\"noopener noreferrer\" data-toggle=\"modal\" data-target=\"#modalQuestionForm\"><svg class=\"icon icon-right-arrow\" version=\"1.1\" xmlns=\"http:\/\/www.w3.org\/2000\/svg\" width=\"32\" height=\"32\" viewBox=\"0 0 32 32\"><path d=\"M21.548 5.088c-0.436-0.451-1.162-0.451-1.613 0-0.436 0.436-0.436 1.162 0 1.596l8.177 8.177h-26.984c-0.629 0.001-1.129 0.501-1.129 1.13s0.5 1.145 1.129 1.145h26.984l-8.177 8.162c-0.436 0.451-0.436 1.178 0 1.613 0.451 0.451 1.178 0.451 1.613 0l10.113-10.113c0.451-0.436 0.451-1.162 0-1.596l-10.113-10.114z\"><\/path><\/svg>Doktoruna Sor!<svg class=\"icon icon-right-arrow\" version=\"1.1\" xmlns=\"http:\/\/www.w3.org\/2000\/svg\" width=\"32\" height=\"32\" viewBox=\"0 0 32 32\"><path d=\"M21.548 5.088c-0.436-0.451-1.162-0.451-1.613 0-0.436 0.436-0.436 1.162 0 1.596l8.177 8.177h-26.984c-0.629 0.001-1.129 0.501-1.129 1.13s0.5 1.145 1.129 1.145h26.984l-8.177 8.162c-0.436 0.451-0.436 1.178 0 1.613 0.451 0.451 1.178 0.451 1.613 0l10.113-10.113c0.451-0.436 0.451-1.162 0-1.596l-10.113-10.114z\"><\/path><\/svg><\/a><\/div>\n<\/div>\n<\/div><\/div><div class=\"shortcode_vc_clmn_inner col-xl-6 banner-left bg-cover order-1 order-xl-2 ch-block-bg-right\"><\/div><\/div><\/div><\/div><div  id=\"modalQuestionForm\" class=\"tt-shortcode_vc_row 8 modal modal-form modal-form-sm fade\" id=\"modalQuestionForm\" class=\"tt-shortcode_vc_row 777  modal modal-form modal-form-sm fade\" ><div class=\"tt-shortcode_vc_clmn modal-dialog \" class=\"modal-dialog wpb_column vc_column_container vc_col-sm-12\" class=\"tt-shortcode_vc_column-outer modal-dialog\"><div class=\"modal-content\"><div class=\"ch\"><button class=\"close\" aria-label=\"Close\" data-dismiss=\"modal\"><svg class=\"icon icon-error\" version=\"1.1\" xmlns=\"http:\/\/www.w3.org\/2000\/svg\" width=\"32\" height=\"32\" viewBox=\"0 0 32 32\"><path d=\"M27.319 4.681c-6.241-6.241-16.396-6.242-22.638 0s-6.241 16.396 0 22.638 16.396 6.242 22.638 0c6.241-6.242 6.241-16.397 0-22.638zM22.312 22.312c-0.481 0.481-1.26 0.481-1.741 0l-4.571-4.571-4.789 4.789c-0.481 0.481-1.26 0.481-1.741 0s-0.481-1.26 0-1.741l4.789-4.789-4.571-4.571c-0.481-0.481-0.481-1.261 0-1.741s1.26-0.481 1.741 0l4.571 4.571 4.353-4.353c0.481-0.481 1.26-0.481 1.741 0s0.481 1.26 0 1.741l-4.353 4.353 4.571 4.571c0.481 0.481 0.481 1.26 0 1.741z\"><\/path><\/svg><\/button><\/div>\n<div class=\"modal-body\" class=\"shortcode_vc_row_inner 2 modal-body\" ><div class=\"shortcode_vc_clmn_inner modal-form\"><h3 style=\"text-align: left\" class=\"vc_custom_heading\" >Doktoruna Sor<\/h3><p class=\"wpcf7-contact-form-not-found\"><strong>Error:<\/strong> Contact form not found.<\/p><\/div><\/div><\/div><\/div><\/div>\n<\/div>","protected":false},"excerpt":{"rendered":"G\u00f6zlerinizin Sa\u011fl\u0131\u011f\u0131n\u0131 Koruyun G\u00f6z Check-Up Neden Bu Kadar \u00d6nemli? \u00c7a\u011f\u0131m\u0131z\u0131n hastal\u0131klar\u0131 olan \u015fa\u015f\u0131l\u0131k, \u00e7ocukluk ve ergenlikte yeni belirginle\u015fen hipermetropi, miyopi, astigmatizma, \u00f6zellikle orta ya\u015f ve ya\u015fl\u0131l\u0131kta ki g\u00f6z de \u015feker hastal\u0131\u011f\u0131na ba\u011fl\u0131 sinsi geli\u015fen retinopati, g\u00f6z tansiyon hastal\u0131\u011f\u0131 ve \u00f6zellikle 50 ya\u015f \u00fczeri ya\u015fa ba\u011fl\u0131 g\u00f6z hastal\u0131klar\u0131, katarakt, g\u00f6z kurulu\u011fu vb. gibi bir\u00e7ok di\u011fer g\u00f6z <div class=\"btn-more-wrapper\"><a href=\"https:\/\/www.bursagoz.com\/en\/goz-check-up\/\" class=\"btn btn-sm btn-hover-fill\"><svg class=\"icon icon-right-arrow\" version=\"1.1\" xmlns=\"http:\/\/www.w3.org\/2000\/svg\" width=\"32\" height=\"32\" viewbox=\"0 0 32 32\"><path d=\"M21.548 5.088c-0.436-0.451-1.162-0.451-1.613 0-0.436 0.436-0.436 1.162 0 1.596l8.177 8.177h-26.984c-0.629 0.001-1.129 0.501-1.129 1.13s0.5 1.145 1.129 1.145h26.984l-8.177 8.162c-0.436 0.451-0.436 1.178 0 1.613 0.451 0.451 1.178 0.451 1.613 0l10.113-10.113c0.451-0.436 0.451-1.162 0-1.596l-10.113-10.114z\"><\/path><\/svg>Read More<span class=\"screen-reader-text\"> \"G\u00f6z Check-Up Uygulamas\u0131\"<\/span><svg class=\"icon icon-right-arrow\" version=\"1.1\" xmlns=\"http:\/\/www.w3.org\/2000\/svg\" width=\"32\" height=\"32\" viewbox=\"0 0 32 32\"><path d=\"M21.548 5.088c-0.436-0.451-1.162-0.451-1.613 0-0.436 0.436-0.436 1.162 0 1.596l8.177 8.177h-26.984c-0.629 0.001-1.129 0.501-1.129 1.13s0.5 1.145 1.129 1.145h26.984l-8.177 8.162c-0.436 0.451-0.436 1.178 0 1.613 0.451 0.451 1.178 0.451 1.613 0l10.113-10.113c0.451-0.436 0.451-1.162 0-1.596l-10.113-10.114z\"><\/path><\/svg><\/a><\/div>","protected":false},"author":1,"featured_media":0,"parent":0,"menu_order":0,"comment_status":"closed","ping_status":"closed","template":"custompagett.php","meta":{"footnotes":""},"class_list":["post-2120","page","type-page","status-publish","hentry"],"yoast_head":"<!-- This site is optimized with the Yoast SEO Premium plugin v26.2 (Yoast SEO v27.5) - https:\/\/yoast.com\/product\/yoast-seo-premium-wordpress\/ -->\n<title>G\u00f6z Check-Up Uygulamas\u0131 - Bursa G\u00f6z Merkezi Y\u0131ld\u0131r\u0131m G\u00f6z Hastal\u0131klar\u0131 Hastanesi<\/title>\n<meta name=\"robots\" content=\"index, follow, max-snippet:-1, max-image-preview:large, max-video-preview:-1\" \/>\n<link rel=\"canonical\" href=\"https:\/\/www.bursagoz.com\/en\/goz-check-up\/\" \/>\n<meta property=\"og:locale\" content=\"en_US\" \/>\n<meta property=\"og:type\" content=\"article\" \/>\n<meta property=\"og:title\" content=\"G\u00f6z Check-Up Uygulamas\u0131\" \/>\n<meta property=\"og:url\" content=\"https:\/\/www.bursagoz.com\/en\/goz-check-up\/\" \/>\n<meta property=\"og:site_name\" content=\"Bursa G\u00f6z Merkezi Y\u0131ld\u0131r\u0131m G\u00f6z Hastal\u0131klar\u0131 Hastanesi\" \/>\n<meta property=\"article:publisher\" content=\"https:\/\/www.facebook.com\/bursagozyildirim\/\" \/>\n<meta property=\"article:modified_time\" content=\"2022-02-18T10:45:38+00:00\" \/>\n<meta name=\"twitter:card\" content=\"summary_large_image\" \/>\n<meta name=\"twitter:site\" content=\"@bursagoz_\" \/>\n<meta name=\"twitter:label1\" content=\"Est. reading time\" \/>\n\t<meta name=\"twitter:data1\" content=\"3 minutes\" \/>\n<script type=\"application\/ld+json\" class=\"yoast-schema-graph\">{\"@context\":\"https:\\\/\\\/schema.org\",\"@graph\":[{\"@type\":\"WebPage\",\"@id\":\"https:\\\/\\\/www.bursagoz.com\\\/goz-check-up\\\/\",\"url\":\"https:\\\/\\\/www.bursagoz.com\\\/goz-check-up\\\/\",\"name\":\"G\u00f6z Check-Up Uygulamas\u0131 - Bursa G\u00f6z Merkezi Y\u0131ld\u0131r\u0131m G\u00f6z Hastal\u0131klar\u0131 Hastanesi\",\"isPartOf\":{\"@id\":\"https:\\\/\\\/www.bursagoz.com\\\/#website\"},\"datePublished\":\"2022-02-17T11:35:53+00:00\",\"dateModified\":\"2022-02-18T10:45:38+00:00\",\"breadcrumb\":{\"@id\":\"https:\\\/\\\/www.bursagoz.com\\\/goz-check-up\\\/#breadcrumb\"},\"inLanguage\":\"en-US\",\"potentialAction\":[{\"@type\":\"ReadAction\",\"target\":[\"https:\\\/\\\/www.bursagoz.com\\\/goz-check-up\\\/\"]}]},{\"@type\":\"BreadcrumbList\",\"@id\":\"https:\\\/\\\/www.bursagoz.com\\\/goz-check-up\\\/#breadcrumb\",\"itemListElement\":[{\"@type\":\"ListItem\",\"position\":1,\"name\":\"Ana sayfa\",\"item\":\"https:\\\/\\\/www.bursagoz.com\\\/\"},{\"@type\":\"ListItem\",\"position\":2,\"name\":\"G\u00f6z Check-Up Uygulamas\u0131\"}]},{\"@type\":\"WebSite\",\"@id\":\"https:\\\/\\\/www.bursagoz.com\\\/#website\",\"url\":\"https:\\\/\\\/www.bursagoz.com\\\/\",\"name\":\"Bursa G\u00f6z Merkezi Y\u0131ld\u0131r\u0131m G\u00f6z Hastal\u0131klar\u0131 Hastanesi\",\"description\":\"Bursa G\u00f6z Merkezi | Sa\u011fl\u0131kta 10 Y\u0131ll\u0131k Te\u00e7r\u00fcbenin Yeni Ad\u0131\",\"publisher\":{\"@id\":\"https:\\\/\\\/www.bursagoz.com\\\/#organization\"},\"potentialAction\":[{\"@type\":\"SearchAction\",\"target\":{\"@type\":\"EntryPoint\",\"urlTemplate\":\"https:\\\/\\\/www.bursagoz.com\\\/?s={search_term_string}\"},\"query-input\":{\"@type\":\"PropertyValueSpecification\",\"valueRequired\":true,\"valueName\":\"search_term_string\"}}],\"inLanguage\":\"en-US\"},{\"@type\":[\"Organization\",\"Place\",\"HealthClub\"],\"@id\":\"https:\\\/\\\/www.bursagoz.com\\\/#organization\",\"name\":\"Bursa G\u00f6z Merkezi\",\"url\":\"https:\\\/\\\/www.bursagoz.com\\\/\",\"logo\":{\"@id\":\"https:\\\/\\\/www.bursagoz.com\\\/goz-check-up\\\/#local-main-organization-logo\"},\"image\":{\"@id\":\"https:\\\/\\\/www.bursagoz.com\\\/goz-check-up\\\/#local-main-organization-logo\"},\"sameAs\":[\"https:\\\/\\\/www.facebook.com\\\/bursagozyildirim\\\/\",\"https:\\\/\\\/x.com\\\/bursagoz_\",\"https:\\\/\\\/www.instagram.com\\\/bursagozmerkezi\",\"https:\\\/\\\/www.youtube.com\\\/channel\\\/UCpSzsUiWi-QvB9j1uUAiJew\"],\"address\":{\"@id\":\"https:\\\/\\\/www.bursagoz.com\\\/goz-check-up\\\/#local-main-place-address\"},\"geo\":{\"@type\":\"GeoCoordinates\",\"latitude\":\"40.191996\",\"longitude\":\"29.110874\"},\"telephone\":[\"4441469\",\"08508501469\"],\"openingHoursSpecification\":[{\"@type\":\"OpeningHoursSpecification\",\"dayOfWeek\":[\"Monday\",\"Tuesday\",\"Wednesday\",\"Thursday\",\"Friday\",\"Saturday\"],\"opens\":\"08:30\",\"closes\":\"18:00\"},{\"@type\":\"OpeningHoursSpecification\",\"dayOfWeek\":[\"Sunday\"],\"opens\":\"00:00\",\"closes\":\"00:00\"}],\"email\":\"randevu@bursagoz.com\",\"areaServed\":\"G\u00f6z Sa\u011fl\u0131\u011f\u0131\",\"taxID\":\"1910580134\"},{\"@type\":\"PostalAddress\",\"@id\":\"https:\\\/\\\/www.bursagoz.com\\\/goz-check-up\\\/#local-main-place-address\",\"streetAddress\":\"Dua\u00e7\u0131nar\u0131 Mahallesi Bar\u0131\u015f Caddesi No:3 Y\u0131ld\u0131r\u0131m \\\/ BURSA\",\"addressLocality\":\"BURSA\",\"postalCode\":\"16270\",\"addressRegion\":\"Y\u0131ld\u0131r\u0131m\",\"addressCountry\":\"TR\"},{\"@type\":\"ImageObject\",\"inLanguage\":\"en-US\",\"@id\":\"https:\\\/\\\/www.bursagoz.com\\\/goz-check-up\\\/#local-main-organization-logo\",\"url\":\"https:\\\/\\\/i0.wp.com\\\/www.bursagoz.com\\\/wp-content\\\/uploads\\\/2020\\\/02\\\/BGM-Logobeyazi1.png?fit=1500%2C1000&ssl=1\",\"contentUrl\":\"https:\\\/\\\/i0.wp.com\\\/www.bursagoz.com\\\/wp-content\\\/uploads\\\/2020\\\/02\\\/BGM-Logobeyazi1.png?fit=1500%2C1000&ssl=1\",\"width\":1500,\"height\":1000,\"caption\":\"Bursa G\u00f6z Merkezi\"}]}<\/script>\n<meta name=\"geo.placename\" content=\"BURSA\" \/>\n<meta name=\"geo.position\" content=\"40.191996;29.110874\" \/>\n<meta name=\"geo.region\" content=\"Turkey\" \/>\n<!-- \/ Yoast SEO Premium plugin. -->","yoast_head_json":{"title":"G\u00f6z Check-Up Uygulamas\u0131 - Bursa G\u00f6z Merkezi Y\u0131ld\u0131r\u0131m G\u00f6z Hastal\u0131klar\u0131 Hastanesi","robots":{"index":"index","follow":"follow","max-snippet":"max-snippet:-1","max-image-preview":"max-image-preview:large","max-video-preview":"max-video-preview:-1"},"canonical":"https:\/\/www.bursagoz.com\/en\/goz-check-up\/","og_locale":"en_US","og_type":"article","og_title":"G\u00f6z Check-Up Uygulamas\u0131","og_url":"https:\/\/www.bursagoz.com\/en\/goz-check-up\/","og_site_name":"Bursa G\u00f6z Merkezi Y\u0131ld\u0131r\u0131m G\u00f6z Hastal\u0131klar\u0131 Hastanesi","article_publisher":"https:\/\/www.facebook.com\/bursagozyildirim\/","article_modified_time":"2022-02-18T10:45:38+00:00","twitter_card":"summary_large_image","twitter_site":"@bursagoz_","twitter_misc":{"Est. reading time":"3 minutes"},"schema":{"@context":"https:\/\/schema.org","@graph":[{"@type":"WebPage","@id":"https:\/\/www.bursagoz.com\/goz-check-up\/","url":"https:\/\/www.bursagoz.com\/goz-check-up\/","name":"G\u00f6z Check-Up Uygulamas\u0131 - Bursa G\u00f6z Merkezi Y\u0131ld\u0131r\u0131m G\u00f6z Hastal\u0131klar\u0131 Hastanesi","isPartOf":{"@id":"https:\/\/www.bursagoz.com\/#website"},"datePublished":"2022-02-17T11:35:53+00:00","dateModified":"2022-02-18T10:45:38+00:00","breadcrumb":{"@id":"https:\/\/www.bursagoz.com\/goz-check-up\/#breadcrumb"},"inLanguage":"en-US","potentialAction":[{"@type":"ReadAction","target":["https:\/\/www.bursagoz.com\/goz-check-up\/"]}]},{"@type":"BreadcrumbList","@id":"https:\/\/www.bursagoz.com\/goz-check-up\/#breadcrumb","itemListElement":[{"@type":"ListItem","position":1,"name":"Ana sayfa","item":"https:\/\/www.bursagoz.com\/"},{"@type":"ListItem","position":2,"name":"G\u00f6z Check-Up Uygulamas\u0131"}]},{"@type":"WebSite","@id":"https:\/\/www.bursagoz.com\/#website","url":"https:\/\/www.bursagoz.com\/","name":"Bursa G\u00f6z Merkezi Y\u0131ld\u0131r\u0131m G\u00f6z Hastal\u0131klar\u0131 Hastanesi","description":"Bursa G\u00f6z Merkezi | Sa\u011fl\u0131kta 10 Y\u0131ll\u0131k Te\u00e7r\u00fcbenin Yeni Ad\u0131","publisher":{"@id":"https:\/\/www.bursagoz.com\/#organization"},"potentialAction":[{"@type":"SearchAction","target":{"@type":"EntryPoint","urlTemplate":"https:\/\/www.bursagoz.com\/?s={search_term_string}"},"query-input":{"@type":"PropertyValueSpecification","valueRequired":true,"valueName":"search_term_string"}}],"inLanguage":"en-US"},{"@type":["Organization","Place","HealthClub"],"@id":"https:\/\/www.bursagoz.com\/#organization","name":"Bursa G\u00f6z Merkezi","url":"https:\/\/www.bursagoz.com\/","logo":{"@id":"https:\/\/www.bursagoz.com\/goz-check-up\/#local-main-organization-logo"},"image":{"@id":"https:\/\/www.bursagoz.com\/goz-check-up\/#local-main-organization-logo"},"sameAs":["https:\/\/www.facebook.com\/bursagozyildirim\/","https:\/\/x.com\/bursagoz_","https:\/\/www.instagram.com\/bursagozmerkezi","https:\/\/www.youtube.com\/channel\/UCpSzsUiWi-QvB9j1uUAiJew"],"address":{"@id":"https:\/\/www.bursagoz.com\/goz-check-up\/#local-main-place-address"},"geo":{"@type":"GeoCoordinates","latitude":"40.191996","longitude":"29.110874"},"telephone":["4441469","08508501469"],"openingHoursSpecification":[{"@type":"OpeningHoursSpecification","dayOfWeek":["Monday","Tuesday","Wednesday","Thursday","Friday","Saturday"],"opens":"08:30","closes":"18:00"},{"@type":"OpeningHoursSpecification","dayOfWeek":["Sunday"],"opens":"00:00","closes":"00:00"}],"email":"randevu@bursagoz.com","areaServed":"G\u00f6z Sa\u011fl\u0131\u011f\u0131","taxID":"1910580134"},{"@type":"PostalAddress","@id":"https:\/\/www.bursagoz.com\/goz-check-up\/#local-main-place-address","streetAddress":"Dua\u00e7\u0131nar\u0131 Mahallesi Bar\u0131\u015f Caddesi No:3 Y\u0131ld\u0131r\u0131m \/ BURSA","addressLocality":"BURSA","postalCode":"16270","addressRegion":"Y\u0131ld\u0131r\u0131m","addressCountry":"TR"},{"@type":"ImageObject","inLanguage":"en-US","@id":"https:\/\/www.bursagoz.com\/goz-check-up\/#local-main-organization-logo","url":"https:\/\/i0.wp.com\/www.bursagoz.com\/wp-content\/uploads\/2020\/02\/BGM-Logobeyazi1.png?fit=1500%2C1000&ssl=1","contentUrl":"https:\/\/i0.wp.com\/www.bursagoz.com\/wp-content\/uploads\/2020\/02\/BGM-Logobeyazi1.png?fit=1500%2C1000&ssl=1","width":1500,"height":1000,"caption":"Bursa G\u00f6z Merkezi"}]},"geo.placename":"BURSA","geo.position":{"lat":"40.191996","long":"29.110874"},"geo.region":"Turkey"},"jetpack_sharing_enabled":true,"_links":{"self":[{"href":"https:\/\/www.bursagoz.com\/en\/wp-json\/wp\/v2\/pages\/2120","targetHints":{"allow":["GET"]}}],"collection":[{"href":"https:\/\/www.bursagoz.com\/en\/wp-json\/wp\/v2\/pages"}],"about":[{"href":"https:\/\/www.bursagoz.com\/en\/wp-json\/wp\/v2\/types\/page"}],"author":[{"embeddable":true,"href":"https:\/\/www.bursagoz.com\/en\/wp-json\/wp\/v2\/users\/1"}],"replies":[{"embeddable":true,"href":"https:\/\/www.bursagoz.com\/en\/wp-json\/wp\/v2\/comments?post=2120"}],"version-history":[{"count":26,"href":"https:\/\/www.bursagoz.com\/en\/wp-json\/wp\/v2\/pages\/2120\/revisions"}],"predecessor-version":[{"id":2154,"href":"https:\/\/www.bursagoz.com\/en\/wp-json\/wp\/v2\/pages\/2120\/revisions\/2154"}],"wp:attachment":[{"href":"https:\/\/www.bursagoz.com\/en\/wp-json\/wp\/v2\/media?parent=2120"}],"curies":[{"name":"wp","href":"https:\/\/api.w.org\/{rel}","templated":true}]}}