{"id":2554,"date":"2023-01-17T14:09:02","date_gmt":"2023-01-17T11:09:02","guid":{"rendered":"https:\/\/www.bursagoz.com\/?page_id=2554"},"modified":"2023-08-25T13:32:30","modified_gmt":"2023-08-25T10:32:30","slug":"goz-kurulugu-tedavisi","status":"publish","type":"page","link":"https:\/\/www.bursagoz.com\/en\/goz-kurulugu-tedavisi\/","title":{"rendered":"G\u00f6z Kurulu\u011fu Tedavisi"},"content":{"rendered":"<div class=\"wpb-content-wrapper\"><div class=\"section tt-section-banner-callus ch_mt_55 ch-section-looking\"><div  class=\"tt-shortcode_vc_row 8 container\" ><div class=\"tt-shortcode_vc_clmn banner-call ch-banner-call-left\"><div class=\"row no-gutters\" ><div class=\"shortcode_vc_clmn_inner col-sm-6 col-lg-6 d-flex align-items-center justify-content-center\"><div class=\"rs_inner_block text-center\"><a href=\"https:\/\/www.bursagoz.com\/en\/goz-kurulugu-icin-ipl-lazer-tedavisi\/\" target=\"_self\" class=\"tt-image__wrapper vc_single_image-wrapper   vc_box_border_grey\"><img loading=\"lazy\" decoding=\"async\" width=\"567\" height=\"252\" src=\"https:\/\/i0.wp.com\/www.bursagoz.com\/wp-content\/uploads\/2023\/08\/bursa_kurugoz_laser_tedavisi.png?fit=567%2C252&amp;ssl=1\" class=\"vc_single_image-img tt-reset-max-width attachment-full\" alt=\"\" title=\"bursa_kurugoz_laser_tedavisi\" srcset=\"https:\/\/i0.wp.com\/www.bursagoz.com\/wp-content\/uploads\/2023\/08\/bursa_kurugoz_laser_tedavisi.png?w=567&amp;ssl=1 567w, https:\/\/i0.wp.com\/www.bursagoz.com\/wp-content\/uploads\/2023\/08\/bursa_kurugoz_laser_tedavisi.png?resize=300%2C133&amp;ssl=1 300w, https:\/\/i0.wp.com\/www.bursagoz.com\/wp-content\/uploads\/2023\/08\/bursa_kurugoz_laser_tedavisi.png?resize=18%2C8&amp;ssl=1 18w\" sizes=\"auto, (max-width: 567px) 100vw, 567px\" \/><\/a><\/div><\/div><div class=\"shortcode_vc_clmn_inner col-sm-6 col-lg-6 col-xl-6 mt-3 mt-md-0 ch_aligner_wrapper\"><div class=\"rs_inner_block ch_aligner_inner text-center text-md-left\"><h2>G\u00f6z Kurulu\u011fu i\u00e7in <span class=\"theme-color\">IPL Lazer<\/span><\/h2>\n<p class=\"mt-sm-1 mt-lg-3 text-center text-md-left\">IPL lazer, g\u00f6z kurulu\u011fu tedavisinde g\u00f6z \u00e7evresindeki kan damarlar\u0131na hedeflenmi\u015f \u0131\u015f\u0131k at\u0131\u015flar\u0131 g\u00f6nderir. Bu at\u0131\u015flar, damarlar\u0131 daraltmaya ve iltihab\u0131 azaltmaya yard\u0131mc\u0131 olur.<\/p>\n<div class=\"mt-1\"><a class=\"banner-call-phone\" href=\"\/\/www.bursagoz.com\/en\/goz-kurulugu-icin-ipl-lazer-tedavisi\/\"><svg class=\"icon icon-telephone-1\" version=\"1.1\" xmlns=\"http:\/\/www.w3.org\/2000\/svg\" width=\"32\" height=\"32\" viewbox=\"0 0 32 32\"><path d=\"M23.467 19.2c-2.133 2.133-2.133 4.267-4.267 4.267s-4.267-2.133-6.4-4.267c-2.133-2.133-4.267-4.267-4.267-6.4s2.133-2.133 4.267-4.267-4.267-8.533-6.4-8.533-6.4 6.4-6.4 6.4c0 4.267 4.383 12.917 8.533 17.067s12.8 8.533 17.067 8.533c0 0 6.4-4.267 6.4-6.4s-6.4-8.533-8.533-6.4z\"><\/path><\/svg>Yo\u011funla\u015ft\u0131r\u0131lm\u0131\u015f I\u015f\u0131k Tedavisi <\/a>Nedir<\/div>\n<\/div><\/div><\/div><div class=\"vc_empty_space\"   style=\"height: 18px\"><span class=\"vc_empty_space_inner\"><\/span><\/div><\/div><\/div><\/div><div class=\"tt-shortcode_vc_row 8 vc_row wpb_row vc_row-fluid\"><div class=\"wpb_column vc_column_container vc_col-sm-12\"><div class=\"tt-shortcode_vc_clmn vc_column-inner\"><div class=\"wpb_wrapper\"><h2 style=\"text-align: left\" class=\"vc_custom_heading\" >G\u00f6z Kurulu\u011fu Nedir?<\/h2>\n\t<div class=\"wpb_text_column wpb_content_element\" >\n\t\t<div class=\"tt_shortcode_vc_column_text wpb_wrapper\">\n\t\t\t<p><a href=\"https:\/\/www.bursagoz.com\/en\/goz-kurulugu-icin-ipl-lazer-tedavisi\/\"><strong>G\u00f6z kurulu\u011fu<\/strong><\/a>, g\u00f6zlerde a\u011fr\u0131, yorgunluk veya k\u0131zar\u0131kl\u0131k hissi olarak tan\u0131mlan\u0131r. G\u00f6z kurulu\u011fu genellikle uzun s\u00fcre ekran ba\u015f\u0131nda oturmak, okuma veya i\u015flem yaparken g\u00f6zleri a\u015f\u0131r\u0131 yormak gibi nedenlerle ortaya \u00e7\u0131kar. Ayr\u0131ca, yetersiz g\u00f6zya\u015f\u0131 \u00fcretimi, alerjiler,<strong> g\u00f6zya\u015f\u0131 bezlerinde t\u0131kan\u0131kl\u0131k<\/strong> veya g\u00f6zya\u015f\u0131 kalitesinin bozulmas\u0131 gibi fakt\u00f6rler de <em>g\u00f6z kurulu\u011funa neden olabilir.<\/em> \u00d6nleyici tedbirler aras\u0131nda g\u00f6zleri d\u00fczenli olarak dinlendirmek, uygun ayd\u0131nlatma se\u00e7mek ve g\u00f6zya\u015f\u0131 \u00fcretimini artt\u0131rmak i\u00e7in g\u00f6zya\u015f\u0131 \u00fcretimini artt\u0131ran ila\u00e7lar kullanmak say\u0131labilir.<\/p>\n\n\t\t<\/div>\n\t<\/div>\n<h2 style=\"text-align: left\" class=\"vc_custom_heading\" >G\u00f6z Kurulu\u011fu nedenleri nelerdir?<\/h2>\n\t<div class=\"wpb_text_column wpb_content_element\" >\n\t\t<div class=\"tt_shortcode_vc_column_text wpb_wrapper\">\n\t\t\t<div class=\"wpb_text_column wpb_content_element\">\n<div class=\"tt_shortcode_vc_column_text wpb_wrapper\">\n<div class=\"flex flex-grow flex-col gap-3\">\n<div class=\"min-h-&#091;20px&#093; flex flex-col items-start gap-4 whitespace-pre-wrap\">\n<div class=\"markdown prose w-full break-words dark:prose-invert result-streaming dark\">\n<p>G\u00f6z kurulu\u011fu nedenleri aras\u0131nda \u015funlar say\u0131labilir:<\/p>\n<ol>\n<li>Uzun s\u00fcre ekran ba\u015f\u0131nda oturmak: Uzun s\u00fcre ekran ba\u015f\u0131nda oturmak, g\u00f6zleri yormak ve kurutabilir.<\/li>\n<li>Okuma veya i\u015flem yaparken g\u00f6zleri a\u015f\u0131r\u0131 yormak: Uzun s\u00fcre okuma veya i\u015flem yaparken g\u00f6zleri a\u015f\u0131r\u0131 yormak, g\u00f6z kaslar\u0131n\u0131n yorgunlu\u011funa neden olabilir.<\/li>\n<li>Yetersiz g\u00f6zya\u015f\u0131 \u00fcretimi: G\u00f6zya\u015f\u0131 \u00fcretimi az olabilir, bu da g\u00f6zleri kurutabilir ve a\u011fr\u0131ya neden olabilir.<\/li>\n<li>Alerjiler: Allerjik reaksiyonlar, g\u00f6zleri k\u0131zarmaya, ka\u015f\u0131nmaya veya a\u011fr\u0131ya neden olabilir.<\/li>\n<li>G\u00f6zya\u015f\u0131 bezlerinde t\u0131kan\u0131kl\u0131k: G\u00f6zya\u015f\u0131 bezlerinde t\u0131kan\u0131kl\u0131k, g\u00f6zya\u015f\u0131 \u00fcretimini azaltabilir ve g\u00f6zleri kurutabilir.<\/li>\n<li>G\u00f6zya\u015f\u0131 kalitesinin bozulmas\u0131: G\u00f6zya\u015f\u0131 kalitesi bozulursa, g\u00f6zleri kurutabilir veya enflamasyona neden olabilir.<\/li>\n<li>Di\u011fer sa\u011fl\u0131k problemleri: Baz\u0131 sa\u011fl\u0131k problemleri, g\u00f6zya\u015f\u0131 \u00fcretimini azaltabilir veya g\u00f6zya\u015f\u0131 kalitesini bozabilir. \u00d6rne\u011fin Sjogren sendromu, g\u00f6zya\u015f\u0131 veya g\u00f6zya\u015f\u0131 bezlerinde tahribat yapabilir.<\/li>\n<\/ol>\n<\/div>\n<\/div>\n<\/div>\n<\/div>\n<\/div>\n\n\t\t<\/div>\n\t<\/div>\n<\/div><\/div><\/div><\/div><div class=\"tt-shortcode_vc_row 8 vc_row wpb_row vc_row-fluid\"><div class=\"wpb_column vc_column_container vc_col-sm-12\"><div class=\"tt-shortcode_vc_clmn vc_column-inner\"><div class=\"wpb_wrapper\"><h2 style=\"text-align: left\" class=\"vc_custom_heading\" >G\u00f6z kurulu\u011fu muayenesi nas\u0131l yap\u0131l\u0131yor?<\/h2>\n\t<div class=\"wpb_text_column wpb_content_element\" >\n\t\t<div class=\"tt_shortcode_vc_column_text wpb_wrapper\">\n\t\t\t<div class=\"wpb_text_column wpb_content_element\">\n<div class=\"tt_shortcode_vc_column_text wpb_wrapper\">\n<div class=\"flex flex-grow flex-col gap-3\">\n<div class=\"min-h-&#091;20px&#093; flex flex-col items-start gap-4 whitespace-pre-wrap\">\n<div class=\"markdown prose w-full break-words dark:prose-invert dark\">\n<p>G\u00f6z kurulu\u011fu tan\u0131s\u0131 genellikle g\u00f6z doktoru taraf\u0131ndan yap\u0131l\u0131r. Doktor, g\u00f6zlerinizi muayene eder ve size sorular sorar. Doktor, g\u00f6zlerinizin i\u00e7 y\u00fcz\u00fcn\u00fc inceler ve g\u00f6zya\u015f\u0131 \u00fcretimini ve kalitesini de\u011ferlendirir. Ayr\u0131ca g\u00f6zya\u015f\u0131 bezlerinin t\u0131kan\u0131kl\u0131\u011f\u0131n\u0131 veya di\u011fer anormallikleri arayabilir.<\/p>\n<p>G\u00f6z kurulu\u011funun sebeplerini belirlemek i\u00e7in ayr\u0131ca g\u00f6z i\u00e7i bas\u0131nc\u0131n\u0131 \u00f6l\u00e7ebilir, g\u00f6zya\u015f\u0131 \u00fcretimini \u00f6l\u00e7ebilir veya g\u00f6zya\u015f\u0131n\u0131n mikroskop alt\u0131nda incelemesi yapabilir.<\/p>\n<p><strong>Schirmer Testi<br \/>\n<\/strong><\/p>\n<div class=\"flex flex-grow flex-col gap-3\">\n<div class=\"min-h-&#091;20px&#093; flex flex-col items-start gap-4 whitespace-pre-wrap\">\n<div class=\"markdown prose w-full break-words dark:prose-invert dark\">\n<p>Schirmer testi, g\u00f6zya\u015f\u0131 \u00fcretiminin miktar\u0131n\u0131 \u00f6l\u00e7mek i\u00e7in kullan\u0131lan bir testtir. Test, g\u00f6zya\u015f\u0131 \u00fcretiminin az oldu\u011fu durumlarda<strong> g\u00f6z kurulu\u011funun nedenini belirlemek<\/strong> i\u00e7in kullan\u0131l\u0131r. Test, g\u00f6zya\u015f\u0131 \u00fcretiminin miktar\u0131n\u0131 \u00f6l\u00e7mek i\u00e7in k\u00fc\u00e7\u00fck bir ka\u011f\u0131t par\u00e7as\u0131n\u0131 g\u00f6z\u00fcn i\u00e7 k\u00f6\u015fesine yerle\u015ftirir. Ka\u011f\u0131t par\u00e7as\u0131, g\u00f6zya\u015f\u0131 \u00fcretiminin miktar\u0131n\u0131 \u00f6l\u00e7mek i\u00e7in 5 dakika boyunca g\u00f6z\u00fcn i\u00e7 k\u00f6\u015fesinde b\u0131rak\u0131l\u0131r. Daha sonra ka\u011f\u0131t par\u00e7as\u0131 \u00f6l\u00e7\u00fcl\u00fcr ve g\u00f6zya\u015f\u0131 \u00fcretiminin miktar\u0131 belirlenir.<\/p>\n<p>Schirmer testi, genellikle doktorunuz taraf\u0131ndan yap\u0131l\u0131r. Test s\u0131ras\u0131nda g\u00f6zya\u015f\u0131 kanallar\u0131n\u0131n t\u0131kan\u0131kl\u0131\u011f\u0131n\u0131 veya di\u011fer anormallikleri aramak i\u00e7in ayr\u0131ca tonometri veya g\u00f6zya\u015f\u0131 mikroskopik incelemesi yap\u0131labilir.<\/p>\n<p>E\u011fer Schirmer testi sonucunda g\u00f6zya\u015f\u0131 \u00fcretiminin az oldu\u011fu tespit edilirse, doktorunuz size uygun tedavi se\u00e7ene\u011fi \u00f6nerebilir. Tedavi se\u00e7enekleri aras\u0131nda g\u00f6zya\u015f\u0131 \u00fcretimini artt\u0131ran ila\u00e7lar, g\u00f6zya\u015f\u0131 bezlerinde t\u0131kan\u0131kl\u0131\u011f\u0131 gidermek i\u00e7in ameliyat veya di\u011fer sa\u011fl\u0131k problemleri gibi nedenlerin tedavi edilmesi yer alabilir.<\/p>\n<\/div>\n<\/div>\n<\/div>\n<p><strong>\u00a0<\/strong><\/p>\n<p>E\u011fer g\u00f6z kurulu\u011fu ile ilgili bir sa\u011fl\u0131k problemi tespit edilirse, doktor size uygun tedavi se\u00e7ene\u011fi \u00f6nerebilir. Bu tedavi se\u00e7enekleri aras\u0131nda g\u00f6zya\u015f\u0131 \u00fcretimini artt\u0131ran ila\u00e7lar, g\u00f6zya\u015f\u0131 bezlerinde t\u0131kan\u0131kl\u0131\u011f\u0131 gidermek i\u00e7in ameliyat veya alerjik reaksiyonlar\u0131n neden oldu\u011fu g\u00f6z kurulu\u011funu \u00f6nlemek i\u00e7in antihistaminler gibi ila\u00e7lar yer alabilir.<\/p>\n<\/div>\n<\/div>\n<\/div>\n<\/div>\n<\/div>\n\n\t\t<\/div>\n\t<\/div>\n<h2 style=\"text-align: left\" class=\"vc_custom_heading\" >G\u00f6z kurulu\u011funa iyi gelecek tedavi y\u00f6ntemleri nelerdir?<\/h2>\n\t<div class=\"wpb_text_column wpb_content_element\" >\n\t\t<div class=\"tt_shortcode_vc_column_text wpb_wrapper\">\n\t\t\t<p>G\u00f6z kurulu\u011fu tedavi y\u00f6ntemleri aras\u0131nda \u015funlar yer alabilir:<\/p>\n<ol>\n<li>G\u00f6zya\u015f\u0131 \u00fcretimini artt\u0131ran ila\u00e7lar: G\u00f6zya\u015f\u0131 \u00fcretimini artt\u0131ran ila\u00e7lar, g\u00f6zya\u015f\u0131 \u00fcretimini art\u0131rmak i\u00e7in kullan\u0131labilir. Bu ila\u00e7lar, g\u00f6zya\u015f\u0131 bezlerini uyar\u0131r ve g\u00f6zya\u015f\u0131 \u00fcretimini artt\u0131r\u0131r.<\/li>\n<li>G\u00f6zya\u015f\u0131 bezlerinde t\u0131kan\u0131kl\u0131\u011f\u0131 gidermek i\u00e7in ameliyat: G\u00f6zya\u015f\u0131 bezlerinde t\u0131kan\u0131kl\u0131k olu\u015fmu\u015fsa, g\u00f6zya\u015f\u0131 bezlerinde t\u0131kan\u0131kl\u0131\u011f\u0131 gidermek i\u00e7in ameliyat yap\u0131labilir.<\/li>\n<li>Alerjik reaksiyonlar\u0131 \u00f6nlemek i\u00e7in antihistaminler: Alerjik reaksiyonlar, g\u00f6z kurulu\u011funa neden olabildi\u011finden, alerjik reaksiyonlar\u0131 \u00f6nlemek i\u00e7in antihistaminler kullanabilirsiniz.<\/li>\n<li>G\u00f6zleri dinlendirmek: G\u00f6zleri dinlendirmek i\u00e7in, ekran ba\u015f\u0131nda otururken g\u00f6zleri d\u00fczenli olarak dinlendirmek, uygun ayd\u0131nlatma se\u00e7mek veya g\u00f6zleri kaplamak gibi yollar kullanabilirsiniz.<\/li>\n<li>G\u00f6zya\u015f\u0131 \u00fcretimini artt\u0131rmak i\u00e7in ya\u011flar veya nemlendiriciler: G\u00f6zya\u015f\u0131 \u00fcretimini artt\u0131rmak i\u00e7in ya\u011flar veya nemlendiriciler kullanabilirsiniz.<\/li>\n<li>Di\u011fer sa\u011fl\u0131k problemleri: E\u011fer g\u00f6z kurulu\u011fu ile ilgili sa\u011fl\u0131k problemi tespit edilirse, o sa\u011fl\u0131k problemi i\u00e7in uygun tedavi y\u00f6ntemleri uygulanabilir.<\/li>\n<\/ol>\n<p>Not : Her hasta i\u00e7in en uygun tedavi se\u00e7enekleri farkl\u0131 olabilir, bu nedenle doktorunuzla konu\u015farak en uygun tedavi se\u00e7ene\u011fini belirlemelisiniz<\/p>\n\n\t\t<\/div>\n\t<\/div>\n<\/div><\/div><\/div><\/div>\n<\/div>","protected":false},"excerpt":{"rendered":"G\u00f6z Kurulu\u011fu i\u00e7in IPL Lazer IPL lazer, g\u00f6z kurulu\u011fu tedavisinde g\u00f6z \u00e7evresindeki kan damarlar\u0131na hedeflenmi\u015f \u0131\u015f\u0131k at\u0131\u015flar\u0131 g\u00f6nderir. Bu at\u0131\u015flar, damarlar\u0131 daraltmaya ve iltihab\u0131 azaltmaya yard\u0131mc\u0131 olur. Yo\u011funla\u015ft\u0131r\u0131lm\u0131\u015f I\u015f\u0131k Tedavisi Nedir G\u00f6z Kurulu\u011fu Nedir? G\u00f6z kurulu\u011fu, g\u00f6zlerde a\u011fr\u0131, yorgunluk veya k\u0131zar\u0131kl\u0131k hissi olarak tan\u0131mlan\u0131r. G\u00f6z kurulu\u011fu genellikle uzun s\u00fcre ekran ba\u015f\u0131nda oturmak, okuma veya i\u015flem <div class=\"btn-more-wrapper\"><a href=\"https:\/\/www.bursagoz.com\/en\/goz-kurulugu-tedavisi\/\" class=\"btn btn-sm btn-hover-fill\"><svg class=\"icon icon-right-arrow\" version=\"1.1\" xmlns=\"http:\/\/www.w3.org\/2000\/svg\" width=\"32\" height=\"32\" viewbox=\"0 0 32 32\"><path d=\"M21.548 5.088c-0.436-0.451-1.162-0.451-1.613 0-0.436 0.436-0.436 1.162 0 1.596l8.177 8.177h-26.984c-0.629 0.001-1.129 0.501-1.129 1.13s0.5 1.145 1.129 1.145h26.984l-8.177 8.162c-0.436 0.451-0.436 1.178 0 1.613 0.451 0.451 1.178 0.451 1.613 0l10.113-10.113c0.451-0.436 0.451-1.162 0-1.596l-10.113-10.114z\"><\/path><\/svg>Read More<span class=\"screen-reader-text\"> \"G\u00f6z Kurulu\u011fu Tedavisi\"<\/span><svg class=\"icon icon-right-arrow\" version=\"1.1\" xmlns=\"http:\/\/www.w3.org\/2000\/svg\" width=\"32\" height=\"32\" viewbox=\"0 0 32 32\"><path d=\"M21.548 5.088c-0.436-0.451-1.162-0.451-1.613 0-0.436 0.436-0.436 1.162 0 1.596l8.177 8.177h-26.984c-0.629 0.001-1.129 0.501-1.129 1.13s0.5 1.145 1.129 1.145h26.984l-8.177 8.162c-0.436 0.451-0.436 1.178 0 1.613 0.451 0.451 1.178 0.451 1.613 0l10.113-10.113c0.451-0.436 0.451-1.162 0-1.596l-10.113-10.114z\"><\/path><\/svg><\/a><\/div>","protected":false},"author":1,"featured_media":0,"parent":0,"menu_order":0,"comment_status":"closed","ping_status":"closed","template":"","meta":{"footnotes":""},"class_list":["post-2554","page","type-page","status-publish","hentry"],"yoast_head":"<!-- This site is optimized with the Yoast SEO Premium plugin v26.2 (Yoast SEO v27.5) - https:\/\/yoast.com\/product\/yoast-seo-premium-wordpress\/ -->\n<title>G\u00f6z Kurulu\u011fu Tedavisi - Bursa G\u00f6z Merkezi<\/title>\n<meta name=\"description\" content=\"Kuru g\u00f6z veya g\u00f6z kurulu\u011fu tedavisi, g\u00f6z\u00fcn yeterli miktarda g\u00f6z ya\u015f\u0131 \u00fcretmemesi nedeni ile ortaya \u00e7\u0131kan bir rahats\u0131zl\u0131kt\u0131r. G\u00f6z kurulu\u011fu\" \/>\n<meta name=\"robots\" content=\"index, follow, max-snippet:-1, max-image-preview:large, max-video-preview:-1\" \/>\n<link rel=\"canonical\" href=\"https:\/\/www.bursagoz.com\/en\/goz-kurulugu-tedavisi\/\" \/>\n<meta property=\"og:locale\" content=\"en_US\" \/>\n<meta property=\"og:type\" content=\"article\" \/>\n<meta property=\"og:title\" content=\"G\u00f6z Kurulu\u011fu Tedavisi\" \/>\n<meta property=\"og:description\" content=\"Kuru g\u00f6z veya g\u00f6z kurulu\u011fu tedavisi, g\u00f6z\u00fcn yeterli miktarda g\u00f6z ya\u015f\u0131 \u00fcretmemesi nedeni ile ortaya \u00e7\u0131kan bir rahats\u0131zl\u0131kt\u0131r. G\u00f6z kurulu\u011fu\" \/>\n<meta property=\"og:url\" content=\"https:\/\/www.bursagoz.com\/en\/goz-kurulugu-tedavisi\/\" \/>\n<meta property=\"og:site_name\" content=\"Bursa G\u00f6z Merkezi Y\u0131ld\u0131r\u0131m G\u00f6z Hastal\u0131klar\u0131 Hastanesi\" \/>\n<meta property=\"article:publisher\" content=\"https:\/\/www.facebook.com\/bursagozyildirim\/\" \/>\n<meta property=\"article:modified_time\" content=\"2023-08-25T10:32:30+00:00\" \/>\n<meta name=\"twitter:card\" content=\"summary_large_image\" \/>\n<meta name=\"twitter:site\" content=\"@bursagoz_\" \/>\n<meta name=\"twitter:label1\" content=\"Est. reading time\" \/>\n\t<meta name=\"twitter:data1\" content=\"4 minutes\" \/>\n<script type=\"application\/ld+json\" class=\"yoast-schema-graph\">{\"@context\":\"https:\\\/\\\/schema.org\",\"@graph\":[{\"@type\":\"WebPage\",\"@id\":\"https:\\\/\\\/www.bursagoz.com\\\/goz-kurulugu-tedavisi\\\/\",\"url\":\"https:\\\/\\\/www.bursagoz.com\\\/goz-kurulugu-tedavisi\\\/\",\"name\":\"G\u00f6z Kurulu\u011fu Tedavisi - Bursa G\u00f6z Merkezi\",\"isPartOf\":{\"@id\":\"https:\\\/\\\/www.bursagoz.com\\\/#website\"},\"datePublished\":\"2023-01-17T11:09:02+00:00\",\"dateModified\":\"2023-08-25T10:32:30+00:00\",\"description\":\"Kuru g\u00f6z veya g\u00f6z kurulu\u011fu tedavisi, g\u00f6z\u00fcn yeterli miktarda g\u00f6z ya\u015f\u0131 \u00fcretmemesi nedeni ile ortaya \u00e7\u0131kan bir rahats\u0131zl\u0131kt\u0131r. G\u00f6z kurulu\u011fu\",\"breadcrumb\":{\"@id\":\"https:\\\/\\\/www.bursagoz.com\\\/goz-kurulugu-tedavisi\\\/#breadcrumb\"},\"inLanguage\":\"en-US\",\"potentialAction\":[{\"@type\":\"ReadAction\",\"target\":[\"https:\\\/\\\/www.bursagoz.com\\\/goz-kurulugu-tedavisi\\\/\"]}]},{\"@type\":\"BreadcrumbList\",\"@id\":\"https:\\\/\\\/www.bursagoz.com\\\/goz-kurulugu-tedavisi\\\/#breadcrumb\",\"itemListElement\":[{\"@type\":\"ListItem\",\"position\":1,\"name\":\"Ana sayfa\",\"item\":\"https:\\\/\\\/www.bursagoz.com\\\/\"},{\"@type\":\"ListItem\",\"position\":2,\"name\":\"G\u00f6z Kurulu\u011fu Tedavisi\"}]},{\"@type\":\"WebSite\",\"@id\":\"https:\\\/\\\/www.bursagoz.com\\\/#website\",\"url\":\"https:\\\/\\\/www.bursagoz.com\\\/\",\"name\":\"Bursa G\u00f6z Merkezi Y\u0131ld\u0131r\u0131m G\u00f6z Hastal\u0131klar\u0131 Hastanesi\",\"description\":\"Bursa G\u00f6z Merkezi | Sa\u011fl\u0131kta 10 Y\u0131ll\u0131k Te\u00e7r\u00fcbenin Yeni Ad\u0131\",\"publisher\":{\"@id\":\"https:\\\/\\\/www.bursagoz.com\\\/#organization\"},\"potentialAction\":[{\"@type\":\"SearchAction\",\"target\":{\"@type\":\"EntryPoint\",\"urlTemplate\":\"https:\\\/\\\/www.bursagoz.com\\\/?s={search_term_string}\"},\"query-input\":{\"@type\":\"PropertyValueSpecification\",\"valueRequired\":true,\"valueName\":\"search_term_string\"}}],\"inLanguage\":\"en-US\"},{\"@type\":[\"Organization\",\"Place\",\"HealthClub\"],\"@id\":\"https:\\\/\\\/www.bursagoz.com\\\/#organization\",\"name\":\"Bursa G\u00f6z Merkezi\",\"url\":\"https:\\\/\\\/www.bursagoz.com\\\/\",\"logo\":{\"@id\":\"https:\\\/\\\/www.bursagoz.com\\\/goz-kurulugu-tedavisi\\\/#local-main-organization-logo\"},\"image\":{\"@id\":\"https:\\\/\\\/www.bursagoz.com\\\/goz-kurulugu-tedavisi\\\/#local-main-organization-logo\"},\"sameAs\":[\"https:\\\/\\\/www.facebook.com\\\/bursagozyildirim\\\/\",\"https:\\\/\\\/x.com\\\/bursagoz_\",\"https:\\\/\\\/www.instagram.com\\\/bursagozmerkezi\",\"https:\\\/\\\/www.youtube.com\\\/channel\\\/UCpSzsUiWi-QvB9j1uUAiJew\"],\"address\":{\"@id\":\"https:\\\/\\\/www.bursagoz.com\\\/goz-kurulugu-tedavisi\\\/#local-main-place-address\"},\"geo\":{\"@type\":\"GeoCoordinates\",\"latitude\":\"40.191996\",\"longitude\":\"29.110874\"},\"telephone\":[\"4441469\",\"08508501469\"],\"openingHoursSpecification\":[{\"@type\":\"OpeningHoursSpecification\",\"dayOfWeek\":[\"Monday\",\"Tuesday\",\"Wednesday\",\"Thursday\",\"Friday\",\"Saturday\"],\"opens\":\"08:30\",\"closes\":\"18:00\"},{\"@type\":\"OpeningHoursSpecification\",\"dayOfWeek\":[\"Sunday\"],\"opens\":\"00:00\",\"closes\":\"00:00\"}],\"email\":\"randevu@bursagoz.com\",\"areaServed\":\"G\u00f6z Sa\u011fl\u0131\u011f\u0131\",\"taxID\":\"1910580134\"},{\"@type\":\"PostalAddress\",\"@id\":\"https:\\\/\\\/www.bursagoz.com\\\/goz-kurulugu-tedavisi\\\/#local-main-place-address\",\"streetAddress\":\"Dua\u00e7\u0131nar\u0131 Mahallesi Bar\u0131\u015f Caddesi No:3 Y\u0131ld\u0131r\u0131m \\\/ BURSA\",\"addressLocality\":\"BURSA\",\"postalCode\":\"16270\",\"addressRegion\":\"Y\u0131ld\u0131r\u0131m\",\"addressCountry\":\"TR\"},{\"@type\":\"ImageObject\",\"inLanguage\":\"en-US\",\"@id\":\"https:\\\/\\\/www.bursagoz.com\\\/goz-kurulugu-tedavisi\\\/#local-main-organization-logo\",\"url\":\"https:\\\/\\\/i0.wp.com\\\/www.bursagoz.com\\\/wp-content\\\/uploads\\\/2020\\\/02\\\/BGM-Logobeyazi1.png?fit=1500%2C1000&ssl=1\",\"contentUrl\":\"https:\\\/\\\/i0.wp.com\\\/www.bursagoz.com\\\/wp-content\\\/uploads\\\/2020\\\/02\\\/BGM-Logobeyazi1.png?fit=1500%2C1000&ssl=1\",\"width\":1500,\"height\":1000,\"caption\":\"Bursa G\u00f6z Merkezi\"}]}<\/script>\n<meta name=\"geo.placename\" content=\"BURSA\" \/>\n<meta name=\"geo.position\" content=\"40.191996;29.110874\" \/>\n<meta name=\"geo.region\" content=\"Turkey\" \/>\n<!-- \/ Yoast SEO Premium plugin. -->","yoast_head_json":{"title":"G\u00f6z Kurulu\u011fu Tedavisi - Bursa G\u00f6z Merkezi","description":"Kuru g\u00f6z veya g\u00f6z kurulu\u011fu tedavisi, g\u00f6z\u00fcn yeterli miktarda g\u00f6z ya\u015f\u0131 \u00fcretmemesi nedeni ile ortaya \u00e7\u0131kan bir rahats\u0131zl\u0131kt\u0131r. G\u00f6z kurulu\u011fu","robots":{"index":"index","follow":"follow","max-snippet":"max-snippet:-1","max-image-preview":"max-image-preview:large","max-video-preview":"max-video-preview:-1"},"canonical":"https:\/\/www.bursagoz.com\/en\/goz-kurulugu-tedavisi\/","og_locale":"en_US","og_type":"article","og_title":"G\u00f6z Kurulu\u011fu Tedavisi","og_description":"Kuru g\u00f6z veya g\u00f6z kurulu\u011fu tedavisi, g\u00f6z\u00fcn yeterli miktarda g\u00f6z ya\u015f\u0131 \u00fcretmemesi nedeni ile ortaya \u00e7\u0131kan bir rahats\u0131zl\u0131kt\u0131r. G\u00f6z kurulu\u011fu","og_url":"https:\/\/www.bursagoz.com\/en\/goz-kurulugu-tedavisi\/","og_site_name":"Bursa G\u00f6z Merkezi Y\u0131ld\u0131r\u0131m G\u00f6z Hastal\u0131klar\u0131 Hastanesi","article_publisher":"https:\/\/www.facebook.com\/bursagozyildirim\/","article_modified_time":"2023-08-25T10:32:30+00:00","twitter_card":"summary_large_image","twitter_site":"@bursagoz_","twitter_misc":{"Est. reading time":"4 minutes"},"schema":{"@context":"https:\/\/schema.org","@graph":[{"@type":"WebPage","@id":"https:\/\/www.bursagoz.com\/goz-kurulugu-tedavisi\/","url":"https:\/\/www.bursagoz.com\/goz-kurulugu-tedavisi\/","name":"G\u00f6z Kurulu\u011fu Tedavisi - Bursa G\u00f6z Merkezi","isPartOf":{"@id":"https:\/\/www.bursagoz.com\/#website"},"datePublished":"2023-01-17T11:09:02+00:00","dateModified":"2023-08-25T10:32:30+00:00","description":"Kuru g\u00f6z veya g\u00f6z kurulu\u011fu tedavisi, g\u00f6z\u00fcn yeterli miktarda g\u00f6z ya\u015f\u0131 \u00fcretmemesi nedeni ile ortaya \u00e7\u0131kan bir rahats\u0131zl\u0131kt\u0131r. G\u00f6z kurulu\u011fu","breadcrumb":{"@id":"https:\/\/www.bursagoz.com\/goz-kurulugu-tedavisi\/#breadcrumb"},"inLanguage":"en-US","potentialAction":[{"@type":"ReadAction","target":["https:\/\/www.bursagoz.com\/goz-kurulugu-tedavisi\/"]}]},{"@type":"BreadcrumbList","@id":"https:\/\/www.bursagoz.com\/goz-kurulugu-tedavisi\/#breadcrumb","itemListElement":[{"@type":"ListItem","position":1,"name":"Ana sayfa","item":"https:\/\/www.bursagoz.com\/"},{"@type":"ListItem","position":2,"name":"G\u00f6z Kurulu\u011fu Tedavisi"}]},{"@type":"WebSite","@id":"https:\/\/www.bursagoz.com\/#website","url":"https:\/\/www.bursagoz.com\/","name":"Bursa G\u00f6z Merkezi Y\u0131ld\u0131r\u0131m G\u00f6z Hastal\u0131klar\u0131 Hastanesi","description":"Bursa G\u00f6z Merkezi | Sa\u011fl\u0131kta 10 Y\u0131ll\u0131k Te\u00e7r\u00fcbenin Yeni Ad\u0131","publisher":{"@id":"https:\/\/www.bursagoz.com\/#organization"},"potentialAction":[{"@type":"SearchAction","target":{"@type":"EntryPoint","urlTemplate":"https:\/\/www.bursagoz.com\/?s={search_term_string}"},"query-input":{"@type":"PropertyValueSpecification","valueRequired":true,"valueName":"search_term_string"}}],"inLanguage":"en-US"},{"@type":["Organization","Place","HealthClub"],"@id":"https:\/\/www.bursagoz.com\/#organization","name":"Bursa G\u00f6z Merkezi","url":"https:\/\/www.bursagoz.com\/","logo":{"@id":"https:\/\/www.bursagoz.com\/goz-kurulugu-tedavisi\/#local-main-organization-logo"},"image":{"@id":"https:\/\/www.bursagoz.com\/goz-kurulugu-tedavisi\/#local-main-organization-logo"},"sameAs":["https:\/\/www.facebook.com\/bursagozyildirim\/","https:\/\/x.com\/bursagoz_","https:\/\/www.instagram.com\/bursagozmerkezi","https:\/\/www.youtube.com\/channel\/UCpSzsUiWi-QvB9j1uUAiJew"],"address":{"@id":"https:\/\/www.bursagoz.com\/goz-kurulugu-tedavisi\/#local-main-place-address"},"geo":{"@type":"GeoCoordinates","latitude":"40.191996","longitude":"29.110874"},"telephone":["4441469","08508501469"],"openingHoursSpecification":[{"@type":"OpeningHoursSpecification","dayOfWeek":["Monday","Tuesday","Wednesday","Thursday","Friday","Saturday"],"opens":"08:30","closes":"18:00"},{"@type":"OpeningHoursSpecification","dayOfWeek":["Sunday"],"opens":"00:00","closes":"00:00"}],"email":"randevu@bursagoz.com","areaServed":"G\u00f6z Sa\u011fl\u0131\u011f\u0131","taxID":"1910580134"},{"@type":"PostalAddress","@id":"https:\/\/www.bursagoz.com\/goz-kurulugu-tedavisi\/#local-main-place-address","streetAddress":"Dua\u00e7\u0131nar\u0131 Mahallesi Bar\u0131\u015f Caddesi No:3 Y\u0131ld\u0131r\u0131m \/ BURSA","addressLocality":"BURSA","postalCode":"16270","addressRegion":"Y\u0131ld\u0131r\u0131m","addressCountry":"TR"},{"@type":"ImageObject","inLanguage":"en-US","@id":"https:\/\/www.bursagoz.com\/goz-kurulugu-tedavisi\/#local-main-organization-logo","url":"https:\/\/i0.wp.com\/www.bursagoz.com\/wp-content\/uploads\/2020\/02\/BGM-Logobeyazi1.png?fit=1500%2C1000&ssl=1","contentUrl":"https:\/\/i0.wp.com\/www.bursagoz.com\/wp-content\/uploads\/2020\/02\/BGM-Logobeyazi1.png?fit=1500%2C1000&ssl=1","width":1500,"height":1000,"caption":"Bursa G\u00f6z Merkezi"}]},"geo.placename":"BURSA","geo.position":{"lat":"40.191996","long":"29.110874"},"geo.region":"Turkey"},"jetpack_sharing_enabled":true,"_links":{"self":[{"href":"https:\/\/www.bursagoz.com\/en\/wp-json\/wp\/v2\/pages\/2554","targetHints":{"allow":["GET"]}}],"collection":[{"href":"https:\/\/www.bursagoz.com\/en\/wp-json\/wp\/v2\/pages"}],"about":[{"href":"https:\/\/www.bursagoz.com\/en\/wp-json\/wp\/v2\/types\/page"}],"author":[{"embeddable":true,"href":"https:\/\/www.bursagoz.com\/en\/wp-json\/wp\/v2\/users\/1"}],"replies":[{"embeddable":true,"href":"https:\/\/www.bursagoz.com\/en\/wp-json\/wp\/v2\/comments?post=2554"}],"version-history":[{"count":21,"href":"https:\/\/www.bursagoz.com\/en\/wp-json\/wp\/v2\/pages\/2554\/revisions"}],"predecessor-version":[{"id":3037,"href":"https:\/\/www.bursagoz.com\/en\/wp-json\/wp\/v2\/pages\/2554\/revisions\/3037"}],"wp:attachment":[{"href":"https:\/\/www.bursagoz.com\/en\/wp-json\/wp\/v2\/media?parent=2554"}],"curies":[{"name":"wp","href":"https:\/\/api.w.org\/{rel}","templated":true}]}}