{"id":3384,"date":"2024-05-21T10:53:18","date_gmt":"2024-05-21T07:53:18","guid":{"rendered":"https:\/\/www.bursagoz.com\/?page_id=3384"},"modified":"2026-04-17T16:07:21","modified_gmt":"2026-04-17T13:07:21","slug":"anlasmali-kurumlar","status":"publish","type":"page","link":"https:\/\/www.bursagoz.com\/en\/anlasmali-kurumlar\/","title":{"rendered":"Anla\u015fmal\u0131 Kurumlar"},"content":{"rendered":"<div class=\"wpb-content-wrapper\"><div class=\"tt-shortcode_vc_row 8 vc_row wpb_row vc_row-fluid\"><div class=\"wpb_column vc_column_container vc_col-sm-12\"><div class=\"tt-shortcode_vc_clmn vc_column-inner\"><div class=\"wpb_wrapper\">\n\t<div class=\"wpb_text_column wpb_content_element\" >\n\t\t<div class=\"tt_shortcode_vc_column_text wpb_wrapper\">\n\t\t\t<p><strong>Belediyeler<\/strong><\/p>\n<ul>\n<li>Nil\u00fcfer Belediyesi<\/li>\n<li>Gemlik Belediyesi<\/li>\n<li>\u0130znik Belediyesi<\/li>\n<li>Y\u0131ld\u0131r\u0131m Belediyesi<\/li>\n<\/ul>\n<p><strong>Kurum ve Sendikalar<\/strong><\/p>\n<ul>\n<li>AS-METAL<\/li>\n<li>DA\u011e-DER<\/li>\n<li><span class=\"css-1jxf684 r-bcqeeo r-1ttztb7 r-qvutc0 r-poiln3\">T\u00fcrk Telekom Sa\u011fl\u0131k ve Sosyal Yard\u0131m Vakf\u0131<\/span><\/li>\n<li>BEM-B\u0130R-SEN<\/li>\n<li>BAL-G\u00d6\u00c7<\/li>\n<li>DEM\u0130RYOL-\u0130\u015e<\/li>\n<li>POLYTEKS<\/li>\n<li>TEKS\u0130F BURSA \u015eUBES\u0130<\/li>\n<li>HAK-\u0130\u015e\/H\u0130ZMET-\u0130\u015e<\/li>\n<li>KAMU-SEN<\/li>\n<li>L\u0130MAN \u0130\u015e SEND\u0130KASI<\/li>\n<li>POLYTEKS<\/li>\n<li>DASAB-DOSABS\u0130AD<\/li>\n<li>PETROL-\u0130\u015e SEND\u0130KASI<\/li>\n<li>Tapu \u2013Kadastro Derne\u011fi<\/li>\n<li>BURSA EMN\u0130YET M\u00dcD\u00dcRL\u00dc\u011e\u00dc<\/li>\n<li>YOL-\u0130\u015e<\/li>\n<li>T\u00dcRK METAL \u0130\u015e<\/li>\n<li>BURSA GAZETEC\u0130LER CEM\u0130YET\u0130<\/li>\n<li>I\u015eIKSOY TEKST\u0130L<\/li>\n<li>\u0130ZN\u0130K T\u0130CARET VE SANAY\u0130 ODASI<\/li>\n<li>\u0130ZN\u0130K ESNAF VE SANATKARLAR ODASI<\/li>\n<li>ENA TEKST\u0130L<\/li>\n<li>T\u00dcRK\u0130YE EMEKL\u0130LER DER. BURSA \u015eUBES\u0130<\/li>\n<li>OYAK RENAULT EMEKL\u0130LER DERNE\u011e\u0130<\/li>\n<li>\u00d6Z SA\u011eLIK \u0130\u015e<\/li>\n<li>\u00d6Z GIDA \u0130\u015e<\/li>\n<li>DADA\u015eLAR DERNE\u011e\u0130<\/li>\n<li>G\u00dcVENL\u0130K VE SAVUNMA \u0130\u015e\u00c7\u0130LER\u0130<\/li>\n<li>\u0130HLAS PAZARLAMA<\/li>\n<\/ul>\n\n\t\t<\/div>\n\t<\/div>\n<\/div><\/div><\/div><\/div>\n<\/div>","protected":false},"excerpt":{"rendered":"Belediyeler Nil\u00fcfer Belediyesi Gemlik Belediyesi \u0130znik Belediyesi Y\u0131ld\u0131r\u0131m Belediyesi Kurum ve Sendikalar AS-METAL DA\u011e-DER T\u00fcrk Telekom Sa\u011fl\u0131k ve Sosyal Yard\u0131m Vakf\u0131 BEM-B\u0130R-SEN BAL-G\u00d6\u00c7 DEM\u0130RYOL-\u0130\u015e POLYTEKS TEKS\u0130F BURSA \u015eUBES\u0130 HAK-\u0130\u015e\/H\u0130ZMET-\u0130\u015e KAMU-SEN L\u0130MAN \u0130\u015e SEND\u0130KASI POLYTEKS DASAB-DOSABS\u0130AD PETROL-\u0130\u015e SEND\u0130KASI Tapu \u2013Kadastro Derne\u011fi BURSA EMN\u0130YET M\u00dcD\u00dcRL\u00dc\u011e\u00dc YOL-\u0130\u015e T\u00dcRK METAL \u0130\u015e BURSA GAZETEC\u0130LER CEM\u0130YET\u0130 I\u015eIKSOY TEKST\u0130L \u0130ZN\u0130K T\u0130CARET VE <div class=\"btn-more-wrapper\"><a href=\"https:\/\/www.bursagoz.com\/en\/anlasmali-kurumlar\/\" class=\"btn btn-sm btn-hover-fill\"><svg class=\"icon icon-right-arrow\" version=\"1.1\" xmlns=\"http:\/\/www.w3.org\/2000\/svg\" width=\"32\" height=\"32\" viewbox=\"0 0 32 32\"><path d=\"M21.548 5.088c-0.436-0.451-1.162-0.451-1.613 0-0.436 0.436-0.436 1.162 0 1.596l8.177 8.177h-26.984c-0.629 0.001-1.129 0.501-1.129 1.13s0.5 1.145 1.129 1.145h26.984l-8.177 8.162c-0.436 0.451-0.436 1.178 0 1.613 0.451 0.451 1.178 0.451 1.613 0l10.113-10.113c0.451-0.436 0.451-1.162 0-1.596l-10.113-10.114z\"><\/path><\/svg>Read More<span class=\"screen-reader-text\"> \"Anla\u015fmal\u0131 Kurumlar\"<\/span><svg class=\"icon icon-right-arrow\" version=\"1.1\" xmlns=\"http:\/\/www.w3.org\/2000\/svg\" width=\"32\" height=\"32\" viewbox=\"0 0 32 32\"><path d=\"M21.548 5.088c-0.436-0.451-1.162-0.451-1.613 0-0.436 0.436-0.436 1.162 0 1.596l8.177 8.177h-26.984c-0.629 0.001-1.129 0.501-1.129 1.13s0.5 1.145 1.129 1.145h26.984l-8.177 8.162c-0.436 0.451-0.436 1.178 0 1.613 0.451 0.451 1.178 0.451 1.613 0l10.113-10.113c0.451-0.436 0.451-1.162 0-1.596l-10.113-10.114z\"><\/path><\/svg><\/a><\/div>","protected":false},"author":1,"featured_media":0,"parent":0,"menu_order":0,"comment_status":"closed","ping_status":"closed","template":"","meta":{"footnotes":""},"class_list":["post-3384","page","type-page","status-publish","hentry"],"yoast_head":"<!-- This site is optimized with the Yoast SEO Premium plugin v26.2 (Yoast SEO v27.5) - https:\/\/yoast.com\/product\/yoast-seo-premium-wordpress\/ -->\n<title>Anla\u015fmal\u0131 Kurumlar - Bursa G\u00f6z Merkezi Y\u0131ld\u0131r\u0131m G\u00f6z Hastal\u0131klar\u0131 Hastanesi<\/title>\n<meta name=\"description\" content=\"Bursa G\u00f6z Merkezi Anla\u015fmal\u0131 Kurumlar Listesi, Belediyeler, Sendikalar ve Kurulu\u015flar ile olan anla\u015fmalar listesi Bursa\" \/>\n<meta name=\"robots\" content=\"index, follow, max-snippet:-1, max-image-preview:large, max-video-preview:-1\" \/>\n<link rel=\"canonical\" href=\"https:\/\/www.bursagoz.com\/en\/anlasmali-kurumlar\/\" \/>\n<meta property=\"og:locale\" content=\"en_US\" \/>\n<meta property=\"og:type\" content=\"article\" \/>\n<meta property=\"og:title\" content=\"Anla\u015fmal\u0131 Kurumlar\" \/>\n<meta property=\"og:description\" content=\"Bursa G\u00f6z Merkezi Anla\u015fmal\u0131 Kurumlar Listesi, Belediyeler, Sendikalar ve Kurulu\u015flar ile olan anla\u015fmalar listesi Bursa\" \/>\n<meta property=\"og:url\" content=\"https:\/\/www.bursagoz.com\/en\/anlasmali-kurumlar\/\" \/>\n<meta property=\"og:site_name\" content=\"Bursa G\u00f6z Merkezi Y\u0131ld\u0131r\u0131m G\u00f6z Hastal\u0131klar\u0131 Hastanesi\" \/>\n<meta property=\"article:publisher\" content=\"https:\/\/www.facebook.com\/bursagozyildirim\/\" \/>\n<meta property=\"article:modified_time\" content=\"2026-04-17T13:07:21+00:00\" \/>\n<meta name=\"twitter:card\" content=\"summary_large_image\" \/>\n<meta name=\"twitter:site\" content=\"@bursagoz_\" \/>\n<meta name=\"twitter:label1\" content=\"Est. reading time\" \/>\n\t<meta name=\"twitter:data1\" content=\"1 minute\" \/>\n<script type=\"application\/ld+json\" class=\"yoast-schema-graph\">{\"@context\":\"https:\\\/\\\/schema.org\",\"@graph\":[{\"@type\":\"WebPage\",\"@id\":\"https:\\\/\\\/www.bursagoz.com\\\/anlasmali-kurumlar\\\/\",\"url\":\"https:\\\/\\\/www.bursagoz.com\\\/anlasmali-kurumlar\\\/\",\"name\":\"Anla\u015fmal\u0131 Kurumlar - Bursa G\u00f6z Merkezi Y\u0131ld\u0131r\u0131m G\u00f6z Hastal\u0131klar\u0131 Hastanesi\",\"isPartOf\":{\"@id\":\"https:\\\/\\\/www.bursagoz.com\\\/#website\"},\"datePublished\":\"2024-05-21T07:53:18+00:00\",\"dateModified\":\"2026-04-17T13:07:21+00:00\",\"description\":\"Bursa G\u00f6z Merkezi Anla\u015fmal\u0131 Kurumlar Listesi, Belediyeler, Sendikalar ve Kurulu\u015flar ile olan anla\u015fmalar listesi Bursa\",\"breadcrumb\":{\"@id\":\"https:\\\/\\\/www.bursagoz.com\\\/anlasmali-kurumlar\\\/#breadcrumb\"},\"inLanguage\":\"en-US\",\"potentialAction\":[{\"@type\":\"ReadAction\",\"target\":[\"https:\\\/\\\/www.bursagoz.com\\\/anlasmali-kurumlar\\\/\"]}]},{\"@type\":\"BreadcrumbList\",\"@id\":\"https:\\\/\\\/www.bursagoz.com\\\/anlasmali-kurumlar\\\/#breadcrumb\",\"itemListElement\":[{\"@type\":\"ListItem\",\"position\":1,\"name\":\"Ana sayfa\",\"item\":\"https:\\\/\\\/www.bursagoz.com\\\/\"},{\"@type\":\"ListItem\",\"position\":2,\"name\":\"Anla\u015fmal\u0131 Kurumlar\"}]},{\"@type\":\"WebSite\",\"@id\":\"https:\\\/\\\/www.bursagoz.com\\\/#website\",\"url\":\"https:\\\/\\\/www.bursagoz.com\\\/\",\"name\":\"Bursa G\u00f6z Merkezi Y\u0131ld\u0131r\u0131m G\u00f6z Hastal\u0131klar\u0131 Hastanesi\",\"description\":\"Bursa G\u00f6z Merkezi | Sa\u011fl\u0131kta 10 Y\u0131ll\u0131k Te\u00e7r\u00fcbenin Yeni Ad\u0131\",\"publisher\":{\"@id\":\"https:\\\/\\\/www.bursagoz.com\\\/#organization\"},\"potentialAction\":[{\"@type\":\"SearchAction\",\"target\":{\"@type\":\"EntryPoint\",\"urlTemplate\":\"https:\\\/\\\/www.bursagoz.com\\\/?s={search_term_string}\"},\"query-input\":{\"@type\":\"PropertyValueSpecification\",\"valueRequired\":true,\"valueName\":\"search_term_string\"}}],\"inLanguage\":\"en-US\"},{\"@type\":[\"Organization\",\"Place\",\"HealthClub\"],\"@id\":\"https:\\\/\\\/www.bursagoz.com\\\/#organization\",\"name\":\"Bursa G\u00f6z Merkezi\",\"url\":\"https:\\\/\\\/www.bursagoz.com\\\/\",\"logo\":{\"@id\":\"https:\\\/\\\/www.bursagoz.com\\\/anlasmali-kurumlar\\\/#local-main-organization-logo\"},\"image\":{\"@id\":\"https:\\\/\\\/www.bursagoz.com\\\/anlasmali-kurumlar\\\/#local-main-organization-logo\"},\"sameAs\":[\"https:\\\/\\\/www.facebook.com\\\/bursagozyildirim\\\/\",\"https:\\\/\\\/x.com\\\/bursagoz_\",\"https:\\\/\\\/www.instagram.com\\\/bursagozmerkezi\",\"https:\\\/\\\/www.youtube.com\\\/channel\\\/UCpSzsUiWi-QvB9j1uUAiJew\"],\"address\":{\"@id\":\"https:\\\/\\\/www.bursagoz.com\\\/anlasmali-kurumlar\\\/#local-main-place-address\"},\"geo\":{\"@type\":\"GeoCoordinates\",\"latitude\":\"40.191996\",\"longitude\":\"29.110874\"},\"telephone\":[\"4441469\",\"08508501469\"],\"openingHoursSpecification\":[{\"@type\":\"OpeningHoursSpecification\",\"dayOfWeek\":[\"Monday\",\"Tuesday\",\"Wednesday\",\"Thursday\",\"Friday\",\"Saturday\"],\"opens\":\"08:30\",\"closes\":\"18:00\"},{\"@type\":\"OpeningHoursSpecification\",\"dayOfWeek\":[\"Sunday\"],\"opens\":\"00:00\",\"closes\":\"00:00\"}],\"email\":\"randevu@bursagoz.com\",\"areaServed\":\"G\u00f6z Sa\u011fl\u0131\u011f\u0131\",\"taxID\":\"1910580134\"},{\"@type\":\"PostalAddress\",\"@id\":\"https:\\\/\\\/www.bursagoz.com\\\/anlasmali-kurumlar\\\/#local-main-place-address\",\"streetAddress\":\"Dua\u00e7\u0131nar\u0131 Mahallesi Bar\u0131\u015f Caddesi No:3 Y\u0131ld\u0131r\u0131m \\\/ BURSA\",\"addressLocality\":\"BURSA\",\"postalCode\":\"16270\",\"addressRegion\":\"Y\u0131ld\u0131r\u0131m\",\"addressCountry\":\"TR\"},{\"@type\":\"ImageObject\",\"inLanguage\":\"en-US\",\"@id\":\"https:\\\/\\\/www.bursagoz.com\\\/anlasmali-kurumlar\\\/#local-main-organization-logo\",\"url\":\"https:\\\/\\\/i0.wp.com\\\/www.bursagoz.com\\\/wp-content\\\/uploads\\\/2020\\\/02\\\/BGM-Logobeyazi1.png?fit=1500%2C1000&ssl=1\",\"contentUrl\":\"https:\\\/\\\/i0.wp.com\\\/www.bursagoz.com\\\/wp-content\\\/uploads\\\/2020\\\/02\\\/BGM-Logobeyazi1.png?fit=1500%2C1000&ssl=1\",\"width\":1500,\"height\":1000,\"caption\":\"Bursa G\u00f6z Merkezi\"}]}<\/script>\n<meta name=\"geo.placename\" content=\"BURSA\" \/>\n<meta name=\"geo.position\" content=\"40.191996;29.110874\" \/>\n<meta name=\"geo.region\" content=\"Turkey\" \/>\n<!-- \/ Yoast SEO Premium plugin. -->","yoast_head_json":{"title":"Anla\u015fmal\u0131 Kurumlar - Bursa G\u00f6z Merkezi Y\u0131ld\u0131r\u0131m G\u00f6z Hastal\u0131klar\u0131 Hastanesi","description":"Bursa G\u00f6z Merkezi Anla\u015fmal\u0131 Kurumlar Listesi, Belediyeler, Sendikalar ve Kurulu\u015flar ile olan anla\u015fmalar listesi Bursa","robots":{"index":"index","follow":"follow","max-snippet":"max-snippet:-1","max-image-preview":"max-image-preview:large","max-video-preview":"max-video-preview:-1"},"canonical":"https:\/\/www.bursagoz.com\/en\/anlasmali-kurumlar\/","og_locale":"en_US","og_type":"article","og_title":"Anla\u015fmal\u0131 Kurumlar","og_description":"Bursa G\u00f6z Merkezi Anla\u015fmal\u0131 Kurumlar Listesi, Belediyeler, Sendikalar ve Kurulu\u015flar ile olan anla\u015fmalar listesi Bursa","og_url":"https:\/\/www.bursagoz.com\/en\/anlasmali-kurumlar\/","og_site_name":"Bursa G\u00f6z Merkezi Y\u0131ld\u0131r\u0131m G\u00f6z Hastal\u0131klar\u0131 Hastanesi","article_publisher":"https:\/\/www.facebook.com\/bursagozyildirim\/","article_modified_time":"2026-04-17T13:07:21+00:00","twitter_card":"summary_large_image","twitter_site":"@bursagoz_","twitter_misc":{"Est. reading time":"1 minute"},"schema":{"@context":"https:\/\/schema.org","@graph":[{"@type":"WebPage","@id":"https:\/\/www.bursagoz.com\/anlasmali-kurumlar\/","url":"https:\/\/www.bursagoz.com\/anlasmali-kurumlar\/","name":"Anla\u015fmal\u0131 Kurumlar - Bursa G\u00f6z Merkezi Y\u0131ld\u0131r\u0131m G\u00f6z Hastal\u0131klar\u0131 Hastanesi","isPartOf":{"@id":"https:\/\/www.bursagoz.com\/#website"},"datePublished":"2024-05-21T07:53:18+00:00","dateModified":"2026-04-17T13:07:21+00:00","description":"Bursa G\u00f6z Merkezi Anla\u015fmal\u0131 Kurumlar Listesi, Belediyeler, Sendikalar ve Kurulu\u015flar ile olan anla\u015fmalar listesi Bursa","breadcrumb":{"@id":"https:\/\/www.bursagoz.com\/anlasmali-kurumlar\/#breadcrumb"},"inLanguage":"en-US","potentialAction":[{"@type":"ReadAction","target":["https:\/\/www.bursagoz.com\/anlasmali-kurumlar\/"]}]},{"@type":"BreadcrumbList","@id":"https:\/\/www.bursagoz.com\/anlasmali-kurumlar\/#breadcrumb","itemListElement":[{"@type":"ListItem","position":1,"name":"Ana sayfa","item":"https:\/\/www.bursagoz.com\/"},{"@type":"ListItem","position":2,"name":"Anla\u015fmal\u0131 Kurumlar"}]},{"@type":"WebSite","@id":"https:\/\/www.bursagoz.com\/#website","url":"https:\/\/www.bursagoz.com\/","name":"Bursa G\u00f6z Merkezi Y\u0131ld\u0131r\u0131m G\u00f6z Hastal\u0131klar\u0131 Hastanesi","description":"Bursa G\u00f6z Merkezi | Sa\u011fl\u0131kta 10 Y\u0131ll\u0131k Te\u00e7r\u00fcbenin Yeni Ad\u0131","publisher":{"@id":"https:\/\/www.bursagoz.com\/#organization"},"potentialAction":[{"@type":"SearchAction","target":{"@type":"EntryPoint","urlTemplate":"https:\/\/www.bursagoz.com\/?s={search_term_string}"},"query-input":{"@type":"PropertyValueSpecification","valueRequired":true,"valueName":"search_term_string"}}],"inLanguage":"en-US"},{"@type":["Organization","Place","HealthClub"],"@id":"https:\/\/www.bursagoz.com\/#organization","name":"Bursa G\u00f6z Merkezi","url":"https:\/\/www.bursagoz.com\/","logo":{"@id":"https:\/\/www.bursagoz.com\/anlasmali-kurumlar\/#local-main-organization-logo"},"image":{"@id":"https:\/\/www.bursagoz.com\/anlasmali-kurumlar\/#local-main-organization-logo"},"sameAs":["https:\/\/www.facebook.com\/bursagozyildirim\/","https:\/\/x.com\/bursagoz_","https:\/\/www.instagram.com\/bursagozmerkezi","https:\/\/www.youtube.com\/channel\/UCpSzsUiWi-QvB9j1uUAiJew"],"address":{"@id":"https:\/\/www.bursagoz.com\/anlasmali-kurumlar\/#local-main-place-address"},"geo":{"@type":"GeoCoordinates","latitude":"40.191996","longitude":"29.110874"},"telephone":["4441469","08508501469"],"openingHoursSpecification":[{"@type":"OpeningHoursSpecification","dayOfWeek":["Monday","Tuesday","Wednesday","Thursday","Friday","Saturday"],"opens":"08:30","closes":"18:00"},{"@type":"OpeningHoursSpecification","dayOfWeek":["Sunday"],"opens":"00:00","closes":"00:00"}],"email":"randevu@bursagoz.com","areaServed":"G\u00f6z Sa\u011fl\u0131\u011f\u0131","taxID":"1910580134"},{"@type":"PostalAddress","@id":"https:\/\/www.bursagoz.com\/anlasmali-kurumlar\/#local-main-place-address","streetAddress":"Dua\u00e7\u0131nar\u0131 Mahallesi Bar\u0131\u015f Caddesi No:3 Y\u0131ld\u0131r\u0131m \/ BURSA","addressLocality":"BURSA","postalCode":"16270","addressRegion":"Y\u0131ld\u0131r\u0131m","addressCountry":"TR"},{"@type":"ImageObject","inLanguage":"en-US","@id":"https:\/\/www.bursagoz.com\/anlasmali-kurumlar\/#local-main-organization-logo","url":"https:\/\/i0.wp.com\/www.bursagoz.com\/wp-content\/uploads\/2020\/02\/BGM-Logobeyazi1.png?fit=1500%2C1000&ssl=1","contentUrl":"https:\/\/i0.wp.com\/www.bursagoz.com\/wp-content\/uploads\/2020\/02\/BGM-Logobeyazi1.png?fit=1500%2C1000&ssl=1","width":1500,"height":1000,"caption":"Bursa G\u00f6z Merkezi"}]},"geo.placename":"BURSA","geo.position":{"lat":"40.191996","long":"29.110874"},"geo.region":"Turkey"},"jetpack_sharing_enabled":true,"_links":{"self":[{"href":"https:\/\/www.bursagoz.com\/en\/wp-json\/wp\/v2\/pages\/3384","targetHints":{"allow":["GET"]}}],"collection":[{"href":"https:\/\/www.bursagoz.com\/en\/wp-json\/wp\/v2\/pages"}],"about":[{"href":"https:\/\/www.bursagoz.com\/en\/wp-json\/wp\/v2\/types\/page"}],"author":[{"embeddable":true,"href":"https:\/\/www.bursagoz.com\/en\/wp-json\/wp\/v2\/users\/1"}],"replies":[{"embeddable":true,"href":"https:\/\/www.bursagoz.com\/en\/wp-json\/wp\/v2\/comments?post=3384"}],"version-history":[{"count":4,"href":"https:\/\/www.bursagoz.com\/en\/wp-json\/wp\/v2\/pages\/3384\/revisions"}],"predecessor-version":[{"id":3765,"href":"https:\/\/www.bursagoz.com\/en\/wp-json\/wp\/v2\/pages\/3384\/revisions\/3765"}],"wp:attachment":[{"href":"https:\/\/www.bursagoz.com\/en\/wp-json\/wp\/v2\/media?parent=3384"}],"curies":[{"name":"wp","href":"https:\/\/api.w.org\/{rel}","templated":true}]}}